{"id":297,"date":"2015-12-14T09:19:50","date_gmt":"2015-12-14T09:19:50","guid":{"rendered":"https:\/\/www.youronlinechoices.com\/es\/?page_id=297"},"modified":"2020-09-08T09:23:11","modified_gmt":"2020-09-08T09:23:11","slug":"contacto","status":"publish","type":"page","link":"https:\/\/www.youronlinechoices.com\/es\/contacto\/","title":{"rendered":"Contacto"},"content":{"rendered":"<p><span>Podemos tener la respuesta a su pregunta. Pruebe una de las siguientes soluciones:<\/span><br \/>\n<!-- br--><br \/>\n<!-- br--><\/p>\n<ul>\n<li><span>&#8211; lea nuestras <a href=\"https:\/\/www.youronlinechoices.com\/es\/preguntas-frecuentes\/\">preguntas frecuentes<\/a> m\u00e1s recientes;<\/span><\/li>\n<li><span>&#8211; compruebe nuestra <a href=\"https:\/\/www.youronlinechoices.com\/es\/ayuda-para-la-baja-voluntaria\/\">p\u00e1gina de ayuda<\/a>;<\/span><\/li>\n<li><span>&#8211; si quiere presentar una reclamaci\u00f3n formal visite la <a href=\"https:\/\/www.youronlinechoices.com\/es\/presentar-una-reclamacion\/\">p\u00e1gina de reclamaciones<\/a>;<\/span><\/li>\n<li><span>&#8211; lea nuestra <a href=\"https:\/\/www.youronlinechoices.com\/es\/politica-de-privacidad-y-cookies\/\">pol\u00edtica de privacidad<\/a>;<\/span><\/li>\n<li><span>&#8211; si tiene alguna pregunta m\u00e1s, env\u00edenos una breve descripci\u00f3n de su consulta o comentario a privacy[at]edaa.eu.<\/span><\/li>\n<\/ul>\n<p><span>\u00a0<\/span><br \/>\n<!-- br--><br \/>\n<!-- br--><\/p>\n<p><strong><span>Por favor tenga en cuenta que sus datos personales solo se utilizar\u00e1n para responder a su consulta. No se a\u00f1adir\u00e1n a nuestra base de datos comercial ni se utilizar\u00e1n para ninguna finalidad comercial.<\/span><\/strong><\/p>\n","protected":false},"excerpt":{"rendered":"<p>Podemos tener la respuesta a su pregunta. Pruebe una de las siguientes soluciones: &#8211; lea nuestras preguntas frecuentes m\u00e1s recientes; &#8211; compruebe nuestra p\u00e1gina de ayuda; &#8211; si quiere presentar una reclamaci\u00f3n formal visite la p\u00e1gina de reclamaciones; &#8211; lea nuestra pol\u00edtica de privacidad; &#8211; si tiene alguna pregunta m\u00e1s, env\u00edenos una breve descripci\u00f3n de [&hellip;]<\/p>\n","protected":false},"author":3,"featured_media":0,"parent":0,"menu_order":0,"comment_status":"closed","ping_status":"closed","template":"","meta":[],"_links":{"self":[{"href":"https:\/\/www.youronlinechoices.com\/es\/wp-json\/wp\/v2\/pages\/297"}],"collection":[{"href":"https:\/\/www.youronlinechoices.com\/es\/wp-json\/wp\/v2\/pages"}],"about":[{"href":"https:\/\/www.youronlinechoices.com\/es\/wp-json\/wp\/v2\/types\/page"}],"author":[{"embeddable":true,"href":"https:\/\/www.youronlinechoices.com\/es\/wp-json\/wp\/v2\/users\/3"}],"replies":[{"embeddable":true,"href":"https:\/\/www.youronlinechoices.com\/es\/wp-json\/wp\/v2\/comments?post=297"}],"version-history":[{"count":8,"href":"https:\/\/www.youronlinechoices.com\/es\/wp-json\/wp\/v2\/pages\/297\/revisions"}],"predecessor-version":[{"id":396,"href":"https:\/\/www.youronlinechoices.com\/es\/wp-json\/wp\/v2\/pages\/297\/revisions\/396"}],"wp:attachment":[{"href":"https:\/\/www.youronlinechoices.com\/es\/wp-json\/wp\/v2\/media?parent=297"}],"curies":[{"name":"wp","href":"https:\/\/api.w.org\/{rel}","templated":true}]}}