{"id":244,"date":"2015-11-03T14:56:07","date_gmt":"2015-11-03T14:56:07","guid":{"rendered":"https:\/\/www.youronlinechoices.com\/es\/?page_id=244"},"modified":"2020-09-07T14:50:54","modified_gmt":"2020-09-07T14:50:54","slug":"videos-utiles","status":"publish","type":"page","link":"https:\/\/www.youronlinechoices.com\/es\/videos-utiles\/","title":{"rendered":"Videos \u00fatiles"},"content":{"rendered":"<h3>Accede a este video para aprender m\u00e1s sobre publicidad comportamental<\/h3>\n<p><!-- br--><\/p>\n<div style=\"width: 90%; margin: 0 auto;\"><video controls=\"controls\" width=\"560\" height=\"350\"><source src=\"https:\/\/www.youronlinechoices.com\/uk\/wp-content\/uploads\/2017\/07\/EDAA8_.mp4\" type=\"video\/mp4\"><\/video><\/div>\n<p>(video en ingles)<br \/>\n<!-- br--><\/p>\n<div style=\"width: 90%; margin: 0 auto;\"><video controls=\"controls\" width=\"560\" height=\"350\"><source src=\"https:\/\/www.youronlinechoices.com\/wp-content\/uploads\/2015\/12\/optout_spain.mp4\" type=\"video\/mp4\">Your browser does not support the video tag.<\/video><\/div>\n<p><!-- br--><br \/>\n<!-- br--><\/p>\n<h3>Aqu\u00ed tienes informaci\u00f3n adicional sobre la gesti\u00f3n de la publicidad online<\/h3>\n<p><!-- br--><\/p>\n<div style=\"width: 90%; margin: 0 auto;\"><video controls=\"controls\" width=\"560\" height=\"350\"><source src=\"https:\/\/www.youronlinechoices.com\/wp-content\/uploads\/2015\/12\/Spain_how_online_behavioural_works.mp4\" type=\"video\/mp4\">Your browser does not support the video tag.<\/video><\/div>\n<p><!-- br--><\/p>\n<div style=\"width: 90%; margin: 0 auto;\"><video controls=\"controls\" width=\"560\" height=\"350\"><source src=\"https:\/\/www.youronlinechoices.com\/uk\/wp-content\/uploads\/2014\/11\/The_Evolution_of_Online_Display_Advertising.mp4\" type=\"video\/mp4\"><\/video><\/div>\n<p>(video en ingles)<br \/>\n<!-- br--><br \/>\n<!-- br--><\/p>\n<h3>Cookies \u2013 un vistazo r\u00e1pido<\/h3>\n<p>\u00bfQuiere saber m\u00e1s sobre su experiencia de navegaci\u00f3n web? Vea la siguiente gu\u00eda en v\u00eddeo (cortes\u00eda de The Guardian) y obtenga toda la informaci\u00f3n sobre las cookies, lo que hacen y c\u00f3mo controlarlas.<br \/>\n<!-- br--><\/p>\n<div style=\"width: 90%; margin: 0 auto;\"><video controls=\"controls\" width=\"560\" height=\"350\"><source src=\"https:\/\/www.youronlinechoices.com\/uk\/wp-content\/uploads\/2010\/11\/140827GuardianCookies-16x9.mp4\" type=\"video\/mp4\"><\/video><\/div>\n<p>(video en ingles)<br \/>\n<!-- br--><\/p>\n<div style=\"width: 90%; margin: 0 auto;\"><video controls=\"controls\" width=\"560\" height=\"350\"><source src=\"https:\/\/www.youronlinechoices.com\/uk\/wp-content\/uploads\/2014\/11\/Interest_based_advertising.mp4\" type=\"video\/mp4\"><\/video><\/div>\n<p>(video en ingles via <a href=\"https:\/\/www.youtube.com\/watch?v=zoEXifWBtAs\" target=\"_blank\" rel=\"noopener noreferrer\">youtube.com<\/a>)<\/p>\n","protected":false},"excerpt":{"rendered":"<p>Accede a este video para aprender m\u00e1s sobre publicidad comportamental (video en ingles) Your browser does not support the video tag. Aqu\u00ed tienes informaci\u00f3n adicional sobre la gesti\u00f3n de la publicidad online Your browser does not support the video tag. (video en ingles) Cookies \u2013 un vistazo r\u00e1pido \u00bfQuiere saber m\u00e1s sobre su experiencia de [&hellip;]<\/p>\n","protected":false},"author":3,"featured_media":0,"parent":0,"menu_order":0,"comment_status":"closed","ping_status":"closed","template":"","meta":[],"_links":{"self":[{"href":"https:\/\/www.youronlinechoices.com\/es\/wp-json\/wp\/v2\/pages\/244"}],"collection":[{"href":"https:\/\/www.youronlinechoices.com\/es\/wp-json\/wp\/v2\/pages"}],"about":[{"href":"https:\/\/www.youronlinechoices.com\/es\/wp-json\/wp\/v2\/types\/page"}],"author":[{"embeddable":true,"href":"https:\/\/www.youronlinechoices.com\/es\/wp-json\/wp\/v2\/users\/3"}],"replies":[{"embeddable":true,"href":"https:\/\/www.youronlinechoices.com\/es\/wp-json\/wp\/v2\/comments?post=244"}],"version-history":[{"count":7,"href":"https:\/\/www.youronlinechoices.com\/es\/wp-json\/wp\/v2\/pages\/244\/revisions"}],"predecessor-version":[{"id":384,"href":"https:\/\/www.youronlinechoices.com\/es\/wp-json\/wp\/v2\/pages\/244\/revisions\/384"}],"wp:attachment":[{"href":"https:\/\/www.youronlinechoices.com\/es\/wp-json\/wp\/v2\/media?parent=244"}],"curies":[{"name":"wp","href":"https:\/\/api.w.org\/{rel}","templated":true}]}}