{"id":215,"date":"2014-12-02T15:05:51","date_gmt":"2014-12-02T15:05:51","guid":{"rendered":"https:\/\/www.youronlinechoices.com\/es\/?page_id=215"},"modified":"2025-10-22T19:57:50","modified_gmt":"2025-10-22T19:57:50","slug":"politica-de-privacidad-y-cookies","status":"publish","type":"page","link":"https:\/\/www.youronlinechoices.com\/es\/politica-de-privacidad-y-cookies\/","title":{"rendered":"Pol\u00edtica de Privacidad y Cookies"},"content":{"rendered":"<p><strong><span>Protegemos su privacidad<\/span><\/strong><\/p>\n<p><span>\u00a0<\/span><\/p>\n<p><span>Este sitio web cuenta con el apoyo de la industria publicitaria digital y lo gestiona la Alianza Europea de Publicidad Digital Interactiva (o EDAA, por sus siglas en ingl\u00e9s). Tenemos el firme compromiso de respetar y proteger la privacidad de todos los individuos con los que interactuamos, ya sea en el pasado, presente o futuro. Dentro de este compromiso, nuestra intenci\u00f3n es ofrecerle informaci\u00f3n clara, y que usted pueda controlar la informaci\u00f3n personal que tenemos sobre usted, as\u00ed como otros datos de car\u00e1cter no personal que podemos recopilar y utilizar cuando usted visita este sitio web.<\/span><\/p>\n<p><span>\u00a0<\/span><\/p>\n<p><strong><span>El sitio web<\/span><\/strong><\/p>\n<p><span>\u00a0<\/span><\/p>\n<p><span>En este sitio web, administramos un componente clave de un programa autorregulador paneuropeo para la publicidad comportamental en l\u00ednea (una pr\u00e1ctica que consiste en mostrar anuncios m\u00e1s relevantes a los usuarios de Internet en funci\u00f3n de los intereses deducidos). Este programa autorregulador proporciona a los usuarios de Internet como usted una mayor transparencia y control sobre la publicidad comportamental en l\u00ednea.<\/span><\/p>\n<p><span>\u00a0<\/span><\/p>\n<p><span><a href=\"https:\/\/www.youronlinechoices.com\/de\/beschwerde\/378-revision-3\/\" rel=\"attachment wp-att-382\"><img loading=\"lazy\" class=\"alignnone size-thumbnail wp-image-382\" title=\"OBA-icon\" src=\"https:\/\/www.youronlinechoices.com\/ie\/wp-content\/uploads\/2013\/06\/OBA-icon-150x150.jpg\" alt=\"\" width=\"42\" height=\"42\" \/><\/a>Se ofrece transparencia a trav\u00e9s de un\u00a0 &#8220;icono OBA&#8221; universalmente reconocible, disponible con un texto que lo acompa\u00f1a en todos los idiomas oficiales de la UE (para ver la lista completa con el texto correspondiente en cada idioma oficial de la UE, haga clic <a href=\"https:\/\/edaa.eu\/wp-content\/uploads\/Att-3-technical_specifications_for_iab_eu_oba_fw_v1.pdf#page=15\">aqu\u00ed<\/a>), que aparecer\u00e1 siempre que haya empresas que recojan y traten datos con fines de publicidad comportamental en l\u00ednea. Al hacer clic en el icono, los usuarios podr\u00e1n acceder a informaci\u00f3n clara y comprensible sobre la publicidad comportamental en l\u00ednea.<\/span><\/p>\n<p><span>\u00a0<\/span><\/p>\n<p><span>Con este icono, los usuarios tambi\u00e9n podr\u00e1n elegir y controlar la publicidad comportamental en l\u00ednea, a trav\u00e9s de las herramientas y recursos disponibles, los cuales incluyen este sitio web. Este sitio web cubre los pa\u00edses de la Uni\u00f3n Europea o del Espacio Econ\u00f3mico Europeo (UE\/EEE), adem\u00e1s de Suiza y Turqu\u00eda, e incluye una funcionalidad sencilla de usar (disponible para cualquier usuario de cualquiera de los pa\u00edses indicados), con la que se puede desactivar la publicidad comportamental en l\u00ednea para los usuarios (de las empresas participantes), si as\u00ed lo eligen. Una de las caracter\u00edsticas m\u00e1s destacadas de este sitio web es que se ha desarrollado siguiendo un compromiso a nivel de toda la industria, respaldado por la Alianza Europea por la \u00c9tica Publicitaria (o EASA, por sus siglas en ingl\u00e9s) y su red de organizaciones de autorregulaci\u00f3n publicitarias nacionales, que cuentan con una amplia consolidaci\u00f3n y reputaci\u00f3n en toda Europa y que trabajan para garantizar la existencia de unos sistemas de tramitaci\u00f3n de reclamaciones eficaces, independientes y gratuitos para los usuarios.<\/span><\/p>\n<p><span>\u00a0<\/span><\/p>\n<p><strong><span>Su informaci\u00f3n personal<\/span><\/strong><\/p>\n<p><span>\u00a0<\/span><\/p>\n<p><span>El tratamiento de sus datos personales por parte de la EDAA, descrito en este aviso, est\u00e1 basado en su consentimiento o en una necesidad contractual. Cuando usted nos hace llegar cualquier comentario a trav\u00e9s de los medios disponibles en este sitio web, es posible que recopilemos y tratemos informaci\u00f3n personal que usted nos facilite, como su nombre, direcci\u00f3n de correo electr\u00f3nico y n\u00famero de tel\u00e9fono. Esta informaci\u00f3n no se utilizar\u00e1 con otros fines que no sean el de abordar su comentario. En algunos casos, es posible que no podamos tratar su comentario directamente, y que sea preciso compartir la informaci\u00f3n con la organizaci\u00f3n de autorregulaci\u00f3n publicitaria nacional para fines de tramitaci\u00f3n de reclamaciones. Si este es el caso, la EDAA no compartir\u00e1 ninguna informaci\u00f3n personal sin antes explicarle el proceso de manera clara ni sin su previo consentimiento expl\u00edcito e informado para ello. No se transmitir\u00e1 a otros terceros ninguna otra informaci\u00f3n personal. Su informaci\u00f3n personal ser\u00e1 eliminada cuando se resuelva el asunto en cuesti\u00f3n de manera satisfactoria para usted y la EDAA.<\/span><\/p>\n<p><span>\u00a0<\/span><\/p>\n<p><strong><span>Conservaci\u00f3n de datos<\/span><\/strong><\/p>\n<p><span>\u00a0<\/span><\/p>\n<p><span>La EDAA conservar\u00e1 sus datos personales de acuerdo con los requisitos legales aplicables, y solo por el tiempo necesario para los fines descritos en este aviso, o el tiempo requerido por la ley o para la defensa ante posibles reclamaciones legales.<\/span><\/p>\n<p><span>\u00a0<\/span><\/p>\n<p><span>Los datos personales obtenidos a trav\u00e9s de solicitudes de informaci\u00f3n y\/o consultas y\/o reclamaciones enviadas directamente a la EDAA se conservar\u00e1n durante 1 a\u00f1o (o el tiempo requerido por ley o para la defensa ante posibles reclamaciones legales), salvo que retire su consentimiento para el tratamiento de sus datos personales antes de que finalice dicho periodo.<\/span><\/p>\n<p><span>\u00a0<\/span><\/p>\n<p><strong><span>Sus derechos<\/span><\/strong><\/p>\n<p><span>\u00a0<\/span><\/p>\n<p><span>Con arreglo a la ley sobre la privacidad, pondremos a su disposici\u00f3n sus datos personales para que pueda revisarlos, mediante una simple petici\u00f3n por su parte. Si nos comunica que los datos personales no son correctos o se han utilizado de manera inadecuada, nosotros corregiremos, actualizaremos, restringiremos el uso, o eliminaremos sus datos personales, seg\u00fan corresponda. Para m\u00e1s informaci\u00f3n sobre c\u00f3mo acceder a sus datos personales, consulte los puntos de contacto indicados al final de este aviso de privacidad. Usted tiene derecho a oponerse en todo momento a que sus datos personales sean utilizados, mediante simple petici\u00f3n a los puntos de contacto indicados al final de este aviso de privacidad. Usted tiene derecho a recibir sus datos personales en un formato electr\u00f3nico apto para ser utilizado y transmitirlos a una tercera parte (derecho a la &#8220;portabilidad de datos&#8221;). <\/span><\/p>\n<p><span>\u00a0<\/span><\/p>\n<p><span>La EDAA tiene el firme compromiso de trabajar con usted para obtener una resoluci\u00f3n justa de cualquier reclamaci\u00f3n o duda sobre privacidad relativas a las actividades desarrolladas en este sitio web. Si, a pesar de ello, usted estimara que la EDAA no ha sido capaz de asistirle con su reclamaci\u00f3n o duda, usted tiene derecho a presentar una reclamaci\u00f3n ante la autoridad de control en el Estado miembro de su residencia habitual, su lugar de trabajo o donde se haya producido la presunta infracci\u00f3n de las leyes de la privacidad (en el caso de B\u00e9lgica, consulte www.dataprotectionauthority.be y para los dem\u00e1s pa\u00edses, haga clic en <a href=\"https:\/\/edpb.europa.eu\/about-edpb\/board\/members_es\">aqu\u00ed<\/a> ).<\/span><\/p>\n<p><span>\u00a0<\/span><\/p>\n<p><strong><span>Divulgaci\u00f3n de sus datos personales a terceros o transmisi\u00f3n de estos al extranjero<\/span><\/strong><\/p>\n<p><span>\u00a0<\/span><\/p>\n<p><span>A trav\u00e9s de este sitio web, tambi\u00e9n tiene la opci\u00f3n de enviar informaci\u00f3n y\/o reclamaciones directamente a la organizaci\u00f3n de autorregulaci\u00f3n publicitaria nacional de su pa\u00eds de origen (consulte <a href=\"https:\/\/www.easa-alliance.org\/members\/europe\">este enlace<\/a> para identificar la organizaci\u00f3n de autorregulaci\u00f3n pertinente). Dicha informaci\u00f3n puede contener datos personales que se env\u00edan directamente a la organizaci\u00f3n indicada para abordar la reclamaci\u00f3n o la gesti\u00f3n de informaci\u00f3n, seg\u00fan su solicitud.<\/span><\/p>\n<p><span>\u00a0<\/span><\/p>\n<p><span>Le aconsejamos que revise las pol\u00edticas de privacidad de estas organizaciones de autorregulaci\u00f3n, si opta por esta funcionalidad. En todo caso, se le informar\u00e1 exactamente de la entidad receptora de sus datos cuando utilice este formulario en l\u00ednea opcional (p. ej., en Alemania: <a href=\"https:\/\/www.youronlinechoices.com\/de\/beschwerde\/\">https:\/\/www.youronlinechoices.com\/de\/beschwerde\/<\/a>; p. ej., en el Reino Unido: <a href=\"https:\/\/www.youronlinechoices.com\/uk\/make-a-complaint\">https:\/\/www.youronlinechoices.com\/uk\/make-a-complaint<\/a>)<\/span><\/p>\n<p><span>\u00a0<\/span><\/p>\n<p><span>La EDAA no divulga ni comparte ning\u00fan dato personal sobre usted recopilado en este sitio web con otras entidades (excepto en alg\u00fan caso excepcional y solo con su consentimiento expl\u00edcito previo), sin perjuicio de cualquier obligaci\u00f3n de hacerlo impuesta por ley, o por un funcionario u orden judicial.<\/span><\/p>\n<p><span>\u00a0<\/span><\/p>\n<p><strong><span>Cookies<\/span><\/strong><\/p>\n<p><span>\u00a0<\/span><\/p>\n<p><span>Las cookies son peque\u00f1os paquetes de informaci\u00f3n que se almacenan en su navegador. Las p\u00e1ginas web que usted visita las instala en su navegador. Si desea asegurarse de que no se usen cookies, lea la informaci\u00f3n que aparece a continuaci\u00f3n o consulte nuestros <a href=\"https:\/\/www.youronlinechoices.com\/uk\/five-top-tips\">cinco consejos clave<\/a> para m\u00e1s informaci\u00f3n sobre c\u00f3mo gestionarlas o deshabilitarlas en los ajustes de privacidad de su navegador. Tenga en cuenta que al deshabilitar las cookies con este fin, la herramienta de control dejar\u00e1 de funcionar con eficacia y ello puede tener un efecto adverso en su experiencia de navegaci\u00f3n general.<\/span><\/p>\n<p><span>\u00a0<\/span><\/p>\n<p><span>Muchas de las empresas incluidas en la p\u00e1gina de &#8220;sus opciones de anuncios&#8221; utilizan cookies para comprobar su estado actual de publicidad comportamental en l\u00ednea (es decir, si aparece como &#8220;aceptada&#8221; o &#8220;desactivada&#8221;) y para aplicar la opci\u00f3n que desee ejercer. Estas cookies son esenciales para la funcionalidad de la p\u00e1gina de control y para identificar errores en su ejecuci\u00f3n.<\/span><\/p>\n<p><span>\u00a0<\/span><\/p>\n<p><span>Tambi\u00e9n utilizamos cookies en este sitio web para mantener la funcionalidad del mismo, y de manera general, para seguir mejorando los servicios que le ofrecemos a trav\u00e9s de este sitio web. No se almacenan datos personales en este proceso y la informaci\u00f3n recopilada se usa solo de manera agregada. Si desea desactivar esta opci\u00f3n, utilice la siguiente funcionalidad. <\/span><\/p>\n<p><span>\u00a0<\/span><\/p>\n<p><span>A continuaci\u00f3n, encontrar\u00e1 una descripci\u00f3n detallada de las cookies utilizadas en este sitio web.<\/span><\/p>\n<p><span>\u00a0<\/span><\/p>\n<p><strong><span>\u00bfQu\u00e9 cookies se usan en este sitio web?<\/span><\/strong><\/p>\n<p><strong><span>\u00a0<\/span><\/strong><\/p>\n<table>\n<tbody>\n<tr>\n<td><strong>Cookies<\/strong><\/td>\n<td><strong>Finalidad de las cookies<\/strong><\/td>\n<td><strong>Naturaleza de las cookies<\/strong><\/td>\n<td><strong>Tipo de cookies<\/strong><\/td>\n<\/tr>\n<tr>\n<td><span>An\u00e1lisis web<\/span><\/td>\n<td><span>Utilizada por la EDAA. Bas\u00e1ndose en el sistema autohospedado Matomo, realiza un seguimiento de la cantidad de visitas de cada usuario y del tiempo que dura la primera visita, la actual y la anterior a la misma. <\/span><\/td>\n<td><span>Cookies de origen<\/span><\/td>\n<td><span>1 a\u00f1o<\/span><\/td>\n<\/tr>\n<tr>\n<td><span>Cookies que monitorizan la fiabilidad de la integraci\u00f3n de las empresas <\/span><\/td>\n<td><span>Se usan para monitorizar la fiabilidad de los puntos de integraci\u00f3n de las empresas con el sitio web.<\/span><\/td>\n<td><span>Cookies de origen<\/span><\/td>\n<td><span>1 mes<\/span><\/td>\n<\/tr>\n<tr>\n<td><span>Cookies de banner de consentimiento de cookies<\/span><\/td>\n<td><span>Se usan para recordar si un visitante ha rechazado el &#8220;banner de cookies&#8221; que salta en la parte superior de las p\u00e1ginas web.<\/span><\/td>\n<td><span>Cookies de origen<\/span><\/td>\n<td><span>24 horas<\/span><\/td>\n<\/tr>\n<\/tbody>\n<\/table>\n<p>&nbsp;<\/p>\n<p><strong><span>Definiciones:<\/span><\/strong><\/p>\n<p><span>\u00a0<\/span><\/p>\n<ul>\n<li><span>Cookie &#8220;de origen&#8221;: una cookie instalada por este sitio web<\/span><\/li>\n<li><span>Cookie \u201cde terceros&#8221;: una cookie instalada por otro dominio (no por este sitio web)<\/span><\/li>\n<li><span>Cookie \u201cpermanente&#8221;: la informaci\u00f3n de la cookie se almacena permanentemente en su dispositivo<\/span><\/li>\n<\/ul>\n<p><span>\u00a0<\/span><\/p>\n<p><span>Nuestra intenci\u00f3n no es recopilar su informaci\u00f3n personal y, cuando lo hacemos, ponemos el m\u00e1ximo empe\u00f1o en anonimizarla siempre que sea posible.<\/span><\/p>\n<p><span>\u00a0<\/span><\/p>\n<p><strong><span>\u00a0\u00bfC\u00f3mo puedo gestionar el uso de cookies en este sitio web?<\/span><\/strong><\/p>\n<p><span>\u00a0<\/span><\/p>\n<p><span>Todas las tecnolog\u00edas de los navegadores le permiten gestionar las cookies en la carpeta de cookies de su navegador. Esto significa que usted puede eliminar las cookies de su carpeta de cookies una vez que ha finalizado su visita en nuestro sitio web o establecer sus preferencias en relaci\u00f3n con el uso de cookies antes de empezar a navegar por nuestra web. Tenga en cuenta que, tal y como se ha comentado anteriormente, la eliminaci\u00f3n o el rechazo de cookies puede perjudicar su experiencia de usuario en nuestro sitio web.<\/span><\/p>\n<p><span>\u00a0<\/span><\/p>\n<p><span>Encontrar\u00e1 m\u00e1s informaci\u00f3n al respecto en:<\/span><\/p>\n<ul>\n<li><span><a href=\"https:\/\/www.google.com\/intl\/en\/chrome\/privacy\/\">Google<\/a><\/span><\/li>\n<li><span><a href=\"https:\/\/support.mozilla.org\/en-US\/kb\/cookies-information-websites-store-on-your-computer?redirectlocale=en-US&amp;redirectslug=Cookies#w_cookie-settings\">Firefox<\/a><\/span><\/li>\n<li><span><a href=\"https:\/\/support.microsoft.com\/en-us\/help\/17442\/windows-internet-explorer-delete-manage-cookies\">Windows<\/a><\/span><\/li>\n<li><span><a href=\"https:\/\/www.apple.com\/safari\/#security\">Safari<\/a><\/span><\/li>\n<\/ul>\n<p><span>\u00a0<\/span><\/p>\n<p><strong>OPT-OUT<\/strong><\/p>\n<div id=\"matomo-opt-out\"><\/div>\n<p><script src=\"https:\/\/analytics.youronlinechoices.com\/index.php?module=CoreAdminHome&#038;action=optOutJS&#038;divId=matomo-opt-out&#038;language=es&#038;showIntro=1\"><\/script><\/p>\n<p><strong><span>Contacto<\/span><\/strong><\/p>\n<p><span>\u00a0<\/span><\/p>\n<p><span>Si tiene alguna pregunta adicional sobre c\u00f3mo tratamos su informaci\u00f3n personal, o si desea ejercer cualquiera de sus derechos en el marco de esta pol\u00edtica, contacte con:<\/span><\/p>\n<p><span>\u00a0<\/span><\/p>\n<p><span>EDAA | Rue des Deux Eglises 26 | 1000 | Bruselas | B\u00e9lgica<\/span><\/p>\n<p><span>privacy [at] edaa.eu<\/span><\/p>\n<p><span>\u00a0<\/span><\/p>\n","protected":false},"excerpt":{"rendered":"<p>Protegemos su privacidad \u00a0 Este sitio web cuenta con el apoyo de la industria publicitaria digital y lo gestiona la Alianza Europea de Publicidad Digital Interactiva (o EDAA, por sus siglas en ingl\u00e9s). Tenemos el firme compromiso de respetar y proteger la privacidad de todos los individuos con los que interactuamos, ya sea en el [&hellip;]<\/p>\n","protected":false},"author":3,"featured_media":0,"parent":0,"menu_order":0,"comment_status":"closed","ping_status":"open","template":"","meta":[],"_links":{"self":[{"href":"https:\/\/www.youronlinechoices.com\/es\/wp-json\/wp\/v2\/pages\/215"}],"collection":[{"href":"https:\/\/www.youronlinechoices.com\/es\/wp-json\/wp\/v2\/pages"}],"about":[{"href":"https:\/\/www.youronlinechoices.com\/es\/wp-json\/wp\/v2\/types\/page"}],"author":[{"embeddable":true,"href":"https:\/\/www.youronlinechoices.com\/es\/wp-json\/wp\/v2\/users\/3"}],"replies":[{"embeddable":true,"href":"https:\/\/www.youronlinechoices.com\/es\/wp-json\/wp\/v2\/comments?post=215"}],"version-history":[{"count":10,"href":"https:\/\/www.youronlinechoices.com\/es\/wp-json\/wp\/v2\/pages\/215\/revisions"}],"predecessor-version":[{"id":410,"href":"https:\/\/www.youronlinechoices.com\/es\/wp-json\/wp\/v2\/pages\/215\/revisions\/410"}],"wp:attachment":[{"href":"https:\/\/www.youronlinechoices.com\/es\/wp-json\/wp\/v2\/media?parent=215"}],"curies":[{"name":"wp","href":"https:\/\/api.w.org\/{rel}","templated":true}]}}