{"id":204,"date":"2014-02-06T07:30:53","date_gmt":"2014-02-06T07:30:53","guid":{"rendered":"https:\/\/www.youronlinechoices.com\/es\/?page_id=204"},"modified":"2020-09-08T08:57:19","modified_gmt":"2020-09-08T08:57:19","slug":"presentar-una-reclamacion","status":"publish","type":"page","link":"https:\/\/www.youronlinechoices.com\/es\/presentar-una-reclamacion\/","title":{"rendered":"Presentar una reclamaci\u00f3n"},"content":{"rendered":"<p><span>Si usted tiene alguna reclamaci\u00f3n relacionada con la publicidad basada en intereses, puede llevar a cabo alguno de estos sencillos pasos para poder ayudarle a resolver el asunto.<\/span><br \/>\n<!-- br--><br \/>\n<!-- br--><\/p>\n<h3>Paso Uno<\/h3>\n<p><span>A continuaci\u00f3n se muestra una sencilla lista de comprobaci\u00f3n que puede ayudarle a resolver su consulta o reclamaci\u00f3n:<\/span><\/p>\n<p><!-- br--><br \/>\n1. \u00bfSu reclamaci\u00f3n est\u00e1 relacionada con el&nbsp;<strong>contenido de un anuncio<\/strong>? Si es as\u00ed, visite la p\u00e1gina del regulador de contenido publicitario, <a title=\"AUTOCONTROL\" href=\"http:\/\/www.autocontrol.es\/\" target=\"_blank\" rel=\"noopener noreferrer\">AUTOCONTROL (Asociaci\u00f3n para la Autorregulaci\u00f3n de la Comunicaci\u00f3n Comercial)<\/a>.<\/p>\n<p>2. \u00bfQuiere darse de baja de la publicidad comportamental? Si es as\u00ed, por favor visite nuestra p\u00e1gina de baja voluntaria.<\/p>\n<p>3. \u00bfTiene problemas para darse de baja de la publicidad comportamental utilizando los enlaces en este sitio web? Si es as\u00ed, por favor visite nuestra <a href=\"https:\/\/www.youronlinechoices.com\/es\/ayuda-para-la-baja-voluntaria\/\">p\u00e1gina de ayuda para la baja voluntaria<\/a>.<br \/>\n4. \u00bfSigue recibiendo publicidad comportamental despu\u00e9s de haberse dado de baja? Si es as\u00ed, por favor lea nuestra secci\u00f3n de <a title=\"Preguntas frecuentes\" href=\"https:\/\/www.youronlinechoices.com\/es\/preguntas-frecuentes\/\">Preguntas frecuentes<\/a>.<br \/>\n5. \u00bfTiene una pregunta sobre la configuraci\u00f3n de privacidad de su navegador web? Si es as\u00ed, por favor lea nuestros <a title=\"Cinco consejos clave\" href=\"https:\/\/www.youronlinechoices.com\/es\/cinco-consejos-clave\/\">cinco consejos clave<\/a>.<br \/>\n6. \u00bfTiene una consulta general o preocupaci\u00f3n acerca de la publicidad comportamental y quiere saber m\u00e1s? Si es as\u00ed, por favor lea nuestra secci\u00f3n de <a title=\"Preguntas frecuentes\" href=\"https:\/\/www.youronlinechoices.com\/es\/preguntas-frecuentes\/\">Preguntas frecuentes<\/a>.<br \/>\n<!-- br--><br \/>\n<!-- br--><\/p>\n<h3>Paso dos<\/h3>\n<p>Si todav\u00eda tiene problemas y desea presentar una reclamaci\u00f3n formal sobre un caso de publicidad basada en intereses, puede hacerlo poni\u00e9ndose en contacto con <a href=\"http:\/\/www.autocontrol.es\/\">AUTOCONTROL (Asociaci\u00f3n para la Autorregulaci\u00f3n de la Comunicaci\u00f3n Comercial)<\/a>.<\/p>\n","protected":false},"excerpt":{"rendered":"<p>Si usted tiene alguna reclamaci\u00f3n relacionada con la publicidad basada en intereses, puede llevar a cabo alguno de estos sencillos pasos para poder ayudarle a resolver el asunto. Paso Uno A continuaci\u00f3n se muestra una sencilla lista de comprobaci\u00f3n que puede ayudarle a resolver su consulta o reclamaci\u00f3n: 1. \u00bfSu reclamaci\u00f3n est\u00e1 relacionada con el&nbsp;contenido [&hellip;]<\/p>\n","protected":false},"author":3,"featured_media":0,"parent":0,"menu_order":0,"comment_status":"closed","ping_status":"open","template":"","meta":[],"_links":{"self":[{"href":"https:\/\/www.youronlinechoices.com\/es\/wp-json\/wp\/v2\/pages\/204"}],"collection":[{"href":"https:\/\/www.youronlinechoices.com\/es\/wp-json\/wp\/v2\/pages"}],"about":[{"href":"https:\/\/www.youronlinechoices.com\/es\/wp-json\/wp\/v2\/types\/page"}],"author":[{"embeddable":true,"href":"https:\/\/www.youronlinechoices.com\/es\/wp-json\/wp\/v2\/users\/3"}],"replies":[{"embeddable":true,"href":"https:\/\/www.youronlinechoices.com\/es\/wp-json\/wp\/v2\/comments?post=204"}],"version-history":[{"count":7,"href":"https:\/\/www.youronlinechoices.com\/es\/wp-json\/wp\/v2\/pages\/204\/revisions"}],"predecessor-version":[{"id":390,"href":"https:\/\/www.youronlinechoices.com\/es\/wp-json\/wp\/v2\/pages\/204\/revisions\/390"}],"wp:attachment":[{"href":"https:\/\/www.youronlinechoices.com\/es\/wp-json\/wp\/v2\/media?parent=204"}],"curies":[{"name":"wp","href":"https:\/\/api.w.org\/{rel}","templated":true}]}}