{"id":19,"date":"2010-12-03T21:37:41","date_gmt":"2010-12-03T21:37:41","guid":{"rendered":"https:\/\/www.youronlinechoices.com\/es\/?page_id=19"},"modified":"2020-09-08T08:49:18","modified_gmt":"2020-09-08T08:49:18","slug":"glosario","status":"publish","type":"page","link":"https:\/\/www.youronlinechoices.com\/es\/glosario\/","title":{"rendered":"Glosario"},"content":{"rendered":"<p><span>Explicaci\u00f3n de todos los t\u00e9rminos importantes sobre publicidad basada en intereses.<\/span><\/p>\n<p><!-- br--><br \/>\n<strong><span>Agencia de publicidad<\/span><\/strong><\/p>\n<p><span>Empresa que trabaja con anunciantes para crear campa\u00f1as y un plan para ejecutarlas, incluidos los mejores lugares para llevar a cabo las campa\u00f1as para lograr los mejores resultados.<\/span><\/p>\n<p><!-- br--><br \/>\n<strong><span>Agregador de datos<\/span><\/strong><\/p>\n<p><span>Empresa que re\u00fane datos de distintas fuentes y construye \u00absegmentos\u00bb basados en intereses (por ejemplo, compradores de coches). Estos se venden a los anunciantes, las agencias de publicidad o las redes de publicidad directamente o se negocian a trav\u00e9s de un intercambio publicitario de manera que la publicidad sea m\u00e1s relevante para el consumidor.<\/span><\/p>\n<p><!-- br--><br \/>\n<strong><span>Anunciante\/Marca<\/span><\/strong><\/p>\n<p><span>Una empresa que vende un producto o servicio y lleva a cabo campa\u00f1as publicitarias para vender dicho producto o servicio. Un anunciante tendr\u00e1 tambi\u00e9n su propio sitio web y, por tanto, tambi\u00e9n se har\u00e1 referencia a \u00e9l como editor web\/propietario del sitio web.<\/span><\/p>\n<p><!-- br--><br \/>\n<strong><em><span>Cookie<\/span><\/em><\/strong><\/p>\n<p><span>Una <em>cookie<\/em> es un peque\u00f1o fichero de letras y cifras que se descarga en su ordenador cuando usted accede a determinados sitios web. Las <em>cookies<\/em> permiten a un sitio web reconocer el navegador de un usuario. Las propias <em>cookies<\/em> no requieren datos personales para ser \u00fatiles y, en la mayor\u00eda de los casos, no identifican personalmente a los usuarios de Internet.<\/span><\/p>\n<p><!-- br--><br \/>\n<strong><em><span>Data Management Platform<\/span><\/em><span> (DMP) o plataforma de gesti\u00f3n de datos<\/span><\/strong><\/p>\n<p><span>Plataforma de software empleada para recoger y gestionar datos. Permite a las empresas identificar segmentos de audiencia que pueden emplearse para dirigirse a usuarios y contextos espec\u00edficos en campa\u00f1as de&nbsp;<strong>publicidad<\/strong>&nbsp;en Internet.&nbsp;<\/span><\/p>\n<p><!-- br--><br \/>\n<strong><em><span>Demand Side Platform<\/span><\/em><span> (DSP) o plataforma del lado de la demanda<\/span><\/strong><\/p>\n<p><span>Empresa que permite a los anunciantes conectarse con editores web. Una plataforma del lado de la demanda puede permitir a los anunciantes gestionar las ofertas que realizan en tiempo real a trav\u00e9s de un intercambio publicitario.<\/span><\/p>\n<p><!-- br--><br \/>\n<strong><span>Editor web<\/span><\/strong><\/p>\n<p><span>Empresa que promociona sus productos y servicios a trav\u00e9s de su sitio web y, en este contexto, vende publicidad en el sitio web para contribuir a su pago.<\/span><\/p>\n<p><!-- br--><br \/>\n<span><strong>Intercambio publicitario<\/strong><\/span><\/p>\n<p><span>Empresa que act\u00faa como un mercado abierto para la compra y venta de publicidad. Como en un mercado burs\u00e1til, los editores web pueden vender espacio publicitario en sus sitios web al mejor postor en tiempo real.<\/span><\/p>\n<p><!-- br--><br \/>\n<strong><span>Mesa de contrataci\u00f3n de agencias de publicidad (ATD)<\/span><\/strong><\/p>\n<p><span>Equipo de una agencia de publicidad que negocia con plataformas del lado de la demanda para gestionar campa\u00f1as.<\/span><\/p>\n<p><!-- br--><br \/>\n<strong><span>Navegador web<\/span><\/strong><\/p>\n<p><span>Software que recupera y recopila fuentes de informaci\u00f3n y ordena y visualiza los resultados de manera estandarizada en un dispositivo como, por ejemplo, un ordenador o un m\u00f3vil. Algunos ejemplos son Internet Explorer, Firefox, Chrome, Safari y Opera.<\/span><\/p>\n<p><!-- br--><br \/>\n<strong><span>Publicidad basada en intereses<\/span><\/strong><\/p>\n<p><span>La recopilaci\u00f3n y uso de actividad previa de navegaci\u00f3n web para ofrecer publicidad relevante.<\/span><\/p>\n<p><!-- br--><br \/>\n<strong><span>Publicidad gr\u00e1fica<\/span><\/strong><\/p>\n<p><span>Anuncios gr\u00e1ficos visualizados al visitar los usuarios un determinado sitio web. Estos suelen realizarse en forma de \u2018banners\u2019 o en v\u00eddeos.<\/span><\/p>\n<p><!-- br--><br \/>\n<strong><span>Publicidad contextual<\/span><\/strong><\/p>\n<p><span>Publicidad destinada a un usuario espec\u00edfico al visitar este un sitio web. Los sistemas automatizados ofrecen anuncios en funci\u00f3n del contenido de la p\u00e1gina. Por ejemplo, al visitar un usuario una web de cr\u00edticas de cine, se le pueden mostrar nuevos estrenos de pel\u00edculas, los \u00faltimos DVD o anuncios para productos de <em>merchandising<\/em> cinematogr\u00e1fico.<\/span><\/p>\n<p><!-- br--><br \/>\n<strong><span>Red de publicidad<\/span><\/strong><\/p>\n<p><span>Empresa que conecta sitios web y&nbsp;editores&nbsp;web con&nbsp;anunciantes pertinentes.<\/span><\/p>\n<p><!-- br--><br \/>\n<strong><em><span>Sell Side Platform<\/span><\/em><span> (SSP) o plataforma de gesti\u00f3n comercial<\/span><\/strong><\/p>\n<p><span>Empresa que trabaja con editores web para incrementar al m\u00e1ximo la eficiencia del sitio web y, por tanto, el dinero recibido de vender publicidad.<\/span><\/p>\n<p><!-- br--><br \/>\n<strong><span>Servidor de publicidad<\/span><\/strong><\/p>\n<p><span>Empresa que dispone de una tecnolog\u00eda que ofrece contenido publicitario a una p\u00e1gina web pertinente.<\/span><\/p>\n","protected":false},"excerpt":{"rendered":"<p>Explicaci\u00f3n de todos los t\u00e9rminos importantes sobre publicidad basada en intereses. Agencia de publicidad Empresa que trabaja con anunciantes para crear campa\u00f1as y un plan para ejecutarlas, incluidos los mejores lugares para llevar a cabo las campa\u00f1as para lograr los mejores resultados. Agregador de datos Empresa que re\u00fane datos de distintas fuentes y construye \u00absegmentos\u00bb [&hellip;]<\/p>\n","protected":false},"author":3,"featured_media":0,"parent":0,"menu_order":6,"comment_status":"closed","ping_status":"closed","template":"","meta":[],"_links":{"self":[{"href":"https:\/\/www.youronlinechoices.com\/es\/wp-json\/wp\/v2\/pages\/19"}],"collection":[{"href":"https:\/\/www.youronlinechoices.com\/es\/wp-json\/wp\/v2\/pages"}],"about":[{"href":"https:\/\/www.youronlinechoices.com\/es\/wp-json\/wp\/v2\/types\/page"}],"author":[{"embeddable":true,"href":"https:\/\/www.youronlinechoices.com\/es\/wp-json\/wp\/v2\/users\/3"}],"replies":[{"embeddable":true,"href":"https:\/\/www.youronlinechoices.com\/es\/wp-json\/wp\/v2\/comments?post=19"}],"version-history":[{"count":23,"href":"https:\/\/www.youronlinechoices.com\/es\/wp-json\/wp\/v2\/pages\/19\/revisions"}],"predecessor-version":[{"id":386,"href":"https:\/\/www.youronlinechoices.com\/es\/wp-json\/wp\/v2\/pages\/19\/revisions\/386"}],"wp:attachment":[{"href":"https:\/\/www.youronlinechoices.com\/es\/wp-json\/wp\/v2\/media?parent=19"}],"curies":[{"name":"wp","href":"https:\/\/api.w.org\/{rel}","templated":true}]}}