{"id":17,"date":"2010-12-03T21:17:44","date_gmt":"2010-12-03T21:17:44","guid":{"rendered":"https:\/\/www.youronlinechoices.com\/es\/?page_id=17"},"modified":"2020-09-14T09:25:50","modified_gmt":"2020-09-14T09:25:50","slug":"cinco-consejos-clave","status":"publish","type":"page","link":"https:\/\/www.youronlinechoices.com\/es\/cinco-consejos-clave\/","title":{"rendered":"Cinco consejos clave"},"content":{"rendered":"<p>Cinco consejos clave para gestionar su intimidad en l\u00ednea.<\/p>\n<h3>1. No se asuste.<\/h3>\n<p>Las empresas utilizan este sitio web, y las herramientas que proporcionamos, para ayudar a garantizar que la publicidad basada en intereses sea segura y transparente. La publicidad basada en intereses se basa en su actividad de navegaci\u00f3n para ofrecer publicidad que refleje los intereses deducidos.\u00a0<span>T\u00f3mese unos minutos para obtener <a href=\"https:\/\/www.youronlinechoices.com\/es\/sobre-la-publicidad-basada-en-el-comportamiento\/\">m\u00e1s informaci\u00f3n sobre la publicidad basada en intereses<\/a>.<\/span><\/p>\n<h3>2. Busque el icono en los sitios web que visite.<\/h3>\n<p>Muchos de los anuncios de los sitios web que visite tendr\u00e1n el icono \u00abAdChoices\u00bb incorporado (v\u00e9ase el ejemplo a continuaci\u00f3n). Al hacer clic en este icono podr\u00e1 obtener m\u00e1s informaci\u00f3n sobre los datos recogidos y utilizados, as\u00ed como sobre las maneras de gestionarla o controlarla.<\/p>\n<p style=\"text-align: center;\"><img loading=\"lazy\" class=\"aligncenter size-full wp-image-423\" title=\"icon\" src=\"https:\/\/www.youronlinechoices.com\/uk\/wp-content\/uploads\/2010\/11\/icon2.jpg\" alt=\"\" width=\"550\" height=\"200\" \/><\/p>\n<h3>3. Elija si desea publicidad basada en intereses o no.<\/h3>\n<p>Las empresas que ofrecen publicidad basada en intereses le proporcionar\u00e1n igualmente m\u00e1s informaci\u00f3n sobre c\u00f3mo rechazar la publicidad basada en intereses.\u00a0<span><a href=\"https:\/\/www.youronlinechoices.com\/es\/preferencias\/\">Baja voluntaria de la publicidad basada en intereses.<\/a><\/span><\/p>\n<h3>4. Familiar\u00edcese con las opciones de privacidad de su ordenador.<\/h3>\n<p>Las encontrar\u00e1 en el men\u00fa \u00abopciones\u00bb de su navegador. Al seleccionar opciones relativas a las <em>cookies<\/em>, recuerde que estos archivos hacen m\u00e1s f\u00e1cil la navegaci\u00f3n en Internet (por ejemplo recordando preferencias en el sitio web y ajustes de idioma).<\/p>\n<p>El siguiente ejemplo muestra c\u00f3mo pueden gestionarse las opciones de privacidad en Firefox<\/p>\n<p style=\"text-align: center;\"><a href=\"https:\/\/support.mozilla.org\/es\/products\/firefox\/privacy-and-security\" target=\"_blank\" rel=\"noopener noreferrer\"><img loading=\"lazy\" class=\"aligncenter wp-image-507 size-thumbnail\" src=\"https:\/\/www.youronlinechoices.com\/ie\/wp-content\/uploads\/2020\/09\/1200px-Firefox_logo_2019.svg_-150x150.png\" alt=\"\" width=\"100\" height=\"100\" \/><\/a><\/p>\n<p>El siguiente ejemplo muestra c\u00f3mo pueden gestionarse las opciones de privacidad en Google Chrome.<\/p>\n<p style=\"text-align: center;\"><a href=\"https:\/\/support.google.com\/chrome\/answer\/95647?hl=es\" target=\"_blank\" rel=\"noopener noreferrer\"><img loading=\"lazy\" class=\"aligncenter wp-image-508 size-thumbnail\" src=\"https:\/\/www.youronlinechoices.com\/ie\/wp-content\/uploads\/2020\/09\/Google-Chrome-icon-new-150x150.png\" alt=\"\" width=\"100\" height=\"100\" \/><\/a><\/p>\n<p>El siguiente ejemplo muestra c\u00f3mo pueden gestionarse las opciones de privacidad en Safari.<\/p>\n<p style=\"text-align: center;\"><a href=\"https:\/\/support.apple.com\/es-es\/guide\/safari\/sfri35610\/mac\" target=\"_blank\" rel=\"noopener noreferrer\"><img loading=\"lazy\" class=\"aligncenter wp-image-509 size-thumbnail\" src=\"https:\/\/www.youronlinechoices.com\/ie\/wp-content\/uploads\/2020\/09\/safari-240-150x150.png\" alt=\"\" width=\"100\" height=\"100\" \/><\/a><\/p>\n<h3><\/h3>\n<h3>5. Gestione estas opciones de privacidad en funci\u00f3n de sus necesidades dom\u00e9sticas.<\/h3>\n<p>Cada persona usa Internet de distintas maneras y para distintas finalidades. En hogares donde hay m\u00e1s de un usuario del mismo ordenador, aconsejamos que cada uno tenga su propia \u2018cuenta de usuario\u2019. De esta manera los ajustes de privacidad (por ejemplo, los ajustes de <em>cookies<\/em> o las preferencias de baja voluntaria) pueden gestionarse en funci\u00f3n de las necesidades y los requisitos de cada usuario.<\/p>\n<p>Windows 10:<\/p>\n<p style=\"text-align: center;\"><img class=\"size-full wp-image-129 aligncenter\" style=\"width: 70%; height: auto;\" title=\"user accounts\" src=\"https:\/\/www.youronlinechoices.com\/uk\/wp-content\/uploads\/2015\/09\/Windows10_accounts.png\" alt=\"user accounts\" \/><\/p>\n<p>Mac OS:<\/p>\n<p style=\"text-align: center;\"><img class=\"size-full wp-image-129 aligncenter\" style=\"width: 70%; height: auto;\" title=\"user accounts\" src=\"https:\/\/www.youronlinechoices.com\/uk\/wp-content\/uploads\/2015\/09\/MAC_accounts.jpg\" alt=\"user accounts\" \/><\/p>\n","protected":false},"excerpt":{"rendered":"<p>Cinco consejos clave para gestionar su intimidad en l\u00ednea. 1. No se asuste. Las empresas utilizan este sitio web, y las herramientas que proporcionamos, para ayudar a garantizar que la publicidad basada en intereses sea segura y transparente. La publicidad basada en intereses se basa en su actividad de navegaci\u00f3n para ofrecer publicidad que refleje [&hellip;]<\/p>\n","protected":false},"author":3,"featured_media":0,"parent":0,"menu_order":4,"comment_status":"closed","ping_status":"closed","template":"","meta":[],"_links":{"self":[{"href":"https:\/\/www.youronlinechoices.com\/es\/wp-json\/wp\/v2\/pages\/17"}],"collection":[{"href":"https:\/\/www.youronlinechoices.com\/es\/wp-json\/wp\/v2\/pages"}],"about":[{"href":"https:\/\/www.youronlinechoices.com\/es\/wp-json\/wp\/v2\/types\/page"}],"author":[{"embeddable":true,"href":"https:\/\/www.youronlinechoices.com\/es\/wp-json\/wp\/v2\/users\/3"}],"replies":[{"embeddable":true,"href":"https:\/\/www.youronlinechoices.com\/es\/wp-json\/wp\/v2\/comments?post=17"}],"version-history":[{"count":26,"href":"https:\/\/www.youronlinechoices.com\/es\/wp-json\/wp\/v2\/pages\/17\/revisions"}],"predecessor-version":[{"id":400,"href":"https:\/\/www.youronlinechoices.com\/es\/wp-json\/wp\/v2\/pages\/17\/revisions\/400"}],"wp:attachment":[{"href":"https:\/\/www.youronlinechoices.com\/es\/wp-json\/wp\/v2\/media?parent=17"}],"curies":[{"name":"wp","href":"https:\/\/api.w.org\/{rel}","templated":true}]}}