{"id":12,"date":"2010-12-03T20:34:37","date_gmt":"2010-12-03T20:34:37","guid":{"rendered":"https:\/\/www.youronlinechoices.com\/es\/?page_id=12"},"modified":"2020-09-07T14:34:14","modified_gmt":"2020-09-07T14:34:14","slug":"preguntas-frecuentes","status":"publish","type":"page","link":"https:\/\/www.youronlinechoices.com\/es\/preguntas-frecuentes\/","title":{"rendered":"Preguntas frecuentes"},"content":{"rendered":"<p>A continuaci\u00f3n le ofrecemos una lista de preguntas frecuentes para ayudarle a entender la publicidad basada en intereses.<br \/>\n<!-- br--><br \/>\n<!-- br--><\/p>\n<p>1. <a href=\"#1\">\u00bfQu\u00e9 es la publicidad basada en intereses?<\/a><\/p>\n<p>2. <a href=\"#2\">\u00bfC\u00f3mo funciona la publicidad basada en intereses?<\/a><\/p>\n<p>3. <a href=\"#3\">\u00bfQu\u00e9 datos se usan?<\/a><\/p>\n<p>4. <a href=\"#4\">\u00bfQu\u00e9 ventajas ofrece?<\/a><\/p>\n<p>5. <a href=\"#5\">\u00bfNo supone un peligro para mi privacidad?<\/a><\/p>\n<p>6. <a href=\"#6\">\u00bfQu\u00e9 puedo hacer si no deseo recibir este tipo de publicidad?<\/a><\/p>\n<p>7. <a href=\"#7\">\u00bfLa publicidad basada en intereses significa que recibir\u00e9 m\u00e1s publicidad?<\/a><\/p>\n<p>8. <a href=\"#8\">\u00bfMi experiencia de navegaci\u00f3n se ver\u00e1 afectada por la publicidad basada en mis intereses?<\/a><\/p>\n<p>9. <a href=\"#9\">\u00bfLa publicidad basada en intereses se dirigir\u00e1 a ni\u00f1os?<\/a><\/p>\n<p>10. <a href=\"#10\">\u00bfCu\u00e1les son las buenas pr\u00e1cticas de la UE y en qu\u00e9 medida me ata\u00f1en?<\/a><\/p>\n<p>11. <a href=\"#11\">\u00bfC\u00f3mo puedo saber que las empresas que los han suscrito est\u00e1n cumpliendo dichos principios?<\/a><\/p>\n<p>12. <a href=\"#12\">\u00bfDichas buenas pr\u00e1cticas de la UE abarcan los dispositivos m\u00f3viles y tabletas?<\/a><\/p>\n<p>13. <a href=\"#13\">\u00bfSe descargar\u00e1 alg\u00fan software en mi ordenador?<\/a><\/p>\n<p>14. <a href=\"#14\">\u00bfQu\u00e9 es una cookie y c\u00f3mo se usa?<\/a><\/p>\n<p>15. <a href=\"#15\">\u00bfPuedo desactivar una cookie?<\/a><\/p>\n<p>16. <a href=\"#16\">\u00bfTendr\u00e9 que darme de baja voluntariamente si uso otro PC en el trabajo?<\/a><\/p>\n<p>17. <a href=\"#17\">Si he configurado mi navegador web para suprimir autom\u00e1ticamente las cookies, \u00bfcuando lo cierre (o si lo hago manualmente) afectar\u00e1 al rendimiento de la p\u00e1gina de baja voluntaria?<\/a><\/p>\n<p>18. <a href=\"#18\">Si tengo instalado en mi ordenador alg\u00fan software de privacidad o bloqueo de anuncios, \u00bfafectar\u00e1 al rendimiento de la p\u00e1gina de baja voluntaria?<\/a><\/p>\n<p>19. <a href=\"#19\">\u00bfSi rechazo la \u2018segmentaci\u00f3n por comportamiento\u2019 (behavioural targeting) esto evitar\u00e1 que reciba spam, pop-ups o correo basura?<\/a><\/p>\n<p>20. <a href=\"#20\">\u00bfD\u00f3nde puedo obtener m\u00e1s informaci\u00f3n?<\/a><\/p>\n<p>21. <a href=\"#21\">Je souhaite pr\u00e9senter une r\u00e9clamation officielle. Comment proc\u00e9der ?<\/a><\/p>\n<p><!-- br--><br \/>\n<!-- br--><\/p>\n<h2><a name=\"1\"><\/a>1. \u00bfQu\u00e9 es la publicidad basada en intereses?<\/h2>\n<p><!-- br--><\/p>\n<p><span><a href=\"https:\/\/www.youronlinechoices.com\/es\/sobre-la-publicidad-basada-en-el-comportamiento\/\">La publicidad basada en intereses<\/a>\u00a0(o publicidad comportamental) es una manera de utilizar la informaci\u00f3n sobre su actividad de navegaci\u00f3n por Internet para agruparle con otros usuarios en grupos de intereses y ofrecerle anuncios basados en dichos intereses.<\/span><\/p>\n<p><span>\u00a0<\/span><\/p>\n<p><span>La publicidad basada en intereses difiere de otras formas de publicidad en Internet como, por ejemplo, la\u00a0<a href=\"https:\/\/www.youronlinechoices.com\/es\/glosario\/\">publicidad contextual<\/a>, que se ofrece en respuesta a sus actividades en la sesi\u00f3n en Red en curso (incluidas las b\u00fasquedas o las p\u00e1ginas web visitadas). Los anuncios relevantes pueden presentarse igualmente seg\u00fan los contenidos de la p\u00e1gina web que acabe de visitar. Esto se conoce como \u2018retargeting\u2019.<\/span><\/p>\n<p><span>\u00a0<\/span><\/p>\n<h2><a name=\"2\"><\/a>2. <strong><span>\u00bfC\u00f3mo funciona la publicidad basada en intereses?<\/span><\/strong><\/h2>\n<p><span>\u00a0<\/span><\/p>\n<p><span>Existen diferentes maneras de ofrecer publicidad basada en intereses. A un nivel b\u00e1sico, la informaci\u00f3n sobre su actividad de navegaci\u00f3n en la web \u2014junto con la informaci\u00f3n de navegaci\u00f3n de otros miles de usuarios\u2014 se recopila y se cataloga en grupos generales tales como Coches, Finanzas y Viajes. Se define un perfil de inter\u00e9s (por ejemplo \u2018Coches\u2019) de los datos sobre los sitios que usted ha visitado y se instala un fichero conocido como\u00a0<a href=\"https:\/\/www.youronlinechoices.com\/es\/glosario\/\"><em>cookie<\/em><\/a>\u00a0\u2014o una tecnolog\u00eda similar (consulte nuestro <a href=\"https:\/\/www.youronlinechoices.com\/es\/glosario\/\">glosario<\/a>), en su ordenador o dispositivo para identificarle como usuario interesado en la categor\u00eda de \u2018Coches\u2019. Los anunciantes y sitios web crear\u00e1n anuncios a medida de los grupos de usuarios con un mismo inter\u00e9s y la <em>cookie<\/em> permitir\u00e1 que usted reciba dicha <a href=\"https:\/\/www.youronlinechoices.com\/es\/glosario\/\">publicidad gr\u00e1fica<\/a>.<\/span><\/p>\n<p><iframe loading=\"lazy\" src=\"https:\/\/www.youtube.com\/embed\/Y9Y4Efyxmk4?rel=0\" width=\"600\" height=\"338\" frameborder=\"0\"><\/iframe><\/p>\n<p><span>\u00a0<\/span><\/p>\n<h2><a name=\"3\"><\/a>3. <strong><span>\u00bfQu\u00e9 datos se usan?<\/span><\/strong><\/h2>\n<p><span>\u00a0<\/span><\/p>\n<p><span>La publicidad basada en intereses puede variar en funci\u00f3n de qu\u00e9 informaci\u00f3n se usa y c\u00f3mo se usa. Las\u00a0<a href=\"https:\/\/www.youronlinechoices.com\/es\/glosario\/\">redes de publicidad<\/a> tradicionales, por ejemplo, recopilan y usan informaci\u00f3n cuando usted visita uno o varios sitios web que forman parte de esa red espec\u00edfica. Esta informaci\u00f3n es, por ejemplo, el contenido del sitio web que visita, las b\u00fasquedas de palabras clave que realice y anuncios con los que usted pueda interactuar. Cada empresa le proporcionar\u00e1 m\u00e1s detalles sobre la informaci\u00f3n que recopilan y utilizan y estar\u00e1 disponible haciendo clic en el icono AdChoices que podr\u00e1 ver en los sitios web.\u00a0Consulte nuestros <a href=\"https:\/\/www.youronlinechoices.com\/es\/cinco-consejos-clave\/\">cinco consejos clave<\/a> para obtener m\u00e1s informaci\u00f3n.<\/span><\/p>\n<p><span>\u00a0<\/span><\/p>\n<h2><a name=\"4\"><\/a>4. <strong><span>\u00bfQu\u00e9 ventajas ofrece?<\/span><\/strong><\/h2>\n<p><span>\u00a0<\/span><\/p>\n<p><span>Usted recibe\u00a0<a href=\"https:\/\/www.youronlinechoices.com\/es\/glosario\/\">publicidad gr\u00e1fica en Internet<\/a>\u00a0relevante para usted y sus intereses. Por ejemplo, si le interesa la jardiner\u00eda y visita sitios web sobre este tema, es posible que durante su sesi\u00f3n de navegaci\u00f3n o una sesi\u00f3n posterior reciba anuncios sobre ofertas especiales de art\u00edculos relacionados con la jardiner\u00eda como, por ejemplo, m\u00e1quinas cortac\u00e9sped.<\/span><\/p>\n<p><span>\u00a0<\/span><\/p>\n<p><span>Aunque usted seguramente tenga sus preferencias, mucha gente considera que la publicidad personalizada es beneficiosa puesto que recibir\u00e1 m\u00e1s anuncios relevantes, as\u00ed como acceso a contenidos de calidad, servicios y aplicaciones de bajo coste o gratuitas. Tambi\u00e9n es beneficiosa para los anunciantes puesto que les permite llegar a la audiencia que puede estar m\u00e1s interesada en su informaci\u00f3n, dejando de lado a quienes, probablemente, no est\u00e1n interesados. Tambi\u00e9n beneficia a los sitios web (editores web) dado que la publicidad les permite seguir ofreciendo contenidos de bajo coste o gratuitos y hacer que los mensajes publicitarios resulten m\u00e1s relevantes para sus usuarios. Estos ingresos publicitarios les ayudan a financiar futuras innovaciones y servicios en Internet.<\/span><\/p>\n<p><span>\u00a0<\/span><\/p>\n<h2><a name=\"5\"><\/a>5. <strong><span>\u00bfNo supone un peligro para mi privacidad en Internet?<\/span><\/strong><\/h2>\n<p><span>\u00a0<\/span><\/p>\n<p><span>Los\u00a0<a href=\"https:\/\/www.youronlinechoices.eu\/goodpractice\">principios de buenas pr\u00e1cticas de la UE<\/a>\u00a0se han desarrollado espec\u00edficamente para contribuir a salvaguardar su privacidad a la hora de recibir o interactuar con anuncios en l\u00ednea. Siempre podr\u00e1 elegir si desea beneficiarse de este tipo de publicidad o no. Para recibir anuncios m\u00e1s relevantes se necesita un poco de informaci\u00f3n sobre sus intereses, en caso contrario no podr\u00e1n funcionar, pero somos conscientes de que hay personas que puedan no sentirse c\u00f3modas con este tipo de publicidad. Si es su caso, puede desactivar la publicidad basada en intereses\u00a0<a href=\"https:\/\/www.youronlinechoices.com\/es\/preferencias\/\">aqu\u00ed<\/a>. Tambi\u00e9n puede gestionar sus preferencias en el navegador web que est\u00e9 utilizando. Consulte nuestros\u00a0<a href=\"https:\/\/www.youronlinechoices.com\/es\/cinco-consejos-clave\/\">cinco consejos clave<\/a>\u00a0para ver c\u00f3mo hacerlo. Muchos navegadores web disponen tambi\u00e9n de un modo de \u2018navegaci\u00f3n privada\u2019, aunque no siempre significa lo mismo entre los diferentes navegadores y la terminolog\u00eda puede variar, de modo que recomendamos que compruebe en su navegador preferido qu\u00e9 funcionalidades permite o desactiva este tipo de servicio.<\/span><\/p>\n<p><span>\u00a0<\/span><\/p>\n<h2><a name=\"6\"><\/a>6. <strong><span>\u00bfQu\u00e9 puedo hacer si no deseo recibir este tipo de publicidad?<\/span><\/strong><\/h2>\n<p><span>\u00a0<\/span><\/p>\n<p><span>Puede darse de baja voluntariamente <a href=\"https:\/\/www.youronlinechoices.com\/es\/preferencias\/\">aqu\u00ed<\/a>.\u00a0Tambi\u00e9n puede gestionar sus preferencias en el navegador web que est\u00e9 utilizando.\u00a0Consulte nuestros <a href=\"https:\/\/www.youronlinechoices.com\/es\/cinco-consejos-clave\/\">consejos clave<\/a>\u00a0para ver c\u00f3mo hacerlo. Muchos navegadores web disponen tambi\u00e9n de un modo de \u2018navegaci\u00f3n privada\u2019, aunque no siempre significa lo mismo entre los diferentes navegadores y la terminolog\u00eda puede variar, de modo que recomendamos que compruebe en su navegador preferido qu\u00e9 funcionalidades permite o desactiva este tipo de servicio.<\/span><\/p>\n<p><span>\u00a0<\/span><\/p>\n<p><span>Es importante recordar que esto no significa que ya no recibir\u00e1 publicidad mientras navegue por Internet. Solo significa que los anuncios que vea en los sitios web no estar\u00e1n adaptados a sus intereses, de modo que le pueden resultar menos relevantes.<\/span><\/p>\n<p><span>\u00a0<\/span><\/p>\n<h2><a name=\"7\"><\/a>7. <strong><span>\u00bfLa publicidad basada en intereses significa que recibir\u00e9 m\u00e1s publicidad?<\/span><\/strong><\/h2>\n<p><span>\u00a0<\/span><\/p>\n<p><span>No. Significa, simplemente, que los anuncios que vea en algunos sitios web y aplicaciones resultar\u00e1n m\u00e1s relevantes para sus intereses. Este tipo de publicidad en Internet permite garantizar que se pueda suministrar una amplia variedad de contenido y servicios en l\u00ednea, a menudo disponibles a bajo coste o gratuitamente.<\/span><\/p>\n<p><span>\u00a0<\/span><\/p>\n<h2><a name=\"8\"><\/a>8. <strong><span>\u00bfMi experiencia de navegaci\u00f3n se ver\u00e1 afectada por la publicidad en l\u00ednea basada en mis intereses?<\/span><\/strong><\/h2>\n<p><span>\u00a0<\/span><\/p>\n<p><span>No. No ver\u00e1 ni notar\u00e1 ninguna diferencia en su navegaci\u00f3n. La publicidad basada en intereses solo pretende que los anuncios que usted vea en sitios web y aplicaciones resulten m\u00e1s relevantes para usted.<\/span><\/p>\n<p><span>\u00a0<\/span><\/p>\n<h2><a name=\"9\"><\/a>9. <strong><span>\u00bfLa publicidad basada en intereses se dirigir\u00e1 a ni\u00f1os?<\/span><\/strong><\/h2>\n<p><span>\u00a0<\/span><\/p>\n<p><span>Los\u00a0<a href=\"https:\/\/www.youronlinechoices.eu\/goodpractice\">principios de mejores pr\u00e1cticas de la UE<\/a>\u00a0asumen un compromiso espec\u00edfico de que ninguna empresa deber\u00e1 crear o vender un segmento de inter\u00e9s o audiencia destinado \u00fanicamente a ofrecer publicidad comportamental a ni\u00f1os de los que sepan que son menores de 13 a\u00f1os, en conformidad con los requisitos del RGPD.<\/span><\/p>\n<p><span>\u00a0<\/span><\/p>\n<h2><a name=\"10\"><\/a>10. <strong><span>\u00bfCu\u00e1les son las buenas pr\u00e1cticas de la UE y en qu\u00e9 medida me ata\u00f1en?<\/span><\/strong><\/h2>\n<p><span>\u00a0<\/span><\/p>\n<p><span>Los\u00a0<a href=\"https:\/\/www.youronlinechoices.eu\/goodpractice\">principios de buenas pr\u00e1cticas de la UE<\/a>\u00a0son directrices para empresas que recopilen y utilicen informaci\u00f3n en l\u00ednea para ofrecer publicidad basada en intereses. El objetivo es ofrecerle informaci\u00f3n transparente y control sobre este tipo de publicidad. En el centro de los principios se encuentra un\u00a0<a href=\"https:\/\/www.youronlinechoices.com\/es\/cinco-consejos-clave\/\">s\u00edmbolo o icono<\/a>\u00a0(conocido como el \u00abicono AdChoices\u00bb) que aparece en los anuncios en sitios web y aplicaciones para ofrecer dicha informaci\u00f3n y control. Puede encontrar m\u00e1s informaci\u00f3n sobre este icono en nuestros\u00a0<a href=\"https:\/\/www.youronlinechoices.com\/es\/cinco-consejos-clave\/\">cinco consejos clave<\/a>.<\/span><\/p>\n<p><span>\u00a0<\/span><\/p>\n<h2><a name=\"11\"><\/a>11. <strong><span>\u00bfC\u00f3mo puedo saber que las empresas que los han suscrito est\u00e1n cumpliendo dichos principios?<\/span><\/strong><\/h2>\n<p><span>\u00a0<\/span><\/p>\n<p><span>Las empresas que han firmado las buenas pr\u00e1cticas de la UE tienen que someterse a un proceso de verificaci\u00f3n independiente para demostrar que se ajustan totalmente a estas. Para demostrarlo, se les concede a las empresas un \u2018sello de confianza\u2019. Puede consultar las empresas que lo han logrado\u00a0<a href=\"https:\/\/www.edaa.eu\/participating-companies\/\" target=\"_blank\" rel=\"noopener noreferrer\">aqu\u00ed<\/a>. El siguiente sello se indica igualmente junto al nombre de la empresa en la plataforma de preferencia.<\/span><\/p>\n<p><span>\u00a0<\/span><\/p>\n<h2><a name=\"12\"><\/a>12. <strong><span>\u00bfDichas buenas pr\u00e1cticas de la UE abarcan los dispositivos m\u00f3viles y tabletas?<\/span><\/strong><\/h2>\n<p><span>\u00a0<\/span><\/p>\n<p><span>Puede que vea el icono AdChoices cuando utilice dispositivos m\u00f3viles o tabletas. En efecto, las buenas pr\u00e1cticas de la UE se aplican plenamente a los dispositivos m\u00f3viles y tabletas y se han adaptado a las diferentes tecnolog\u00edas de publicaci\u00f3n de anuncios para garantizar que usted disfrute de niveles similares de transparencia y control y la capacidad de gestionar sus preferencias de publicidad en l\u00ednea y su experiencia. <\/span><\/p>\n<p><span>\u00a0<\/span><\/p>\n<h2><a name=\"13\"><\/a>13. <strong><span>\u00bfSe descargar\u00e1 alg\u00fan software en mi ordenador?<\/span><\/strong><\/h2>\n<p><span>No. La publicidad basada en intereses no necesita que descargue ning\u00fan software y tampoco afectar\u00e1 significativamente a su velocidad de Internet o conexi\u00f3n.<\/span><\/p>\n<h2><a name=\"14\"><\/a>14. <strong><span>\u00bfQu\u00e9 es una <em>cookie<\/em> y c\u00f3mo se usa?<\/span><\/strong><\/h2>\n<p><span>\u00a0<\/span><\/p>\n<p><span>Una\u00a0<a href=\"https:\/\/www.youronlinechoices.com\/es\/glosario\/\"><em>cookie<\/em><\/a>\u00a0es un peque\u00f1o fichero de letras y cifras que se descarga en su ordenador cuando usted accede a determinados sitios web. Las <em>cookies<\/em> permiten a una web reconocer las preferencias de un usuario cuando este regresa a una web. <\/span><\/p>\n<p><span>\u00a0<\/span><\/p>\n<p><span>Las <em>cookies<\/em> se guardan en la memoria de su navegador y cada una contiene habitualmente:<\/span><\/p>\n<p><span>\u2013 el nombre del servidor desde el cual fue enviada;<\/span><\/p>\n<p><span>\u2013 informaci\u00f3n sobre su tiempo de vida \u00fatil;<\/span><\/p>\n<p><span>\u2013 un valor, que suele ser, para fines de publicidad basada en los datos, un n\u00famero \u00fanico generado de forma aleatoria.<\/span><\/p>\n<p><span>\u00a0<\/span><\/p>\n<p><span>El servidor del sitio web que env\u00eda la <em>cookie<\/em> usa este n\u00famero para reconocer su navegador cuando regresa a una web o busca p\u00e1gina por p\u00e1gina. Solo el servidor que envi\u00f3 la <em>cookie<\/em> puede leerla y, por consiguiente, utilizarla. Las cookies son esenciales \u2014algunas incluso necesarias\u2014 para la personalizaci\u00f3n de Internet y la publicidad basada en intereses suele funcionar usando cookies. Por favor tenga en cuenta que las <em>cookies<\/em> se utilizan tambi\u00e9n con otros fines, no solo para la publicidad.<\/span><\/p>\n<p><span>Internet es una plataforma r\u00e1pida de innovaci\u00f3n y las <em>cookies<\/em> pueden no ser la \u00fanica tecnolog\u00eda empleada para la recopilaci\u00f3n y uso de datos que pueda informar de las pr\u00e1cticas publicitarias. Por ejemplo, se pueden utilizar m\u00e9todos alternativos, como, por ejemplo, la huella digital de dispositivos o navegadores; puede encontrar una explicaci\u00f3n de estos m\u00e9todos en nuestro glosario. <\/span><\/p>\n<p><span>\u00a0<\/span><\/p>\n<h2><a name=\"15\"><\/a>15. <strong><span>\u00bfPuedo desactivar una <em>cookie<\/em>?<\/span><\/strong><\/h2>\n<p><span>\u00a0<\/span><\/p>\n<p><span>S\u00ed. Algunos navegadores le permitir\u00e1n bloquear <a href=\"https:\/\/www.youronlinechoices.com\/es\/glosario\/\"><em>cookies<\/em> de terceros<\/a> (son las <em>cookies<\/em> instaladas en su navegador por un tercero, por ejemplo, una\u00a0<a href=\"https:\/\/www.youronlinechoices.com\/es\/glosario\/\">red publicitaria<\/a>, que no es la propietaria de esa web espec\u00edfica) o bloquear solo las <em>cookies<\/em> que no cumplen sus preferencias de privacidad.<\/span><\/p>\n<p><span>\u00a0<\/span><\/p>\n<p><span>Usted puede optar por desactivar todas las <em>cookies<\/em> (excepto las <em>cookies<\/em> necesarias de origen que no pueden desactivarse), pero esto podr\u00eda afectar significativamente a su experiencia de navegaci\u00f3n por la web si usa servicios que dependen de <em>cookies<\/em>.\u00a0Consulte nuestros\u00a0<a href=\"https:\/\/www.youronlinechoices.com\/es\/cinco-consejos-clave\/\">cinco consejos clave<\/a>\u00a0para obtener m\u00e1s informaci\u00f3n sobre la gesti\u00f3n de los ajustes de privacidad de su navegador web.<\/span><\/p>\n<p><span>\u00a0<\/span><\/p>\n<h2><a name=\"16\"><\/a>16. <strong><span>\u00bfTendr\u00e9 que darme de baja voluntariamente si uso otro PC en el trabajo?<\/span><\/strong><\/h2>\n<p><span>\u00a0<\/span><\/p>\n<p><span>S\u00ed. Si opta por darse de baja voluntariamente de la publicidad basada en intereses de una empresa espec\u00edfica, solo se aplicar\u00e1 a la recopilaci\u00f3n de datos de esa empresa espec\u00edfica y al navegador web en el ordenador o el dispositivo que est\u00e9 usando. Por consiguiente, tambi\u00e9n afectar\u00e1 a otros usuarios de ese navegador web. Deber\u00e1 seguir el mismo procedimiento en cada ordenador que use o en cada navegador web que use (por ejemplo, Internet Explorer, Google Chrome, Mozilla Firefox o Safari) para rechazar la publicidad basada en intereses de ese proveedor espec\u00edfico. Para obtener m\u00e1s informaci\u00f3n sobre la baja voluntaria, consulte nuestra\u00a0<a href=\"https:\/\/www.youronlinechoices.com\/es\/ayuda-para-la-baja-voluntaria\/\">p\u00e1gina de ayuda para la baja voluntaria<\/a><em>.<\/em><\/span><\/p>\n<p><span>\u00a0<\/span><\/p>\n<h2><a name=\"17\"><\/a>17. <strong><span>Si he configurado mi navegador web para suprimir autom\u00e1ticamente las <em>cookies<\/em>, \u00bfcuando lo cierre (o si lo hago manualmente) afectar\u00e1 al rendimiento de la p\u00e1gina de baja voluntaria?<\/span><\/strong><\/h2>\n<p><span>\u00a0<\/span><\/p>\n<p><span>S\u00ed. La p\u00e1gina de baja voluntaria funciona actualmente para cada empresa enumerada instalando una <em>cookie<\/em> de baja voluntaria que indica efectivamente \u2018no ofrecer publicidad basada en intereses\u2019. Si suprime <em>cookies<\/em> a nivel del navegador web necesitar\u00e1 volver a visitar la p\u00e1gina para establecer sus preferencias. Estamos trabajando en una soluci\u00f3n para hacer que esto sea m\u00e1s eficiente y garantizar que sus preferencias sean permanentes. Por favor tenga en cuenta que la gesti\u00f3n de las <em>cookies<\/em> a nivel del navegador web tambi\u00e9n le proporciona una manera de indicar sus preferencias de privacidad en l\u00ednea.<\/span><\/p>\n<p><span>\u00a0<\/span><\/p>\n<h2><a name=\"18\"><\/a>18. <strong><span>Si tengo instalado en mi ordenador software de privacidad o bloqueo de anuncios, \u00bfafectar\u00e1 al rendimiento de la p\u00e1gina de baja voluntaria?<\/span><\/strong><\/h2>\n<p><span>\u00a0<\/span><\/p>\n<p><span>Puede afectar aunque el propio software pueda proporcionarle un mayor nivel de privacidad.\u00a0<\/span><\/p>\n<p><span>\u00a0<\/span><\/p>\n<h2><a name=\"19\"><\/a>19. <strong><span>\u00bfSi rechazo la publicidad basada en intereses esto evitar\u00e1 que reciba spam, pop-ups o correo basura?<\/span><\/strong><\/h2>\n<p><span>\u00a0<\/span><\/p>\n<p><span>No. Si rechaza la publicidad basada en intereses eso solo significa que ya no recibir\u00e1 anuncios gr\u00e1ficos personalizados de esa manera. No afecta o proh\u00edbe ning\u00fan otro tipo particular de publicidad, por ejemplo, publicidad contextual, aleatoria, correos electr\u00f3nicos o pop-ups.<\/span><\/p>\n<p><span>\u00a0<\/span><\/p>\n<h2><a name=\"20\"><\/a>20. <strong><span>\u00bfD\u00f3nde puedo obtener m\u00e1s informaci\u00f3n?<\/span><\/strong><\/h2>\n<p><span>En este sitio web hemos desarrollado contenido y materiales para mantenerle informado sobre las t\u00e9cnicas y pr\u00e1cticas de publicidad en Internet y c\u00f3mo gestionar su experiencia en l\u00ednea. Por ejemplo, puede leer nuestros\u00a0<a href=\"https:\/\/www.youronlinechoices.com\/es\/cinco-consejos-clave\/\">cinco consejos clave<\/a>. Ocasionalmente, tambi\u00e9n podremos desarrollar campa\u00f1as de concienciaci\u00f3n y otras actividades, incluidas iniciativas de investigaci\u00f3n y educativas, para ayudar a los ciudadanos europeos a comprender el ecosistema de publicidad digital basada en datos. <\/span><\/p>\n<p><span>\u00a0<\/span><\/p>\n<h2><a name=\"21\"><\/a>21. <strong><span>Quiero presentar una reclamaci\u00f3n formal respecto al uso de la publicidad basada en intereses. \u00bfC\u00f3mo he de proceder?<\/span><\/strong><\/h2>\n<p><span>Consulte\u00a0<a href=\"https:\/\/www.youronlinechoices.com\/es\/presentar-una-reclamacion\/\">nuestra p\u00e1gina de reclamaciones<\/a>. Cuando ha sido posible, nos hemos asociado con organismos nacionales de deontolog\u00eda publicitaria para aportar una experiencia \u00fatil en caso de que quiera presentar una reclamaci\u00f3n sobre cualquier asunto relacionado con la publicidad basada en intereses (por ejemplo, si cree que una empresa no ha implementado sus preferencias). <\/span><\/p>\n<p><span>Si no desea presentar una reclamaci\u00f3n pero desea comunicar cualquier comentario o sugerencia, no dude en envi\u00e1rnoslos mediante nuestro <a href=\"https:\/\/www.youronlinechoices.com\/es\/contacto\/\">formulario de contacto<\/a>. <\/span><\/p>\n<p><span>Adem\u00e1s, tambi\u00e9n tiene la posibilidad de presentar una reclamaci\u00f3n a su autoridad nacional competente en materia de protecci\u00f3n de datos (APD). Puede encontrar los datos de contacto de la APD nacional de su pa\u00eds en nuestra <a href=\"https:\/\/www.youronlinechoices.com\/es\/politica-de-privacidad-y-cookies\/\">pol\u00edtica de privacidad<\/a>. <\/span><\/p>\n","protected":false},"excerpt":{"rendered":"<p>A continuaci\u00f3n le ofrecemos una lista de preguntas frecuentes para ayudarle a entender la publicidad basada en intereses. 1. \u00bfQu\u00e9 es la publicidad basada en intereses? 2. \u00bfC\u00f3mo funciona la publicidad basada en intereses? 3. \u00bfQu\u00e9 datos se usan? 4. \u00bfQu\u00e9 ventajas ofrece? 5. \u00bfNo supone un peligro para mi privacidad? 6. \u00bfQu\u00e9 puedo hacer [&hellip;]<\/p>\n","protected":false},"author":3,"featured_media":0,"parent":0,"menu_order":4,"comment_status":"closed","ping_status":"closed","template":"","meta":[],"_links":{"self":[{"href":"https:\/\/www.youronlinechoices.com\/es\/wp-json\/wp\/v2\/pages\/12"}],"collection":[{"href":"https:\/\/www.youronlinechoices.com\/es\/wp-json\/wp\/v2\/pages"}],"about":[{"href":"https:\/\/www.youronlinechoices.com\/es\/wp-json\/wp\/v2\/types\/page"}],"author":[{"embeddable":true,"href":"https:\/\/www.youronlinechoices.com\/es\/wp-json\/wp\/v2\/users\/3"}],"replies":[{"embeddable":true,"href":"https:\/\/www.youronlinechoices.com\/es\/wp-json\/wp\/v2\/comments?post=12"}],"version-history":[{"count":20,"href":"https:\/\/www.youronlinechoices.com\/es\/wp-json\/wp\/v2\/pages\/12\/revisions"}],"predecessor-version":[{"id":379,"href":"https:\/\/www.youronlinechoices.com\/es\/wp-json\/wp\/v2\/pages\/12\/revisions\/379"}],"wp:attachment":[{"href":"https:\/\/www.youronlinechoices.com\/es\/wp-json\/wp\/v2\/media?parent=12"}],"curies":[{"name":"wp","href":"https:\/\/api.w.org\/{rel}","templated":true}]}}