{"id":7,"date":"2010-11-30T11:49:08","date_gmt":"2010-11-30T11:49:08","guid":{"rendered":"https:\/\/www.youronlinechoices.com\/den\/?page_id=7"},"modified":"2019-01-30T20:54:53","modified_gmt":"2019-01-30T20:54:53","slug":"om-adfaerdsbaseretannoncering","status":"publish","type":"page","link":"https:\/\/www.youronlinechoices.com\/den\/om-adfaerdsbaseretannoncering","title":{"rendered":"Om"},"content":{"rendered":"<p>Vi ved, at nogle mennesker har st\u00f8rre forst\u00e5else for adf\u00e6rdsbaseret annoncering end andre. Denne hjemmeside er udarbejdet i h\u00e5bet om, at \u00f8ge forst\u00e5elsen for begrebet for alle.<br \/>\n<!-- br--><br \/>\nAdf\u00e6rdsbetinget reklame er en aktivitet med udgangspunkt i den internets\u00f8gning, der foreg\u00e5r, og den giver mulighed for, at der reklameres for bestemte produkter hos de brugere, der er interesserede i disse produkter. Denne aktivitet er sikker og gennemskuelig, og den formidler indsigt til dig som forbruger.<br \/>\n<!-- br--><br \/>\nDenne hjemmeside vil b\u00e5de give dig en indg\u00e5ende forklaring af dine valg p\u00e5 internettet, og den vil ogs\u00e5 forklare, hvordan du kan frav\u00e6lge adf\u00e6rdsbaseret annoncering.<br \/>\n<!-- br--><br \/>\n<span style=\"color: #000000; font-size: medium;\"><strong>Hvad er adf\u00e6rdsbaseret annoncering?<\/strong><\/span><br \/>\n<!-- br--><br \/>\nAdf\u00e6rdsbaseret annoncering (ogs\u00e5 kaldet interessebaseret reklame) er at l\u00e6gge reklamer ud p\u00e5 de hjemmesider, du bes\u00f8ger, og g\u00f8re dem mere relevante for dig og dine interesser. P\u00e5 baggrund af brugernes tidligere internets\u00f8gningsaktiviteter opdeles de i grupper med interessef\u00e6llesskab, og derefter modtager de reklamer, der passer til deres interesser. P\u00e5 denne m\u00e5de bliver reklamerne s\u00e5 relevante og nyttige som muligt.<br \/>\n<!-- br--><br \/>\n<span style=\"color: #000000; font-size: medium;\"><strong>Hvordan fungerer det?<\/strong><\/span><br \/>\n<!-- br--><br \/>\nForestil dig, at du planl\u00e6gger at holde ferie i Rom. Du g\u00e5r ind p\u00e5 en hjemmesides afsnit om Rom, og l\u00e6ser et par artikler om, hvor du vil bo, og hvad du skal se. Senere g\u00e5r du p\u00e5 nettet igen, og mens du l\u00e6ser om dit yndlingsfodboldhold, ser du en reklame for en middag i Rom til halv pris eller et tilbud p\u00e5 rabat billeje i Rom. Disse skr\u00e6ddersyede reklamer modtager du, fordi du og andre som dig, har vist interesse for Rom. Dette giver dig st\u00f8rre udbytte af din erfaring med nettet, du benytter en teknologi, der kun findes p\u00e5 nettet \u2013 og du modtager f\u00e6rre reklamer, som ikke interesserer dig.<a href=\"https:\/\/www.youronlinechoices.com\/den\/helpful-information\">Klik her for at frav\u00e6lge adf\u00e6rdsbaseret annoncering.<\/a><\/p>\n<p style=\"text-align: center;\"><img loading=\"lazy\" class=\"size-full wp-image-172 aligncenter\" title=\"what is behavioural advertising\" src=\"https:\/\/www.youronlinechoices.com\/den\/wp-content\/uploads\/2011\/07\/Hvad-er-adf\u00e6rdsbaseret-anno.gif\" alt=\"Hvad er adf\u00e6rdsbaseret annoncering?\" width=\"397\" height=\"494\" \/><\/p>\n<p>Denne form for m\u00e5lrettet reklame tager udgangspunkt i tidligere nets\u00f8gningsaktivitet, derfor kaldes det almindeligvis for adf\u00e6rdsbaseret annoncering p\u00e5 internettet. Da det er baseret p\u00e5 tidligere nets\u00f8gning, er adf\u00e6rdsbaseret annoncering forskellig fra andre former for reklamer p\u00e5 internettet som for eksempel kontekstuel annoncering. Kontekstuel reklame baseres p\u00e5 den hjemmeside, du er inde p\u00e5 i et givet \u00f8jeblik.<br \/>\n<!-- br--><br \/>\n<span style=\"color: #000000; font-size: medium;\"><strong>Hvordan beskyttes mine personlige oplysninger?<\/strong><\/span><br \/>\n<!-- br--><br \/>\nAlle udbydere af adf\u00e6rdsbaseret annoncering skal overholde EU-reglerne og i Danmark skal man desuden overholde dansk lovgivning. Som hovedregel benyttes ingen personoplysninger ved m\u00e5lrettet reklame, idet den ikke identificerer brugeren &#8211; dig &#8211; i den virkelige verden. Data vedr\u00f8rende din internets\u00f8gningsaktivitet indsamles og analyseres anonymt. Hvis denne analyse giver anledning til s\u00e6rlig interesse, vil en cookie \u2013 en lille datafil, som mange hjemmesider bruger til at lagre nyttig information, der forbedrer dit brug af internettet \u2013 blive anbragt i din computer, og denne cookie (ikke dine internets\u00f8gningsdata) bestemmer s\u00e5 hvilke reklamer du modtager. Bruges der personhenf\u00f8rbare data (for eksempel registreringsdata), skal den p\u00e5g\u00e6ldende bruger v\u00e6re blevet informeret om det gennem hjemmesidens beskyttelse af personlige oplysninger i forbindelse med registrering af en bestemt ydelse. Man kan altid v\u00e6lge, om man \u00f8nsker at modtage mere relevante reklamer eller ej, og der kr\u00e6ves tilladelse til brug af personhenf\u00f8rbare oplysninger.<br \/>\n<!-- br--><br \/>\nDu kan kontrollere hvilke cookies du vil acceptere eller afvise. Virksomheden, der indsamler og bruger oplysningerne, tilbyder dig ogs\u00e5 at afvise adf\u00e6rdsbaserede reklamer. Klik her for at frav\u00e6lge adf\u00e6rdsbaseret annoncering. <a href=\"https:\/\/www.youronlinechoices.com\/den\/opt-out\">Klik her for at frav\u00e6lge adf\u00e6rdsbaseret annoncering.<\/a>.<br \/>\n<!-- br--><br \/>\n<span style=\"color: #000000; font-size: medium;\"><strong>Hvis jeg har andre sp\u00f8rgsm\u00e5l? Et par nyttige henvisninger:<\/strong><\/span><br \/>\n<!-- br--><\/p>\n<ul>\n<li><a href=\"https:\/\/www.youronlinechoices.com\/den\/faqs\">Vores ofte stillede sp\u00f8rgsm\u00e5l &#8211; OSS &#8211; skulle gerne kunne bidrage med svar p\u00e5 andre sp\u00f8rgsm\u00e5l.<\/a>.<\/li>\n<li><a href=\"https:\/\/www.youronlinechoices.com\/den\/five-top-tips\">Vi foresl\u00e5r ogs\u00e5 fem gode tips til hj\u00e6lp til forst\u00e5else og beskyttelse af personlige data p\u00e5 nettet.<\/a><\/li>\n<\/ul>\n","protected":false},"excerpt":{"rendered":"<p>Vi ved, at nogle mennesker har st\u00f8rre forst\u00e5else for adf\u00e6rdsbaseret annoncering end andre. Denne hjemmeside er udarbejdet i h\u00e5bet om, at \u00f8ge forst\u00e5elsen for begrebet for alle. Adf\u00e6rdsbetinget reklame er en aktivitet med udgangspunkt i den internets\u00f8gning, der foreg\u00e5r, og den giver mulighed for, at der reklameres for bestemte produkter hos de brugere, der er [&hellip;]<\/p>\n","protected":false},"author":2,"featured_media":0,"parent":0,"menu_order":2,"comment_status":"closed","ping_status":"closed","template":"","meta":[],"_links":{"self":[{"href":"https:\/\/www.youronlinechoices.com\/den\/wp-json\/wp\/v2\/pages\/7"}],"collection":[{"href":"https:\/\/www.youronlinechoices.com\/den\/wp-json\/wp\/v2\/pages"}],"about":[{"href":"https:\/\/www.youronlinechoices.com\/den\/wp-json\/wp\/v2\/types\/page"}],"author":[{"embeddable":true,"href":"https:\/\/www.youronlinechoices.com\/den\/wp-json\/wp\/v2\/users\/2"}],"replies":[{"embeddable":true,"href":"https:\/\/www.youronlinechoices.com\/den\/wp-json\/wp\/v2\/comments?post=7"}],"version-history":[{"count":28,"href":"https:\/\/www.youronlinechoices.com\/den\/wp-json\/wp\/v2\/pages\/7\/revisions"}],"predecessor-version":[{"id":418,"href":"https:\/\/www.youronlinechoices.com\/den\/wp-json\/wp\/v2\/pages\/7\/revisions\/418"}],"wp:attachment":[{"href":"https:\/\/www.youronlinechoices.com\/den\/wp-json\/wp\/v2\/media?parent=7"}],"curies":[{"name":"wp","href":"https:\/\/api.w.org\/{rel}","templated":true}]}}