{"id":357,"date":"2014-10-29T12:44:35","date_gmt":"2014-10-29T12:44:35","guid":{"rendered":"https:\/\/www.youronlinechoices.com\/den\/?page_id=357"},"modified":"2020-02-25T00:47:21","modified_gmt":"2020-02-25T00:47:21","slug":"almindelige-betingelser","status":"publish","type":"page","link":"https:\/\/www.youronlinechoices.com\/den\/almindelige-betingelser","title":{"rendered":"Vilk\u00e5r og betingelser"},"content":{"rendered":"<p><strong><span>Generelle vilk\u00e5r og betingelser<\/span><\/strong><\/p>\n<p><span>\u00a0<\/span><\/p>\n<p><span>Dette er de vilk\u00e5r og betingelser, der er bestemmende for forholdet mellem EDAA og dig, n\u00e5r du bruger webstedet YourOnlineChoices eller accepterer pr\u00e6ferencecookien for YourOnlineChoices.<\/span><\/p>\n<p><span>\u00a0<\/span><\/p>\n<p><span>EDAA er en almennyttig forening (AiSBL), der er hjemh\u00f8rende i Bruxelles og har firmaregistreringsnummer BE 0846.790.105. Vores vedt\u00e6gtsm\u00e6ssige hjemsted er Rue des Deux Eglises 26 | 1000 Bruxelles.<\/span><\/p>\n<p><span>\u00a0<\/span><\/p>\n<p><span>YourOnlineChoices-webstedet er tilg\u00e6ngeligt p\u00e5 <a href=\"https:\/\/www.youronlinechoices.eu\/\">www.youronlinechoices.eu<\/a>, <a href=\"https:\/\/www.youronlinechoices.com\">https:\/\/www.youronlinechoices.com<\/a>, <a href=\"https:\/\/www.youronlinechoices.eu\/uk\">www.youronlinechoices.eu\/uk\/<\/a> and <a href=\"https:\/\/www.youronlinechoices.com\/uk\/\">www.youronlinechoices.com\/uk\/<\/a>. Du kan bes\u00f8ge YourOnlineChoices-webstedet direkte via et link fra en tredjeparts websted eller via OBA-ikonet.\u00a0 OBA-ikonet ser s\u00e5dan ud <a href=\"https:\/\/www.youronlinechoices.com\/de\/beschwerde\/378-revision-3\/\" rel=\"attachment wp-att-382\"><img loading=\"lazy\" class=\"alignnone size-thumbnail wp-image-382\" title=\"OBA-icon\" src=\"https:\/\/www.youronlinechoices.com\/ie\/wp-content\/uploads\/2013\/06\/OBA-icon-150x150.jpg\" alt=\"\" width=\"42\" height=\"42\" \/><\/a>, og du vil tit se det i eller omkring de reklamer, som du ser p\u00e5 websteder.<\/span><\/p>\n<p><span>\u00a0<\/span><\/p>\n<p><span>I disse vilk\u00e5r betyder &#8220;vi&#8221; eller &#8220;os&#8221; eller &#8220;vores&#8221; os, EDAA; og &#8220;dig&#8221; og &#8220;din&#8221; betyder dig og enhver anden person, der tager adgang til YourOnlineChoices-webstedet eller tr\u00e6ffer et valg vedr\u00f8rende adf\u00e6rdsbaseret onlineannoncering via brugervalgsplatformen p\u00e5 YourOnlineChoices gennem din browser eller enhed, eller (for virksomheders vedkommende) accepterer en pr\u00e6ferencecookie, n\u00e5r en bes\u00f8gende tr\u00e6ffer et valg.<\/span><\/p>\n<p><span>\u00a0<\/span><\/p>\n<p><span>Du b\u00f8r ogs\u00e5 gennemg\u00e5 vores politik vedr\u00f8rende beskyttelse af personoplysninger <a href=\"https:\/\/www.youronlinechoices.com\/uk\/protecting-your-privacy\">https:\/\/www.youronlinechoices.com\/uk\/protecting-your-privacy<\/a>, der g\u00e6lder i forbindelse med disse generelle vilk\u00e5r og betingelser.<\/span><\/p>\n<p><span>\u00a0<\/span><\/p>\n<p><strong><span>Dine YourOnlineChoices-pr\u00e6ferencer<\/span><\/strong><\/p>\n<p><span>\u00a0<\/span><\/p>\n<p><span>En n\u00f8glefunktion p\u00e5 YourOnlineChoices-webstedet er at give deltagende virksomheder dine pr\u00e6ferencer i relation til adf\u00e6rdsbaseret onlineannoncering. Vi anerkender dine pr\u00e6ferencer og videresender dem til reklamenetv\u00e6rkene og andre deltagende virksomheder, der som medlemmer er anf\u00f8rt p\u00e5 YourOnlineChoices-platformens hjemmeside <a href=\"https:\/\/www.youronlinechoices.com\/uk\/your-ad-choices\">https:\/\/www.youronlinechoices.com\/uk\/your-ad-choices<\/a>.<\/span><\/p>\n<p><span>\u00a0<\/span><\/p>\n<p><span>For at kunne bruge YourOnlineChoices-webstedet skal alle deltagende virksomheder l\u00e6gge en cookie i din webbrowser, pr\u00e6ferencecookien, s\u00e5 vi kan huske dine valg. Oplysninger om cookies findes p\u00e5 vores webside om beskyttelse af personoplysninger https:\/\/www.youronlinechoices.com\/uk\/protecting-your-privacy. Hvis du anvender YourOnlineChoices-webstedet ved hj\u00e6lp af en anden computer eller webbrowser, eller rydder\/sletter dine cookies, vil vi ikke v\u00e6re i stand til at huske dine pr\u00e6ferencer. S\u00e5 skal du g\u00e5 tilbage til YourOnlineChoices-webstedet for at v\u00e6lge dine pr\u00e6ferencer p\u00e5 ny. YourOnlineChoices-webstedet vil desuden ikke virke rigtigt, hvis din browser er indstillet til at blokere cookies, da dine pr\u00e6ferencer ikke kan gemmes uden brug af pr\u00e6ferencecookien.<\/span><\/p>\n<p><span>\u00a0<\/span><\/p>\n<p><span>Selvom vi vil bestr\u00e6be os mest muligt p\u00e5 at videregive dine pr\u00e6ferencer, der er angivet p\u00e5 YourOnlineChoices-webstedet, til de relevante virksomheder, der er opf\u00f8rt p\u00e5 webstedet p\u00e5 det tidspunkt, hvor dine pr\u00e6ferencer angives, leveres YourOnlineChoices-webstedet &#8220;som det er&#8221; og &#8220;som det er disponibelt&#8221; og vi frems\u00e6tter ingen erkl\u00e6ringer, garantier, betingelser eller andre vilk\u00e5r om, at dine valg virker eller fortsat vil virke. Hvis dine valg viser sig ikke at virke, kan du indgive en klage og s\u00f8ge erstatning p\u00e5 webstedet <a href=\"https:\/\/www.youronlinechoices.com\/uk\/make-a-complaint\">https:\/\/www.youronlinechoices.com\/uk\/make-a-complaint<\/a>.<\/span><\/p>\n<p><span>\u00a0<\/span><\/p>\n<p><strong><span>Dine forpligtelser<\/span><\/strong><\/p>\n<p><span>\u00a0<\/span><\/p>\n<p><span>Din adf\u00e6rd og brug af YourOnlineChoices-webstedet skal v\u00e6re i overensstemmelse med alle g\u00e6ldende love og forskrifter og foreg\u00e5 p\u00e5 en m\u00e5de, der m\u00e5tte forventes af en rimelig, ansvarlig og omhyggelig person.<\/span><\/p>\n<p><span>\u00a0<\/span><\/p>\n<p><span>Du m\u00e5 ikke bruge YourOnlineChoices-webstedet eller lade YourOnlineChoices-webstedet blive brugt til:<\/span><\/p>\n<p><span>(a)\u00a0\u00a0\u00a0\u00a0\u00a0\u00a0\u00a0\u00a0\u00a0\u00a0 ulovlige aktiviteter eller til at beg\u00e5 kriminelle handlinger og\/eller aktiviteter,<\/span><\/p>\n<p><span>\u00a0<\/span><\/p>\n<p><span>(b)\u00a0\u00a0\u00a0\u00a0\u00a0\u00a0\u00a0\u00a0\u00a0\u00a0 enhver form for kommunikation af ulovlig, upassende, uanst\u00e6ndig, us\u00f8mmelig, injurierende, \u00e6rekr\u00e6nkende, truende, forn\u00e6rmende, u\u00f8nsket eller uopfordret art eller som giver anledning til irritation, bekymring eller un\u00f8dvendig angst eller kr\u00e6nker den offentlige orden og\/eller offentlig anst\u00e6ndighed eller enhver relevant lovgivning vedr\u00f8rende racehad,<\/span><\/p>\n<p><span>\u00a0<\/span><\/p>\n<p><span>(c)\u00a0\u00a0\u00a0\u00a0\u00a0\u00a0\u00a0\u00a0\u00a0\u00a0\u00a0 enhver aktivitet, der m\u00e5tte kr\u00e6nke privatlivets fred eller databeskyttelsesrettigheder for andre kunder\/abonnenter eller tredjeparter og<\/span><\/p>\n<p><span>\u00a0<\/span><\/p>\n<p><span>(d)\u00a0\u00a0\u00a0\u00a0\u00a0\u00a0\u00a0\u00a0\u00a0\u00a0 distribuere vira eller anden malware eller p\u00e5 nogen m\u00e5de forstyrre kommunikation eller datalagring eller p\u00e5 anden m\u00e5de for\u00e5rsage skade eller \u00f8del\u00e6ggelse p\u00e5 YourOnlineChoices-webstedet eller begr\u00e6nse eller forringe YourOnlineChoices-webstedets anvendelse eller kapacitet for andre brugere eller tredjepart, herunder ved at for\u00e5rsage un\u00f8dig overbelastning af webstedet gennem store, uberettigede datatrafikstr\u00f8mme (oversv\u00f8mmelse, spamming osv.).<\/span><\/p>\n<p><span>\u00a0<\/span><\/p>\n<p><span>Du forpligter dig til at overholde de intellektuelle ejendomsrettigheder (herunder, uden begr\u00e6nsning, ophavsret, varem\u00e6rker, patenter, designrettigheder og databaserettigheder), der tilh\u00f8rer os eller vores licensgivere.<\/span><\/p>\n<p><span>\u00a0<\/span><\/p>\n<p><span>Du skal holde os skadesl\u00f8se over for p\u00e5krav om enhver form for ansvar, skader, udgifter, krav eller omkostninger (herunder rimelige retsomkostninger og udgifter), der vurderes at v\u00e6re opst\u00e5et som f\u00f8lge af et brud p\u00e5 forpligtelserne i dette afsnit fra din side.<\/span><\/p>\n<p><span>\u00a0<\/span><\/p>\n<p><span>Hvis du opdager, at YourOnlineChoices-webstedet kr\u00e6nker dine immaterielle rettigheder, ejendomsret eller andre rettigheder, skal du hurtigst muligt underrette os ved hj\u00e6lp af de kontaktoplysninger, der er angivet nedenfor.<\/span><\/p>\n<p><span>\u00a0<\/span><\/p>\n<p><strong><span>Links<\/span><\/strong><\/p>\n<p><span>\u00a0<\/span><\/p>\n<p><span>Nogle links p\u00e5 YourOnlineChoices-webstedet vil g\u00f8re dig i stand til at f\u00e5 forbindelse til websteder, som vi ikke har kontrol over. EDAA stiller udelukkende disse links til r\u00e5dighed som en service. Det, at der forekommer et link, indeb\u00e6rer ikke nogen godkendelse fra EDAA\u2019s side, og EDAA er heller ikke ansvarlig for indholdet p\u00e5 et forbundet websted. Du tager adgang til dem p\u00e5 egen risiko.<\/span><\/p>\n<p><span>\u00a0<\/span><\/p>\n<p><strong><span>Begr\u00e6nsninger og undtagelser fra erstatningspligt<\/span><\/strong><\/p>\n<p><span>\u00a0<\/span><\/p>\n<p><span>EDAA fraskriver sig udtrykkeligt alle supplerende erkl\u00e6ringer, garantier, betingelser eller andre vilk\u00e5r, udtrykkelige eller underforst\u00e5ede ved lov, sikkerhedsstillelse eller p\u00e5 anden vis, herunder men ikke begr\u00e6nset til underforst\u00e5ede garantier og betingelser, herunder betingelser ang\u00e5ende tilfredsstillende kvalitet, egnethed til et bestemt form\u00e5l eller rimelig omhu og form\u00e5en.<\/span><\/p>\n<p><span>\u00a0<\/span><\/p>\n<p><span>Bortset fra hvad der er angivet nedenfor, fraskriver EDAA sig ethvert ansvar, herunder for kontrakt, erstatning (herunder, uden begr\u00e6nsning, uagtsomhed), lovm\u00e6ssig pligt, forudg\u00e5ende kontrakt eller andre erkl\u00e6ringer (bortset fra svigagtigt vildledende oplysninger) eller andet, der m\u00e5tte v\u00e6re opst\u00e5et fra eller i forbindelse med YourOnlineChoices-webstedet og disse vilk\u00e5r og betingelser for: (a) f\u00f8lgeskader, indirekte eller s\u00e6rlige tab eller skade (b) ethvert tab af goodwill eller omd\u00f8mme eller (c) \u00f8konomiske tab (herunder tab af indt\u00e6gter, overskud, kontrakter, forretning eller forventet opsparing), i hvert tilf\u00e6lde uanset om der foreligger oplysning om muligheden for s\u00e5dant tab eller skade, og uanset hvordan det m\u00e5tte v\u00e6re opst\u00e5et.<\/span><\/p>\n<p><span>\u00a0<\/span><\/p>\n<p><span>Medmindre andet er angivet nedenfor, er EDAAs maksimale ansvar for kontrakt, erstatning (herunder uden begr\u00e6nsning, uagtsomhed), lovpligtig told, forudg\u00e5ende kontrakt eller andre erkl\u00e6ringer (bortset fra svigagtigt vildledende oplysninger) eller p\u00e5 anden m\u00e5de opst\u00e5et ud fra eller i forbindelse med denne aftale og dens enkelte dele, herunder dens gennemf\u00f8relse og resultater, skal for en eller flere begivenheder eller r\u00e6kke af begivenheder (uanset om de er tilknyttet eller ej), der finder sted inden for en periode af tolv m\u00e5neder, v\u00e6re begr\u00e6nset til 5 euro.<\/span><\/p>\n<p><span>\u00a0<\/span><\/p>\n<p><span>Intet i denne aftale udelukker eller begr\u00e6nser erstatningsansvar for d\u00f8d eller personskade, der skyldes uagtsomhed fra en af parternes eller deres agenters eller ansattes side i forbindelse med ud\u00f8velsen af deres pligter, eller udelukker eller begr\u00e6nser ethvert ansvar for en part, der ikke kan udelukkes i henhold til g\u00e6ldende lov.<\/span><\/p>\n<p><span>\u00a0<\/span><\/p>\n<p><strong><span>Generelle vilk\u00e5r<\/span><\/strong><\/p>\n<p><span>\u00a0<\/span><\/p>\n<p><em><strong><span>Force majeure: <\/span><\/strong><\/em><span>En force majeure-begivenhed er enhver begivenhed, som vi ikke med rimelighed kan forventes at have kontrol over. Hvis en force majeure-begivenhed giver anledning til et svigt eller en forsinkelse i vores udf\u00f8relse af vores forpligtelser i henhold til disse vilk\u00e5r og betingelser, vil disse forpligtelser v\u00e6re suspenderet under hele force majeure-begivenhedens varighed.<\/span><\/p>\n<p><span>\u00a0<\/span><\/p>\n<p><em><strong><span>Tildeling og underentreprise: <\/span><\/strong><\/em><span>Du m\u00e5 ikke tildele, overf\u00f8re, p\u00e5l\u00e6gge eller licensere alle eller dele af dine rettigheder og\/eller forpligtelser i henhold til disse vilk\u00e5r og betingelser til nogen anden part.<\/span><\/p>\n<p><span>\u00a0<\/span><\/p>\n<p><em><strong><span>Forhold:<\/span><\/strong><\/em><span> Intet i disse vilk\u00e5r og betingelser anses for at oprette et partnerskab eller joint venture eller en ans\u00e6ttelseskontrakt af nogen art mellem dig og os, og de skal heller ikke anses for at tildele nogen myndighed, der ikke udtrykkeligt er beskrevet i vilk\u00e5rene og betingelserne, eller oprette et agentur mellem dig og os.<\/span><\/p>\n<p><span>\u00a0<\/span><\/p>\n<p><em><strong><span>Hele aftalen: <\/span><\/strong><\/em><span>Du bekr\u00e6fter, at disse vilk\u00e5r og betingelser udg\u00f8r hele aftalen og forst\u00e5elsen med os, og at den erstatter alle tidligere aftaler, ordninger og forst\u00e5elser mellem dig og os vedr\u00f8rende det emne, som vilk\u00e5rene og betingelserne vedr\u00f8rer. Du bekr\u00e6fter, at du ikke har p\u00e5ber\u00e5bt dig nogen udtalelse, erkl\u00e6ring eller forst\u00e5else, der ikke er en udtrykkelig bestemmelse i disse vilk\u00e5r og betingelser, og at du ikke har noget retsmiddel i forbindelse med nogen erkl\u00e6ring, repr\u00e6sentation eller forst\u00e5else, som ikke er en udtrykkelig bestemmelse, medmindre den er fremsat p\u00e5 svigagtig vis.<\/span><\/p>\n<p><span>\u00a0<\/span><\/p>\n<p><em><strong><span>Dispensation:<\/span><\/strong><\/em><span> Ingen svigt eller forsinkelse af nogen parts ud\u00f8velse af nogen ret, myndighed eller retsmiddel under disse vilk\u00e5r og betingelser vil udg\u00f8re et afkald p\u00e5 denne eller nogen anden ret, myndighed eller retsmiddel, og ingen enkeltst\u00e5ende eller delvis ud\u00f8velse fra vores side af nogen ret, myndighed eller retsmiddel udelukker enhver videre ud\u00f8velse af enhver anden ret, myndighed eller retsmiddel fra vores side.<\/span><\/p>\n<p><span>\u00a0<\/span><\/p>\n<p><em><strong><span>Oph\u00e6velse:<\/span><\/strong><\/em><span> I det omfangen domstol eller kompetent myndighed finder, at en vilk\u00e5rlig bestemmelse i disse vilk\u00e5r og betingelser er ugyldig, ulovlig eller ikke kan h\u00e5ndh\u00e6ves af en jurisdiktion eller kompetente myndigheder, betragtes denne bestemmelse ikke som en del af disse vilk\u00e5r og betingelser, og den p\u00e5virker ikke gyldigheden, lovligheden eller h\u00e5ndh\u00e6velsen af resten af disse vilk\u00e5r og betingelser, og den p\u00e5virker heller ikke gyldigheden, lovligheden eller h\u00e5ndh\u00e6velsen af denne bestemmelse i nogen anden jurisdiktion.<\/span><\/p>\n<p><span>\u00a0<\/span><\/p>\n<p><em><strong><span>Tidsm\u00e6ssige hensyn:<\/span><\/strong><\/em><span> Tiden skal ikke v\u00e6re af betydning, medmindre det er udtrykkeligt angivet.<\/span><\/p>\n<p><span>\u00a0<\/span><\/p>\n<p><em><strong><span>Tredjeparters rettigheder<\/span><\/strong><\/em><span> Intet i disse vilk\u00e5r og betingelser m\u00e5 skabe eller overdrage nogen rettigheder eller andre fordele, hvad enten det er i henhold til kontraktloven (tredjemands rettigheder) af 1999 eller p\u00e5 anden m\u00e5de til fordel for andre personer end de parter, der indg\u00e5r disse vilk\u00e5r og betingelser.<\/span><\/p>\n<p><span>\u00a0<\/span><\/p>\n<p><em><strong><span>Diverse:<\/span><\/strong><\/em><span> Parternes rettigheder og retsmidler i henhold til disse vilk\u00e5r og betingelser er kumulative og supplerer eventuelle rettigheder og retsmidler, som loven foreskriver. Alle variationer af disse vilk\u00e5r og betingelser skal udf\u00e6rdiges p\u00e5 skrift og accepteres af parterne. Disse vilk\u00e5r og betingelser kan udf\u00e6rdiges i genpart og i elektronisk format.<\/span><\/p>\n<p><span>\u00a0<\/span><\/p>\n<p><em><strong><span>G\u00e6ldende lov:<\/span><\/strong><\/em><span> Disse vilk\u00e5r og betingelser skal fortolkes i overensstemmelse med belgisk lovgivning, og begge parter underkaster sig hermed uigenkaldeligt den ikke-eksklusive kompetence, som ud\u00f8ves af domstolene i Bruxelles.<\/span><\/p>\n<p><span>\u00a0<\/span><\/p>\n<p><strong><span>Endelige bestemmelser<\/span><\/strong><\/p>\n<p><span>\u00a0<\/span><\/p>\n<p><strong><span>Vores klagepolitik<\/span><\/strong><\/p>\n<p><span>\u00a0<\/span><\/p>\n<p><span>Vi vil hurtigst muligt l\u00f8se eventuelle problemer, der er rapporteret til os, og som vi er i stand til at afhj\u00e6lpe. Hvis du ikke er tilfreds med svaret eller den fremlagte l\u00f8sning, skal du kontakte os p\u00e5 nedenst\u00e5ende adresse.<\/span><\/p>\n<p><span>\u00a0<\/span><\/p>\n<p><strong><span>Kontakt os<\/span><\/strong><\/p>\n<p><span>\u00a0<\/span><\/p>\n<p><span>Hvis du har brug for yderligere oplysninger eller har sp\u00f8rgsm\u00e5l om disse betingelser, bedes du kontakte EDAA via e-mail p\u00e5: privacy [at] edaa.eu<\/span><\/p>\n<p><span>\u00a0<\/span><\/p>\n<p><span>Vi er European Interactive Digital Advertising Alliance (EDAA)<br \/>\nVores vedt\u00e6gtsm\u00e6ssige hjemsted er Rue des Deux Eglises 26 | 1000 Bruxelles<br \/>\nVores firmaregistreringsnummer er BE 0846.790.105<\/span><\/p>\n<p><span>\u00a0<\/span><\/p>\n<p><span>Vores momsnummer er BE 0846.790.105<\/span><\/p>\n<p>&nbsp;<\/p>\n","protected":false},"excerpt":{"rendered":"<p>Generelle vilk\u00e5r og betingelser \u00a0 Dette er de vilk\u00e5r og betingelser, der er bestemmende for forholdet mellem EDAA og dig, n\u00e5r du bruger webstedet YourOnlineChoices eller accepterer pr\u00e6ferencecookien for YourOnlineChoices. \u00a0 EDAA er en almennyttig forening (AiSBL), der er hjemh\u00f8rende i Bruxelles og har firmaregistreringsnummer BE 0846.790.105. Vores vedt\u00e6gtsm\u00e6ssige hjemsted er Rue des Deux Eglises [&hellip;]<\/p>\n","protected":false},"author":2,"featured_media":0,"parent":0,"menu_order":0,"comment_status":"closed","ping_status":"open","template":"","meta":[],"_links":{"self":[{"href":"https:\/\/www.youronlinechoices.com\/den\/wp-json\/wp\/v2\/pages\/357"}],"collection":[{"href":"https:\/\/www.youronlinechoices.com\/den\/wp-json\/wp\/v2\/pages"}],"about":[{"href":"https:\/\/www.youronlinechoices.com\/den\/wp-json\/wp\/v2\/types\/page"}],"author":[{"embeddable":true,"href":"https:\/\/www.youronlinechoices.com\/den\/wp-json\/wp\/v2\/users\/2"}],"replies":[{"embeddable":true,"href":"https:\/\/www.youronlinechoices.com\/den\/wp-json\/wp\/v2\/comments?post=357"}],"version-history":[{"count":14,"href":"https:\/\/www.youronlinechoices.com\/den\/wp-json\/wp\/v2\/pages\/357\/revisions"}],"predecessor-version":[{"id":437,"href":"https:\/\/www.youronlinechoices.com\/den\/wp-json\/wp\/v2\/pages\/357\/revisions\/437"}],"wp:attachment":[{"href":"https:\/\/www.youronlinechoices.com\/den\/wp-json\/wp\/v2\/media?parent=357"}],"curies":[{"name":"wp","href":"https:\/\/api.w.org\/{rel}","templated":true}]}}