{"id":2,"date":"2010-06-18T20:51:35","date_gmt":"2010-06-18T20:51:35","guid":{"rendered":"https:\/\/www.youronlinechoices.com\/den\/?page_id=2"},"modified":"2014-11-11T14:56:43","modified_gmt":"2014-11-11T14:56:43","slug":"about","status":"publish","type":"page","link":"https:\/\/www.youronlinechoices.com\/den\/","title":{"rendered":"Forside"},"content":{"rendered":"\n<div class=\"homeBlocks mb20\">\n<div class=\"tacenter mt10\">\n<div class=\"iblock cell fleft redbg\">\n\t\t\t\t\t\t\t\t\t<a href=\"https:\/\/www.youronlinechoices.com\/den\/om-adfaerdsbaseretannoncering\" title=\"Om\"><br \/>\n\t\t\t\t\t\t\t\t\t\t<span class=\"icon about\"><\/span><br \/>\n\t\t\t\t\t\t\t\t\t<\/a><br \/>\n\t\t\t\t\t\t\t\t\t<label><a href=\"https:\/\/www.youronlinechoices.com\/den\/om-adfaerdsbaseretannoncering\">Om<\/a><\/label>\n\t\t\t\t\t\t\t\t<\/div>\n<div class=\"iblock cell redbg\">\n\t\t\t\t\t\t\t\t\t<a href=\"https:\/\/www.youronlinechoices.com\/den\/dine-valg\" title=\"Dine valg\"><br \/>\n\t\t\t\t\t\t\t\t\t\t<span class=\"icon adchoices\"><\/span><br \/>\n\t\t\t\t\t\t\t\t\t<\/a><br \/>\n\t\t\t\t\t\t\t\t\t<label><a href=\"https:\/\/www.youronlinechoices.com\/den\/dine-valg\">Dine valg<\/a><\/label>\n\t\t\t\t\t\t\t\t<\/div>\n<div class=\"iblock cell fright redbg\">\n\t\t\t\t\t\t\t\t\t<a href=\"https:\/\/www.youronlinechoices.com\/den\/fem-gode-tips\" title=\"Fem gode tips\"><br \/>\n\t\t\t\t\t\t\t\t\t\t<span class=\"icon toptips\"><\/span><br \/>\n\t\t\t\t\t\t\t\t\t<\/a><br \/>\n\t\t\t\t\t\t\t\t\t<label><a href=\"https:\/\/www.youronlinechoices.com\/den\/fem-gode-tips\">Fem gode tips<\/a><\/label>\n\t\t\t\t\t\t\t\t<\/div>\n<\/p><\/div>\n<div class=\"tacenter mt10\">\n<div class=\"iblock cell fleft\">\n\t\t\t\t\t\t\t\t\t<a href=\"https:\/\/www.youronlinechoices.com\/den\/ofte-stillede-sp%c3%b8rgsmal\" title=\"Ofte stillede sp\u00f8rgsm\u00e5l\"><br \/>\n\t\t\t\t\t\t\t\t\t\t<span class=\"icon faq\"><\/span><br \/>\n\t\t\t\t\t\t\t\t\t<\/a><br \/>\n\t\t\t\t\t\t\t\t\t<label><a href=\"https:\/\/www.youronlinechoices.com\/den\/ofte-stillede-sp%c3%b8rgsmal\">Ofte stillede sp\u00f8rgsm\u00e5l<\/a><\/label>\n\t\t\t\t\t\t\t\t<\/div>\n<div class=\"iblock cell\">\n\t\t\t\t\t\t\t\t\t<a href=\"https:\/\/www.youronlinechoices.com\/den\/ordforklaringer\" title=\"Ordforklaringer\"><br \/>\n\t\t\t\t\t\t\t\t\t\t<span class=\"icon jargon\"><\/span><br \/>\n\t\t\t\t\t\t\t\t\t<\/a><br \/>\n\t\t\t\t\t\t\t\t\t<label><a href=\"https:\/\/www.youronlinechoices.com\/den\/ordforklaringer\">Ordforklaringer<\/a><\/label>\n\t\t\t\t\t\t\t\t<\/div>\n<div class=\"iblock cell fright\">\n\t\t\t\t\t\t\t\t\t<a href=\"https:\/\/www.youronlinechoices.com\/den\/hjaelp\" title=\"Hj\u00e6lp\"><br \/>\n\t\t\t\t\t\t\t\t\t\t<span class=\"icon help\"><\/span><br \/>\n\t\t\t\t\t\t\t\t\t<\/a><br \/>\n\t\t\t\t\t\t\t\t\t<label><a href=\"https:\/\/www.youronlinechoices.com\/den\/hjaelp\">Hj\u00e6lp<\/a><\/label>\n\t\t\t\t\t\t\t\t<\/div>\n<\/p><\/div>\n<div class=\"tacenter mt10\">\n<div class=\"iblock cell fleft\">\n<a href=\"https:\/\/www.youronlinechoices.com\/den\/nyttige-videoer\" title=\"Nyttige videoer\"><span class=\"icon videos\"><\/span><\/a><br \/>\n<label><a href=\"https:\/\/www.youronlinechoices.com\/den\/nyttige-videoer\">Nyttige videoer<\/a><\/label><\/div>\n<div class=\"iblock cell\" style=\"background: none;\"><\/div>\n<div class=\"iblock cell fright\" style=\"background: none;\"><\/div>\n<\/div><\/div>\n","protected":false},"excerpt":{"rendered":"<p>Om Dine valg Fem gode tips Ofte stillede sp\u00f8rgsm\u00e5l Ordforklaringer Hj\u00e6lp Nyttige videoer<\/p>\n","protected":false},"author":2,"featured_media":0,"parent":0,"menu_order":1,"comment_status":"closed","ping_status":"open","template":"","meta":[],"_links":{"self":[{"href":"https:\/\/www.youronlinechoices.com\/den\/wp-json\/wp\/v2\/pages\/2"}],"collection":[{"href":"https:\/\/www.youronlinechoices.com\/den\/wp-json\/wp\/v2\/pages"}],"about":[{"href":"https:\/\/www.youronlinechoices.com\/den\/wp-json\/wp\/v2\/types\/page"}],"author":[{"embeddable":true,"href":"https:\/\/www.youronlinechoices.com\/den\/wp-json\/wp\/v2\/users\/2"}],"replies":[{"embeddable":true,"href":"https:\/\/www.youronlinechoices.com\/den\/wp-json\/wp\/v2\/comments?post=2"}],"version-history":[{"count":39,"href":"https:\/\/www.youronlinechoices.com\/den\/wp-json\/wp\/v2\/pages\/2\/revisions"}],"predecessor-version":[{"id":4,"href":"https:\/\/www.youronlinechoices.com\/den\/wp-json\/wp\/v2\/pages\/2\/revisions\/4"}],"wp:attachment":[{"href":"https:\/\/www.youronlinechoices.com\/den\/wp-json\/wp\/v2\/media?parent=2"}],"curies":[{"name":"wp","href":"https:\/\/api.w.org\/{rel}","templated":true}]}}