{"id":10,"date":"2010-11-30T11:52:58","date_gmt":"2010-11-30T11:52:58","guid":{"rendered":"https:\/\/www.youronlinechoices.com\/den\/?page_id=10"},"modified":"2019-01-30T20:54:28","modified_gmt":"2019-01-30T20:54:28","slug":"ofte-stillede-sporgsmal","status":"publish","type":"page","link":"https:\/\/www.youronlinechoices.com\/den\/ofte-stillede-sporgsmal","title":{"rendered":"Ofte stillede sp\u00f8rgsm\u00e5l"},"content":{"rendered":"<p>Herunder finder du en liste over ofte stillede sp\u00f8rgsm\u00e5l, der kan give en bedre forst\u00e5else for adf\u00e6rdsbaseret annoncering.<br \/>\n<!-- br--><br \/>\n<!-- br--><\/p>\n<ul>\n<li><a href=\"#1\">Hvad er adf\u00e6rdsbaseret annoncering?<\/a><\/li>\n<li><a href=\"#2\">Hvordan fungerer det?<\/a><\/li>\n<li><a href=\"#3\">Hvilke data benyttes?<\/a><\/li>\n<li><a href=\"#4\">Hvad er fordelene?<\/a><\/li>\n<li><a href=\"#5\">Er det ikke en trussel mod mit privatliv?<\/a><\/li>\n<li><a href=\"#6\">Hvad er personhenf\u00f8rbare oplysninger, og vil de blive brugt ved adf\u00e6rdsbaseret annoncering?<\/a><\/li>\n<li><a href=\"#7\">Hvad kan jeg g\u00f8re, hvis jeg ikke \u00f8nsker denne form for annoncering?<\/a><\/li>\n<li><a href=\"#8\">Betyder adf\u00e6rdsbaseret netreklame, at jeg f\u00e5r flere reklamer?<\/a><\/li>\n<li><a href=\"#9\">Bliver mine bes\u00f8g p\u00e5 nettet forstyrret af adf\u00e6rdsbaseret netreklame?<\/a><\/li>\n<li><a href=\"#10\">Bliver der lagt software ind p\u00e5 min computer?<\/a><\/li>\n<p><!-- br--><br \/>\n<!-- br--><\/p>\n<li><a href=\"#11\">Hvad er en cookie og hvordan bruges den?<\/a><\/li>\n<li><a href=\"#12\">Kan jeg deaktivere en cookie?<\/a><\/li>\n<li><a href=\"#13\">Skal jeg foretage fravalg, hvis jeg bruger en anden computer p\u00e5 mit arbejde?<\/a><\/li>\n<li><a href=\"#14\">Hvis jeg blokerer for adf\u00e6rdsbaseret annoncering, undg\u00e5r jeg s\u00e5 ogs\u00e5 spam, pop-up vinduer og u\u00f8nsket e-mails?<\/a><\/li>\n<li><a href=\"#15\">Beh\u00f8ver jeg at foretage mig noget?<\/a><\/li>\n<\/ul>\n<p><!-- br--><br \/>\n<a name=\"1\"><\/a><span style=\"color: #000000; font-size: medium;\"><strong>Hvad er adf\u00e6rdsbaseret annoncering?<\/strong><\/span><br \/>\n<!-- br--><br \/>\n<a href=\"https:\/\/www.youronlinechoices.com\/den\/ordforklaringer\">Adf\u00e6rdsbaseret annoncering<\/a> p\u00e5 internettet er en m\u00e5de at anvende din internets\u00f8gningsaktivitet til at anbringe dig og andre brugere i interessegrupper og sende dig reklamer baseret p\u00e5 disse interesser.<br \/>\n<!-- br--><br \/>\nAdf\u00e6rdsbaseret annoncering adskiller sig fra andre former for netreklame som for eksempel <a href=\"https:\/\/www.youronlinechoices.com\/den\/ordforklaringer\">kontekstuel reklame<\/a>, der udsendes som resultat af dine l\u00f8bende enkeltst\u00e5ende netaktiviteter (herunder foresp\u00f8rgsler eller bes\u00f8gte websider.<br \/>\n<!-- br--><br \/>\n<a name=\"2\"><\/a><span style=\"color: #000000; font-size: medium;\"><strong>Hvordan fungerer det?<\/strong><\/span><br \/>\n<!-- br--><br \/>\nAdf\u00e6rdsbaseret annoncering udsendes p\u00e5 forskellige m\u00e5der. Grundl\u00e6ggende indsamles informationer om din nets\u00f8gningsaktivitet \u2013 i lighed med information om tusindvis af andre brugeres netaktiviteter \u2013 og fordeles i generelle grupper som for eksempel biler, finans og rejser. En interesseprofil (for eksempel \u201dbiler\u201d) udledes af oplysningerne om de websider, du har bes\u00f8gt, og en datafil, som kaldes en <a href=\"https:\/\/www.youronlinechoices.com\/den\/ordforklaringer\">cookie<\/a>, anbringes i din computer for at kunne identificere dig som en person, der er interesseret i kategorien \u201dbiler\u201d. Annonc\u00f8rer og websider vil skr\u00e6ddersy reklamer til brugergrupper med samme interesse, og  din cookie vil \u00e5bne for, at den slags relevante <a href=\"https:\/\/www.youronlinechoices.com\/den\/ordforklaringer\">bannere<\/a> kan vises.<\/p>\n<p><a href=\"https:\/\/www.youronlinechoices.com\/further-info\" target=\"_blank\">Find flere oplysninger her om, hvordan det fungerer.<\/a><br \/>\n<!-- br--><br \/>\n<a name=\"3\"><\/a><span style=\"color: #000000; font-size: medium;\"><strong>Hvilke data benyttes?<\/strong><\/span><br \/>\n<!-- br--><br \/>\nAdf\u00e6rdsbaseret annoncering kan benytte forskellige informationer og p\u00e5 forskellig m\u00e5de. For eksempel indsamler og benytter <a href=\"https:\/\/www.youronlinechoices.com\/den\/ordforklaringer\">traditionelle reklamenetv\u00e6rk <\/a>oplysninger, n\u00e5r du bes\u00f8ger en eller flere websider, der er en del af dette specielle netv\u00e6rk.<br \/>\n<!-- br--><br \/>\n<a name=\"4\"><\/a><span style=\"color: #000000; font-size: medium;\"><strong>Hvad er fordelene?<\/strong><\/span><br \/>\n<!-- br--><br \/>\nAdf\u00e6rdsbaseret annoncering kan benytte forskellige informationer og p\u00e5 forskellig m\u00e5de. For eksempel indsamler og benytter <a href=\"https:\/\/www.youronlinechoices.com\/den\/ordforklaringer\">traditionelle reklamenetv\u00e6rk<\/a> oplysninger, n\u00e5r du bes\u00f8ger en eller flere websider, der er en del af dette specielle netv\u00e6rk.<br \/>\n<!-- br--><br \/>\nAdf\u00e6rdsbaseret annoncering kan benytte forskellige informationer og p\u00e5 forskellig m\u00e5de. For eksempel indsamler og benytter <a href=\"https:\/\/www.youronlinechoices.com\/den\/ordforklaringer\">traditionelle reklamenetv\u00e6rk<\/a> oplysninger, n\u00e5r du bes\u00f8ger en eller flere websider, der er en del af dette specielle netv\u00e6rk.<br \/>\n<!-- br--><br \/>\n<a name=\"5\"><\/a><span style=\"color: #000000; font-size: medium;\"><strong>Er det ikke en trussel mod mit privatliv?<\/strong><\/span><br \/>\n<!-- br--><br \/>\nAlle udbydere af denne type tjenesteydelser skal overholde g\u00e6ldende love. I de fleste tilf\u00e6lde er de informationer, der benyttes ved m\u00e5lrettet reklame, ikke personlige, for s\u00e5 vidt som brugeren ikke kan identificeres. Hvor <a href=\"https:\/\/www.youronlinechoices.com\/den\/ordforklaringer\">personhenf\u00f8rbar information<\/a> benyttes (som registreringsdata), har du f\u00e5et meddelelse om det gennem websidens privatlivspolitik, og du har givet din tilladelse, da du tilmeldte dig den p\u00e5g\u00e6ldende tjenesteydelse. Du har altid valget mellem at tillade mere relevant reklame eller ej.<br \/>\n<!-- br--><br \/>\n<a name=\"6\"><\/a><span style=\"color: #000000; font-size: medium;\"><strong>Hvad er personhenf\u00f8rbar information, og  bliver den brugt til adf\u00e6rdsbaseret annoncering?<\/strong><\/span><br \/>\n<!-- br--><br \/>\nHvad er personhenf\u00f8rbar information, og  bliver den brugt til adf\u00e6rdsbaseret netreklame?<br \/>\n<!-- br--><br \/>\n<a name=\"7\"><\/a><span style=\"color: #000000; font-size: medium;\"><strong>Hvad kan jeg g\u00f8re, hvis jeg ikke \u00f8nsker denne type annoncering?<\/strong><\/span><br \/>\n<!-- br--><br \/>\n<a href=\"https:\/\/www.youronlinechoices.com\/opt-out\">Frameld dig her.<\/a><em> <\/em><\/p>\n<p>Det er vigtigt at huske, at dette ikke betyder, at du ikke mere modtager reklamer, n\u00e5r du g\u00e5r p\u00e5 nettet. Det betyder kun, at de reklamer, du ser p\u00e5 websider, ikke er rettet specielt mod dig og dine interesser, og de kan v\u00e6re mindre relevante for dig.<\/p>\n<p><a href=\"https:\/\/www.youronlinechoices.com\/opt-out\/opt-out-help\">For yderligere oplysninger kan du g\u00e5 ind p\u00e5 vores frameldingsside.<\/a><em> <\/em><\/p>\n<p><em> <\/em><br \/>\n<!-- br--><br \/>\n<a name=\"8\"><\/a><span style=\"color: #000000; font-size: medium;\"><strong>Betyder adf\u00e6rdsbaseret netreklame, at jeg f\u00e5r flere reklamer?<\/strong><\/span><br \/>\n<!-- br--><br \/>\nNej, det betyder kun, at de reklamer, du ser p\u00e5 visse websider, er mere relevante for dig og dine interesser.<em> <\/em><br \/>\n<!-- br--><br \/>\n<a name=\"9\"><\/a><span style=\"color: #000000; font-size: medium;\"><strong>Bliver mine bes\u00f8g p\u00e5 nettet forstyrret af adf\u00e6rdsbaseret netreklame?<\/strong><\/span><br \/>\n<!-- br--><br \/>\nNej, du kommer ikke til at m\u00e6rke forskel, n\u00e5r du er p\u00e5 nettet. Adf\u00e6rdsbaseret annoncering skal simpelthen g\u00f8re netreklamer mere relevante for dig.<br \/>\n<!-- br--><br \/>\n<a name=\"10\"><\/a><span style=\"color: #000000; font-size: medium;\"><strong>Bliver der lagt software ind p\u00e5 min computer?<\/strong><\/span><br \/>\n<!-- br--><br \/>\nNej.<br \/>\n<!-- br--><br \/>\n<a name=\"11\"><\/a><span style=\"color: #000000; font-size: medium;\"><strong>Hvad er en cookie, og hvordan bruges den?<\/strong><\/span><br \/>\n<!-- br--><br \/>\nEn cookie er en lille fil med bogstaver og tal, som anbringes p\u00e5 din computer, n\u00e5r du g\u00e5r ind p\u00e5 visse websider. Cookies tillader, at en webside kan genkende de pr\u00e6ferencer, en bruger tidligere har valgt, ved tilbagevendende bes\u00f8g. I sig selv kan en cookie ikke indeholde eller indsamle information. Men n\u00e5r den afl\u00e6ses af en server ved en nets\u00f8gning, kan den hj\u00e6lpe en webside til at levere mere brugervenlige tjenester, for eksempel ved at huske tidligere k\u00f8b eller regnskabsm\u00e6ssige detaljer.<br \/>\n<!-- br--><br \/>\nCookies ligger i din computers hukommelse, og har typisk f\u00f8lgende indhold:<\/p>\n<ul>\n<li>navnet p\u00e5 den server, der sendte den<\/li>\n<li>dens levetid<\/li>\n<li>en tilf\u00e6ldigt genereret unik nummerbetegnelse (en n\u00f8gle)<\/li>\n<\/ul>\n<p><!-- br--><br \/>\nAfsenderwebsiden bruger denne nummerbetegnelse til at genkende dig, n\u00e5r du vender tilbage til websiden eller s\u00f8ger fra side til side. Kun afsenderserveren kan l\u00e6se og dermed benytte denne cookie. Cookies er en vigtig bestanddel i at g\u00f8re nettet brugervenligt, og al adf\u00e6rdsbaseret netreklame bruger cookies som arbejdsredskab.<br \/>\n<!-- br--><br \/>\n<a name=\"12\"><\/a><span style=\"color: #000000; font-size: medium;\"><strong>Kan jeg deaktivere en cookie?<\/strong><\/span><br \/>\n<!-- br--><br \/>\nJa. Nogle s\u00f8gemaskiner lader dig kun blokere trediepartscookies (en cookie anbragt i din computer af en <a href=\"https:\/\/www.youronlinechoices.com\/den\/ordforklaringer\">tredjepart<\/a> \u2013 for eksempel et <a href=\"https:\/\/www.youronlinechoices.com\/den\/ordforklaringer\">reklamenetv\u00e6rk<\/a> \u2013 som ikke er indehaveren af den aktuelle webside) eller giver dig kun mulighed for at blokere cookier som ikke er i overensstemmelse med din privatlivspolitik.<br \/>\n<!-- br--><br \/>\nDu kan v\u00e6lge at deaktivere alle cookies, men det vil f\u00e5 en v\u00e6sentlig indflydelse p\u00e5 din nets\u00f8gning, hvis du bruger tjenester, der er baseret p\u00e5 cookies. Se <a href=\"https:\/\/www.youronlinechoices.com\/den\/fem-gode-tips\">top tips<\/a>\/gode ideer for at f\u00e5 mere at vide om, hvordan du h\u00e5ndterer indstillingerne p\u00e5 din computer vedr\u00f8rende privatlivspolitik.<br \/>\n<!-- br--><br \/>\n<a name=\"13\"><\/a><span style=\"color: #000000; font-size: medium;\"><strong>Skal jeg frav\u00e6lge, hvis jeg bruger en anden computer p\u00e5 mit arbejde?<\/strong><\/span><br \/>\n<!-- br--><br \/>\nJa, hvis du frav\u00e6lger adf\u00e6rdsbaseret annoncering fra et specielt firma, indvirker det kun p\u00e5 dette specielle firmas datasamling og internets\u00f8gning p\u00e5 den computer, du aktuelt bruger. Det vil derfor ogs\u00e5 p\u00e5virke andre, der bruger den samme browser. Du skal f\u00f8lge den samme fremgangsm\u00e5de p\u00e5 alle de computere, du bruger (eller s\u00f8gemaskiner som Internet Explorer, Google Chrome, Mozilla Firefox eller Safari), hvis du fuldt ud skal blokere for adf\u00e6rdsbaseret annoncering fra denne specielle udbyder.<br \/>\n<!-- br--><br \/>\n<a name=\"14\"><\/a><span style=\"color: #000000; font-size: medium;\"><strong>Hvis jeg blokerer for m\u00e5lrettet adf\u00e6rdsbaseret annoncering, undg\u00e5r jeg s\u00e5 spam, pop-ups eller junk mail?<\/strong><\/span><br \/>\n<!-- br--><br \/>\nNej. At blokere for adf\u00e6rdsbaseret annoncering medf\u00f8rer kun, at du ikke modtager flere brugerrettede reklamer. Det f\u00e5r ingen indvirkning p\u00e5 og blokerer ikke for specielle former for reklamer eller mails eller pop-ups.<br \/>\n<!-- br--><br \/>\n<a name=\"15\"><\/a><span style=\"color: #000000; font-size: medium;\"><strong>Beh\u00f8ver jeg at foretage mig noget?<\/strong><\/span><br \/>\n<!-- br--><br \/>\n<a href=\"https:\/\/www.youronlinechoices.com\/den\/fem-gode-tips\">Kast et blik p\u00e5 vore fem tips<\/a>.<\/p>\n","protected":false},"excerpt":{"rendered":"<p>Herunder finder du en liste over ofte stillede sp\u00f8rgsm\u00e5l, der kan give en bedre forst\u00e5else for adf\u00e6rdsbaseret annoncering. Hvad er adf\u00e6rdsbaseret annoncering? Hvordan fungerer det? Hvilke data benyttes? Hvad er fordelene? Er det ikke en trussel mod mit privatliv? Hvad er personhenf\u00f8rbare oplysninger, og vil de blive brugt ved adf\u00e6rdsbaseret annoncering? Hvad kan jeg g\u00f8re, [&hellip;]<\/p>\n","protected":false},"author":2,"featured_media":0,"parent":0,"menu_order":5,"comment_status":"closed","ping_status":"closed","template":"","meta":[],"_links":{"self":[{"href":"https:\/\/www.youronlinechoices.com\/den\/wp-json\/wp\/v2\/pages\/10"}],"collection":[{"href":"https:\/\/www.youronlinechoices.com\/den\/wp-json\/wp\/v2\/pages"}],"about":[{"href":"https:\/\/www.youronlinechoices.com\/den\/wp-json\/wp\/v2\/types\/page"}],"author":[{"embeddable":true,"href":"https:\/\/www.youronlinechoices.com\/den\/wp-json\/wp\/v2\/users\/2"}],"replies":[{"embeddable":true,"href":"https:\/\/www.youronlinechoices.com\/den\/wp-json\/wp\/v2\/comments?post=10"}],"version-history":[{"count":28,"href":"https:\/\/www.youronlinechoices.com\/den\/wp-json\/wp\/v2\/pages\/10\/revisions"}],"predecessor-version":[{"id":417,"href":"https:\/\/www.youronlinechoices.com\/den\/wp-json\/wp\/v2\/pages\/10\/revisions\/417"}],"wp:attachment":[{"href":"https:\/\/www.youronlinechoices.com\/den\/wp-json\/wp\/v2\/media?parent=10"}],"curies":[{"name":"wp","href":"https:\/\/api.w.org\/{rel}","templated":true}]}}