{"id":99,"date":"2011-06-01T15:16:30","date_gmt":"2011-06-01T15:16:30","guid":{"rendered":"https:\/\/www.youronlinechoices.com\/de\/?page_id=99"},"modified":"2020-09-03T13:20:30","modified_gmt":"2020-09-03T13:20:30","slug":"hilfe-seite","status":"publish","type":"page","link":"https:\/\/www.youronlinechoices.com\/de\/hilfe-seite\/","title":{"rendered":"Hilfe-Seite"},"content":{"rendered":"<p><strong>Hier einige Dinge, die es bei der Abmeldung zu beachten gilt &#8230;<\/strong><\/p>\n<p>&#8211; Falls Sie interessenbezogene Werbung \u00fcber die <a href=\"https:\/\/www.youronlinechoices.com\/de\/praferenzmanagement\/\"><span>Opt-out-Seite<\/span><\/a> abschalten m\u00f6chten, sollten Sie sich klarmachen, dass dies nicht bedeutet, dass Sie im Internet gar keine Werbung mehr sehen. Es hat nur zur Folge, dass die Ihnen in den von Ihnen besuchten Websites gezeigten Anzeigen nicht mehr auf Sie zugeschnitten sind und Sie daher m\u00f6glicherweise nicht so sehr interessieren.<\/p>\n<p>&nbsp;<\/p>\n<p>&#8211; Falls Sie sich bei einem bestimmten Anbieter interessenbezogener Werbung abmelden, gilt diese Abmeldung nur f\u00fcr diese eine Datensammlung und diese Nutzung zu Zwecken der interessenbezogene Werbung in dem Browser, den Sie nutzen. Ebenso gilt eine Abmeldung bei allen aufgef\u00fchrten Anbietern interessenbezogener Werbung nur f\u00fcr den <span><a href=\"https:\/\/www.youronlinechoices.com\/de\/jargon-lexikon\/\">Browser<\/a><\/span>, den Sie benutzen. <strong>Sie m\u00fcssen dasselbe Verfahren in jedem Browser befolgen, den Sie auf demselben oder einem anderen Computer oder Ger\u00e4t verwenden.<\/strong>Falls es auf einem Computer in Ihrem Haushalt mehrere Nutzerkonten gibt, k\u00f6nnen Sie f\u00fcr jede einzelne Konto unterschiedliche Pr\u00e4ferenzen setzen.\u00a0<span><a href=\"https:\/\/www.youronlinechoices.com\/de\/funf-top-tipps\/\">Siehe unsere f\u00fcnf Top-Tipps<\/a><\/span><strong>.<\/strong><\/p>\n<p>&nbsp;<\/p>\n<p>&#8211; Haben Sie sich von INTERESSENBEZOGENER WERBUNG abgemeldet und stellen dann fest, dass Sie sie doch lieber empfangen w\u00fcrden, k\u00f6nnen Sie sich in der gleichen Weise \u00fcber unsere <span><a href=\"https:\/\/www.youronlinechoices.com\/de\/praferenzmanagement\/\">Opt-out-Seite<\/a><\/span> wieder anmelden.\u00a0Sie k\u00f6nnen auch in Ihrem Browser die Cookies l\u00f6schen.\u00a0<span><a href=\"https:\/\/www.youronlinechoices.com\/de\/funf-top-tipps\/\">Siehe dazu unsere f\u00fcnf Top-Tipps<\/a><\/span>.<\/p>\n<p>&nbsp;<\/p>\n<p>&#8211; Wenn Sie bestimmte oder fortdauernde Probleme mit der Nutzung unserer Opt-out-Seite haben, lesen Sie bitte auch das Folgende.<\/p>\n<p>&nbsp;<\/p>\n<p>&nbsp;<\/p>\n<p><strong>Haben Sie Probleme mit der Nutzung des Pr\u00e4ferenzmanagement-Tools auf dieser Website?<\/strong><\/p>\n<p>&#8211; Es gibt mehrere Faktoren, die die Leistung der Seite beeinflussen k\u00f6nnen und die au\u00dferhalb unserer Kontrolle liegen. Darunter fallen Probleme mit Ihrer Internetverbindung, der Sicherheit Ihres unternehmensinternen Netzes oder die Browser-Einstellungen.<\/p>\n<p>&nbsp;<\/p>\n<p>&#8211; Falls Sie Probleme mit der Abmeldung \u00fcber unsere Links auf dieser Website haben, versuchen Sie es bitte zuerst <span><a href=\"https:\/\/www.youronlinechoices.com\/de\/praferenzmanagement\/\">noch einmal<\/a><\/span>.<\/p>\n<p>&nbsp;<\/p>\n<p>&nbsp;<\/p>\n<p><strong>Falls das Problem weiterhin besteht, lesen Sie weiter:<\/strong><\/p>\n<p>&#8211; Die verschiedenen <strong>Opt-out-Tools basieren auf Cookies<\/strong>. Wenn Ihr Browser Cookies von Drittanbietern nicht akzeptiert, k\u00f6nnen Sie die Tools zum Pr\u00e4ferenzmanagement auf dieser Plattform nicht nutzen. Ihr Browser muss Cookies von Drittanbietern akzeptieren, damit die Abmeldung funktionieren kann. Lesen Sie <span><a href=\"https:\/\/www.youronlinechoices.com\/de\/funf-top-tipps\/\">unsere f\u00fcnf Top-Tipps<\/a><\/span> und erfahren Sie mehr \u00fcber das Eirichten der Datenschutz-Einstellungen auf Ihrem Computer.<\/p>\n<p>&nbsp;<\/p>\n<p>&#8211; Weitere Informationen und Hilfe finden Sie auch auf der Hilfeseite des Browsers, den Sie nutzen: <span><\/span><span><a href=\"https:\/\/support.mozilla.org\/en-US\/kb\/settings-privacy-browsing-history-do-not-track?redirectslug=Options+window+-+Privacy+panel&amp;redirectlocale=en-US\" target=\"_blank\" rel=\"noopener noreferrer\">Firefox<\/a><\/span>,\u00a0<span><a href=\"https:\/\/support.apple.com\/en-gb\/guide\/safari\/sfri35610\/mac#:~:text=In%20the%20Safari%20app%20on,%3E%20Preferences%2C%20then%20click%20Privacy.&amp;text=Don't%20let%20any%20websites,other%20data%20on%20your%20Mac.\" target=\"_blank\" rel=\"noopener noreferrer\">Safari<\/a> <\/span>und\u00a0<span><a href=\"https:\/\/support.google.com\/chrome\/answer\/95647?hl=en\" target=\"_blank\" rel=\"noopener noreferrer\">Chrome<\/a><\/span><\/p>\n<p>&nbsp;<\/p>\n<p>&#8211; Falls das Problem weiterhin besteht, k\u00f6nnen Sie\u00a0mit uns <a href=\"https:\/\/www.youronlinechoices.com\/de\/ruckmeldung\/\">Kontakt<\/a> aufzunehmen.<\/p>\n","protected":false},"excerpt":{"rendered":"<p>Hier einige Dinge, die es bei der Abmeldung zu beachten gilt &#8230; &#8211; Falls Sie interessenbezogene Werbung \u00fcber die Opt-out-Seite abschalten m\u00f6chten, sollten Sie sich klarmachen, dass dies nicht bedeutet, dass Sie im Internet gar keine Werbung mehr sehen. Es hat nur zur Folge, dass die Ihnen in den von Ihnen besuchten Websites gezeigten Anzeigen [&hellip;]<\/p>\n","protected":false},"author":3,"featured_media":0,"parent":0,"menu_order":7,"comment_status":"closed","ping_status":"open","template":"","meta":[],"_links":{"self":[{"href":"https:\/\/www.youronlinechoices.com\/de\/wp-json\/wp\/v2\/pages\/99"}],"collection":[{"href":"https:\/\/www.youronlinechoices.com\/de\/wp-json\/wp\/v2\/pages"}],"about":[{"href":"https:\/\/www.youronlinechoices.com\/de\/wp-json\/wp\/v2\/types\/page"}],"author":[{"embeddable":true,"href":"https:\/\/www.youronlinechoices.com\/de\/wp-json\/wp\/v2\/users\/3"}],"replies":[{"embeddable":true,"href":"https:\/\/www.youronlinechoices.com\/de\/wp-json\/wp\/v2\/comments?post=99"}],"version-history":[{"count":30,"href":"https:\/\/www.youronlinechoices.com\/de\/wp-json\/wp\/v2\/pages\/99\/revisions"}],"predecessor-version":[{"id":865,"href":"https:\/\/www.youronlinechoices.com\/de\/wp-json\/wp\/v2\/pages\/99\/revisions\/865"}],"wp:attachment":[{"href":"https:\/\/www.youronlinechoices.com\/de\/wp-json\/wp\/v2\/media?parent=99"}],"curies":[{"name":"wp","href":"https:\/\/api.w.org\/{rel}","templated":true}]}}