{"id":619,"date":"2013-12-17T12:27:30","date_gmt":"2013-12-17T12:27:30","guid":{"rendered":"https:\/\/www.youronlinechoices.com\/de\/?page_id=619"},"modified":"2020-02-25T00:21:16","modified_gmt":"2020-02-25T00:21:16","slug":"allgemeine-nutzungsbedingungen","status":"publish","type":"page","link":"https:\/\/www.youronlinechoices.com\/de\/allgemeine-nutzungsbedingungen\/","title":{"rendered":"Nutzungsbedingungen"},"content":{"rendered":"<p><strong><span>Allgemeine Nutzungsbedingungen<\/span><\/strong><\/p>\n<p><span>\u00a0<\/span><\/p>\n<p><span>Diese allgemeinen Nutzungsbedingungen regeln die Beziehung zwischen EDAA und Ihnen f\u00fcr die Nutzung der Website YourOnlineChoices oder die Annahme Ihres Einstellungscookie YourOnlineChoices.<\/span><\/p>\n<p><span>\u00a0<\/span><\/p>\n<p><span>Die EDAA ist eine gemeinn\u00fctzige Einrichtung (Internationale Vereinigung ohne Gewinnerzielungszweck; AiSBL) mit Sitz in Br\u00fcssel und eingetragen unter der Firmennummer BE 0846.790.105. Unser eingetragener Firmensitz befindet sich in Rue des Deux Eglises 26 | 1000 Br\u00fcssel.<\/span><\/p>\n<p><span>\u00a0<\/span><\/p>\n<p><span>Die Website YourOnlineChoices kann unter <a href=\"https:\/\/www.youronlinechoices.eu\/\">www.youronlinechoices.eu<\/a>, <a href=\"https:\/\/www.youronlinechoices.com\/\">https:\/\/www.youronlinechoices.com<\/a>, <a href=\"https:\/\/www.youronlinechoices.eu\/uk\">www.youronlinechoices.eu\/uk\/<\/a> und <a href=\"https:\/\/www.youronlinechoices.com\/uk\/\">www.youronlinechoices.com\/uk\/<\/a> <span>abgerufen werden<\/span>. Sie k\u00f6nnen auf die Website YourOnlineChoices direkt \u00fcber den Link auf der Website eines Dritten oder \u00fcber das OBA-Symbol (OBA= Online Behavioral Advertising (verhaltensorientierte Internetwerbung)) zugreifen.\u00a0 Das OBA-Symbol sieht so <a href=\"https:\/\/www.youronlinechoices.com\/de\/beschwerde\/378-revision-3\/\" rel=\"attachment wp-att-382\"><img loading=\"lazy\" class=\"alignnone size-thumbnail wp-image-382\" title=\"OBA-icon\" src=\"https:\/\/www.youronlinechoices.com\/ie\/wp-content\/uploads\/2013\/06\/OBA-icon-150x150.jpg\" alt=\"\" width=\"42\" height=\"42\" \/><\/a>\u00a0aus, Sie werden in oder im Zusammenhang mit Werbungen auf Webseiten oft auf dieses Symbol sto\u00dfen.<\/span><\/p>\n<p><span>\u00a0<\/span><\/p>\n<p><span>In diesen Bestimmungen beziehen sich \u201ewir\u201c, \u201euns\u201c oder Abwandlungen davon auf uns, European Interactive Digital Advertising Alliance (EDAA), und \u201eSie\u201c und \u201eIhre\u201c und Abwandlungen davon beziehen sich auf Sie oder andere Personen, die auf die Website YourOnlineChoices zugreifen oder Wahlm\u00f6glichkeiten in Bezug auf verhaltensorientierte Internetwerbung \u00fcber die Verbraucherauswahlpattform auf YourOnlineChoices mit Ihrem Browser oder Ihrem Ger\u00e4t wahrnehmen oder (im Fall von Unternehmen) ein Einstellungscookie laut Wunsch des Besuchers hin akzeptieren.<\/span><\/p>\n<p><span>\u00a0<\/span><\/p>\n<p><span>Wir empfehlen Ihnen unsere Datenschutzrichtlinie <a href=\"https:\/\/www.youronlinechoices.com\/uk\/protecting-your-privacy\">https:\/\/www.youronlinechoices.com\/uk\/protecting-your-privacy<\/a> nachzulesen, die als Bestandteil dieser allgemeinen Nutzungsbedingungen gilt.<\/span><\/p>\n<p><span>\u00a0<\/span><\/p>\n<p><strong><span>Ihre Einstellungsoptionen auf YourOnlineChoices<\/span><\/strong><\/p>\n<p><span>\u00a0<\/span><\/p>\n<p><span>Eine der Hauptfunktionen der Website YourOnlineChoices besteht darin, teilnehmenden Unternehmen Ihre Einstellungen in Bezug auf verhaltensorientierte Internetwerbung zu \u00fcbermitteln. Wir best\u00e4tigen die von Ihnen vorgenommenen Einstellungen und leiten Sie an Werbenetzwerke und andere teilnehmende Mitgliedsunternehmen weiter, die auf der Seite der Plattform YourOnlineChoices <a href=\"https:\/\/www.youronlinechoices.com\/uk\/your-ad-choices\">https:\/\/www.youronlinechoices.com\/uk\/your-ad-choices<\/a> aufgef\u00fchrt sind.<\/span><\/p>\n<p><span>\u00a0<\/span><\/p>\n<p><span>Zur Nutzung der Website YourOnlineChoices \u00a0ist es notwendig, dass jedes teilnehmende Unternehmen auf Ihrem Webbrowser ein Cookie, das Einstellungscookie, ablegt um uns zu erm\u00f6glichen, uns die von Ihnen gew\u00e4hlten Optionen \u00a0zu merken. Einzelheiten zu Cookies k\u00f6nnen Sie in unserer Datenschutzrichtlinie https:\/\/www.youronlinechoices.com\/uk\/protecting-your-privacy einsehen. Wenn Sie auf die Website YourOnlineChoices von einem anderen Computer oder Webbrowser zugreifen oder Ihre Cookies l\u00f6schen, k\u00f6nnen wir uns Ihre Einstellungen nicht merken. Sie sollten dann auf die Website YourOnlineChoices zur\u00fcckkehren, um erneut Ihre Auswahl zu treffen. Dar\u00fcber hinaus funktioniert die Website YourOnlineChoices nicht einwandfrei wenn Sie Ihren Browser so einstellen, dass Cookies abgelehnt werden, da Ihre Einstellungen nicht ohne Verwendung des Einstellungscookie gespeichert werden k\u00f6nnen.<\/span><\/p>\n<p><span>\u00a0<\/span><\/p>\n<p><span>Wir bem\u00fchen uns im angemessenen kommerziellen Umfang, die von Ihnen auf der Website YourOnlineChoices getroffenen Einstellungen an die entsprechenden Unternehmen weiterzugeben, die zu jenem Zeitpunkt, an dem Sie Ihre Einstellungen vorgenommen haben, auf der Website angef\u00fchrt wurden. Jedoch wird die Website YourOnlineChoices ohne M\u00e4ngelgew\u00e4hr und wie verf\u00fcgbar bereitgestellt, und wir geben keine Zusicherungen, Gew\u00e4hrleistungen, Bedingungen, Garantien oder sonstige Bestimmungen, dass die von Ihnen gew\u00e4hlten Einstellungen wirksam sind oder bleiben. Wenn die von Ihnen gew\u00e4hlten Einstellungen sich als nicht wirksam erweisen sollten, k\u00f6nnen Sie \u00fcber die Website <a href=\"https:\/\/www.youronlinechoices.com\/uk\/make-a-complaint\">https:\/\/www.youronlinechoices.com\/uk\/make-a-complaint<\/a> Beschwerde einlegen und Abhilfema\u00dfnahmen verlangen.<\/span><\/p>\n<p><span>\u00a0<\/span><\/p>\n<p><strong><span>Ihre Pflichten<\/span><\/strong><\/p>\n<p><span>\u00a0<\/span><\/p>\n<p><span>Sie m\u00fcssen sich auf der Website YourOnlineChoices allen geltenden Gesetzen und Vorschriften entsprechend verhalten und sie dementsprehcend nutzen, und zwar in einer Art und Weise, die von einer vern\u00fcnftigen, verantwortungsbewussten und umsichtigen Person zu erwarten ist.<\/span><\/p>\n<p><span>\u00a0<\/span><\/p>\n<p><span>Sie d\u00fcrfen die Website YourOnlineChoices nicht zu folgenden Zwecken nutzen bzw. keine Nutzung zu folgenden Zwecken gestatten:<\/span><\/p>\n<ol>\n<li><span>a)\u00a0\u00a0\u00a0\u00a0\u00a0\u00a0\u00a0\u00a0\u00a0\u00a0zu rechtswidrigen oder illegalen Aktivit\u00e4ten oder um kriminelle Handlungen und\/oder Aktivit\u00e4ten vorzunehmen,<\/span><\/li>\n<\/ol>\n<p><span>\u00a0<\/span><\/p>\n<p><span>(b)\u00a0\u00a0\u00a0\u00a0\u00a0\u00a0\u00a0\u00a0\u00a0\u00a0 f\u00fcr jedwede Form von illegalen, unangemessenen, obsz\u00f6nen, anst\u00f6\u00dfigen, beleidigenden, verleumderischen, bedrohenden, ausf\u00e4lligen, unerw\u00fcnschten oder unerbetenen Kommunikationen oder solchen Kommunikationen, die eine Bel\u00e4stigung oder Bedr\u00e4ngnis darstellen oder eine grundlose Besorgnis verursachen oder die \u00f6ffentliche Ordnung st\u00f6ren bzw. gegen gute Sitten oder jedwede Rechtsvorschriften \u00fcber Rassenhass versto\u00dfen,<\/span><\/p>\n<p><span>\u00a0<\/span><\/p>\n<ol>\n<li><span>c)\u00a0\u00a0\u00a0\u00a0\u00a0\u00a0\u00a0\u00a0\u00a0\u00a0\u00a0f\u00fcr jedwede Aktivit\u00e4t, die den Schutz der Privatsph\u00e4re oder Datenschutzrechte anderer Kunden\/Abonnenten oder Dritter verletzt und<\/span><\/li>\n<\/ol>\n<p><span>\u00a0<\/span><\/p>\n<p><span>(d)\u00a0\u00a0\u00a0\u00a0\u00a0\u00a0\u00a0\u00a0\u00a0\u00a0 zur Verbreitung von Viren oder sonstiger Malware oder um in jedweder anderen Art und Weise Kommunikationen oder Datenspeicherung zu st\u00f6ren oder anderweitig die Website YourOnlineChoices zu sch\u00e4digen oder zu zerst\u00f6ren oder die Nutzung oder Leistungsf\u00e4higkeit der Website YourOnlineChoices durch andere Benutzer oder Dritte einzuschr\u00e4nken oder zu beeintr\u00e4chtigen, einschlie\u00dflich durch unn\u00f6tige \u00dcberladung der Website mit \u00fcberm\u00e4\u00dfigem unberechtigtem Datenvolumen (Daten\u00fcberflutung, Spammen, usw.).<\/span><\/p>\n<p><span>\u00a0<\/span><\/p>\n<p><span>Sie verpflichten sich, die geistigen Eigentumsrechte (einschlie\u00dflich und ohne Einschr\u00e4nkung der Urheberrechte, Schutzmarken, Patente, Designrechte und Rechte auf Datenbanken), die in unserem Eigentum oder im Eigentum unserer Lizenzgeber stehen, zu respektieren.<\/span><\/p>\n<p><span>\u00a0<\/span><\/p>\n<p><span>Sie m\u00fcssen uns auf Verlangen von Anspr\u00fcchen schadlos halten, die infolge einer jedweden Verletzung Ihrer in diesem Abschnitt angef\u00fchrten Pflichten \u00a0aus Haftung, Schadenersatz, Aufwendungen, Klagen oder Kosten (einschlie\u00dflich angemessener Rechtskosten und -aufwendungen) entstehen.<\/span><\/p>\n<p><span>\u00a0<\/span><\/p>\n<p><span>Sollten Sie sich dessen bewusst sein, dass die Website YourOnlineChoices Ihre geistigen Eigentumsrechte, Eigentumsrechte oder jedwede sonstigen Rechte verletzt, dann m\u00fcssen Sie uns unverz\u00fcglich \u00fcber die nachstehenden Kontaktangaben in Kenntnis setzen.<\/span><\/p>\n<p><span>\u00a0<\/span><\/p>\n<p><strong><span>Links<\/span><\/strong><\/p>\n<p><span>\u00a0<\/span><\/p>\n<p><span>Manche Links auf der Website YourOnlineChoices erm\u00f6glichen Ihnen eine Verkn\u00fcpfung zu Websites herzustellen, die nicht von uns kontrolliert werden. EDAA stellt diese Links nur als Annehmlichkeit bereit. Das Erscheinen eines Links stellt keine Billigung durch EDAA dar, auch ist EDAA nicht f\u00fcr die Inhalte auf verkn\u00fcpften Websites verantwortlich. Jedweder Zugriff geschieht auf \u00a0eigene Gefahr.<\/span><\/p>\n<p><span>\u00a0<\/span><\/p>\n<p><strong><span>Haftungsbeschr\u00e4nkungen und -ausschl\u00fcsse<\/span><\/strong><\/p>\n<p><span>\u00a0<\/span><\/p>\n<p><span>EDAA lehnt ausdr\u00fccklich s\u00e4mtliche sonstigen Erkl\u00e4rungen, Haftungen, Bedingungen oder anderen Bestimmungen, sei es in ausdr\u00fccklicher oder in stillschweigender Form, aufgrund eines Gesetzes oder mittelbar oder auf sonstige Weise ab, einschlie\u00dflich und ohne Einschr\u00e4nkung der stillschweigenden Gew\u00e4hrleistung, Bedingungen oder sonstigen Bestimmungen bzgl. einer zufriedenstellenden Qualit\u00e4t, Eignung zu einem besonderen Zweck oder angemessenen Sorgfalt und F\u00e4higkeit.<\/span><\/p>\n<p><span>\u00a0<\/span><\/p>\n<p><span>Vorbehaltlich der nachstehenden Bestimmungen lehnt EDAA jedwede Haftung ab und ist weder vertragsrechtlich, noch aufgrund einer Gesetzes\u00fcbertretung (einschlie\u00dflich und ohne Einschr\u00e4nkung von Fahrl\u00e4ssigkeit) oder der Verletzung gesetzlicher oder vorvertraglichen Pflichten oder sonstiger Zusicherungen (ausgenommen betr\u00fcgerischer Falschdarstellungen) bzw. aus sonstigen Gr\u00fcnden, die sich aus oder in Verbindung mit der Website YourOnlineChoices und den Nutzungsbedingungen ergeben, haftbar f\u00fcr: (a) indirekte Sonder- oder Folgeverluste oder -sch\u00e4den; (b) jedweden Verlust von Gesch\u00e4ftswert oder Ruf; oder (c) s\u00e4mtliche wirtschaftlichen Verluste (einschlie\u00dflich \u00a0des Verlusts von Eink\u00fcnften, entgangenen Gewinnen, Vertr\u00e4gen, Gesch\u00e4ften oder erwarteten Einsparungen), in jedem Fall, gleichg\u00fcltig ob zuvor \u00fcber die M\u00f6glichkeit eines solchen Verlustes oder Schadens informiert wurde und ungeachtet dessen wie dieser eingetreten ist.<\/span><\/p>\n<p><span>\u00a0<\/span><\/p>\n<p><span>Vorbehaltlich der nachstehenden Bestimmungen ist die maximale Haftung seitens EDAA, sei es vertragsrechtlich oder aufgrund einer Gesetzes\u00fcbertretung (einschlie\u00dflich und ohne Einschr\u00e4nkung von Fahrl\u00e4ssigkeit) oder der Verletzung gesetzlicher oder vorvertraglichen Pflichten oder sonstiger Zusicherungen (ausgenommen betr\u00fcgerischer Falschdarstellungen) bzw. sonstigen Gr\u00fcnden, die sich aus oder in Verbindung mit dieser Vereinbarung ergeben und jedweder Teil davon, einschlie\u00dflich der Vollstreckung und Ausf\u00fchrung, hinsichtlich eines oder mehrerer Ereignisse oder Ereignisreihen (gleichg\u00fcltig ob diese zusammenh\u00e4ngen oder voneinander unabh\u00e4ngig sind), die in jedwedem Zeitraum von zw\u00f6lf Monaten eintreten, auf 5 Euro begrenzt.<\/span><\/p>\n<p><span>\u00a0<\/span><\/p>\n<p><span>Keinerlei Bestimmung dieser Vereinbarung schlie\u00dft eine Haftung aufgrund von Tod oder K\u00f6rperverletzung aus oder beschr\u00e4nkt diese, wenn sich diese(r) aus einer fahrl\u00e4ssigen Handlung einer Partei oder deren Vertreter oder Mitarbeiter ergibt, die im Rahmen ihrer Pflichten handeln, noch wird jedwede Haftung einer Partei ausgeschlossen oder beschr\u00e4nkt, die nach geltendem Recht nicht ausgeschlossen werden darf.<\/span><\/p>\n<p><span>\u00a0<\/span><\/p>\n<p><strong><span>Allgemeine Bestimmungen<\/span><\/strong><\/p>\n<p><span>\u00a0<\/span><\/p>\n<p><em><strong><span>H\u00f6here Gewalt: <\/span><\/strong><\/em><span>Als Ereignis h\u00f6herer Gewalt wird jedes Ereignis betrachtet, das au\u00dferhalb unserer angemessene Kontrolle liegt. F\u00fchrt ein Ereignis h\u00f6herer Gewalt zu einer Nichterf\u00fcllung oder verz\u00f6gerten Erf\u00fcllung unserer Verpflichtungen gem\u00e4\u00df diesen Bestimmungen, werden diese Verpflichtungen f\u00fcr die Dauer des Ereignisses h\u00f6herer Gewalt aufgehoben.<\/span><\/p>\n<p><span>\u00a0<\/span><\/p>\n<p><em><strong><span>Abtretung und Untervergabe: <\/span><\/strong><\/em><span>Es ist Ihnen nicht gestattet, Ihre Rechte bzw. Pflichten aus diesen Nutzungsbedingungen, oder Teile davon, an andere abzutreten, zu \u00fcbertragen, sie ihnen aufzuerlegen oder sie an diese unterzuvergeben.<\/span><\/p>\n<p><span>\u00a0<\/span><\/p>\n<p><em><strong><span>Beziehung:<\/span><\/strong><\/em><span> Keine Bestimmung dieser Nutzungsbedingungen kann dahingehend ausgelegt werden, dass sie eine Partnerschaft oder eine Joint-Venture oder einen Arbeitsvertrag jedweder Art zwischen Ihnen und uns begr\u00fcndet, oder jedwede Befugnis gew\u00e4hrt, die nicht ausdr\u00fccklich in diesen Nutzungsbedingungen festgelegt ist, oder als Gr\u00fcndung einer Vertretung zwischen Ihnen und uns erachtet werden.<\/span><\/p>\n<p><span>\u00a0<\/span><\/p>\n<p><em><strong><span>Gesamte Vereinbarung: <\/span><\/strong><\/em><span>Sie stimmen zu, dass diese Nutzungsbedingungen die gesamte Vereinbarung und \u00dcbereinkunft mit uns darstellen und s\u00e4mtliche vorhergehenden Vereinbarungen, Regelungen und \u00dcbereink\u00fcnfte zwischen Ihnen und uns in Bezug auf den Gegenstand dieser Bedingungen ersetzen. Sie stimmen zu, dass Sie auf keine Aussage, Zusage oder \u00dcbereinkunft vertraut haben, die kein ausdr\u00fccklicher Bestandteil dieser Nutzungsbedingungen ist, und dass Sie \u00fcber kein Rechtsmittel in Bezug auf eine Aussage, Zusage oder \u00dcbereinkunft verf\u00fcgen, das nicht ausdr\u00fccklich festgelegt ist, es sei denn, dies ist auf betr\u00fcgerische Weise erfolgt.<\/span><\/p>\n<p><span>\u00a0<\/span><\/p>\n<p><em><strong><span>Verzichtserkl\u00e4rung:<\/span><\/strong><\/em><span> \u00dcben wir ein Recht, eine Befugnis oder ein Rechtsmittel gem\u00e4\u00df dieser Nutzungsbedingungen nicht oder nicht rechtzeitig aus, gilt dies nicht als Verzichtserkl\u00e4rung auf das jeweilige Recht, die jeweilige Befugnis oder das jeweilige Rechtsmittel, noch stellt eine einzige oder teilweise Aus\u00fcbung eines Rechts, einer Befugnis oder eines Rechtsmittels durch uns einen Ausschluss jedweder weiteren Aus\u00fcbung sonstiger Rechte, Befugnisse oder Hilfsmittel durch uns dar.<\/span><\/p>\n<p><span>\u00a0<\/span><\/p>\n<p><em><strong><span>Salvatorische Klausel:<\/span><\/strong><\/em><span> Sollte eine Bestimmung dieser Nutzungsbedingungen von einem Gericht oder einer zust\u00e4ndigen Beh\u00f6rde in einer Rechtsordnung als ung\u00fcltig, rechtswidrig oder undurchsetzbar befunden werden, wird diese Bestimmung nicht als Bestandteil dieser Bedingungen erachtet. Sie ber\u00fchrt weder die G\u00fcltigkeit, Rechtm\u00e4\u00dfigkeit oder Durchsetzbarkeit der \u00fcbrigen Bestimmungen dieser Nutzungsbedingungen, noch die G\u00fcltigkeit, Rechtm\u00e4\u00dfigkeit oder Durchsetzbarkeit dieser Bestimmung in anderen Rechtsordnungen.<\/span><\/p>\n<p><span>\u00a0<\/span><\/p>\n<p><em><strong><span>Frist:<\/span><\/strong><\/em><span> Au\u00dfer wenn dies ausdr\u00fccklich vorgesehen wird, stellt Zeit stellt keine wesentliche Bestimmung dar.<\/span><\/p>\n<p><span>\u00a0<\/span><\/p>\n<p><em><strong><span>Rechte Dritter:<\/span><\/strong><\/em><span> Keine Bestimmung dieser Nutzungsbedingungen begr\u00fcndet oder \u00fcbertr\u00e4gt jedwede Rechte oder andere Vorteile, sei es aufgrund des Gesetzes \u00fcber Vertr\u00e4ge (Contracts (Rights of Third Parties) Act 1999) oder auf sonstige Weise, zugunsten einer anderen Person, die im Hinblick auf diese Nutzungsbedingungen keine Vertragspartei ist.<\/span><\/p>\n<p><span>\u00a0<\/span><\/p>\n<p><em><strong><span>Verschiedenes: <\/span><\/strong><\/em><span>\u00a0Die gem\u00e4\u00df diesen Nutzungsbedingungen gew\u00e4hrten Rechte und Rechtsmittel sind kumulativ und gelten zus\u00e4tzlich zu gesetzlich vorgesehenen Rechten und Rechtsmitteln. Jede Abweichung von diesen Nutzungsbedingungen muss von den Parteien schriftlich festgehaltenwerden. Diese Nutzungsbedingungen d\u00fcrfen in Kopien und in elektronischer Form ausgefertigt werden.<\/span><\/p>\n<p><span>\u00a0<\/span><\/p>\n<p><em><strong><span>Geltendes Recht:<\/span><\/strong><\/em><span> Diese Nutzungsbedingungen unterliegen den Gesetzen von Belgien, jede Partei unterwirft sich unwiderruflich der nicht ausschlie\u00dflichen \u00a0Gerichtsbarkeit der Gerichte von Br\u00fcssel.<\/span><\/p>\n<p><span>\u00a0<\/span><\/p>\n<p><strong><span>Schlussbestimmungen<\/span><\/strong><\/p>\n<p><span>\u00a0<\/span><\/p>\n<p><strong><span>Unsere Beschwerderichtlinie<\/span><\/strong><\/p>\n<p><span>\u00a0<\/span><\/p>\n<p><span>Wir l\u00f6sen so schnell wie m\u00f6glich alle Probleme, die uns gemeldet wurden und zu deren Beseitigung wir imstande sind. Wenn Sie mit der von uns angebotenen Antwort oder L\u00f6sung nicht zufrieden sind, wenden Sie sich bitte unter der nachstehenden Adresse an uns.<\/span><\/p>\n<p><span>\u00a0<\/span><\/p>\n<p><strong><span>Kontaktieren Sie uns<\/span><\/strong><\/p>\n<p><span>\u00a0<\/span><\/p>\n<p><span>F\u00fcr weitere Informationen oder bei Fragen zu diesen Bedingungen wenden Sie sich bitte per E-Mail unter privacy [at] edaa.eu an EDAA.<\/span><\/p>\n<p><span>\u00a0<\/span><\/p>\n<p><span>Wir sind die European Interactive Digital Advertising Alliance (EDAA)<br \/>\nUnser eingetragener Firmensitz befindet sich in Rue des Deux Eglises 26 | 1000 Br\u00fcssel<br \/>\nUnsere Firmenregistrierungsnummer lautet BE 0846.790.105<\/span><\/p>\n<p><span>\u00a0<\/span><\/p>\n<p><span>Unsere Umsatzsteuernummer lautet BE 0846.790.105<\/span><\/p>\n","protected":false},"excerpt":{"rendered":"<p>Allgemeine Nutzungsbedingungen \u00a0 Diese allgemeinen Nutzungsbedingungen regeln die Beziehung zwischen EDAA und Ihnen f\u00fcr die Nutzung der Website YourOnlineChoices oder die Annahme Ihres Einstellungscookie YourOnlineChoices. \u00a0 Die EDAA ist eine gemeinn\u00fctzige Einrichtung (Internationale Vereinigung ohne Gewinnerzielungszweck; AiSBL) mit Sitz in Br\u00fcssel und eingetragen unter der Firmennummer BE 0846.790.105. Unser eingetragener Firmensitz befindet sich in Rue [&hellip;]<\/p>\n","protected":false},"author":3,"featured_media":0,"parent":0,"menu_order":0,"comment_status":"closed","ping_status":"open","template":"","meta":[],"_links":{"self":[{"href":"https:\/\/www.youronlinechoices.com\/de\/wp-json\/wp\/v2\/pages\/619"}],"collection":[{"href":"https:\/\/www.youronlinechoices.com\/de\/wp-json\/wp\/v2\/pages"}],"about":[{"href":"https:\/\/www.youronlinechoices.com\/de\/wp-json\/wp\/v2\/types\/page"}],"author":[{"embeddable":true,"href":"https:\/\/www.youronlinechoices.com\/de\/wp-json\/wp\/v2\/users\/3"}],"replies":[{"embeddable":true,"href":"https:\/\/www.youronlinechoices.com\/de\/wp-json\/wp\/v2\/comments?post=619"}],"version-history":[{"count":9,"href":"https:\/\/www.youronlinechoices.com\/de\/wp-json\/wp\/v2\/pages\/619\/revisions"}],"predecessor-version":[{"id":823,"href":"https:\/\/www.youronlinechoices.com\/de\/wp-json\/wp\/v2\/pages\/619\/revisions\/823"}],"wp:attachment":[{"href":"https:\/\/www.youronlinechoices.com\/de\/wp-json\/wp\/v2\/media?parent=619"}],"curies":[{"name":"wp","href":"https:\/\/api.w.org\/{rel}","templated":true}]}}