{"id":383,"date":"2013-07-10T08:10:01","date_gmt":"2013-07-10T08:10:01","guid":{"rendered":"https:\/\/www.youronlinechoices.com\/de\/?page_id=383"},"modified":"2020-09-03T13:07:02","modified_gmt":"2020-09-03T13:07:02","slug":"videos","status":"publish","type":"page","link":"https:\/\/www.youronlinechoices.com\/de\/videos\/","title":{"rendered":"Hilfreiche Videos"},"content":{"rendered":"<p><!-- br--><br \/>\n<!-- br--><\/p>\n<h3>EDAA\u2019s Self-Regulatory Programme on OBA (or interest-based advertising)<\/h3>\n<p><!-- br--><br \/>\n<!-- br--><\/p>\n<div style=\"width: 90%; margin: 0 auto;\"><video controls=\"controls\" width=\"560\" height=\"350\"><source src=\"https:\/\/www.youronlinechoices.com\/uk\/wp-content\/uploads\/2017\/07\/EDAA8_.mp4\" type=\"video\/mp4\" \/><\/video><\/div>\n<div style=\"width: 90%; margin: 0 auto;\"><video controls=\"controls\" width=\"560\" height=\"400\"><source src=\"https:\/\/www.youronlinechoices.com\/wp-content\/uploads\/2015\/11\/optout_germany.mp4\" type=\"video\/mp4\" \/>Your browser does not support the video tag.<\/video><\/div>\n<p>&nbsp;<\/p>\n<h3>Wie nutzungsbasierte Online-Werbung funktioniert<\/h3>\n<p>&nbsp;<\/p>\n<div style=\"width: 90%; margin: 0 auto;\"><video controls=\"controls\" width=\"560\" height=\"400\"><source src=\"https:\/\/www.youronlinechoices.com\/de\/wp-content\/uploads\/2014\/11\/Wie_nutzungsbasierte_Online-Werbung_funktioniert.mp4\" type=\"video\/mp4\" \/>Your browser does not support the video tag.<\/video><\/div>\n<h3>The Evolution of Online Display Advertising<\/h3>\n<p><!-- br--><br \/>\n<!-- br--><\/p>\n<div style=\"width: 90%; margin: 0 auto;\"><video controls=\"controls\" width=\"560\" height=\"350\"><source src=\"https:\/\/www.youronlinechoices.com\/uk\/wp-content\/uploads\/2014\/11\/The_Evolution_of_Online_Display_Advertising.mp4\" type=\"video\/mp4\" \/><\/video><\/div>\n<h3><\/h3>\n<h3>Cookies &#8211;\u00a0<strong>eine \u00dcbersicht<\/strong><\/h3>\n<p><!-- br--><\/p>\n<p>M\u00f6chten Sie mehr \u00fcber Ihr Internet-Erlebnis wissen? Dann sehen Sie sich die nachstehende Video-Anleitung an (Quelle: The Guardian) und erfahren Sie alles zu Cookies, ihrer Funktionsweise und wie Sie sie kontrollieren k\u00f6nnen.<\/p>\n<p><!-- br--><\/p>\n<div style=\"width: 90%; margin: 0 auto;\"><video controls=\"controls\" width=\"560\" height=\"350\"><source src=\"https:\/\/www.youronlinechoices.com\/uk\/wp-content\/uploads\/2010\/11\/140827GuardianCookies-16x9.mp4\" type=\"video\/mp4\" \/><\/video><\/div>\n<p><!-- br--><br \/>\n<!-- br--><\/p>\n<h3>Privacy and interest based advertising<\/h3>\n<p><!-- br--><br \/>\n<!-- br--><\/p>\n<div style=\"width: 90%; margin: 0 auto;\"><video controls=\"controls\" width=\"560\" height=\"350\"><source src=\"https:\/\/www.youronlinechoices.com\/uk\/wp-content\/uploads\/2014\/11\/Interest_based_advertising.mp4\" type=\"video\/mp4\" \/><\/video><\/div>\n<p>via <a href=\"https:\/\/www.youtube.com\/watch?v=zoEXifWBtAs\" target=\"_blank\" rel=\"noopener noreferrer\">youtube.com<\/a><br \/>\n<!-- br--><\/p>\n","protected":false},"excerpt":{"rendered":"<p>EDAA\u2019s Self-Regulatory Programme on OBA (or interest-based advertising) Your browser does not support the video tag. &nbsp; Wie nutzungsbasierte Online-Werbung funktioniert &nbsp; Your browser does not support the video tag. The Evolution of Online Display Advertising Cookies &#8211;\u00a0eine \u00dcbersicht M\u00f6chten Sie mehr \u00fcber Ihr Internet-Erlebnis wissen? Dann sehen Sie sich die nachstehende Video-Anleitung an (Quelle: [&hellip;]<\/p>\n","protected":false},"author":3,"featured_media":0,"parent":0,"menu_order":0,"comment_status":"closed","ping_status":"open","template":"","meta":[],"_links":{"self":[{"href":"https:\/\/www.youronlinechoices.com\/de\/wp-json\/wp\/v2\/pages\/383"}],"collection":[{"href":"https:\/\/www.youronlinechoices.com\/de\/wp-json\/wp\/v2\/pages"}],"about":[{"href":"https:\/\/www.youronlinechoices.com\/de\/wp-json\/wp\/v2\/types\/page"}],"author":[{"embeddable":true,"href":"https:\/\/www.youronlinechoices.com\/de\/wp-json\/wp\/v2\/users\/3"}],"replies":[{"embeddable":true,"href":"https:\/\/www.youronlinechoices.com\/de\/wp-json\/wp\/v2\/comments?post=383"}],"version-history":[{"count":14,"href":"https:\/\/www.youronlinechoices.com\/de\/wp-json\/wp\/v2\/pages\/383\/revisions"}],"predecessor-version":[{"id":864,"href":"https:\/\/www.youronlinechoices.com\/de\/wp-json\/wp\/v2\/pages\/383\/revisions\/864"}],"wp:attachment":[{"href":"https:\/\/www.youronlinechoices.com\/de\/wp-json\/wp\/v2\/media?parent=383"}],"curies":[{"name":"wp","href":"https:\/\/api.w.org\/{rel}","templated":true}]}}