{"id":378,"date":"2013-07-10T08:06:31","date_gmt":"2013-07-10T08:06:31","guid":{"rendered":"https:\/\/www.youronlinechoices.com\/de\/?page_id=378"},"modified":"2020-08-06T14:02:24","modified_gmt":"2020-08-06T14:02:24","slug":"beschwerde","status":"publish","type":"page","link":"https:\/\/www.youronlinechoices.com\/de\/beschwerde\/","title":{"rendered":"Eine Beschwerde einreichen"},"content":{"rendered":"<p>Um ad\u00e4quat mit Ihren Anliegen umgehen zu k\u00f6nnen, hat die europ\u00e4ische Online-Werbewirtschaft ein Netzwerk national zust\u00e4ndiger Selbstkontrollorganisationen aufgebaut, so auch in Deutschland.<\/p>\n<p>&nbsp;<\/p>\n<table border=\"0\" width=\"600\" cellspacing=\"1\" cellpadding=\"1\">\n<tbody>\n<tr>\n<td><img loading=\"lazy\" class=\"alignleft size-full wp-image-508\" title=\"DDOW_Logo_web-300x120\" src=\"https:\/\/www.youronlinechoices.com\/de\/wp-content\/uploads\/2013\/07\/DDOW_Logo_web-300x1201.jpg\" alt=\"\" width=\"245\" height=\"98\" data-mce-=\"\" \/><\/td>\n<td>Der <a href=\"http:\/\/www.ddow.de\" data-mce-=\"\">Deutsche Datenschutzrat Online-Werbung (DDOW)<\/a> ist die freiwillige Selbstkontrolleinrichtung der digitalen Werbewirtschaft f\u00fcr nutzungsbasierte Online-Werbung in Deutschland.<\/td>\n<\/tr>\n<\/tbody>\n<\/table>\n<p>&nbsp;<\/p>\n<p>Doch bevor Sie eine Beschwerde \u00fcber nutzungsbasierte Online-Werbung einreichen, sollten sie ein paar einfache Punkte beachten, um uns zu helfen, die Angelegenheit ad\u00e4quat zu l\u00f6sen.<\/p>\n<p>&nbsp;<\/p>\n<p><strong>Schritt 1<\/strong><\/p>\n<p>Nachstehend finden Sie eine einfache Checkliste, die Ihnen dabei hilft, Ihre Anfrage oder Beschwerde an die richtige Stelle zu leiten:<\/p>\n<p>1. Bezieht sich Ihre Beschwerde auf den <strong>Inhalt einer Anzeige<\/strong>? Falls ja, wenden Sie sich an die Regulierungsstelle f\u00fcr Werbeinhalte, der <a href=\"http:\/\/www.ddow.de\" target=\"_blank\" rel=\"noopener noreferrer\">DDOW<\/a>.<\/p>\n<p>2. M\u00f6chten Sie sich von nutzungsbasierter Werbung abmelden? Dann rufen Sie bitte unsere <span><a href=\"https:\/\/www.youronlinechoices.com\/de\/praferenzmanagement\/\">Opt-out-Seite<\/a><\/span><\/p>\n<p>3. Haben Sie Probleme dabei, sich \u00fcber die Links auf dieser Website von interessenbezogener Werbung abzumelden? Dann rufen Sie bitte unsere <span><a href=\"https:\/\/www.youronlinechoices.com\/de\/hilfe-seite\/\">Opt-out-Hilfeseite<\/a><\/span><\/p>\n<p>4. Bestehen die Probleme auch nach der Abmeldung von nutzungsbasierter Werbung weiter? Dann rufen Sie bitte unsere <span><a href=\"https:\/\/www.youronlinechoices.com\/de\/faqs\/\">FAQs<\/a><\/span><\/p>\n<p>5. Haben Sie eine Frage zu den Datenschutzeinstellungen in Ihrem Browser? Dann rufen Sie bitte unsere <span><a href=\"https:\/\/www.youronlinechoices.com\/uk\/five-top-tips\">f\u00fcnf Top-Tipps<\/a><\/span><\/p>\n<p>6. Haben Sie eine allgemeine Frage oder Bedenken zu interessenbezogener Werbung und m\u00f6chten mehr dar\u00fcber wissen? Dann rufen Sie bitte unsere <span><a href=\"https:\/\/www.youronlinechoices.com\/de\/faqs\/\">FAQs<\/a><\/span><\/p>\n<h3><\/h3>\n<p>&nbsp;<\/p>\n<p><strong>Schritt 2<\/strong><\/p>\n<p>&nbsp;<\/p>\n<p>Sollten Ihre Probleme weiterhin bestehen und Sie eine formelle Beschwerde zu einem Fall interessenbezogener Werbung einreichen wollen, k\u00f6nnen Sie sich hierzu an den <span><a href=\"https:\/\/www.ddow.de\">Deutschen Datenschutzrat Online-Werbung<\/a><\/span> wenden.<\/p>\n","protected":false},"excerpt":{"rendered":"<p>Um ad\u00e4quat mit Ihren Anliegen umgehen zu k\u00f6nnen, hat die europ\u00e4ische Online-Werbewirtschaft ein Netzwerk national zust\u00e4ndiger Selbstkontrollorganisationen aufgebaut, so auch in Deutschland. &nbsp; Der Deutsche Datenschutzrat Online-Werbung (DDOW) ist die freiwillige Selbstkontrolleinrichtung der digitalen Werbewirtschaft f\u00fcr nutzungsbasierte Online-Werbung in Deutschland. &nbsp; Doch bevor Sie eine Beschwerde \u00fcber nutzungsbasierte Online-Werbung einreichen, sollten sie ein paar einfache [&hellip;]<\/p>\n","protected":false},"author":3,"featured_media":0,"parent":0,"menu_order":0,"comment_status":"closed","ping_status":"open","template":"","meta":[],"_links":{"self":[{"href":"https:\/\/www.youronlinechoices.com\/de\/wp-json\/wp\/v2\/pages\/378"}],"collection":[{"href":"https:\/\/www.youronlinechoices.com\/de\/wp-json\/wp\/v2\/pages"}],"about":[{"href":"https:\/\/www.youronlinechoices.com\/de\/wp-json\/wp\/v2\/types\/page"}],"author":[{"embeddable":true,"href":"https:\/\/www.youronlinechoices.com\/de\/wp-json\/wp\/v2\/users\/3"}],"replies":[{"embeddable":true,"href":"https:\/\/www.youronlinechoices.com\/de\/wp-json\/wp\/v2\/comments?post=378"}],"version-history":[{"count":20,"href":"https:\/\/www.youronlinechoices.com\/de\/wp-json\/wp\/v2\/pages\/378\/revisions"}],"predecessor-version":[{"id":855,"href":"https:\/\/www.youronlinechoices.com\/de\/wp-json\/wp\/v2\/pages\/378\/revisions\/855"}],"wp:attachment":[{"href":"https:\/\/www.youronlinechoices.com\/de\/wp-json\/wp\/v2\/media?parent=378"}],"curies":[{"name":"wp","href":"https:\/\/api.w.org\/{rel}","templated":true}]}}