{"id":373,"date":"2019-09-16T21:17:48","date_gmt":"2019-09-16T21:17:48","guid":{"rendered":"https:\/\/www.youronlinechoices.com\/ch-it\/?page_id=373"},"modified":"2025-10-22T20:00:58","modified_gmt":"2025-10-22T20:00:58","slug":"proteggere-la-vostra-privacy","status":"publish","type":"page","link":"https:\/\/www.youronlinechoices.com\/ch-it\/proteggere-la-vostra-privacy","title":{"rendered":"Proteggere la vostra privacy"},"content":{"rendered":"<h3><strong>Protezione della propria Privacy<\/strong><\/h3>\n<p>&nbsp;<\/p>\n<p>Il presente sito internet si avvale del settore della pubblicit\u00e0 digitale ed \u00e8 gestito dalla <em>European\u00a0 Interactive Digital Advertising Alliance<\/em> (EDAA). Ci impegniamo a rispettare e proteggere la privacy dei singoli individui con cui intratteniamo rapporti: passato, presente e futuro. In forza di questo impegno, cerchiamo di fornire informazioni chiare e il controllo dei dati personali\u00a0 in nostro possesso nonch\u00e9 degli altri\u00a0 dati non personali da noi eventualmente raccolti e utilizzati quando visitate questo sito internet.<\/p>\n<p>&nbsp;<\/p>\n<h3><strong>Il sito internet<\/strong><\/h3>\n<p>&nbsp;<\/p>\n<p>In questo sito internet gestiamo una componente chiave del programma europeo di auto-regolamentazione per la pubblicit\u00e0 comportamentale online (una tecnica utilizzata per inviare pi\u00f9 annunci pertinenti agli utenti internet, sulla base di interessi presunti). Il presente programma di autoregolamentazione\u00a0 fornisce agli utenti internet come voi un elevato livello di trasparenza e controllo sulla pubblicit\u00e0 comportamentale online.<\/p>\n<p>&nbsp;<\/p>\n<p><a href=\"https:\/\/www.youronlinechoices.com\/it\/?attachment_id=\" rel=\"attachment wp-att-757\"><img loading=\"lazy\" class=\"alignnone wp-image-757\" title=\"OBA-icon\" src=\"https:\/\/www.youronlinechoices.com\/uk\/wp-content\/uploads\/2010\/11\/OBA-icon-300x300.jpg\" alt=\"\" width=\"38\" height=\"38\" \/><\/a> La trasparenza \u00e8 garantita da una \u201cicona OBA\u201d universalmente riconoscibile, disponibile con il testo di accompagnamento ( un elenco integrale con il testo di accompagnamento per qualsiasi linguadell\u2019Unione Europea \u00e8 disponibile\u00a0 cliccando <a href=\"https:\/\/edaa.eu\/wp-content\/uploads\/Att-3-technical_specifications_for_iab_eu_oba_fw_v1.pdf#page=15\">qui<\/a>), che comparir\u00e0 laddove le societ\u00e0 stiano raccogliendo\u00a0 e trattando i dati per scopi di pubblicit\u00e0 comportamentale online. Cliccando sull\u2019icona, gli utenti avranno accesso a informazioni chiare e complete sulla pubblicit\u00e0 comportamentale online.<\/p>\n<p>&nbsp;<\/p>\n<p>L\u2019icona permette inoltre agli utenti di fare scelte ed esercitare il controllo sulla pubblicit\u00e0 comportamentale online utilizzando gli strumenti e le risorse messe a disposizione; tali strumenti e risorse comprendono il presente sito internet.\u00a0\u00a0 Il presente sito internet copre i paesi dell\u2019Unione Europea\/dello spazio economico Europeo (EU\/EEA) cos\u00ec come la Svizzera e la Turchia e comprende una funzionalit\u00e0 di facile utilizzo (disponibile per utenti dei presenti paesi elencati) in grado di escludere la pubblicit\u00e0 comportamentale online (provenienti dalle societ\u00e0 partecipanti) se gli utenti decidono in tal senso. Una delle caratteristiche salienti di questo sito \u00e8 che \u00e8 stato stato creato in base a un impegno di categoria, con il supporto dell\u2019<em>European Advertising Alliance<\/em> (EASA) e della sua rete di organizzazioni di auto-regolamentazione nazionali ampiamente riconosciute ed affermate in tutta Europa, impegnate a garantire sistemi efficaci di gestione dei reclami indipendenti e senza costi per gli utenti.<\/p>\n<p>&nbsp;<\/p>\n<h3><strong>Le vostre informazioni personali <\/strong><\/h3>\n<p>&nbsp;<\/p>\n<p>Il trattamento dei vostri dati personali da parte di EDAA descritti nella presente comunicazione, si basano sul vostro consenso o su una necessit\u00e0 contrattuale. Quando ci fornite un feedback attraverso gli strumenti messi a vostra disposizione su questo sito internet, possiamo raccogliere e trattare le informazioni forniteci come il nome, l\u2019indirizzo email e il numero di telefono. Queste informazioni si utilizzeranno esclusivamente per gestire il vostro feedback. In determinate circostanze potremmo non essere in grado di gestire il vostro feedback direttamente e questo potrebbe richiedere la condivisione di tali informazioni con l\u2019Organizzazione di auto-regolamentazione nazionale competente per la gestione dei reclami.\u00a0 In tal caso, EDAA non condivider\u00e0 nessuna informazione senza avervi precedentemente spiegato la procedura in modo chiaro e senza aver ottenuto il vostro previo consenso scritto a procedere in tal senso. Nessun\u2019altra informazione personale sar\u00e0 trasmessa ad altri terzi. Le vostre informazioni personali saranno cancellate una volta risolta la questione con soddisfazione vostra e dell\u2019EDAA.<\/p>\n<p>&nbsp;<\/p>\n<h3><strong>Conservazione dei dati <\/strong><\/h3>\n<p>&nbsp;<\/p>\n<p>EDAA conserver\u00e0 i vostri dati personali in conformit\u00e0 ai requisiti giuridici applicabili, ed esclusivamente per il tempo necessario per i fini descritti nella presente comunicazione, o fino a quando sia richiesto dalla legge o in caso di eventuali controversie legali.<\/p>\n<p>&nbsp;<\/p>\n<p>I dati personali ottenuti mediante le richieste di informazioni e\/o indagini o reclami inviate direttamente a EDAA, saranno conservati per un anno ( o per il tempo previsto dalla legge in caso di eventuali controversie legali), salvo che ritiriate\u00a0 il consenso per il trattamento dei vostri dati personali.<\/p>\n<p>&nbsp;<\/p>\n<h3><strong>I vostri diritti<\/strong><\/h3>\n<p>&nbsp;<\/p>\n<p>In conformit\u00e0 alla legge sulla privacy vi renderemo disponibili i dati personali per un controllo a fronte di una vostra semplice richiesta. Qualora ci venga riferito da parte vostra che i dati personali non sono corretti o sono utilizzati impropriamente, saranno oggetto da parte nostra di correzione, aggiornamento e limitazione dell\u2019uso o cancellazione degli stessi se necessario. Per le informazioni riguardanti le modalit\u00e0 di accesso ai dati personali, si prega di rivolgersi ai punti di contatto indicati al termine della presente informativa sulla privacy. Avete il diritto di opporvi in qualsiasi momento all\u2019utilizzo dei vostri dati personali facendone semplicemente richiesta ai punti di contatto indicati al termine della presente informativa sulla privacy. Avete il diritto di ricevere i vostri dati personali in un formato elettronico utilizzabile che potr\u00e0 essere trasmesso a terzi (diritto alla \u201cportabilit\u00e0 dei dati\u201d)<\/p>\n<p>&nbsp;<\/p>\n<p>EDAA si impegna a collaborare con voi al fine di ottenere una soluzione equa per qualsiasi reclamo inerente alla privacy o in relazione alle attivit\u00e0 trattate nel presente sito internet. Nel caso in cui riteniate che EDAA non sia stata in grado di assistervi per il vostro reclamo o questione, avete il diritto di presentare un reclamo all\u2019autorit\u00e0 di vigilanza, nello stato membro della vostra attuale residenza, o del vostro luogo di lavoro per qualsiasi presunta violazione della legge sulla Privacy ( per il Belgio visitare <a href=\"http:\/\/www.dataprotectionauthority.be\">www.dataprotectionauthority.be<\/a> \u00a0e per gli altri paesi cliccare <a href=\"https:\/\/edpb.europa.eu\/about-edpb\/board\/members_it\">qui<\/a> ).<\/p>\n<p>&nbsp;<\/p>\n<h3><strong>Divulgazione a terzi, trasferimento delle informazioni personali a terzi<\/strong><\/h3>\n<p>&nbsp;<\/p>\n<p>Attraverso questo sito internet, potete inviare le informazioni e\/o i reclami direttamente al vostro paese di origine all\u2019organizzazione auto-regolamentata per la pubblicit\u00e0 nazionale (rivolgersi <a href=\"https:\/\/www.easa-alliance.org\/members\/europe\">qui<\/a> per identificare l\u2019organizzazione autoregolamentata rilevante). Tali informazioni potrebbero contenere dati personali inviati direttamente all\u2019organizzazione al fine di fornirvi, secondo la vostra richiesta, le finalit\u00e0 dei trattamenti per il reclamo\/informazioni.<\/p>\n<p>&nbsp;<\/p>\n<p>Vi consigliamo di rivedere le informative sulla privacy delle presenti organizzazioni auto-regolamentate in caso di utilizzo di questa funzionalit\u00e0. In ogni caso vi verr\u00e0 indicato esattamente l\u2019organismo a cui i vostri dati sono stati inviati mediante l\u2019utilizzo del presente form opzionale online (ad esempio per la Germania: <a href=\"https:\/\/www.youronlinechoices.com\/de\/beschwerde\/\">https:\/\/www.youronlinechoices.com\/de\/beschwerde\/<\/a>; Per il Regno Unito: <a href=\"https:\/\/www.youronlinechoices.com\/de\/beschwerde\/\">https:\/\/www.youronlinechoices.com\/uk\/make-a-complaint<\/a>)<\/p>\n<p>&nbsp;<\/p>\n<p>EDAA non divulga o condivide con altri organismi vostre informazioni personali raccolte su questo sito (salvo circostanze eccezionali ed esclusivamente su vostro previo esplicito consenso) fatto salvo qualsiasi obbligo legale consentito dalla legge o ordinanze ufficiali o del tribunale.<\/p>\n<p>&nbsp;<\/p>\n<h3><strong>Cookie<\/strong><\/h3>\n<p>&nbsp;<\/p>\n<p>I cookie sono piccoli pacchetti di informazioni archiviati dal vostro browser web. Sono inseriti nel vostro browser dai siti internet che visitate.\u00a0 Se non volete che si utilizzino i cookie, siete pregati di leggere pi\u00f9 avanti o di visitare la nostra pagina <a href=\"https:\/\/www.youronlinechoices.com\/uk\/five-top-tips\">con i cinque migliori accorgimenti<\/a> per ulteriori informazioni su come gestire o disabilitare i cookie nelle impostazioni sulla privacy del vostro browser web. Si prega di tener presente che con la disabilitazione dei cookie per questa finalit\u00e0, lo strumento di controllo non funzioner\u00e0 pi\u00f9 correttamente\u00a0 e ci\u00f2 potrebbe influire negativamente sull\u2019esperienza di navigazione in generale.<\/p>\n<p>&nbsp;<\/p>\n<p>Molte delle societ\u00e0 elencate nella pagina \u201cLe tue scelte\u201d utilizzano i cookie per verificare il vostro status attuale di pubblicit\u00e0 comportamentale online, (ad esempio \u201cattivato\u201d o \u201cdisattivato\u201d in base alle vostre preferenze di scelta), per eseguire la scelta che volete esercitare. Questi cookie sono essenziali per la funzionalit\u00e0 della pagina di controllo ma anche al fine di identificare errori di esecuzione.<\/p>\n<p>&nbsp;<\/p>\n<p>All\u2019interno di questo sito utilizziamo i cookie anche per mantenerne la funzionalit\u00e0 e in generale per migliorare continuamente i servizi che vi offriamo attraverso lo stesso.\u00a0 Nel corso di questo processo non sono memorizzate informazioni personali e le informazioni raccolte \u00a0si utilizzano solo in aggregato. Se volete disattivare questa funzione, si prega di utilizzare la funzione di cui infra.<\/p>\n<p>&nbsp;<\/p>\n<p>Per una descrizione dettagliata dei cookie utilizzati su questo sito internet si veda pi\u00f9 avanti..<\/p>\n<p>&nbsp;<\/p>\n<h3><strong>Quali cookie si utilizzano su questo sito?<\/strong><\/h3>\n<p>&nbsp;<\/p>\n<table border=\"0\" cellspacing=\"5\" cellpadding=\"5\">\n<tbody>\n<tr>\n<td style=\"border-bottom: 1px solid #ccc; text-align: left;\" valign=\"top\">Cookie<\/td>\n<td style=\"border-bottom: 1px solid #ccc; text-align: left;\" valign=\"top\">Finalit\u00e0 del cookie<\/td>\n<td style=\"border-bottom: 1px solid #ccc; text-align: left;\" valign=\"top\">Natura del cookie<\/td>\n<td style=\"border-bottom: 1px solid #ccc; text-align: left;\" valign=\"top\">Tipo di cookie<\/td>\n<\/tr>\n<tr>\n<td style=\"border-bottom: 1px solid #ccc; text-align: left;\" valign=\"top\">Web Analytics<\/td>\n<td style=\"border-bottom: 1px solid #ccc; text-align: left;\">EDAA, basato sul self-hosted Matomo: traccia la quantit\u00e0 di visite di ciascun utente, nonch\u00e9 l\u2019ora in cui \u00e8 avvenuta la prima visita, la precedente e l\u2019ultima.<\/td>\n<td style=\"border-bottom: 1px solid #ccc; text-align: left;\">Cookie di propriet\u00e0 del dominio<\/td>\n<td style=\"border-bottom: 1px solid #ccc; text-align: left;\">1 anno<\/td>\n<\/tr>\n<tr>\n<td style=\"border-bottom: 1px solid #ccc; text-align: left;\" valign=\"top\">Cookie utilizzato per monitorare l\u2019affidabilit\u00e0 dell\u2019integrazione delle imprese<\/td>\n<td style=\"border-bottom: 1px solid #ccc; text-align: left;\">Utilizzati per monitorare l\u2019affidabilit\u00e0 dei punti di integrazione delle aziende assieme al sito internet.<\/td>\n<td style=\"border-bottom: 1px solid #ccc; text-align: left;\">Cookie di propriet\u00e0 del dominio<\/td>\n<td style=\"border-bottom: 1px solid #ccc; text-align: left;\">Un mese<\/td>\n<\/tr>\n<tr>\n<td style=\"border-bottom: 1px solid #ccc; text-align: left;\" valign=\"top\">Cookie banner<\/td>\n<td style=\"border-bottom: 1px solid #ccc; text-align: left;\">Utilizzato per ricordare se un visitatore del web ha rigettato il \u201ccookie banner\u201d apparso in alto sulle pagine web.<\/td>\n<td style=\"border-bottom: 1px solid #ccc; text-align: left;\">Cookie di propriet\u00e0 del dominio<\/td>\n<td style=\"border-bottom: 1px solid #ccc; text-align: left;\">24 ore<\/td>\n<\/tr>\n<\/tbody>\n<\/table>\n<p>&nbsp;<\/p>\n<h3><strong>Definizioni<\/strong><\/h3>\n<p>&nbsp;<\/p>\n<ul>\n<li>\u201cCookie di propriet\u00e0 del dominio (\u201cfirst party cookie\u201d) \u2013 Un cookie posizionato dal presente sito web<\/li>\n<li>Cookie di terze parti (\u201cthird party cookie\u201d) \u2013 Un cookie posizionato da un altro dominio (es.non questo sito)<\/li>\n<li>Cookie permanente ( cookie permanente) \u2013\u00a0\u00a0 le informazioni dei cookie sono memorizzate in modo permanente sul vostro dispositivo.<\/li>\n<\/ul>\n<p>&nbsp;<\/p>\n<p>Non cerchiamo di raccogliere le vostre informazioni personali e se lo facciamo ci impegniamo per renderle anonime il prima possiible.<\/p>\n<p>&nbsp;<\/p>\n<h3><strong>\u00a0Come posso gestire l\u2019utilizzo dei cookie su questo sito?<\/strong><\/h3>\n<p>&nbsp;<\/p>\n<p>Tutte le tecnologie di navigazione vi permettono di gestire i cookie nella cartella dei cookie del vostro browser web. Ci\u00f2 significa che \u00e8 possibile cancellare i cookie dalla vostra cartella dei cookie al termine\u00a0 della visita al nostro sito, oppure \u00e8 possibile impostare le vostre preferenze sull\u2019uso dei cookie prima di iniziare a navigare sul nostro sito.\u00a0 Come precedentemente indicato, si prega di tener conto che la cancellazione o il rifiuto dei cookie pu\u00f2 influire negativamente sulla vostra esperienza di navigazione sul nostro sito.<\/p>\n<p>&nbsp;<\/p>\n<p>Altre informazioni sono a vostra disposizione su:<\/p>\n<ul>\n<li><a href=\"https:\/\/www.google.com\/intl\/en\/chrome\/privacy\/\">Google<\/a><\/li>\n<li><a href=\"https:\/\/support.mozilla.org\/en-US\/kb\/cookies-information-websites-store-on-your-computer?redirectlocale=en-US&amp;redirectslug=Cookies#w_cookie-settings\">Firefox<\/a><\/li>\n<li><a href=\"https:\/\/support.microsoft.com\/en-us\/help\/17442\/windows-internet-explorer-delete-manage-cookies\">Windows<\/a><\/li>\n<li><a href=\"https:\/\/www.apple.com\/safari\/#security\">Safari<\/a><\/li>\n<\/ul>\n<p>&nbsp;<\/p>\n<div id=\"matomo-opt-out\"><\/div>\n<p><script src=\"https:\/\/analytics.youronlinechoices.com\/index.php?module=CoreAdminHome&#038;action=optOutJS&#038;divId=matomo-opt-out&#038;language=it&#038;showIntro=1\"><\/script><\/p>\n<p>&nbsp;<\/p>\n<h3><strong>Per contattarci<\/strong><\/h3>\n<p>&nbsp;<\/p>\n<p>Per ulteriori domande in merito al nostro trattamento dei vostri dati personali, o in caso di evenutale esercizio da parte vostra dei vostri diritti in base \u00a0alla presente informativa, si prega di contattare:<\/p>\n<p>EDAA | Rue des Deux Eglises 26| B-1000 | Bruxelles | Belgio<br \/>\nTel: +32 (0)2 513 78 06 | Fax: +32 (0)2 513 28 61<br \/>\nprivacy@edaa.eu<\/p>\n","protected":false},"excerpt":{"rendered":"<p>Protezione della propria Privacy &nbsp; Il presente sito internet si avvale del settore della pubblicit\u00e0 digitale ed \u00e8 gestito dalla European\u00a0 Interactive Digital Advertising Alliance (EDAA). Ci impegniamo a rispettare e proteggere la privacy dei singoli individui con cui intratteniamo rapporti: passato, presente e futuro. In forza di questo impegno, cerchiamo di fornire informazioni chiare [&hellip;]<\/p>\n","protected":false},"author":2,"featured_media":0,"parent":0,"menu_order":0,"comment_status":"closed","ping_status":"closed","template":"","meta":[],"_links":{"self":[{"href":"https:\/\/www.youronlinechoices.com\/ch-it\/wp-json\/wp\/v2\/pages\/373"}],"collection":[{"href":"https:\/\/www.youronlinechoices.com\/ch-it\/wp-json\/wp\/v2\/pages"}],"about":[{"href":"https:\/\/www.youronlinechoices.com\/ch-it\/wp-json\/wp\/v2\/types\/page"}],"author":[{"embeddable":true,"href":"https:\/\/www.youronlinechoices.com\/ch-it\/wp-json\/wp\/v2\/users\/2"}],"replies":[{"embeddable":true,"href":"https:\/\/www.youronlinechoices.com\/ch-it\/wp-json\/wp\/v2\/comments?post=373"}],"version-history":[{"count":6,"href":"https:\/\/www.youronlinechoices.com\/ch-it\/wp-json\/wp\/v2\/pages\/373\/revisions"}],"predecessor-version":[{"id":399,"href":"https:\/\/www.youronlinechoices.com\/ch-it\/wp-json\/wp\/v2\/pages\/373\/revisions\/399"}],"wp:attachment":[{"href":"https:\/\/www.youronlinechoices.com\/ch-it\/wp-json\/wp\/v2\/media?parent=373"}],"curies":[{"name":"wp","href":"https:\/\/api.w.org\/{rel}","templated":true}]}}