{"id":259,"date":"2011-09-10T17:16:57","date_gmt":"2011-09-10T17:16:57","guid":{"rendered":"https:\/\/www.youronlinechoices.com\/ch-it\/?page_id=259"},"modified":"2017-11-21T11:03:12","modified_gmt":"2017-11-21T11:03:12","slug":"help","status":"publish","type":"page","link":"https:\/\/www.youronlinechoices.com\/ch-it\/help","title":{"rendered":"Help"},"content":{"rendered":"<h2>Di seguito trovate alcune cose che dovete sapere sull\u2019opt out&#8230;<\/h2>\n<p>&nbsp;<\/p>\n<ul>\n<li>Se si sceglie di rifiutare la pubblicit\u00e0 comportamentale utilizzando la<a href=\"https:\/\/www.youronlinechoices.com\/ch-it\/opt-out\/ \"> pagina presente su questo sito<\/a>, \u00e8 importante ricordare che non significa che non si potranno pi\u00f9 ricevere pubblicit\u00e0 mentre si utilizza internet. Significa invece che le pubblicit\u00e0 che appariranno sui siti web che visiterete non saranno personalizzate per voi e per i vostri interessi e potrebbero essere meno rilevanti per voi.<\/li>\n<\/ul>\n<p>&nbsp;<\/p>\n<ul>\n<li>Se si sceglie di azionare l\u2019opt-out su di un particolare fornitore di pubblicit\u00e0 comportamentale questa scelta verr\u00e0 applicata solo alla raccolta di dati di business in particolare sul <a href=\"https:\/\/www.youronlinechoices.com\/ch-it\/glossario\/ \">web browser <\/a>che si sta utilizzando. Allo stesso modo, se si sceglie di rinunciare a tutte le pubblicit\u00e0 comportamentali da parte dei fornitori elencati, la scelta si applicher\u00e0 solo al web browser che si sta utilizzando. Sar\u00e0 necessario seguire la stessa procedura su tutti i diversi browser che si utilizzano sullo stesso e\/o su diversi computer o dispositivi. Si prega di notare che se ci sono degli account utente separati su uno stesso computer all&#8217;interno di un nucleo familiare \u00e8 possibile personalizzare le preferenze per ogni account. <a href=\"https:\/\/www.youronlinechoices.com\/ch-it\/cinque-principali-accorgimenti\/ \">Vedi i nostri suggerimenti<\/a>.<\/li>\n<\/ul>\n<p>&nbsp;<\/p>\n<ul>\n<li>Se avete scelto di attivare l\u2019opt-out della pubblicit\u00e0 comportamentale e poi decidete che si preferisce ricevere pubblicit\u00e0 attinenti ai propri interessi, si pu\u00f2 attivare l\u2019opt-in utilizzando lo stesso modulo sulla nostra pagina di opt-out. In alternativa, \u00e8 possibile eliminare i cookie sul vostro browser web. <a href=\"https:\/\/www.youronlinechoices.com\/ch-it\/cinque-principali-accorgimenti\/ \">Vedi i nostri consigli per fare questo<\/a>.<\/li>\n<\/ul>\n<p>&nbsp;<\/p>\n<ul>\n<li>Se si riscontrano problemi particolari con l\u2019utilizzo della nostra pagina di opt-out, vedere qui sotto.<\/li>\n<\/ul>\n<p>&nbsp;<\/p>\n<h2>Avete problemi con lo strumento di opt-out su questo sito?<\/h2>\n<p>&nbsp;<\/p>\n<ul>\n<li>Ci sono un certo numero di fattori che potrebbero influenzare le prestazioni della pagina di opt-out che sono al di fuori del nostro controllo. Questi comprendono i problemi con la connessione ad internet, la sicurezza della rete aziendale o le impostazioni del browser web.<br \/>\nSe si verificano problemi di opt-out utilizzando i link che abbiamo fornito in questo sito, vi consigliamo innanzitutto di <a href=\"https:\/\/www.youronlinechoices.com\/ch-it\/opt-out\/\">riprovare<\/a>.<\/li>\n<\/ul>\n<p>&nbsp;<\/p>\n<h2>Se il problema persiste, vedi sotto.<\/h2>\n<p>&nbsp;<\/p>\n<ul>\n<li>I vari strumenti di opt-out forniti sono basati sui cookie. Pertanto, \u00e8 necessario impostare il browser web per accettare i <a href=\"https:\/\/www.youronlinechoices.com\/it\/glossario\/\">cookie di terze parti<\/a> per permettere all&#8217;opt-out di lavorare con successo. Visita i nostri suggerimenti <a href=\"https:\/\/www.youronlinechoices.com\/ch-it\/cinque-principali-accorgimenti\/\">qui<\/a> per saperne di pi\u00f9 su come configurare le impostazioni del browser web che stai utilizzando.<\/li>\n<\/ul>\n<p>&nbsp;<\/p>\n<ul>\n<li>Per ulteriori informazioni e supporto \u00e8 possibile anche visitare la pagina di aiuto specifica del web browser che si sta utilizzando:<\/li>\n<\/ul>\n<p><a href=\"http:\/\/translate.google.com\/translate?hl=it&amp;ie=UTF8&amp;rurl=translate.google.it&amp;sl=en&amp;tl=it&amp;twu=1&amp;u=http:\/\/support.microsoft.com\/kb\/283185\">Internet Explorer<br \/>\n<\/a> <a href=\"http:\/\/translate.google.com\/translate?hl=it&amp;ie=UTF8&amp;rurl=translate.google.it&amp;sl=en&amp;tl=it&amp;twu=1&amp;u=http:\/\/support.mozilla.com\/en-US\/kb\/Options%2Bwindow%2B-%2BPrivacy%2Bpanel\">Firefox<br \/>\n<\/a> <a href=\"http:\/\/translate.google.com\/translate?hl=it&amp;ie=UTF8&amp;rurl=translate.google.it&amp;sl=en&amp;tl=it&amp;twu=1&amp;u=http:\/\/docs.info.apple.com\/article.html%3Fpath%3DSafari\/3.0\/en\/9277.html\">Safari<br \/>\n<\/a> <a href=\"http:\/\/translate.google.com\/translate?hl=it&amp;ie=UTF8&amp;rurl=translate.google.it&amp;sl=en&amp;tl=it&amp;twu=1&amp;u=http:\/\/www.google.com\/support\/chrome\/bin\/answer.py%3Fhl%3Den%26answer%3D95647\">Chrome<\/a><\/p>\n<p>&nbsp;<\/p>\n<ul>\n<li>Se si continuano ad avere problemi con lo strumento di opt-out \u00e8 possibile contattarci qui.<\/li>\n<\/ul>\n<p>&nbsp;<\/p>\n<h2>Inviaci il tuo <a href=\"mailto:feedback@iab.it\">feedback@iab.it<\/a><\/h2>\n<p>&nbsp;<\/p>\n<h3>Inviaci un tuo commento::\u00a0<a href=\"mailto:contact@iab-switzerland.ch\">contact@iab-switzerland.ch<\/a><\/h3>\n","protected":false},"excerpt":{"rendered":"<p>Di seguito trovate alcune cose che dovete sapere sull\u2019opt out&#8230; &nbsp; Se si sceglie di rifiutare la pubblicit\u00e0 comportamentale utilizzando la pagina presente su questo sito, \u00e8 importante ricordare che non significa che non si potranno pi\u00f9 ricevere pubblicit\u00e0 mentre si utilizza internet. Significa invece che le pubblicit\u00e0 che appariranno sui siti web che visiterete [&hellip;]<\/p>\n","protected":false},"author":2,"featured_media":0,"parent":0,"menu_order":7,"comment_status":"closed","ping_status":"closed","template":"","meta":[],"_links":{"self":[{"href":"https:\/\/www.youronlinechoices.com\/ch-it\/wp-json\/wp\/v2\/pages\/259"}],"collection":[{"href":"https:\/\/www.youronlinechoices.com\/ch-it\/wp-json\/wp\/v2\/pages"}],"about":[{"href":"https:\/\/www.youronlinechoices.com\/ch-it\/wp-json\/wp\/v2\/types\/page"}],"author":[{"embeddable":true,"href":"https:\/\/www.youronlinechoices.com\/ch-it\/wp-json\/wp\/v2\/users\/2"}],"replies":[{"embeddable":true,"href":"https:\/\/www.youronlinechoices.com\/ch-it\/wp-json\/wp\/v2\/comments?post=259"}],"version-history":[{"count":7,"href":"https:\/\/www.youronlinechoices.com\/ch-it\/wp-json\/wp\/v2\/pages\/259\/revisions"}],"predecessor-version":[{"id":356,"href":"https:\/\/www.youronlinechoices.com\/ch-it\/wp-json\/wp\/v2\/pages\/259\/revisions\/356"}],"wp:attachment":[{"href":"https:\/\/www.youronlinechoices.com\/ch-it\/wp-json\/wp\/v2\/media?parent=259"}],"curies":[{"name":"wp","href":"https:\/\/api.w.org\/{rel}","templated":true}]}}