{"id":257,"date":"2011-09-10T17:16:06","date_gmt":"2011-09-10T17:16:06","guid":{"rendered":"https:\/\/www.youronlinechoices.com\/ch-it\/?page_id=257"},"modified":"2018-04-09T22:31:25","modified_gmt":"2018-04-09T22:31:25","slug":"glossario","status":"publish","type":"page","link":"https:\/\/www.youronlinechoices.com\/ch-it\/glossario","title":{"rendered":"Glossario"},"content":{"rendered":"<p>Questo glossario spiega tutti i termini pi\u00f9 importanti del mondo della pubblicit\u00e0 comportamentale.<br \/>\n<!-- br --><br \/>\n<!-- br --><\/p>\n<p><span style=\"color: #000000; font-size: medium;\"><strong>Advertising Network\/Rete pubblicitaria<\/strong><\/span><br \/>\n<!-- br --><br \/>\n<!-- br --><br \/>\nUn\u2019azienda che mette in contatto i siti web e i proprietari di media con gli inserzionisti pertinenti.<strong> <\/strong><\/p>\n<ul>\n<li>Anche detta: <strong>ad network<\/strong><\/li>\n<p>\t<!-- \n\n<li><a href=\"http:\/\/en.wikipedia.org\/wiki\/Advertising_network\" target=\"_self\">Consultare la definizione di Wikipedia<\/a><\/li>\n\n-->\n<\/ul>\n<p><!-- br --><br \/>\n<!-- br --><br \/>\n<span style=\"color: #000000; font-size: medium;\"><strong>Targeted Advertising\/Pubblicit\u00e0 mirata<\/strong><\/span><\/p>\n<p><span style=\"color: #000000; font-size: medium;\"><strong> <\/strong><\/span><br \/>\nUn cookie \u00e8 un piccolo file di lettere e numeri che viene salvato sul vostro computer quando accedete a determinati siti web. I cookie permettono ad un sito web di riconoscere il computer di un utente. Un cookie di per s\u00e9 non contiene n\u00e9 raccoglie informazioni. I cookie sono utilizzati nella pubblicit\u00e0 comportamentale per individuare gli utenti che condividono un interesse particolare al fine di sottoporre loro messaggi pubblicitari pi\u00f9 pertinenti.<\/p>\n<ul>\n<li>Anche detto: <strong>HTTP cookie<\/strong> o <strong>cookie di browser<\/strong><\/li>\n<p>\t<!-- \n\n<li><a href=\"http:\/\/en.wikipedia.org\/wiki\/HTTP_cookie\" target=\"_self\">Consultare la definizione di Wikipedia<\/a><\/li>\n\n-->\n<\/ul>\n<p><!-- br --><br \/>\n<!-- br --><br \/>\n<span style=\"color: #000000; font-size: medium;\"><strong>Contextual Advertising\/Pubblicit\u00e0 contestuale<\/strong><\/span><\/p>\n<p><span style=\"color: #000000; font-size: medium;\"><strong> <\/strong><\/span><br \/>\nPubblicit\u00e0 rivolta ad uno specifico individuo nel determinato momento in cui visita un sito web. I sistemi automatizzati sottopongono messaggi pubblicitari in base al contenuto della pagina visualizzata. Ad esempio, nel momento in cui l\u2019utente visualizza un sito di recensione di film, gli potrebbero essere inviati annunci sulle nuove uscite in sala o offerte promozionali riguardo a film e dvd. La pubblicit\u00e0 contestuale \u00e8 usata anche dai motori di ricerca per visualizzare gli annunci pubblicitari sulle pagine dei risultati di ricerca a seconda delle parole chiave contenute nella ricerca dell\u2019utente.<\/p>\n<ul>\n\t<!-- \n\n<li><a href=\"http:\/\/en.wikipedia.org\/wiki\/Contextual_advertising\" target=\"_self\">Consultare la definizione di Wikipedia<\/a><\/li>\n\n-->\n<\/ul>\n<p><!-- br --><br \/>\n<!-- br --><br \/>\n<span style=\"color: #000000; font-size: medium;\"><strong>Display Advertising\/Pubblicit\u00e0 display<\/strong><\/span><\/p>\n<p><span style=\"color: #000000; font-size: medium;\"><strong><br \/>\n<\/strong><\/span><\/p>\n<p>Annunci grafici visualizzati quando gli utenti visitano un particolare sito. Si presentano generalmente sotto forma di \u2018banner\u2019 o di un video.<\/p>\n<ul>\n<li>Anche detta: <strong>banner web <\/strong>o <strong>banner web o campagna banner<\/strong><\/li>\n<p>\t<!-- \n\n<li><a href=\"http:\/\/en.wikipedia.org\/wiki\/Display_advertising\" target=\"_self\">Consultare la definizione di Wikipedia<\/a><\/li>\n\n-->\n<\/ul>\n<p><!-- br --><br \/>\n<!-- br --><br \/>\n<span style=\"color: #000000; font-size: medium;\"><strong>Online Behavioural Advertising\/Pubblicit\u00e0 comportamentale online&gt;<\/strong><\/span><\/p>\n<p><span style=\"color: #000000; font-size: medium;\"><strong> <\/strong><\/span><br \/>\nUna tecnica utilizzata per inviare messaggi pubblicitari che siano in linea con gli interessi degli utenti, usando le informazioni sui loro comportamenti di navigazione in rete.<\/p>\n<ul>\n<li>Anche detta: <strong>pubblicit\u00e0 comportamentale<\/strong>, <strong>targeting comportamentale<\/strong>, <strong>pubblicit\u00e0 basata sugli interessi<\/strong> or <strong>ad matching<\/strong><\/li>\n<p>\t<!-- \n\n<li><a href=\"http:\/\/en.wikipedia.org\/wiki\/Behavioral_advertising\" target=\"_self\">Consultare la definizione di Wikipedia<\/a><\/li>\n\n-->\n<\/ul>\n<p><!-- br --><br \/>\n<span style=\"color: #000000; font-size: medium;\"><strong>Personally Identifiable Information\/Informazioni di identificazione personale<\/strong><\/span><\/p>\n<p><span style=\"color: #000000; font-size: medium;\"><strong> <\/strong><\/span><br \/>\nSono informazioni che, da sole o associate ad altre, possono individuare inequivocabilmente un individuo. Esempi di informazioni di identificazione personale includono il nome, l\u2019indirizzo, l\u2019e-mail e il numero di telefono. Le PII sono definite dalla direttiva europea 95\/46\/CE.<\/p>\n<ul>\n<li>Anche dette: <strong>dati personali<\/strong> or <strong>PII<\/strong><\/li>\n<p>\t<!-- \n\n<li><a href=\"http:\/\/en.wikipedia.org\/wiki\/Personally_identifiable_information\" target=\"_self\">Consultare la definizione di Wikipedia<\/a><\/li>\n\n-->\n<\/ul>\n<p><!-- br --><br \/>\n<!-- br --><br \/>\n<span style=\"color: #000000; font-size: medium;\"><strong>Targeted Advertising\/Pubblicit\u00e0 mirata<\/strong><\/span><\/p>\n<p><span style=\"color: #000000; font-size: medium;\"><strong> <\/strong><\/span><br \/>\nPubblicit\u00e0 finalizzata in modo specifico ad un particolare segmento di utenti in base a caratteristiche demografiche o comportamentali.<\/p>\n<ul>\n<li>Anche dette: <strong>pubblicit\u00e0 personalizzata<\/strong> o <strong>targhetizzata<\/strong><\/li>\n<p>\t<!-- \n\n<li><a href=\"http:\/\/en.wikipedia.org\/wiki\/Personally_identifiable_information\" target=\"_self\">Consultare la definizione di Wikipedia<\/a><\/li>\n\n-->\n<\/ul>\n<p><!-- br --><br \/>\n<!-- br --><br \/>\n<span style=\"color: #000000; font-size: medium;\"><strong>Browser Web<\/strong><\/span><\/p>\n<p><span style=\"color: #000000; font-size: medium;\"><strong> <\/strong><\/span><br \/>\nProgramma che recupera e raccoglie risorse di informazione e ne organizza e visualizza i risultati in forma standard su un computer. Esempi includono Internet Explorer, Firefox, Chrome, Safari e Opera.<\/p>\n<ul>\n\t<!-- \n\n<li><a href=\"http:\/\/en.wikipedia.org\/wiki\/Personally_identifiable_information\" target=\"_self\">Consultare la definizione di Wikipedia<\/a><\/li>\n\n-->\n<\/ul>\n<p><!-- br --><br \/>\n<!-- br --><\/p>\n<h3><a href=\"mailto:contact@iab-switzerland.ch\">Inviaci un tuo commento<\/a><\/h3>\n<p><!-- br --><br \/>\n<!-- br --><\/p>\n","protected":false},"excerpt":{"rendered":"<p>Questo glossario spiega tutti i termini pi\u00f9 importanti del mondo della pubblicit\u00e0 comportamentale. Advertising Network\/Rete pubblicitaria Un\u2019azienda che mette in contatto i siti web e i proprietari di media con gli inserzionisti pertinenti. Anche detta: ad network Targeted Advertising\/Pubblicit\u00e0 mirata Un cookie \u00e8 un piccolo file di lettere e numeri che viene salvato sul vostro [&hellip;]<\/p>\n","protected":false},"author":2,"featured_media":0,"parent":0,"menu_order":6,"comment_status":"closed","ping_status":"closed","template":"","meta":[],"_links":{"self":[{"href":"https:\/\/www.youronlinechoices.com\/ch-it\/wp-json\/wp\/v2\/pages\/257"}],"collection":[{"href":"https:\/\/www.youronlinechoices.com\/ch-it\/wp-json\/wp\/v2\/pages"}],"about":[{"href":"https:\/\/www.youronlinechoices.com\/ch-it\/wp-json\/wp\/v2\/types\/page"}],"author":[{"embeddable":true,"href":"https:\/\/www.youronlinechoices.com\/ch-it\/wp-json\/wp\/v2\/users\/2"}],"replies":[{"embeddable":true,"href":"https:\/\/www.youronlinechoices.com\/ch-it\/wp-json\/wp\/v2\/comments?post=257"}],"version-history":[{"count":17,"href":"https:\/\/www.youronlinechoices.com\/ch-it\/wp-json\/wp\/v2\/pages\/257\/revisions"}],"predecessor-version":[{"id":366,"href":"https:\/\/www.youronlinechoices.com\/ch-it\/wp-json\/wp\/v2\/pages\/257\/revisions\/366"}],"wp:attachment":[{"href":"https:\/\/www.youronlinechoices.com\/ch-it\/wp-json\/wp\/v2\/media?parent=257"}],"curies":[{"name":"wp","href":"https:\/\/api.w.org\/{rel}","templated":true}]}}