{"id":255,"date":"2011-09-10T17:15:23","date_gmt":"2011-09-10T17:15:23","guid":{"rendered":"https:\/\/www.youronlinechoices.com\/ch-it\/?page_id=255"},"modified":"2018-04-09T22:31:10","modified_gmt":"2018-04-09T22:31:10","slug":"faqs-2","status":"publish","type":"page","link":"https:\/\/www.youronlinechoices.com\/ch-it\/faqs-2","title":{"rendered":"FAQs"},"content":{"rendered":"<p>Di seguito trovate un elenco di domande frequenti che vi aiutano a capire come funziona la pubblicit\u00e0 comportamentale.<\/p>\n<ul>\n<li><a href=\"#1\">Che cos\u2019\u00e8 la pubblicit\u00e0 comportamentale online?<\/a><\/li>\n<li><a href=\"#2\">Come funziona?<\/a><\/li>\n<li><a href=\"#3\">Quali dati vengono utilizzati?<\/a><\/li>\n<li><a href=\"#4\">Quali sono i vantaggi?<\/a><\/li>\n<li><a href=\"#5\">Questo tipo di pubblicit\u00e0 \u00e8 una minaccia alla mia privacy?<\/a><\/li>\n<li><a href=\"#6\">Cosa sono le \u2018informazioni di identificazione personale\u2019? Sono utilizzate per la pubblicit\u00e0 comportamentale online?<\/a><\/li>\n<li><a href=\"#7\">Cosa posso fare se non voglio questo tipo di pubblicit\u00e0?<\/a><\/li>\n<li><a href=\"#8\">La pubblicit\u00e0 comportamentale online implica che visualizzer\u00f2 pi\u00f9 annunci?<\/a><\/li>\n<li><a href=\"#9\">La mia esperienza online sar\u00e0 intralciata dagli annunci personalizzati?<\/a><\/li>\n<li><a href=\"#10\">Sul mio computer verr\u00e0 scaricato un software?<\/a><\/li>\n<li><a href=\"#11\">Che cos\u2019\u00e8 un \u2018cookie\u2019 e come viene utilizzato?<\/a><\/li>\n<li><a href=\"#12\">Posso disattivare un cookie?<\/a><\/li>\n<li><a href=\"#13\">Se uso un PC diverso al lavoro, devo effettuare l\u2019opt-out?<\/a><\/li>\n<li><a href=\"#14\">Disattivare il targeting comportamentale mi evita di ricevere spam, pop-up o junk mail?<\/a><\/li>\n<li><a href=\"#15\">Devo fare qualcosa?<\/a><\/li>\n<\/ul>\n<p>&nbsp;<\/p>\n<p><a name=\"1\"><span style=\"color: #000000; font-size: medium;\"><strong>Che cos\u2019\u00e8 la pubblicit\u00e0 comportamentale online<\/strong><\/span><\/a><\/p>\n<p><a name=\"1\"> La <\/a><a href=\"glossario\">pubblicit\u00e0 comportamentale<\/a> online \u00e8 una modalit\u00e0 di utilizzare le informazioni raccolte sulla vostra attivit\u00e0 di navigazione online per raggruppare voi, insieme ad altri utenti, in categorie di interesse specifiche e sottoporvi annunci pubblicitari basati su questi stessi interessi.<br \/>\nLa pubblicit\u00e0 comportamentale \u00e8 diversa rispetto ad altre forme di pubblicit\u00e0 su internet, come la <a href=\"glossario\">pubblicit\u00e0 contestuale<\/a>, che \u00e8 invece inviata in risposta alle vostre attivit\u00e0 della sessione in corso (incluse ricerche o visite di siti web).<br \/>\n<!-- br--><br \/>\n<a name=\"2\"><\/a><span style=\"color: #000000; font-size: medium;\"><strong>Come funziona?<\/strong><\/span><\/p>\n<p>Esistono diversi modi per inviare messaggi personalizzati. Di base, le informazioni riguardo ai vostri comportamenti di navigazione in rete, insieme alle informazioni su migliaia di attivit\u00e0 di navigazione di altri utenti, sono raccolte e segmentate in categorie di interesse generali, come ad esempio automobili, finanza e viaggi. Un profilo di interessi (ad esempio, \u201cautomobili\u201d) viene dedotto dai dati raccolti sui siti che avete visitato e un file noto come <\/a><a>cookie<\/a> viene salvato sul vostro computer per identificarvi come utenti interessati alla categoria \u201cautomobili\u201d. Inserzionisti e siti web selezioneranno i messaggi pubblicitari in funzione dell\u2019interesse espresso dalle categorie di utenti e sar\u00e0 il cookie che permetter\u00e0 di proporvi una <a href=\"glossario\">pubblicit\u00e0 display<\/a> pertinente.<\/p>\n<table border=\"0\" cellpadding=\"5\">\n<tbody>\n<tr>\n<td>&nbsp;<\/p>\n<p><a name=\"3\"><span style=\"color: #000000; font-size: medium;\"><strong>Quali dati vengono utilizzati?<\/strong><\/span><\/a><\/p>\n<p><a name=\"3\"><span style=\"color: #000000; font-size: medium;\"><strong> <\/strong><\/span><\/a><br \/>\nLa pubblicit\u00e0 comportamentale pu\u00f2 variare a seconda di quali informazioni sono utilizzate e come. Le <a href=\"https:\/\/www.youronlinechoices.com\/ch-it\/wp-admin\/glossario\">reti pubblicitarie<\/a> tradizionali, ad esempio, raccolgono e utilizzano informazioni quando visitate uno o una serie di siti web che fanno parte di quella particolare rete.<br \/>\n<!-- br--><br \/>\n<a name=\"4\"><span style=\"color: #000000; font-size: medium;\"><strong>Quali sono i vantaggi?<\/strong><\/span><\/a><\/p>\n<p><a name=\"4\"> <\/a><a name=\"4\"><span style=\"color: #000000; font-size: medium;\"><strong> <\/strong><\/span><br \/>\nRicevere <\/a><a href=\"https:\/\/www.youronlinechoices.com\/ch-it\/wp-admin\/glossario\">pubblicit\u00e0 display online<\/a> selezionata in funzione degli utenti e dei loro interessi. Ad esempio, se siete interessati al giardinaggio e visitate siti di giardinaggio, durante la stessa sessione o in una sessione successiva potrete ricevere annunci di offerte speciali sull\u2019acquisto di tosaerba.<br \/>\n<!-- br--><br \/>\nUna pubblicit\u00e0 pi\u00f9 mirata \u00e8 utile, in quanto riceverete annunci pi\u00f9 pertinenti ai vostri interessi insieme all\u2019accesso a contenuti di qualit\u00e0, servizi e applicazioni, il tutto gratuitamente. \u00c8 vantaggiosa per gli inserzionisti, che sono in grado di raggiungere quel pubblico che con maggiori probabilit\u00e0 sar\u00e0 interessato a determinate informazioni, escludendo coloro che probabilmente non lo sono. E lo \u00e8 anche per gli editori di rete, in quanto la pubblicit\u00e0 consente loro di continuare a fornire contenuti gratuiti, rendendo gli annunci pi\u00f9 pertinenti rispetto alle esigenze dei loro utenti. Gli introiti della pubblicit\u00e0 contribuiscono a finanziare le innovazioni future e i servizi su internet.<br \/>\n<!-- br--><br \/>\n<a name=\"5\"><span style=\"color: #000000; font-size: medium;\"><strong>Questo tipo di pubblicit\u00e0 \u00e8 una minaccia alla mia privacy?<\/strong><\/span><\/a><\/p>\n<p><a name=\"5\"> <\/a><span style=\"color: #000000; font-size: medium;\"><strong> <\/strong><\/span><br \/>\nTutti i fornitori di questo tipo di servizio devono conformarsi alla legislazione in vigore. Nella maggior parte dei casi, le informazioni utilizzate per gli annunci mirati non sono personali in quanto voi, utenti, non potete essere identificati. Qualora siano utilizzate <a href=\"https:\/\/www.youronlinechoices.com\/ch-it\/wp-admin\/glossario\">informazioni di identificazione personale<\/a> (come i dati di registrazione), ne sarete stati messi al corrente attraverso l\u2019informativa sulla privacy del sito web e avrete espresso il vostro consenso al momento della registrazione per ricevere il servizio richiesto. Avete sempre la possibilit\u00e0 di scegliere se fruire o no di messaggi pubblicitari pertinenti.<br \/>\n<!-- br--><br \/>\n<a name=\"6\"><span style=\"color: #000000; font-size: medium;\"><strong>Cosa sono le \u2018informazioni di identificazione personale\u2019? Sono utilizzate per la pubblicit\u00e0 comportamentale online?<\/strong><\/span><\/a><\/p>\n<p><a name=\"6\"> <\/a><a name=\"6\"><span style=\"color: #000000; font-size: medium;\"><strong> <\/strong><\/span><br \/>\nLe <\/a><a href=\"https:\/\/www.youronlinechoices.com\/ch-it\/wp-admin\/glossario\">informazioni di identificazione personale<\/a> sono dati che, da soli o associati ad altri dati in possesso di una determinata azienda, vi identificano univocamente come persona. Esempi ovvii includono nome, indirizzo e posta elettronica. La maggior parte dei fornitori non usa le informazioni di identificazione personale per la pubblicit\u00e0 comportamentale. Tuttavia, se un fornitore utilizza queste informazioni che vi riguardano, ne sarete stati precedentemente informati attraverso l\u2019informativa sulla privacy del sito web, nel momento in cui vi sarete registrati per fruire di un particolare servizio.<br \/>\n<!-- br--><br \/>\n<a name=\"7\"><span style=\"color: #000000; font-size: medium;\"><strong>Cosa posso fare se non voglio questo tipo di pubblicit\u00e0?<\/strong><\/span><\/a><\/p>\n<p><a name=\"7\"> <\/a><a name=\"7\"><span style=\"color: #f000000; font-size: medium;\"><strong> <\/strong><\/span><br \/>\n<\/a><a href=\"https:\/\/www.youronlinechoices.com\/it\/le-tue-scelte\/\">Potete effettuare l\u2019opt-out qui,<\/a><em> <\/em>cio\u00e8 scegliere di non accettarla.<\/p>\n<p>&nbsp;<\/p>\n<p>\u00c8 importante ricordare che ci\u00f2 non significa che non riceverete pi\u00f9 pubblicit\u00e0 mentre navigherete su internet. Significa soltanto che la pubblicit\u00e0 che vedete visualizzata sui vostri siti web non sar\u00e0 personalizzata in funzione vostra e dei vostri interessi e forse sar\u00e0 meno pertinente.<\/p>\n<p><a href=\"https:\/\/www.youronlinechoices.com\/ch-it\/help\/\">Per ulteriori informazioni, visitate la nostra help page per l\u2019opt-out.<\/a><br \/>\n<!-- br--><br \/>\n<a name=\"8\"><\/a><span style=\"color: #000000; font-size: medium;\"><strong>La pubblicit\u00e0 comportamentale online implica che visualizzer\u00f2 pi\u00f9 annunci?<\/strong><\/span><\/p>\n<p><span style=\"color: #000000; font-size: medium;\"><strong> <\/strong><\/span><br \/>\nNo. Significa semplicemente che gli annunci pubblicitari che visualizzerete su alcuni siti web saranno pi\u00f9 adatti a voi e ai vostri interessi.<br \/>\n<!-- br--><br \/>\n<a name=\"9\"><\/a><span style=\"color: #000000; font-size: medium;\"><strong>La mia esperienza online sar\u00e0 intralciata dagli annunci personalizzati?<\/strong><\/span><\/p>\n<p><span style=\"color: #000000; font-size: medium;\"><strong> <\/strong><\/span><br \/>\nNo. Durante il collegamento a internet non vedrete n\u00e9 sperimenterete nulla di diverso. La pubblicit\u00e0 comportamentale \u00e8 semplicemente finalizzata a fare in modo che la pubblicit\u00e0 display sia maggiormente in linea con le vostre esigenze.<br \/>\n<!-- br--><br \/>\n<a name=\"10\"><span style=\"color: #000000; font-size: medium;\"><strong>Sul mio computer verr\u00e0 scaricato un software?<\/strong><\/span><\/a><br \/>\n<!-- br--><br \/>\nNo.<br \/>\n<!-- br--><br \/>\n<\/a><a name=\"11\"><span style=\"color: #000000; font-size: medium;\"><strong>Che cos\u2019\u00e8 un \u2018cookie\u2019 e come viene utilizzato?<\/strong><\/span><\/a><\/p>\n<p><a name=\"11\"> <\/a><a name=\"11\"><span style=\"color: #000000; font-size: medium;\"><strong> <\/strong><\/span><br \/>\nUn <\/a><a href=\"glossario\">cookie<\/a> \u00e8 un piccolo file di lettere e numeri che viene scaricato sul vostro computer, quando accedete a certi siti web. I cookie consentono ad un sito web di riconoscere le preferenze espresse da un utente durante una precedente navigazione, quando torna a visitare quel sito. Un cookie di per s\u00e9 non contiene n\u00e9 raccoglie informazioni. Tuttavia, quando viene letto da un server in relazione ad un browser di rete, pu\u00f2 aiutare un sito web a offrire un accesso pi\u00f9 facile, ad esempio, ricordando gli acquisti precedenti o i dettagli di un account.<br \/>\nI cookie sono registrati nella memoria del vostro browser e ciascuno contiene generalmente:<\/p>\n<p>&nbsp;<\/p>\n<ul>\n<li>Il nome del server da cui il cookie \u00e8 stato inviato<\/li>\n<li>La scadenza del cookie<\/li>\n<li>Un valore, solitamente un numero unico generato a caso dal computer<\/li>\n<\/ul>\n<p>&nbsp;<\/p>\n<p>Il server del sito web che trasferisce il cookie utilizza questo numero per riconoscervi quando tornate a visitare un sito o navigate da una pagina all\u2019altra. Solo il server che ha inviato un cookie pu\u00f2 leggere e quindi utilizzare quel cookie. I cookie sono fondamentali per personalizzare internet e la pubblicit\u00e0 comportamentale online funziona generalmente utilizzando i cookie.<br \/>\n<!-- br--><br \/>\n<a name=\"12\"><\/a><span style=\"color: #000000; font-size: medium;\"><strong>Posso disattivare un cookie?<\/strong><\/span><\/a><\/p>\n<p><a name=\"12\"><\/a><span style=\"color: #000000; font-size: medium;\"><strong> <\/strong><\/span><br \/>\nS\u00ec. Alcuni browser vi permetteranno di bloccare solo i <\/a><a href=\"glossario\">cookie di terze parti<\/a> (vale a dire un cookie salvato sul vostro browser da una terza parte, ad esempio una <a href=\"glossario\">rete pubblicitaria<\/a> diversa dal proprietario di quel determinato sito web) o consentiranno di usare le impostazioni solo per bloccare i cookie che non corrispondono alle vostre preferenze relative alla privacy.<br \/>\nPotete scegliere di disattivare tutti i cookie, ma questa operazione potrebbe ripercuotersi in maniera incisiva sulla vostra esperienza di navigazione in rete, se utilizzate servizi che funzionano attraverso i cookie. Visitate i nostri <a href=\"cinque-principali-accorgimenti\">principali accorgimenti<\/a> per saperne di pi\u00f9 su come gestire le impostazioni sulla privacy del vostro browser di rete.<br \/>\n<!-- br--><br \/>\n<a name=\"13\"><\/a><span style=\"color: #000000; font-size: medium;\"><strong>Se uso un PC diverso al lavoro, devo effettuare l\u2019opt-out?<\/strong><\/span><\/p>\n<p><strong style=\"font-size: medium; line-height: 19px;\"><br \/>\n<\/strong><\/p>\n<p>S\u00ec. Se scegliete di escludervi dalla pubblicit\u00e0 comportamentale di una determinata azienda, questa scelta sar\u00e0 valida soltanto per la raccolta e l\u2019utilizzo dei dati da parte di quella azienda specifica sul browser web di internet del computer o dello strumento che state utilizzando. La vostra scelta si ripercuoter\u00e0 anche sulle altre persone che impiegano quel browser web. Dovrete seguire la stessa procedura su ogni computer che usate o su un altro browser web che utilizzate (ad esempio, Internet Explorer, Google Chrome, Mozilla Firefox o Safari) per disattivare completamente gli annunci personalizzati di quel particolare fornitore. Per ulteriori informazioni sulla procedura di disattivazione, potete visitare la nostra help page per l\u2019opt-out.<br \/>\n<!-- br--><br \/>\n<a name=\"14\"><span style=\"color: #000000; font-size: medium;\"><strong>Disattivare il targeting comportamentale mi evita di ricevere spam, pop-up o junk mail?<\/strong><\/span><\/a><\/p>\n<p><a name=\"14\"><\/a><span style=\"color: #000000; font-size: medium;\"><strong> <\/strong><\/span><br \/>\nNo. Disabilitare la pubblicit\u00e0 comportamentale significa soltanto che non riceverete altre pubblicit\u00e0 display personalizzate mediante questo tipo di meccanismo. La disattivazione non implica n\u00e9 permette di declinare un tipo specifico di pubblicit\u00e0 come e-mail o pop-up.<br \/>\n<!-- br--><br \/>\n<a name=\"15\"><\/a><span style=\"color: #000000; font-size: medium;\"><strong>Devo fare qualcosa?<\/strong><\/span><\/p>\n<p><a style=\"line-height: 19px;\" href=\"cinque-principali-accorgimenti\"><\/a>Date uno sguardo rapido ai nostri cinque principali accorgimenti.<\/p>\n<p>&nbsp;<\/p>\n<h3>Inviaci un tuo commento::\u00a0<a href=\"mailto:contact@iab-switzerland.ch\">contact@iab-switzerland.ch<\/a><\/h3>\n<\/td>\n<\/tr>\n<\/tbody>\n<\/table>\n","protected":false},"excerpt":{"rendered":"<p>Di seguito trovate un elenco di domande frequenti che vi aiutano a capire come funziona la pubblicit\u00e0 comportamentale. Che cos\u2019\u00e8 la pubblicit\u00e0 comportamentale online? Come funziona? Quali dati vengono utilizzati? Quali sono i vantaggi? Questo tipo di pubblicit\u00e0 \u00e8 una minaccia alla mia privacy? Cosa sono le \u2018informazioni di identificazione personale\u2019? Sono utilizzate per la [&hellip;]<\/p>\n","protected":false},"author":2,"featured_media":0,"parent":0,"menu_order":5,"comment_status":"closed","ping_status":"closed","template":"","meta":[],"_links":{"self":[{"href":"https:\/\/www.youronlinechoices.com\/ch-it\/wp-json\/wp\/v2\/pages\/255"}],"collection":[{"href":"https:\/\/www.youronlinechoices.com\/ch-it\/wp-json\/wp\/v2\/pages"}],"about":[{"href":"https:\/\/www.youronlinechoices.com\/ch-it\/wp-json\/wp\/v2\/types\/page"}],"author":[{"embeddable":true,"href":"https:\/\/www.youronlinechoices.com\/ch-it\/wp-json\/wp\/v2\/users\/2"}],"replies":[{"embeddable":true,"href":"https:\/\/www.youronlinechoices.com\/ch-it\/wp-json\/wp\/v2\/comments?post=255"}],"version-history":[{"count":22,"href":"https:\/\/www.youronlinechoices.com\/ch-it\/wp-json\/wp\/v2\/pages\/255\/revisions"}],"predecessor-version":[{"id":364,"href":"https:\/\/www.youronlinechoices.com\/ch-it\/wp-json\/wp\/v2\/pages\/255\/revisions\/364"}],"wp:attachment":[{"href":"https:\/\/www.youronlinechoices.com\/ch-it\/wp-json\/wp\/v2\/media?parent=255"}],"curies":[{"name":"wp","href":"https:\/\/api.w.org\/{rel}","templated":true}]}}