{"id":251,"date":"2011-09-10T17:13:29","date_gmt":"2011-09-10T17:13:29","guid":{"rendered":"https:\/\/www.youronlinechoices.com\/ch-it\/?page_id=251"},"modified":"2015-05-14T11:52:08","modified_gmt":"2015-05-14T11:52:08","slug":"le-tue-scelte","status":"publish","type":"page","link":"https:\/\/www.youronlinechoices.com\/ch-it\/le-tue-scelte","title":{"rendered":"Le tue scelte"},"content":{"rendered":"<div class=\"mb10\">\nLe societ\u00e0 elencate di seguito sono alcuni dei provider che lavorano con i gestori dei siti web per raccogliere e utilizzare informazioni utili alla fruizione della pubblicit\u00e0 comportamentale. Utilizza i bottoni di seguito per controllare le tue preferenze sulla pubblicit\u00e0 comportamentale online. Puoi disattivare o attivare tutte le societ\u00e0 o in alternativa regolare le tue preferenze individualmente per ogni societ\u00e0. Cliccando sulla &#8220;i&#8221; puoi visualizzare maggiori informazioni sia sulla societ\u00e0 sia sul relativo stato di pubblicit\u00e0 comportamentale attivato sul browser che stai utilizzando. Se si verificasse qualsiasi problema nell&#8217;attivazione o disattivazione delle tue scelte, visita la nostra <a href=\"https:\/\/www.youronlinechoices.com\/ch-it\/help\/\">pagina di aiuto<\/a><\/p>\n<\/div>\n<div class=\"liteyellowbg p10\">\n<div class=\"bbsolid bcdarkyellow pb10 mb10\">\n<div class=\"fleft pt10 pl5 pr10\"><img class=\"block attention\" src=\"https:\/\/www.youronlinechoices.com\/images\/pixel.png\" alt=\"\" \/><\/div>\n<div class=\"fleft w90\">Please note: this does not turn off all internet advertising only advertisements that are customised to your likely interests based upon previous web browsing activity. <a class=\"block mt5\" href=\"help\">Read more about the process<\/a><\/div>\n<\/div>\n<div class=\"pl40 pt10 pb10\">\n<p><strong class=\"block mb5\">Status symbols scheme:<\/strong><\/p>\n<div>\n<div class=\"block mb10\"><img class=\"iblock mr5 legend nocookie vamiddle\" src=\"https:\/\/www.youronlinechoices.com\/images\/pixel.png\" alt=\"\" \/><span class=\"iblock w530 vamiddle\">This company has not set-up a cookie, but may deliver in the future advertisements that are customised to your interests.<\/span><\/div>\n<div class=\"block mb10\"><img class=\"iblock vamiddle mr5 legend on\" src=\"https:\/\/www.youronlinechoices.com\/images\/pixel.png\" alt=\"\" \/><span class=\"iblock w530 vamiddle\">This company is delivering advertisements customised to your interests.<\/span><\/div>\n<div class=\"block mb10\"><img class=\"iblock vamiddle mr5 legend off\" src=\"https:\/\/www.youronlinechoices.com\/images\/pixel.png\" alt=\"\" \/><span class=\"iblock w530 vamiddle\">This company is not delivering advertisements customised to your interests.<\/span><\/div>\n<div class=\"block\"><img class=\"iblock vamiddle mr5 legend noconnection\" src=\"https:\/\/www.youronlinechoices.com\/images\/pixel.png\" alt=\"\" \/><span class=\"iblock w530 vamiddle\">This company is experiencing technical issues, and we cannot retrieve your status.<\/span><\/div>\n<\/div>\n<\/div>\n<\/div>\n<div>\n<p><iframe loading=\"lazy\" width=\"100%\" height=\"3700\" id=\"myiframeid\" name=\"myiframeid\" src=\"https:\/\/www.youronlinechoices.com\/opt_out_interface_v2?lang=ch-it\" scrolling=\"no\" frameborder=\"0\" onload=\"\"><\/iframe><\/p>\n<div id=\"loadingLoad\">\n<div class=\"reloadButtons\"> aaa <\/div>\n<p><span id=\"loadingLoadText\">82<\/span>\n<\/div>\n<\/div>\n","protected":false},"excerpt":{"rendered":"<p>Le societ\u00e0 elencate di seguito sono alcuni dei provider che lavorano con i gestori dei siti web per raccogliere e utilizzare informazioni utili alla fruizione della pubblicit\u00e0 comportamentale. Utilizza i bottoni di seguito per controllare le tue preferenze sulla pubblicit\u00e0 comportamentale online. Puoi disattivare o attivare tutte le societ\u00e0 o in alternativa regolare le tue [&hellip;]<\/p>\n","protected":false},"author":2,"featured_media":0,"parent":0,"menu_order":3,"comment_status":"closed","ping_status":"closed","template":"","meta":[],"_links":{"self":[{"href":"https:\/\/www.youronlinechoices.com\/ch-it\/wp-json\/wp\/v2\/pages\/251"}],"collection":[{"href":"https:\/\/www.youronlinechoices.com\/ch-it\/wp-json\/wp\/v2\/pages"}],"about":[{"href":"https:\/\/www.youronlinechoices.com\/ch-it\/wp-json\/wp\/v2\/types\/page"}],"author":[{"embeddable":true,"href":"https:\/\/www.youronlinechoices.com\/ch-it\/wp-json\/wp\/v2\/users\/2"}],"replies":[{"embeddable":true,"href":"https:\/\/www.youronlinechoices.com\/ch-it\/wp-json\/wp\/v2\/comments?post=251"}],"version-history":[{"count":7,"href":"https:\/\/www.youronlinechoices.com\/ch-it\/wp-json\/wp\/v2\/pages\/251\/revisions"}],"predecessor-version":[{"id":341,"href":"https:\/\/www.youronlinechoices.com\/ch-it\/wp-json\/wp\/v2\/pages\/251\/revisions\/341"}],"wp:attachment":[{"href":"https:\/\/www.youronlinechoices.com\/ch-it\/wp-json\/wp\/v2\/media?parent=251"}],"curies":[{"name":"wp","href":"https:\/\/api.w.org\/{rel}","templated":true}]}}