{"id":249,"date":"2011-09-10T17:12:58","date_gmt":"2011-09-10T17:12:58","guid":{"rendered":"https:\/\/www.youronlinechoices.com\/ch-it\/?page_id=249"},"modified":"2018-04-09T22:30:51","modified_gmt":"2018-04-09T22:30:51","slug":"a-proposito-della-pubblicita-comportamentale","status":"publish","type":"page","link":"https:\/\/www.youronlinechoices.com\/ch-it\/a-proposito-della-pubblicita-comportamentale","title":{"rendered":"A proposito della pubblicit\u00e0 comportamentale"},"content":{"rendered":"<p>Siamo consapevoli del fatto che alcune persone sanno, meglio di altre, cosa si intende con l\u2019espressione \u201c<a href=\"glossario\">pubblicit\u00e0 comportamentale<\/a>\u201d. Questo sito web \u00e8 stato concepito nella speranza che essa possa essere compresa facilmente da tutte le fasce di utenti.<\/p>\n<p>In parole semplici, la pubblicit\u00e0 comportamentale \u00e8 una pratica che si basa sull\u2019attivit\u00e0 di navigazione in rete e permette ai brand di inviare messaggi pubblicitari agli utenti della rete in funzione dei loro interessi. \u00c8 sicura, trasparente e finalizzata a dare potere di controllo a voi consumatori.<\/p>\n<p>Questo sito web fornir\u00e0 una spiegazione esaustiva delle vostre scelte online e vi consentir\u00e0 di capire come effettuare l\u2019opt-out, di disattivare cio\u00e8 la pubblicit\u00e0 comportamentale.<\/p>\n<p>&nbsp;<br \/>\n<span style=\"color: #f000000; font-size: medium;\"><strong>Che cos\u2019\u00e8 la pubblicit\u00e0 comportamentale online?<\/strong><\/span><\/p>\n<p><span style=\"color: #f000000; font-size: medium;\"><strong> <\/strong><\/span><br \/>\nLa pubblicit\u00e0 comportamentale online (nota anche come \u2018pubblicit\u00e0 basata sugli interessi\u2019) \u00e8 una modalit\u00e0 che consente di inviare messaggi pubblicitari sui siti web che visitate, rendendoli pi\u00f9 in linea con le vostre esigenze e i vostri interessi. Gli interessi condivisi sul web sono raggruppati in funzione dei precedenti percorsi di navigazione in rete effettuati e agli utenti vengono quindi sottoposti annunci che corrispondono ai loro interessi condivisi. In questo modo la pubblicit\u00e0 diventa pi\u00f9 pertinente e pi\u00f9 utile.<\/p>\n<p>&nbsp;<br \/>\n<span style=\"color: #000000; font-size: medium;\"><strong>Come funziona?<\/strong><\/span><\/p>\n<p><span style=\"color: #000000; font-size: medium;\"><strong> <\/strong><\/span><br \/>\nImmaginate di star organizzando una vacanza a Roma. Visitate la sezione di un sito web dedicata a Roma e vedete alcuni articoli sui posti da visitare. Quando in seguito vi ricollegherete a internet, leggendo un articolo sulla vostra squadra di calcio preferita visualizzerete la pubblicit\u00e0 di un ristorante di Roma che offre una cena per due persone al prezzo di una, oppure un\u2019offerta di noleggio auto a Roma ad un prezzo scontato. Questi annunci pubblicitari tagliati su misura per voi vi saranno inviati in quanto voi, ed altri come voi, avrete espresso un interesse per Roma. Questa tecnica pu\u00f2 migliorare la vostra esperienza sul web, consentendovi di approfittare al massimo di questa tecnologia disponibile unicamente su internet, permettendovi contestualmente di ridurre il numero di messaggi pubblicitari che non vi interessano.<\/p>\n<p>&nbsp;<\/p>\n<p style=\"text-align: center;\"><img loading=\"lazy\" class=\"size-full wp-image-172 aligncenter\" title=\"what is behavioural advertising\" src=\"https:\/\/www.youronlinechoices.com\/wp-content\/uploads\/2009\/08\/what-is-behavioural-advertising.jpg\" alt=\"what is behavioural advertising\" width=\"397\" height=\"494\" \/><\/p>\n<p>&nbsp;<\/p>\n<p>Questa forma di pubblicit\u00e0 mirata si basa sull\u2019attivit\u00e0 di navigazione passata dell\u2019utente, e per questo motivo viene comunemente chiamata \u2018pubblicit\u00e0 comportamentale online\u2019. Basandosi su percorsi di navigazione precedenti, la pubblicit\u00e0 comportamentale online \u00e8 diversa da altre forme di pubblicit\u00e0 online, come la pubblicit\u00e0 contestuale. La <a href=\"https:\/\/www.youronlinechoices.com\/ch-it\/glossario\/\">pubblicit\u00e0 contestuale<\/a> si basa invece sul contenuto della pagina web che state visitando in un preciso momento.<\/p>\n<p>&nbsp;<br \/>\n<span style=\"color: #000000; font-size: medium;\"><strong>Come viene protetta la mia privacy?<\/strong><\/span><\/p>\n<p><span style=\"color: #000000; font-size: medium;\"><strong> <\/strong><\/span><br \/>\nTutti i fornitori di pubblicit\u00e0 comportamentale devono conformarsi alla legislazione europea. Nella maggior parte dei casi, le informazioni utilizzate per gli annunci mirati non sono personali, nel senso che non identificano l\u2019utente nel mondo reale. I dati riguardanti la vostra attivit\u00e0 di navigazione sono raccolti e utilizzati in forma anonima. Se, da questa analisi, si deduce un interesse particolare, un <a href=\"https:\/\/www.youronlinechoices.com\/ch-it\/glossario\/\">cookie<\/a>, vale a dire un piccolo file utilizzato dalla maggior parte dei siti web per memorizzare utili frammenti di informazioni allo scopo di migliorare l\u2019uso di internet, viene salvato sul vostro computer e questo cookie (non i vostri dati di navigazione) determiner\u00e0 la categoria di annunci pubblicitari che riceverete. Laddove vengano utilizzate informazioni di identificazione personale (come ad esempio i dati di registrazione a un sito), ne sarete avvisati dall\u2019informativa sulla privacy del sito web nel momento in cui vi registrerete per usufruire di un particolare servizio. Avrete sempre la possibilit\u00e0 di scegliere se fruire o meno di annunci pubblicitari pi\u00f9 pertinenti e, nel caso vengano utilizzate informazioni di identificazione personale, succeder\u00e0 solo perch\u00e9 avrete espresso il vostro consenso.<\/p>\n<p>Potete controllare quale cookie accettare e quale rifiutare. L\u2019azienda che raccoglie e utilizza i dati preveder\u00e0 sempre un\u2019opzione che vi consenta di rifiutare la pubblicit\u00e0 comportamentale. <a href=\"https:\/\/www.youronlinechoices.com\/ch-it\/le-tue-scelte\/\">Cliccate qui per disattivare la pubblicit\u00e0 comportamentale<\/a>.<\/p>\n<p>&nbsp;<br \/>\n<span style=\"color: #000000; font-size: medium;\"><strong>Che cosa faccio se ho altre domande? Qualche link utile:<\/strong><\/span><\/p>\n<p><span style=\"color: #000000; font-size: medium;\"><strong> <\/strong><\/span><br \/>\n<a href=\"https:\/\/www.youronlinechoices.com\/ch-it\/faqs\">Le nostre domande frequenti (FAQ) vi aiuteranno a trovare una risposta a qualsiasi altro vostro dubbio<\/a>.<\/p>\n<p><a href=\"https:\/\/www.youronlinechoices.com\/ch-it\/cinque-principali-accorgimenti\">Vi suggeriamo, inoltre, cinque principali accorgimenti per aiutarvi a capire meglio e a tutelare la vostra privacy online.<\/a><\/p>\n<p>&nbsp;<\/p>\n<h3>Inviaci un tuo commento::\u00a0<a href=\"mailto:contact@iab-switzerland.ch\">contact@iab-switzerland.ch<\/a><\/h3>\n","protected":false},"excerpt":{"rendered":"<p>Siamo consapevoli del fatto che alcune persone sanno, meglio di altre, cosa si intende con l\u2019espressione \u201cpubblicit\u00e0 comportamentale\u201d. Questo sito web \u00e8 stato concepito nella speranza che essa possa essere compresa facilmente da tutte le fasce di utenti. In parole semplici, la pubblicit\u00e0 comportamentale \u00e8 una pratica che si basa sull\u2019attivit\u00e0 di navigazione in rete [&hellip;]<\/p>\n","protected":false},"author":2,"featured_media":0,"parent":0,"menu_order":2,"comment_status":"closed","ping_status":"closed","template":"","meta":[],"_links":{"self":[{"href":"https:\/\/www.youronlinechoices.com\/ch-it\/wp-json\/wp\/v2\/pages\/249"}],"collection":[{"href":"https:\/\/www.youronlinechoices.com\/ch-it\/wp-json\/wp\/v2\/pages"}],"about":[{"href":"https:\/\/www.youronlinechoices.com\/ch-it\/wp-json\/wp\/v2\/types\/page"}],"author":[{"embeddable":true,"href":"https:\/\/www.youronlinechoices.com\/ch-it\/wp-json\/wp\/v2\/users\/2"}],"replies":[{"embeddable":true,"href":"https:\/\/www.youronlinechoices.com\/ch-it\/wp-json\/wp\/v2\/comments?post=249"}],"version-history":[{"count":7,"href":"https:\/\/www.youronlinechoices.com\/ch-it\/wp-json\/wp\/v2\/pages\/249\/revisions"}],"predecessor-version":[{"id":362,"href":"https:\/\/www.youronlinechoices.com\/ch-it\/wp-json\/wp\/v2\/pages\/249\/revisions\/362"}],"wp:attachment":[{"href":"https:\/\/www.youronlinechoices.com\/ch-it\/wp-json\/wp\/v2\/media?parent=249"}],"curies":[{"name":"wp","href":"https:\/\/api.w.org\/{rel}","templated":true}]}}