{"id":265,"date":"2011-09-10T17:02:48","date_gmt":"2011-09-10T17:02:48","guid":{"rendered":"https:\/\/www.youronlinechoices.com\/ch-fr\/?page_id=265"},"modified":"2018-04-09T21:33:38","modified_gmt":"2018-04-09T21:33:38","slug":"lexique","status":"publish","type":"page","link":"https:\/\/www.youronlinechoices.com\/ch-fr\/lexique","title":{"rendered":"Lexique"},"content":{"rendered":"<p>L\u2019explication de tous les termes importants relatifs \u00e0 la publicit\u00e9 comportementale.<br \/>\n<!-- br--><br \/>\n<!-- br--><\/p>\n<h2><a href=\"https:\/\/www.youronlinechoices.com\/fr\/wp-content\/uploads\/2010\/10\/fr_jargon.jpg\"><\/a> Banni\u00e8re publicitaire<\/h2>\n<p><!-- br--><br \/>\nAnnonce publicitaire graphique qui appara\u00eet sur les sites web. Elle est le plus souvent compos\u00e9e d\u2019images, d\u2019animations ou de vid\u00e9o.<\/p>\n<ul>\n<li>Egalement connu sous le nom de Bandeau publicitaire<\/li>\n<\/ul>\n<p><!-- br--><br \/>\n<!-- br--><\/p>\n<h2><a href=\"https:\/\/www.youronlinechoices.com\/fr\/wp-content\/uploads\/2010\/10\/fr_jargon.jpg\"><\/a> Cookie<\/h2>\n<p><!-- br--><br \/>\nPetit fichier texte contenant des lettres et des chiffres, et qui est d\u00e9pos\u00e9 sur votre navigateur internet lorsque vous acc\u00e9dez \u00e0 certains sites web. Les cookies permettent \u00e0 un site web de reconna\u00eetre l\u2019ordinateur d\u2019un internaute. Un cookie en lui-m\u00eame ne requiert pas d&#8217;informations personnelles pour \u00eatre utile, et dans la plupart des cas, ne permet pas d&#8217;identifier personnellement un internaute. Les cookies sont utilis\u00e9s pour la publicit\u00e9 comportementale afin d\u2019identifier les internautes qui partagent un m\u00eame int\u00e9r\u00eat de fa\u00e7on \u00e0 leur envoyer des annonces plus pertinentes.<\/p>\n<p>Egalement connu sous le nom de HTTP cookie ou  t\u00e9moin de navigation<br \/>\n<!-- br--><br \/>\n<!-- br--><\/p>\n<h2><a href=\"https:\/\/www.youronlinechoices.com\/fr\/wp-content\/uploads\/2010\/10\/fr_jargon.jpg\"><\/a> Informations d\u2019identification personnelle<\/h2>\n<p><!-- br--><br \/>\nIl s\u2019agit de renseignements qui, soit en eux-m\u00eames soit en conjonction avec d\u2019autres renseignements, peuvent identifier un individu de fa\u00e7on unique. Nous pouvons citer comme exemples de renseignements personnels identifiables  le nom, l\u2019adresse postale, l\u2019adresse \u00e9lectronique ou le num\u00e9ro de t\u00e9l\u00e9phone. La notion de PII est d\u00e9finie dans la directive europ\u00e9enne 95\/46\/EC.<\/p>\n<ul>\n<li>Egalement connu sous le nom : donn\u00e9es personnelles ou PII<\/li>\n<\/ul>\n<p><!-- br--><br \/>\n<!-- br--><\/p>\n<h2><a href=\"https:\/\/www.youronlinechoices.com\/fr\/wp-content\/uploads\/2010\/10\/fr_jargon.jpg\"><\/a> Navigateur web<\/h2>\n<p><!-- br--><br \/>\nLogiciel qui extrait et collecte des informations qu\u2019il organise et affiche sous forme standardis\u00e9e sur un ordinateur et qui sert \u00e0 consulter les sites sur internet. Nous pouvons citer comme exemple Internet Explorer, Firefox, Chrome, Safari et Opera.<br \/>\n<!-- br--><br \/>\n<!-- br--><\/p>\n<h2><a href=\"https:\/\/www.youronlinechoices.com\/fr\/wp-content\/uploads\/2010\/10\/fr_jargon.jpg\"><\/a> Publicit\u00e9 cibl\u00e9e<\/h2>\n<p><!-- br--><br \/>\nPublicit\u00e9 adress\u00e9e \u00e0 un segment sp\u00e9cifique d\u2019utilisateurs en fonction de facteurs tels que la d\u00e9mographie ou les int\u00e9r\u00eats.<br \/>\n<!-- br--><br \/>\n<!-- br--><\/p>\n<h2><a href=\"https:\/\/www.youronlinechoices.com\/fr\/wp-content\/uploads\/2010\/10\/fr_jargon.jpg\"><\/a> Publicit\u00e9 en ligne reposant sur les centres d\u2019int\u00e9r\u00eat<\/h2>\n<p><!-- br--><br \/>\nTechnique fond\u00e9e sur des informations concernant l\u2019activit\u00e9 de navigation qui permet de diffuser de la publicit\u00e9 plus adapt\u00e9e aux centres d\u2019int\u00e9r\u00eats des internautes.<br \/>\n<!-- br--><br \/>\n<!-- br--><\/p>\n<h2><a href=\"https:\/\/www.youronlinechoices.com\/fr\/wp-content\/uploads\/2010\/10\/fr_jargon.jpg\"><\/a> Publicit\u00e9 contextuelle<\/h2>\n<p><!-- br--><br \/>\nPublicit\u00e9 cibl\u00e9e qui a pour principe d&#8217;associer un annonceur (ou marque) au contenu \u00e9ditorial du site en lien avec son activit\u00e9 ou son produit. Des syst\u00e8mes automatiques envoient des annonces publicitaires en fonction du contenu de la page consult\u00e9e. Par exemple, en consultant un site de bandes annonces de films, l\u2019internaute est susceptible de voir des annonces pour des nouvelles sorties cin\u00e9ma, des DVD\u2019 s r\u00e9cents ou des annonces pour des articles de promotion d\u2019un film. La publicit\u00e9 contextuelle est \u00e9galement utilis\u00e9e par des moteurs de recherche afin d\u2019afficher des publicit\u00e9s sur les pages de r\u00e9sultats en fonction des mots-cl\u00e9s que l\u2019on tape dans son moteur de recherche.<br \/>\n<!-- br--><br \/>\n<!-- br--><\/p>\n<h2><a href=\"https:\/\/www.youronlinechoices.com\/fr\/wp-content\/uploads\/2010\/10\/fr_jargon.jpg\"><\/a> Option de contr\u00f4le<\/h2>\n<p><!-- br--><br \/>\nL\u2019option de contr\u00f4le permet \u00e0 des internautes de refuser, d\u2019arr\u00eater ou d\u2019\u00e9viter de recevoir des informations non sollicit\u00e9es concernant certains produits ou services. Dans le cas de la publicit\u00e9 comportementale, il s\u2019agit de refuser toute publicit\u00e9 cibl\u00e9e reposant sur une activit\u00e9 de navigation \u00e0 travers le temps. Cliquez <a href=\"https:\/\/www.youronlinechoices.com\/fr\/aide-au-controle-des-cookies\/\">ici <\/a>pour l\u2019option de contr\u00f4le de la publicit\u00e9 reposant sur les centres d\u2019int\u00e9r\u00eat.<br \/>\n<!-- br--><br \/>\n<!-- br--><\/p>\n<h2><a href=\"https:\/\/www.youronlinechoices.com\/fr\/wp-content\/uploads\/2010\/10\/fr_jargon.jpg\"><\/a> R\u00e9seau publicitaire<\/h2>\n<p><!-- br--><br \/>\nSoci\u00e9t\u00e9 qui agr\u00e8ge l\u2019offre d\u2019espaces publicitaires de sites web et de propri\u00e9taires de m\u00e9dias et les vend aux annonceurs appropri\u00e9s.<br \/>\n<!-- br--><br \/>\n<!-- br--><\/p>\n<h3><a href=\"mailto:contact@iab-switzerland.ch\">Faites-nous part de vos remarques<\/a><\/h3>\n","protected":false},"excerpt":{"rendered":"<p>L\u2019explication de tous les termes importants relatifs \u00e0 la publicit\u00e9 comportementale. Banni\u00e8re publicitaire Annonce publicitaire graphique qui appara\u00eet sur les sites web. Elle est le plus souvent compos\u00e9e d\u2019images, d\u2019animations ou de vid\u00e9o. Egalement connu sous le nom de Bandeau publicitaire Cookie Petit fichier texte contenant des lettres et des chiffres, et qui est d\u00e9pos\u00e9 [&hellip;]<\/p>\n","protected":false},"author":2,"featured_media":0,"parent":0,"menu_order":6,"comment_status":"closed","ping_status":"open","template":"","meta":[],"_links":{"self":[{"href":"https:\/\/www.youronlinechoices.com\/ch-fr\/wp-json\/wp\/v2\/pages\/265"}],"collection":[{"href":"https:\/\/www.youronlinechoices.com\/ch-fr\/wp-json\/wp\/v2\/pages"}],"about":[{"href":"https:\/\/www.youronlinechoices.com\/ch-fr\/wp-json\/wp\/v2\/types\/page"}],"author":[{"embeddable":true,"href":"https:\/\/www.youronlinechoices.com\/ch-fr\/wp-json\/wp\/v2\/users\/2"}],"replies":[{"embeddable":true,"href":"https:\/\/www.youronlinechoices.com\/ch-fr\/wp-json\/wp\/v2\/comments?post=265"}],"version-history":[{"count":14,"href":"https:\/\/www.youronlinechoices.com\/ch-fr\/wp-json\/wp\/v2\/pages\/265\/revisions"}],"predecessor-version":[{"id":355,"href":"https:\/\/www.youronlinechoices.com\/ch-fr\/wp-json\/wp\/v2\/pages\/265\/revisions\/355"}],"wp:attachment":[{"href":"https:\/\/www.youronlinechoices.com\/ch-fr\/wp-json\/wp\/v2\/media?parent=265"}],"curies":[{"name":"wp","href":"https:\/\/api.w.org\/{rel}","templated":true}]}}