{"id":263,"date":"2011-09-10T17:02:05","date_gmt":"2011-09-10T17:02:05","guid":{"rendered":"https:\/\/www.youronlinechoices.com\/ch-fr\/?page_id=263"},"modified":"2017-11-21T10:55:20","modified_gmt":"2017-11-21T10:55:20","slug":"aide-au-controle-des-cookies","status":"publish","type":"page","link":"https:\/\/www.youronlinechoices.com\/ch-fr\/aide-au-controle-des-cookies","title":{"rendered":"Aide au contr\u00f4le des cookies"},"content":{"rendered":"<p><strong>Voici certaines choses que vous devez savoir, \u00e0 propos du contr\u00f4le des cookies\u2026<\/strong><\/p>\n<ul>\n<ul><!-- br--><\/ul>\n<\/ul>\n<p>&nbsp;<\/p>\n<ul>\n<ul><!-- br--><\/p>\n<li>Si vous d\u00e9cidez de refuser la publicit\u00e9 comportementale en utilisant <a href=\"https:\/\/www.youronlinechoices.com\/ch-fr\/controler-ses-cookies\/\">l&#8217;outil fourni sur ce site<\/a>, il est important de se souvenir que cela ne signifie pas que vous ne verrez plus de publicit\u00e9 quand vous surferez sur Internet. Cependant, cela signifie que la publicit\u00e9 que vous verrez sur les sites que vous visiterez ne sera pas \u00ab\u00a0con\u00e7ue\u00a0\u00bb pour vous ou vos centres d\u2019int\u00e9r\u00eat et pourra \u00eatre moins int\u00e9ressante pour vous.<\/li>\n<\/ul>\n<\/ul>\n<p><!-- br--><br \/>\n<!-- br--><\/p>\n<ul>\n<ul>\n<li>Si vous d\u00e9cidez de refuser la publicit\u00e9 comportementale envoy\u00e9e par une soci\u00e9t\u00e9 en particulier cela s\u2019appliquera uniquement \u00e0 la collecte d\u2019informations faite par cette soci\u00e9t\u00e9 \u00e0 travers le navigateur que vous utilisez au moment o\u00f9 vous le refusez. De m\u00eame, si vous choisissez de refuser la publicit\u00e9 comportementale de toutes les soci\u00e9t\u00e9s list\u00e9es, cela ne s\u2019appliquera qu\u2019au <a href=\"https:\/\/www.youronlinechoices.com\/ch-fr\/decryptage-du-jargon\/\">navigateur<\/a> que vous utilisez au moment o\u00f9 vous le faites. Vous devrez suivre le m\u00eame proc\u00e9d\u00e9 sur chaque navigateur diff\u00e9rent que vous \u00eates susceptible d\u2019utiliser sur chacun des ordinateurs\/supports que vous utilisez. Notez que si vous avez des comptes utilisateurs diff\u00e9rents par ordinateur, par exemple dans le cas o\u00f9 un m\u00eame poste est utilis\u00e9 par diff\u00e9rentes personnes au sein d\u2019un foyer, vous avez la possibilit\u00e9 de param\u00e9trer des pr\u00e9f\u00e9rences diff\u00e9rentes pour chaque compte utilisateur. Voyez nos <a href=\"https:\/\/www.youronlinechoices.com\/fr\/46-2\/\">trucs et astuces<\/a>.<\/li>\n<\/ul>\n<\/ul>\n<p><!-- br--><br \/>\n<!-- br--><\/p>\n<ul>\n<ul>\n<li>Si vous avez refus\u00e9 la publicit\u00e9 comportementale et qu\u2019ensuite vous pr\u00e9f\u00e9rez recevoir de la publicit\u00e9 selon vos centres d\u2019int\u00e9r\u00eat, vous pouvez accepter la publicit\u00e9 comportementale en utilisant le m\u00eame formulaire sur notre <a href=\"https:\/\/www.youronlinechoices.com\/ch-fr\/controler-ses-cookies\/\">page de contr\u00f4le<\/a>. Vous pouvez \u00e9galement choisir de supprimer vos cookies sur votre navigateur. Consultez nos <a href=\"https:\/\/www.youronlinechoices.com\/fr\/46-2\/\">trucs et astuces<\/a> pour savoir comment proc\u00e9der.<\/li>\n<\/ul>\n<\/ul>\n<p><!-- br--><br \/>\n<!-- br--><\/p>\n<ul>\n<ul>\n<li>Si vous rencontrez quelque probl\u00e8me que ce soit en utilisant notre page de contr\u00f4le, lisez ci-dessous.<\/li>\n<\/ul>\n<\/ul>\n<p><!-- br--><br \/>\n<!-- br--><\/p>\n<p><strong>Rencontrez-vous des difficult\u00e9s en utilisant la page de contr\u00f4le de ce site\u00a0?<\/strong><br \/>\n<!-- br--><br \/>\n<!-- br--><\/p>\n<ul>\n<ul>\n<li>Plusieurs facteurs peuvent affecter la performance de cette page, que nous ne ma\u00eetrisons pas. Cela inclut par exemple d\u2019\u00e9ventuels probl\u00e8mes li\u00e9s \u00e0 votre connexion internet, aux param\u00e8tres de s\u00e9curit\u00e9 du r\u00e9seau sur lequel vous \u00eates connect\u00e9 ou aux fonctionnalit\u00e9s de votre navigateur.<\/li>\n<\/ul>\n<\/ul>\n<p><!-- br--><br \/>\n<!-- br--><\/p>\n<p>Si vous rencontrez des probl\u00e8mes \u00e0 l\u2019utilisation avec les liens que nous avons fournis sur ce site web, nous vous sugg\u00e9rons d\u2019abord d&#8217; <a href=\"https:\/\/www.youronlinechoices.com\/ch-fr\/controler-ses-cookies\/ \">essayer de nouveau<\/a>.<br \/>\n<!-- br--><br \/>\n<!-- br--><br \/>\n<strong>Si le probl\u00e8me persiste, lisez ci-dessous<\/strong><br \/>\n<!-- br--><br \/>\n<!-- br--><\/p>\n<ul>\n<ul>\n<li>Les diff\u00e9rents outils de contr\u00f4le de la publicit\u00e9 comportementale fonctionnent \u00e0 base de cookies.\u00a0 Par cons\u00e9quent vous devez param\u00e9trer votre navigateur pour accepter les cookies tiers pour que cela fonctionne correctement. Consultez nos trucs et astuces <a href=\"mailto:avis@iabfrance.com\">ici<\/a>pour en savoir davantage \u00e0 propos des param\u00e8tres de confidentialit\u00e9 du navigateur que vous utilisez.<\/li>\n<\/ul>\n<\/ul>\n<p><!-- br--><br \/>\n<!-- br--><\/p>\n<ul>\n<li>Pour plus d\u2019information et d\u2019aide, vous pouvez \u00e9galement consulter la page d\u2019aide sp\u00e9cifique au navigateur que vous utilisez\u00a0:<\/li>\n<\/ul>\n<p><a href=\"http:\/\/support.microsoft.com\/kb\/283185\">Internet Explorer<\/a><\/p>\n<p><a href=\"http:\/\/support.mozilla.com\/fr\/kb\/Fen%C3%AAtre%20des%20Options%20-%20Panneau%20Vie%20priv%C3%A9e\">Firefox<\/a><\/p>\n<p><a href=\"http:\/\/docs.info.apple.com\/article.html?path=Safari\/3.0\/fr\/9277.html\">Safari<\/a><\/p>\n<p><a href=\"http:\/\/www.google.com\/support\/chrome\/bin\/answer.py?hlrm=en&amp;answer=95647\">Chrome<\/a><\/p>\n<ul>\n<ul><!-- br--><\/ul>\n<\/ul>\n<p>&nbsp;<\/p>\n<ul><!-- br--><\/p>\n<li>Si vos probl\u00e8mes persistent avec notre outil de contr\u00f4le, vous pouvez nous contacter <a href=\"mailto:avis@iabfrance.com\">ici<\/a><\/li>\n<\/ul>\n<p><!-- br--><br \/>\n<strong>Faites-nous part de vos remarques \u00e0 <\/strong><a href=\"mailto:avis@iabfrance.com\"><strong>avis@iabfrance.com<\/strong><\/a><br \/>\n<!-- br--><br \/>\n<!-- br--><\/p>\n<h3>Faites-nous part de vos remarques : <a href=\"mailto:contact@iab-switzerland.ch\">contact@iab-switzerland.ch<\/a><\/h3>\n","protected":false},"excerpt":{"rendered":"<p>Voici certaines choses que vous devez savoir, \u00e0 propos du contr\u00f4le des cookies\u2026 &nbsp; Si vous d\u00e9cidez de refuser la publicit\u00e9 comportementale en utilisant l&#8217;outil fourni sur ce site, il est important de se souvenir que cela ne signifie pas que vous ne verrez plus de publicit\u00e9 quand vous surferez sur Internet. Cependant, cela signifie [&hellip;]<\/p>\n","protected":false},"author":2,"featured_media":0,"parent":0,"menu_order":8,"comment_status":"closed","ping_status":"closed","template":"","meta":[],"_links":{"self":[{"href":"https:\/\/www.youronlinechoices.com\/ch-fr\/wp-json\/wp\/v2\/pages\/263"}],"collection":[{"href":"https:\/\/www.youronlinechoices.com\/ch-fr\/wp-json\/wp\/v2\/pages"}],"about":[{"href":"https:\/\/www.youronlinechoices.com\/ch-fr\/wp-json\/wp\/v2\/types\/page"}],"author":[{"embeddable":true,"href":"https:\/\/www.youronlinechoices.com\/ch-fr\/wp-json\/wp\/v2\/users\/2"}],"replies":[{"embeddable":true,"href":"https:\/\/www.youronlinechoices.com\/ch-fr\/wp-json\/wp\/v2\/comments?post=263"}],"version-history":[{"count":10,"href":"https:\/\/www.youronlinechoices.com\/ch-fr\/wp-json\/wp\/v2\/pages\/263\/revisions"}],"predecessor-version":[{"id":345,"href":"https:\/\/www.youronlinechoices.com\/ch-fr\/wp-json\/wp\/v2\/pages\/263\/revisions\/345"}],"wp:attachment":[{"href":"https:\/\/www.youronlinechoices.com\/ch-fr\/wp-json\/wp\/v2\/media?parent=263"}],"curies":[{"name":"wp","href":"https:\/\/api.w.org\/{rel}","templated":true}]}}