{"id":261,"date":"2011-09-10T17:01:15","date_gmt":"2011-09-10T17:01:15","guid":{"rendered":"https:\/\/www.youronlinechoices.com\/ch-fr\/?page_id=261"},"modified":"2018-04-09T21:33:07","modified_gmt":"2018-04-09T21:33:07","slug":"foire-aux-questions","status":"publish","type":"page","link":"https:\/\/www.youronlinechoices.com\/ch-fr\/foire-aux-questions","title":{"rendered":"Foire aux Questions"},"content":{"rendered":"<p>Voici une liste de questions fr\u00e9quemment pos\u00e9es, destin\u00e9e \u00e0 vous aider \u00e0 mieux comprendre la publicit\u00e9 comportementale.<\/p>\n<ul>\n<li><a href=\"#1\">Qu\u2019est-ce que la publicit\u00e9 en ligne reposant sur les centres d\u2019int\u00e9r\u00eat, dite publicit\u00e9 comportementale ?<\/a><\/li>\n<li><a href=\"#2\">Comment \u00e7a marche?<\/a><\/li>\n<li><a href=\"#3\">Quelles donn\u00e9es sont utilis\u00e9es?<\/a><\/li>\n<li><a href=\"#4\">Quels sont les avantages?<\/a><\/li>\n<li><a href=\"#5\">Est-ce une menace pour ma vie priv\u00e9e?<\/a><\/li>\n<li><a href=\"#6\">Que sont les informations d\u2019identification personnelle et sont-elles utilis\u00e9es pour de la publicit\u00e9 reposant sur les centres d&#8217;int\u00e9r\u00eat?<\/a><\/li>\n<li><a href=\"#7\">Que puis-je faire si je ne veux pas de ce type de publicit\u00e9?<\/a><\/li>\n<li><a href=\"#8\">Est-ce que la publicit\u00e9 reposant sur les centres d&#8217;int\u00e9r\u00eat signifie que je verrai davantage de publicit\u00e9s?<\/a><\/li>\n<li><a href=\"#9\">Est-ce que mon activit\u00e9 sur Internet sera perturb\u00e9e par la publicit\u00e9 reposant sur les centres d&#8217;int\u00e9r\u00eat ?<\/a><\/li>\n<li><a href=\"#10\">Un logiciel sera-t-il t\u00e9l\u00e9charg\u00e9 sur mon ordinateur ?<\/a><\/li>\n<li><a href=\"#11\">Qu\u2019est-ce qu\u2019un cookie et comment est-il utilis\u00e9 ?<\/a><\/li>\n<li><a href=\"#12\">Puis-je d\u00e9sactiver un cookie ?<\/a><\/li>\n<li><a href=\"#13\">Mon refus de recevoir de la publicit\u00e9 reposant sur les centres d\u2019int\u00e9r\u00eat sera-t-il toujours pris en compte si j\u2019utilise un ordinateur diff\u00e9rent au travail ?<\/a><\/li>\n<li><a href=\"#14\">Est-ce que le fait de refuser la publicit\u00e9 comportementale me prot\u00e9gera des pourriels (spams), des publicit\u00e9s surgissantes (pop-ups) ou des courriers ind\u00e9sirables?<\/a><\/li>\n<li><a href=\"#15\">Ai-je besoin de faire quelque chose ?<\/a><\/li>\n<\/ul>\n<p><!-- br--><br \/>\n<!-- br--><\/p>\n<h2><a name=\"1\"><\/a>Qu\u2019est-ce que la publicit\u00e9 en ligne reposant sur les centres d\u2019int\u00e9r\u00eat?<\/h2>\n<p><!-- br--><br \/>\nLa publicit\u00e9 en ligne reposant sur les centres d\u2019int\u00e9r\u00eat est une m\u00e9thode fond\u00e9e sur les informations concernant votre activit\u00e9 de navigation sur le Web. Elle permet de vous regrouper par centres d\u2019int\u00e9r\u00eat avec d\u2019autres internautes et d&#8217;afficher des publicit\u00e9s d&#8217;apr\u00e8s ces int\u00e9r\u00eats communs, sur les sites que vous visitez.<\/p>\n<p>La publicit\u00e9 en ligne reposant sur les centres d\u2019int\u00e9r\u00eat diff\u00e8re des autres formes de publicit\u00e9 en ligne telles que la publicit\u00e9 contextuelle qui, elle, est fond\u00e9e sur vos activit\u00e9s de consultation instantan\u00e9e d\u2019un site pr\u00e9cis (incluant les mots cl\u00e9s de recherche ou le contenu du site web visit\u00e9).<br \/>\n<!-- br--><br \/>\n<!-- br--><\/p>\n<h2><a name=\"2\"><\/a>Comment \u00e7a marche?<\/h2>\n<p><!-- br--><br \/>\nIl existe diff\u00e9rentes fa\u00e7ons de proposer de la publicit\u00e9 fond\u00e9e sur les centres d\u2019int\u00e9r\u00eat. A l\u2019origine, des informations sur votre activit\u00e9 ant\u00e9rieure de navigation sur le Web, ainsi que des informations sur la navigation de milliers d\u2019autres internautes, sont collect\u00e9es et segment\u00e9es en int\u00e9r\u00eats g\u00e9n\u00e9raux, tels que les voitures, la finance et le voyage. Un profil d\u2019int\u00e9r\u00eats (par exemple \u00ab voitures \u00bb) est d\u00e9duit d&#8217;apr\u00e8s des donn\u00e9es appartenant \u00e0 des sites que vous avez visit\u00e9s, et un fichier texte appel\u00e9 &#8220;cookie&#8221; est plac\u00e9 sur votre navigateur internet, afin de vous qualifier comme \u00e9tant int\u00e9ress\u00e9 par la cat\u00e9gorie \u00ab voitures \u00bb. Les marques et les sites web vont produire des publicit\u00e9s \u00ab sur mesure \u00bb pour des groupes d\u2019internautes ayant le m\u00eame centre d\u2019int\u00e9r\u00eat. Le cookie permet que ce genre de banni\u00e8re publicitaire s\u2019affiche sur la page que vous consultez.<\/p>\n<p>Vous trouverez plus d\u2019informations sur la fa\u00e7on dont cela fonctionne en cliquant ici .<br \/>\n<!-- br--><br \/>\n<!-- br--><\/p>\n<h2><a name=\"3\"><\/a>Quelles donn\u00e9es sont utilis\u00e9es?<\/h2>\n<p><!-- br--><br \/>\nLa publicit\u00e9 reposant sur les centres d\u2019int\u00e9r\u00eat peut varier en fonction des informations utilis\u00e9es et de la fa\u00e7on dont elles sont utilis\u00e9es. Les r\u00e9seaux publicitaires traditionnels par exemple, recueillent et utilisent l\u2019information lorsque vous visitez un ou plusieurs sites de ce m\u00eame r\u00e9seau publicitaire.<br \/>\n<!-- br--><br \/>\n<!-- br--><\/p>\n<h2>Quels sont les avantages?<\/h2>\n<p><a name=\"4\"><\/a><br \/>\nVous recevez des banni\u00e8res publicitaires correspondant davantage \u00e0 vos int\u00e9r\u00eats. Par exemple, si vous \u00eates int\u00e9ress\u00e9s par le jardinage et que vous visitez des sites concernant le jardinage vous pouvez, lors de la session en cours ou lors de sessions suivantes, recevoir de la publicit\u00e9 pour des offres sp\u00e9ciales sur des tondeuses \u00e0 gazon.<\/p>\n<p>Une publicit\u00e9 plus cibl\u00e9e est avantageuse car vous recevez des offres plus pertinentes. Elle vous permet \u00e9galement un acc\u00e8s gratuit \u00e0 des contenus de qualit\u00e9, des services et des applications. D&#8217;une part ce type de publicit\u00e9 est attrayant pour les marques, car il leur permet de s\u2019adresser au public le plus susceptible d\u2019\u00eatre int\u00e9ress\u00e9 par leur information. D&#8217;autre part, la publicit\u00e9 reposant sur les centres d\u2019int\u00e9r\u00eat est \u00e9galement b\u00e9n\u00e9fique pour les \u00e9diteurs des sites web, puisqu\u2019elle leur permet de continuer \u00e0 fournir gratuitement du contenu et de rendre cette publicit\u00e9 plus pertinente pour leurs utilisateurs. Les recettes de ce type de publicit\u00e9 contribuent \u00e0 financer l\u2019innovation et les services futurs sur le Net.<br \/>\n<!-- br--><br \/>\n<!-- br--><\/p>\n<h2><a name=\"5\"><\/a>Est-ce une menace pour ma vie priv\u00e9e?<\/h2>\n<p><!-- br--><br \/>\nTous les fournisseurs de ce type de service doivent se conformer aux lois applicables. Dans la plupart des cas, les informations utilis\u00e9es pour cibler les publicit\u00e9s ne sont pas personnelles, c\u2019est-\u00e0-dire que vous, utilisateur, ne pouvez pas \u00eatre identifi\u00e9 en tant qu\u2019individu. Lorsque des informations d\u2019identification personnelle (comme des donn\u00e9es d\u2019enregistrement) sont utilis\u00e9es, vous en aurez \u00e9t\u00e9 inform\u00e9 dans les mentions l\u00e9gales du site web et vous aurez donn\u00e9 votre autorisation lors de la souscription au service en question. Vous avez toujours le choix d\u2019une publicit\u00e9 mieux adapt\u00e9e ou non.<br \/>\n<!-- br--><br \/>\n<!-- br--><\/p>\n<h2><a name=\"6\"><\/a>Que sont les informations d\u2019identification personnelle et sont-elles utilis\u00e9es pour la publicit\u00e9 reposant sur les centres d\u2019int\u00e9r\u00eat?<\/h2>\n<p><!-- br--><br \/>\nLes informations d\u2019identification personnelle sont des donn\u00e9es qui en elles-m\u00eames ou par association avec d\u2019autres donn\u00e9es d\u00e9tenues par une soci\u00e9t\u00e9 particuli\u00e8re, vous identifient en tant que personne unique. Les exemples types sont votre nom, adresse ou adresse \u00e9lectronique. La plupart des fournisseurs n\u2019utilisent pas d\u2019informations d\u2019identification personnelle pour la publicit\u00e9 reposant sur les centres d\u2019int\u00e9r\u00eat. Toutefois, si un fournisseur devait utiliser cette information \u00e0 votre sujet, vous en aurez \u00e9t\u00e9 inform\u00e9 dans les mentions l\u00e9gales du site lors de votre inscription \u00e0 un service particulier.<br \/>\n<!-- br--><br \/>\n<!-- br--><\/p>\n<h2><a name=\"7\"><\/a>Que puis-je faire si je ne veux pas de ce genre de publicit\u00e9?<\/h2>\n<p>Vous pouvez refuser ce genre de publicit\u00e9 en cliquant ici. Il est important de se rappeler que cela ne signifie pas que vous n\u2019allez plus recevoir de publicit\u00e9 lorsque vous vous connecterez sur Internet. Cela signifie simplement que la publicit\u00e9 que vous verrez s\u2019afficher sur les sites web que vous consulterez ne sera plus particuli\u00e8rement adapt\u00e9e \u00e0 vous et vos int\u00e9r\u00eats et risque donc d&#8217;\u00eatre moins pertinente.<\/p>\n<p>Cliquez ici pour plus d\u2019informations sur l\u2019option de contr\u00f4le de la publicit\u00e9 bas\u00e9e sur les centres d\u2019int\u00e9r\u00eats.<br \/>\n<!-- br--><br \/>\n<!-- br--><\/p>\n<h2><a name=\"8\"><\/a>Est-ce que la publicit\u00e9 en ligne reposant sur les centres d\u2019int\u00e9r\u00eat signifie que je verrai davantage de publicit\u00e9s?<\/h2>\n<p><!-- br--><br \/>\nNon. Cela signifie simplement que la publicit\u00e9 que vous verrez sur certains sites web correspondra mieux \u00e0 vos centres d\u2019int\u00e9r\u00eat.<br \/>\n<!-- br--><br \/>\n<!-- br--><\/p>\n<h2><a name=\"9\"><\/a>Est-ce que mon activit\u00e9 sur Internet sera perturb\u00e9e par la publicit\u00e9 reposant sur les centres d\u2019int\u00e9r\u00eat?<\/h2>\n<p><!-- br--><br \/>\nNon. Vous ne verrez pas de diff\u00e9rence ou vous n\u2019aurez pas d\u2019exp\u00e9rience diff\u00e9rente, lorsque vous surferez sur Internet. La publicit\u00e9 reposant sur les centres d\u2019int\u00e9r\u00eat vise simplement \u00e0 afficher des banni\u00e8res publicitaires qui sont plus pertinentes pour vous.<br \/>\n<!-- br--><br \/>\n<!-- br--><\/p>\n<h2><a name=\"10\"><\/a>Un logiciel sera-t-il t\u00e9l\u00e9charg\u00e9 sur mon ordinateur?<\/h2>\n<p><!-- br--><br \/>\nNon, en aucun cas. Un cookie est un fichier texte et non un logiciel.<br \/>\n<!-- br--><br \/>\n<!-- br--><\/p>\n<h2><a name=\"11\"><\/a>Qu\u2019est-ce qu\u2019un cookie et comment est-il utilis\u00e9?<\/h2>\n<p><!-- br--><br \/>\nUn cookie est un petit fichier texte constitu\u00e9 d\u2019un ensemble de lettres et de chiffres d\u00e9pos\u00e9s sur votre navigateur internet, lorsque vous acc\u00e9dez \u00e0 certains sites web. Les cookies permettent \u00e0 un site web de reconna\u00eetre les pr\u00e9f\u00e9rences d\u2019un utilisateur telles que ce dernier les a d\u00e9finies lors d\u2019une pr\u00e9c\u00e9dente visite sur ce m\u00eame site. Un cookie en lui-m\u00eame ne contient, ni ne recueille, d&#8217;informations. Par contre, lorsqu\u2019il est &#8220;lu&#8221; par un serveur en liaison avec un navigateur web, il peut aider un site web \u00e0 offrir un service plus convivial, par exemple, en gardant en m\u00e9moire des achats ant\u00e9rieurs ou des d\u00e9tails de compte.<\/p>\n<p>Les cookies sont stock\u00e9s dans la m\u00e9moire de votre navigateur et chacun contient g\u00e9n\u00e9ralement :<\/p>\n<p>\u2022 Le nom du serveur \u00e0 partir duquel le cookie a \u00e9t\u00e9 envoy\u00e9<br \/>\n\u2022 La dur\u00e9e de vie du cookie<br \/>\n\u2022 Une valeur (habituellement un nombre unique choisi au hasard)<\/p>\n<p>Le serveur du site qui envoie le cookie utilise ce num\u00e9ro pour vous reconna\u00eetre lorsque vous retournez sur ce site ou naviguez d\u2019une page \u00e0 l\u2019autre. Seul le serveur qui a envoy\u00e9 le cookie peut lire, et donc utiliser, le cookie. Les cookies sont au c\u0153ur de la personnalisation de l\u2019Internet et la publicit\u00e9 comportementale fonctionne g\u00e9n\u00e9ralement en utilisant des cookies.<br \/>\n<!-- br--><br \/>\n<!-- br--><\/p>\n<h2><a name=\"12\"><\/a>Puis-je d\u00e9sactiver un cookie?<\/h2>\n<p><!-- br--><br \/>\nOui. Certains navigateurs vous permettent d\u2019emp\u00eacher uniquement le d\u00e9p\u00f4t de cookies de parties tierces (il s\u2019agit d\u2019un cookie plac\u00e9 sur votre navigateur par un tiers, par exemple, un r\u00e9seau de publicit\u00e9 diff\u00e9rent du propri\u00e9taire du site consult\u00e9) ou vous permettent de r\u00e9gler des param\u00e8tres afin d\u2019emp\u00eacher seulement le d\u00e9p\u00f4t de cookies qui ne correspondent pas \u00e0 vos pr\u00e9f\u00e9rences en mati\u00e8re de confidentialit\u00e9.<\/p>\n<p>Vous pouvez \u00e9galement choisir de d\u00e9sactiver tous les cookies, mais cela pourrait grandement affecter votre navigation sur le Web si vous utilisez habituellement des services qui reposent sur les cookies. Visitez notre rubrique trucs et astuces pour en savoir plus sur la gestion des param\u00e8tres de confidentialit\u00e9 de votre navigateur web.<br \/>\n<!-- br--><br \/>\n<!-- br--><\/p>\n<h2><a name=\"13\"><\/a>Mon refus de recevoir de la publicit\u00e9 reposant sur les centres d\u2019int\u00e9r\u00eat sera-t-il toujours pris en compte si j\u2019utilise un ordinateur diff\u00e9rent au travail ?<\/h2>\n<p><!-- br--><br \/>\nNon. Si vous choisissez de refuser la publicit\u00e9 reposant sur les centres d\u2019int\u00e9r\u00eats d\u2019une soci\u00e9t\u00e9 sp\u00e9cifique, elle s\u2019appliquera uniquement \u00e0 la collecte de donn\u00e9es de cette soci\u00e9t\u00e9 ainsi qu\u2019au navigateur internet de l\u2019ordinateur ou autre support que vous utilisez. Il y aura par cons\u00e9quent une incidence pour les autres personnes qui utiliseront le m\u00eame navigateur web que vous. Vous devrez suivre la m\u00eame proc\u00e9dure sur chaque ordinateur ou sur chaque navigateur web (par exemple Internet Explorer, Google Chrome, Mozilla Firefox ou Safari) que vous utiliserez afin de refuser compl\u00e8tement la publicit\u00e9 reposant sur les centres d\u2019int\u00e9r\u00eats de ce fournisseur en particulier. Pour plus d\u2019informations concernant l\u2019option de refus consultez notre page expliquant l\u2019option de contr\u00f4le de la publicit\u00e9 reposant sur les centres d\u2019int\u00e9r\u00eats.<br \/>\n<!-- br--><br \/>\n<!-- br--><\/p>\n<h2><a name=\"14\"><\/a>Est-ce que le fait de refuser la publicit\u00e9 reposant sur les centres d\u2019int\u00e9r\u00eat me prot\u00e9gera des pourriels (spams), des publicit\u00e9s surgissantes (pop-ups) ou des courriers ind\u00e9sirables?<\/h2>\n<p><!-- br--><br \/>\nNon. Refuser la publicit\u00e9 comportementale signifie seulement que vous ne recevrez pas de banni\u00e8res publicitaires cibl\u00e9es de cette mani\u00e8re. Elle n\u2019affectera pas ou n&#8217;emp\u00eachera pas la r\u00e9ception d\u2019autres types de publicit\u00e9, comme par exemple des courriels ou des publicit\u00e9s surgissantes (pop-ups).<br \/>\n<!-- br--><br \/>\n<!-- br--><\/p>\n<h2><a name=\"15\"><\/a>Ai-je besoin de faire quelque chose?<\/h2>\n<p><!-- br--><br \/>\nJetez un \u0153il \u00e0 nos <a href=\"https:\/\/www.youronlinechoices.com\/ch-fr\/cinq-trucs-et-astuces\/\">cinq trucs et astuces<\/a>.<br \/>\n<!-- br--><br \/>\n<!-- br--><\/p>\n<h3>Faites-nous part de vos remarques : <a href=\"mailto:contact@iab-switzerland.ch\">contact@iab-switzerland.ch<\/a><\/h3>\n","protected":false},"excerpt":{"rendered":"<p>Voici une liste de questions fr\u00e9quemment pos\u00e9es, destin\u00e9e \u00e0 vous aider \u00e0 mieux comprendre la publicit\u00e9 comportementale. Qu\u2019est-ce que la publicit\u00e9 en ligne reposant sur les centres d\u2019int\u00e9r\u00eat, dite publicit\u00e9 comportementale ? Comment \u00e7a marche? Quelles donn\u00e9es sont utilis\u00e9es? Quels sont les avantages? Est-ce une menace pour ma vie priv\u00e9e? Que sont les informations d\u2019identification [&hellip;]<\/p>\n","protected":false},"author":2,"featured_media":0,"parent":0,"menu_order":5,"comment_status":"closed","ping_status":"closed","template":"","meta":[],"_links":{"self":[{"href":"https:\/\/www.youronlinechoices.com\/ch-fr\/wp-json\/wp\/v2\/pages\/261"}],"collection":[{"href":"https:\/\/www.youronlinechoices.com\/ch-fr\/wp-json\/wp\/v2\/pages"}],"about":[{"href":"https:\/\/www.youronlinechoices.com\/ch-fr\/wp-json\/wp\/v2\/types\/page"}],"author":[{"embeddable":true,"href":"https:\/\/www.youronlinechoices.com\/ch-fr\/wp-json\/wp\/v2\/users\/2"}],"replies":[{"embeddable":true,"href":"https:\/\/www.youronlinechoices.com\/ch-fr\/wp-json\/wp\/v2\/comments?post=261"}],"version-history":[{"count":7,"href":"https:\/\/www.youronlinechoices.com\/ch-fr\/wp-json\/wp\/v2\/pages\/261\/revisions"}],"predecessor-version":[{"id":353,"href":"https:\/\/www.youronlinechoices.com\/ch-fr\/wp-json\/wp\/v2\/pages\/261\/revisions\/353"}],"wp:attachment":[{"href":"https:\/\/www.youronlinechoices.com\/ch-fr\/wp-json\/wp\/v2\/media?parent=261"}],"curies":[{"name":"wp","href":"https:\/\/api.w.org\/{rel}","templated":true}]}}