{"id":255,"date":"2011-09-10T16:57:40","date_gmt":"2011-09-10T16:57:40","guid":{"rendered":"https:\/\/www.youronlinechoices.com\/ch-fr\/?page_id=255"},"modified":"2018-03-05T09:05:12","modified_gmt":"2018-03-05T09:05:12","slug":"cinq-trucs-et-astuces","status":"publish","type":"page","link":"https:\/\/www.youronlinechoices.com\/ch-fr\/cinq-trucs-et-astuces","title":{"rendered":"Cinq trucs et astuces"},"content":{"rendered":"<p>Cinq trucs et astuces pour vous aider \u00e0 g\u00e9rer votre vie priv\u00e9e en ligne.<\/p>\n<table border=\"0\">\n<tbody>\n<tr>\n<td><img loading=\"lazy\" class=\"alignnone size-full wp-image-473\" title=\"Number-1-blue_4076\" src=\"https:\/\/youronlinechoices.com\/wp-content\/uploads\/2009\/08\/Number-1-blue_4076.jpg\" alt=\"Number-1-blue_4076\" width=\"80\" height=\"80\" \/><\/td>\n<td><span style=\"color: #000000; font-size: medium;\"><strong>Ne paniquez pas<\/strong><\/span><br \/>\nLa publicit\u00e9 en ligne reposant sur les centres d\u2019int\u00e9r\u00eat est s\u00fbre et transparente. Les marques ne savent pas qui vous \u00eates, car les informations qui sont collect\u00e9es ne peuvent pas \u00eatre utilis\u00e9es pour vous identifier et sont fond\u00e9es sur les activit\u00e9s de navigation afin de diffuser une publicit\u00e9 correspondant \u00e0 vos centres d\u2019int\u00e9r\u00eat. Prenez un peu de temps pour <a href=\"https:\/\/www.youronlinechoices.com\/ch-fr\/a-propos-de-la-publicite-comportementale\/\">en apprendre davantage <\/a>sur la publicit\u00e9 en ligne reposant sur les centres d\u2019int\u00e9r\u00eat.<\/td>\n<td><\/td>\n<\/tr>\n<tr>\n<td><img loading=\"lazy\" class=\"alignnone size-full wp-image-474\" title=\"number-3-pink_4077\" src=\"https:\/\/youronlinechoices.com\/wp-content\/uploads\/2009\/08\/number-3-pink_4077.jpg\" alt=\"number-3-pink_4077\" width=\"80\" height=\"80\" \/><\/td>\n<td><span style=\"color: #000000; font-size: medium;\"><strong>Recherchez syst\u00e9matiquement des informations sur la publicit\u00e9 reposant sur les centres d\u2019int\u00e9r\u00eat, sur les sites web que vous consultez.<\/strong><\/span><br \/>\nChaque site qui fournit de la publicit\u00e9 en ligne reposant sur les centres d\u2019int\u00e9r\u00eat doit mettre \u00e0 disposition des informations utiles sur la collecte et l\u2019utilisation des donn\u00e9es, qu\u2019elles soient collect\u00e9es par le propri\u00e9taire du site en question ou par un fournisseur tiers, tel qu\u2019un r\u00e9seau publicitaire.<\/td>\n<\/tr>\n<tr>\n<td><img loading=\"lazy\" class=\"alignnone size-full wp-image-471\" title=\"three_4191\" src=\"https:\/\/youronlinechoices.com\/wp-content\/uploads\/2009\/08\/three_4191.jpg\" alt=\"three_4191\" width=\"80\" height=\"80\" \/><\/td>\n<td><a name=\"6\"><\/a><br \/>\nLes entreprises qui proposent de la publicit\u00e9 reposant sur les centres d\u2019int\u00e9r\u00eat vous fourniront \u00e9galement de plus amples renseignements sur la fa\u00e7on de refuser ce type de publicit\u00e9. Cliquez ici pour l\u2019<a href=\"https:\/\/www.youronlinechoices.com\/ch-fr\/aide-au-controle-des-cookies\/\">option de contr\u00f4le<\/a> de la publicit\u00e9 reposant sur les centres d\u2019int\u00e9r\u00eat.<\/td>\n<\/tr>\n<tr>\n<td><img loading=\"lazy\" class=\"alignnone size-full wp-image-472\" title=\"number4pink_4079\" src=\"https:\/\/youronlinechoices.com\/wp-content\/uploads\/2009\/08\/number4pink_4079.jpg\" alt=\"number4pink_4079\" width=\"80\" height=\"80\" \/><\/td>\n<td><span style=\"color: #000000; font-size: medium;\"><strong>Familiarisez-vous avec les param\u00e8tres de confidentialit\u00e9 de votre ordinateur.<\/strong><\/span><br \/>\nVous trouverez ceux-ci dans le menu \u00ab Options \u00bb de votre navigateur. Lorsque vous s\u00e9lectionnez les options concernant les cookies, rappelez-vous qu\u2019ils rendent les sites web souvent plus conviviaux (par exemple, en se rappelant des param\u00e8tres de pr\u00e9f\u00e9rences sur un site ou de la s\u00e9lection de la langue).<\/td>\n<\/tr>\n<\/tbody>\n<\/table>\n<p>L\u2019exemple ci-dessous montre comment les param\u00e8tres de confidentialit\u00e9 peuvent \u00eatre g\u00e9r\u00e9s dans Internet Explorer 11.<\/p>\n<p>&nbsp;<\/p>\n<p style=\"text-align: center;\"><img class=\"size-full wp-image-1137 aligncenter\" title=\"privacy at medium\" src=\"https:\/\/www.youronlinechoices.com\/uk\/wp-content\/uploads\/2015\/09\/IE11_privacy.jpg\" alt=\"privacy at medium\"style=\"width:50%;height:auto\"\/><\/p>\n<p style=\"text-align: center;\"><img class=\"size-full wp-image-128 aligncenter\" title=\"Advanced privacy settings\" src=\"https:\/\/www.youronlinechoices.com\/uk\/wp-content\/uploads\/2015\/09\/IE11_cookies.jpg\" alt=\"Advanced privacy settings\" style=\"width:50%;height:auto\"\/><\/p>\n<p>L\u2019exemple ci-dessous montre comment les param\u00e8tres de confidentialit\u00e9 peuvent \u00eatre g\u00e9r\u00e9s dans Microsoft EDGE.<\/p>\n<p>&nbsp;<\/p>\n<p style=\"text-align: center;\"><img class=\"size-full wp-image-1137 aligncenter\" title=\"privacy at medium\" src=\"https:\/\/www.youronlinechoices.com\/uk\/wp-content\/uploads\/2015\/09\/EDGE_privacy.jpg\" alt=\"privacy at medium\" style=\"width:50%;height:auto\" \/><\/p>\n<p style=\"text-align: center;\"><img class=\"size-full wp-image-128 aligncenter\" title=\"Advanced privacy settings\" src=\"https:\/\/www.youronlinechoices.com\/uk\/wp-content\/uploads\/2015\/09\/EDGE_cookies.jpg\" alt=\"Advanced privacy settings\" style=\"width:50%;height:auto\" \/><\/p>\n<p>L\u2019exemple ci-dessous montre comment les param\u00e8tres de confidentialit\u00e9 peuvent \u00eatre g\u00e9r\u00e9s dans Google Chrome.<\/p>\n<p>&nbsp;<\/p>\n<p style=\"text-align: center;\"><img class=\"size-full wp-image-1137 aligncenter\" title=\"privacy at medium\" src=\"https:\/\/www.youronlinechoices.com\/uk\/wp-content\/uploads\/2015\/09\/CHROME_privacy.png\" alt=\"privacy at medium\" style=\"width:90%;height:auto\" \/><\/p>\n<p style=\"text-align: center;\"><img class=\"size-full wp-image-128 aligncenter\" title=\"Advanced privacy settings\" src=\"https:\/\/www.youronlinechoices.com\/uk\/wp-content\/uploads\/2015\/09\/CHROME_cookies.png\" alt=\"Advanced privacy settings\" style=\"width:90%;height:auto\" \/><\/p>\n<p>L\u2019exemple ci-dessous montre comment les param\u00e8tres de confidentialit\u00e9 peuvent \u00eatre g\u00e9r\u00e9s dans Google Chrome Mobile.<\/p>\n<p>&nbsp;<\/p>\n<p style=\"text-align: center;\"><img class=\"size-full wp-image-1137 aligncenter\" title=\"privacy at medium\" src=\"https:\/\/www.youronlinechoices.com\/uk\/wp-content\/uploads\/2015\/09\/Chrome_mobile_settings.jpg\" alt=\"privacy at medium\" style=\"width:50%;height:auto\" \/><\/p>\n<p style=\"text-align: center;\"><img class=\"size-full wp-image-128 aligncenter\" title=\"Advanced privacy settings\" src=\"https:\/\/www.youronlinechoices.com\/uk\/wp-content\/uploads\/2015\/09\/Chrome_mobile_cookies.jpg\" alt=\"Advanced privacy settings\" style=\"width:50%;height:auto\" \/><\/p>\n<p>L\u2019exemple ci-dessous montre comment les param\u00e8tres de confidentialit\u00e9 peuvent \u00eatre g\u00e9r\u00e9s dans Safari.<\/p>\n<p>&nbsp;<\/p>\n<p style=\"text-align: center;\"><img class=\"size-full wp-image-1137 aligncenter\" title=\"privacy at medium\" src=\"https:\/\/www.youronlinechoices.com\/uk\/wp-content\/uploads\/2015\/09\/SAFARI_privacy.png\" alt=\"privacy at medium\" style=\"width:70%;height:auto\" \/><\/p>\n<p><\/p>\n<p style=\"text-align: center;\"><img class=\"size-full wp-image-128 aligncenter\" title=\"Advanced privacy settings\" src=\"https:\/\/www.youronlinechoices.com\/uk\/wp-content\/uploads\/2015\/09\/SAFARI_cookies.png\" alt=\"Advanced privacy settings\" style=\"width:70%;height:auto\" \/><\/p>\n<p>L\u2019exemple ci-dessous montre comment les param\u00e8tres de confidentialit\u00e9 peuvent \u00eatre g\u00e9r\u00e9s dans Safari Mobile.<\/p>\n<p>&nbsp;<\/p>\n<p style=\"text-align: center;\"><img class=\"size-full wp-image-1137 aligncenter\" title=\"privacy at medium\" src=\"https:\/\/www.youronlinechoices.com\/uk\/wp-content\/uploads\/2015\/09\/Safari_Mobile_Settings.jpg\" alt=\"privacy at medium\" style=\"width:50%;height:auto\" \/><\/p>\n<p style=\"text-align: center;\"><img class=\"size-full wp-image-128 aligncenter\" title=\"Advanced privacy settings\" src=\"https:\/\/www.youronlinechoices.com\/uk\/wp-content\/uploads\/2015\/09\/Safari_Mobile_privacy.jpg\" alt=\"Advanced privacy settings\" style=\"width:50%;height:auto\" \/><\/p>\n<p style=\"text-align: center;\"><img class=\"size-full wp-image-128 aligncenter\" title=\"Advanced privacy settings\" src=\"https:\/\/www.youronlinechoices.com\/uk\/wp-content\/uploads\/2015\/09\/Safari_Mobile_cookies.jpg\" alt=\"Advanced privacy settings\" style=\"width:50%;height:auto\" \/><\/p>\n<table border=\"0\">\n<tbody>\n<tr>\n<td><img loading=\"lazy\" class=\"alignnone size-full wp-image-497\" title=\"Number-5-blue_4080\" src=\"https:\/\/youronlinechoices.com\/wp-content\/uploads\/2009\/08\/Number-5-blue_4080.jpg\" alt=\"Number-5-blue_4080\" width=\"80\" height=\"80\" \/><\/td>\n<td><\/td>\n<td><span style=\"color: #000000; font-size: medium;\"><strong><br \/>\nEssayez d\u2019adapter ces param\u00e8tres de confidentialit\u00e9 aux besoins de l\u2019ensemble de votre famille.<\/strong><\/span><br \/>\nTout le monde utilise Internet de fa\u00e7on diff\u00e9rente \u00e0 des fins diverses. Dans les familles o\u00f9 plus d\u2019une personne utilise le m\u00eame ordinateur, nous sugg\u00e9rons que chaque utilisateur ait son propre \u00ab compte utilisateur \u00bb. Cela permet de choisir des param\u00e8tres de confidentialit\u00e9 (par exemple le param\u00e9trage des cookies ou les pr\u00e9f\u00e9rences de d\u00e9sactivation) selon les besoins et exigences de chaque utilisateur.<\/td>\n<\/tr>\n<\/tbody>\n<\/table>\n<p>&nbsp;<br \/>\nWindows 10:<\/p>\n<p style=\"text-align: center;\"><img class=\"size-full wp-image-129 aligncenter\" title=\"user accounts\" src=\"https:\/\/www.youronlinechoices.com\/uk\/wp-content\/uploads\/2015\/09\/Windows10_accounts.png\" alt=\"user accounts\" style=\"width:70%;height:auto\" \/><\/p>\n<p>Mac OS:<\/p>\n<p style=\"text-align: center;\"><img class=\"size-full wp-image-129 aligncenter\" title=\"user accounts\" src=\"https:\/\/www.youronlinechoices.com\/uk\/wp-content\/uploads\/2015\/09\/MAC_accounts.jpg\" alt=\"user accounts\" style=\"width:70%;height:auto\" \/><\/p>\n<p><!-- br--><br \/>\n<!-- br--><\/p>\n<h3>Faites-nous part de vos remarques : <a href=\"mailto:contact@iab-switzerland.ch\">contact@iab-switzerland.ch<\/a><\/h3>\n","protected":false},"excerpt":{"rendered":"<p>Cinq trucs et astuces pour vous aider \u00e0 g\u00e9rer votre vie priv\u00e9e en ligne. Ne paniquez pas La publicit\u00e9 en ligne reposant sur les centres d\u2019int\u00e9r\u00eat est s\u00fbre et transparente. Les marques ne savent pas qui vous \u00eates, car les informations qui sont collect\u00e9es ne peuvent pas \u00eatre utilis\u00e9es pour vous identifier et sont fond\u00e9es [&hellip;]<\/p>\n","protected":false},"author":2,"featured_media":0,"parent":0,"menu_order":4,"comment_status":"closed","ping_status":"closed","template":"","meta":[],"_links":{"self":[{"href":"https:\/\/www.youronlinechoices.com\/ch-fr\/wp-json\/wp\/v2\/pages\/255"}],"collection":[{"href":"https:\/\/www.youronlinechoices.com\/ch-fr\/wp-json\/wp\/v2\/pages"}],"about":[{"href":"https:\/\/www.youronlinechoices.com\/ch-fr\/wp-json\/wp\/v2\/types\/page"}],"author":[{"embeddable":true,"href":"https:\/\/www.youronlinechoices.com\/ch-fr\/wp-json\/wp\/v2\/users\/2"}],"replies":[{"embeddable":true,"href":"https:\/\/www.youronlinechoices.com\/ch-fr\/wp-json\/wp\/v2\/comments?post=255"}],"version-history":[{"count":11,"href":"https:\/\/www.youronlinechoices.com\/ch-fr\/wp-json\/wp\/v2\/pages\/255\/revisions"}],"predecessor-version":[{"id":348,"href":"https:\/\/www.youronlinechoices.com\/ch-fr\/wp-json\/wp\/v2\/pages\/255\/revisions\/348"}],"wp:attachment":[{"href":"https:\/\/www.youronlinechoices.com\/ch-fr\/wp-json\/wp\/v2\/media?parent=255"}],"curies":[{"name":"wp","href":"https:\/\/api.w.org\/{rel}","templated":true}]}}