{"id":252,"date":"2011-09-10T16:56:26","date_gmt":"2011-09-10T16:56:26","guid":{"rendered":"https:\/\/www.youronlinechoices.com\/ch-fr\/?page_id=252"},"modified":"2015-05-14T11:54:52","modified_gmt":"2015-05-14T11:54:52","slug":"controler-ses-cookies","status":"publish","type":"page","link":"https:\/\/www.youronlinechoices.com\/ch-fr\/controler-ses-cookies","title":{"rendered":"Contr\u00f4ler ses cookies"},"content":{"rendered":"<div class=\"mb10\">\nLes soci\u00e9t\u00e9s list\u00e9es ci-dessous sont quelques uns des fournisseurs qui travaillent avec des sites web pour collecter et utiliser des informations n\u00e9cessaires \u00e0 de la publicit\u00e9 comportementale. Utilisez les boutons ci-dessous pour contr\u00f4ler et d\u00e9finir vos pr\u00e9f\u00e9rences en termes de publicit\u00e9 comportementale. Vous pouvez s\u00e9lectionner ou d\u00e9-s\u00e9lectionner d&#8217;un coup toutes les soci\u00e9t\u00e9s, ou d\u00e9finir vos pr\u00e9f\u00e9rences soci\u00e9t\u00e9 par soci\u00e9t\u00e9. En cliquant sur le bouton &#8220;i&#8221; vous pourrez obtenir plus d&#8217;information sur chacune de ces soci\u00e9t\u00e9s, comme par exemple savoir si cette soci\u00e9t\u00e9 a d\u00e9pos\u00e9 des cookies pour de la publicit\u00e9 comportementale sur votre navigateur. En cas de probl\u00e8me pour d\u00e9finir vos pr\u00e9f\u00e9rences, n&#8217;h\u00e9sitez pas \u00e0 consulter la <a href=\"https:\/\/www.youronlinechoices.com\/ch-fr\/aide-au-controle-des-cookies\/\">page d&#8217;aide<\/a>.<\/p>\n<\/div>\n<div class=\"liteyellowbg p10\">\n<div class=\"bbsolid bcdarkyellow pb10 mb10\">\n<div class=\"fleft pt10 pl5 pr10\"><img class=\"block attention\" src=\"https:\/\/www.youronlinechoices.com\/images\/pixel.png\" alt=\"\" \/><\/div>\n<div class=\"fleft w90\">Please note: this does not turn off all internet advertising only advertisements that are customised to your likely interests based upon previous web browsing activity. <a class=\"block mt5\" href=\"aide-au-controle-des-cookies\">Read more about the process<\/a><\/div>\n<\/div>\n<div class=\"pl40 pt10 pb10\">\n<p><strong class=\"block mb5\">Status symbols scheme:<\/strong><\/p>\n<div>\n<div class=\"block mb10\"><img class=\"iblock mr5 legend nocookie vamiddle\" src=\"https:\/\/www.youronlinechoices.com\/images\/pixel.png\" alt=\"\" \/><span class=\"iblock w530 vamiddle\">This company has not set-up a cookie, but may deliver in the future advertisements that are customised to your interests.<\/span><\/div>\n<div class=\"block mb10\"><img class=\"iblock vamiddle mr5 legend on\" src=\"https:\/\/www.youronlinechoices.com\/images\/pixel.png\" alt=\"\" \/><span class=\"iblock w530 vamiddle\">This company is delivering advertisements customised to your interests.<\/span><\/div>\n<div class=\"block mb10\"><img class=\"iblock vamiddle mr5 legend off\" src=\"https:\/\/www.youronlinechoices.com\/images\/pixel.png\" alt=\"\" \/><span class=\"iblock w530 vamiddle\">This company is not delivering advertisements customised to your interests.<\/span><\/div>\n<div class=\"block\"><img class=\"iblock vamiddle mr5 legend noconnection\" src=\"https:\/\/www.youronlinechoices.com\/images\/pixel.png\" alt=\"\" \/><span class=\"iblock w530 vamiddle\">This company is experiencing technical issues, and we cannot retrieve your status.<\/span><\/div>\n<\/div>\n<\/div>\n<\/div>\n<div>\n<p><iframe loading=\"lazy\" width=\"100%\" height=\"3700\" id=\"myiframeid\" name=\"myiframeid\" src=\"https:\/\/www.youronlinechoices.com\/opt_out_interface_v2?lang=ch-fr\" scrolling=\"no\" frameborder=\"0\" onload=\"\"><\/iframe><\/p>\n<div id=\"loadingLoad\">\n<div class=\"reloadButtons\"> aaa <\/div>\n<p><span id=\"loadingLoadText\">82<\/span>\n<\/div>\n<\/div>\n","protected":false},"excerpt":{"rendered":"<p>Les soci\u00e9t\u00e9s list\u00e9es ci-dessous sont quelques uns des fournisseurs qui travaillent avec des sites web pour collecter et utiliser des informations n\u00e9cessaires \u00e0 de la publicit\u00e9 comportementale. Utilisez les boutons ci-dessous pour contr\u00f4ler et d\u00e9finir vos pr\u00e9f\u00e9rences en termes de publicit\u00e9 comportementale. Vous pouvez s\u00e9lectionner ou d\u00e9-s\u00e9lectionner d&#8217;un coup toutes les soci\u00e9t\u00e9s, ou d\u00e9finir vos [&hellip;]<\/p>\n","protected":false},"author":2,"featured_media":0,"parent":0,"menu_order":3,"comment_status":"closed","ping_status":"closed","template":"","meta":[],"_links":{"self":[{"href":"https:\/\/www.youronlinechoices.com\/ch-fr\/wp-json\/wp\/v2\/pages\/252"}],"collection":[{"href":"https:\/\/www.youronlinechoices.com\/ch-fr\/wp-json\/wp\/v2\/pages"}],"about":[{"href":"https:\/\/www.youronlinechoices.com\/ch-fr\/wp-json\/wp\/v2\/types\/page"}],"author":[{"embeddable":true,"href":"https:\/\/www.youronlinechoices.com\/ch-fr\/wp-json\/wp\/v2\/users\/2"}],"replies":[{"embeddable":true,"href":"https:\/\/www.youronlinechoices.com\/ch-fr\/wp-json\/wp\/v2\/comments?post=252"}],"version-history":[{"count":8,"href":"https:\/\/www.youronlinechoices.com\/ch-fr\/wp-json\/wp\/v2\/pages\/252\/revisions"}],"predecessor-version":[{"id":328,"href":"https:\/\/www.youronlinechoices.com\/ch-fr\/wp-json\/wp\/v2\/pages\/252\/revisions\/328"}],"wp:attachment":[{"href":"https:\/\/www.youronlinechoices.com\/ch-fr\/wp-json\/wp\/v2\/media?parent=252"}],"curies":[{"name":"wp","href":"https:\/\/api.w.org\/{rel}","templated":true}]}}