{"id":250,"date":"2011-09-10T16:56:10","date_gmt":"2011-09-10T16:56:10","guid":{"rendered":"https:\/\/www.youronlinechoices.com\/ch-fr\/?page_id=250"},"modified":"2018-04-09T21:25:06","modified_gmt":"2018-04-09T21:25:06","slug":"a-propos-de-la-publicite-comportementale","status":"publish","type":"page","link":"https:\/\/www.youronlinechoices.com\/ch-fr\/a-propos-de-la-publicite-comportementale","title":{"rendered":"A propos de la publicit\u00e9 comportementale"},"content":{"rendered":"<p>Nous sommes conscients que certaines personnes sont plus famili\u00e8res que d\u2019autres avec la notion de publicit\u00e9 reposant sur les centres d\u2019int\u00e9r\u00eat. Nous esp\u00e9rons que ce site permettra d\u2019en comprendre mieux le fonctionnement.<\/p>\n<p>&nbsp;<\/p>\n<p>La publicit\u00e9 reposant sur les centres d\u2019int\u00e9r\u00eat est une pratique qui prend en consid\u00e9ration l\u2019activit\u00e9 ant\u00e9rieure de navigation sur Internet. Elle permet aux marques d&#8217;afficher des publicit\u00e9s correspondant aux centres d\u2019int\u00e9r\u00eat des internautes. Il s\u2019agit d\u2019un proc\u00e9d\u00e9 inoffensif et transparent, principalement destin\u00e9 \u00e0 rendre vos recherches, \u00e0 vous internautes, plus efficaces.<\/p>\n<p>&nbsp;<\/p>\n<p>Ce site vous pr\u00e9sente de fa\u00e7on d\u00e9taill\u00e9e les choix dont vous disposez en tant qu\u2019internautes et vous explique comment vous pouvez contr\u00f4ler cette forme de publicit\u00e9.<\/p>\n<p>&nbsp;<\/p>\n<h2>Qu\u2019entend-on par publicit\u00e9 reposant sur les centres d\u2019int\u00e9r\u00eat?<\/h2>\n<p>&nbsp;<\/p>\n<p>La publicit\u00e9 en ligne reposant sur les centres d\u2019int\u00e9r\u00eats (\u00e9galement connue sous le nom de &#8220;publicit\u00e9 comportementale&#8221;) est une fa\u00e7on d&#8217;afficher des publicit\u00e9s qui correspondent davantage \u00e0 vos centres d\u2019int\u00e9r\u00eat sur les sites web que vous visitez. Les centres d&#8217;int\u00e9r\u00eat partag\u00e9s par un grand nombre d\u2019internautes sont regroup\u00e9s d&#8217;apr\u00e8s leur activit\u00e9 de navigation ant\u00e9rieure ; par la suite, ils verront s&#8217;afficher des publicit\u00e9s qui correspondent \u00e0 leurs centres d&#8217;int\u00e9r\u00eat communs. Ainsi, la publicit\u00e9 devient la plus efficace et la plus pertinente possible.<\/p>\n<p>&nbsp;<\/p>\n<h2>Comment \u00e7a marche?<\/h2>\n<p>&nbsp;<\/p>\n<p>Imaginez que vous projetiez un voyage \u00e0 Rome. Vous visitez la rubrique d\u2019un site web sur Rome et vous consultez quelques articles pour savoir o\u00f9 s\u00e9journer et quoi visiter. Lors d\u2019une future connexion, en lisant un article sur votre \u00e9quipe de football pr\u00e9f\u00e9r\u00e9e, vous d\u00e9couvrez une offre pour un d\u00eener de deux repas pour le prix d\u2019un seul \u00e0 Rome ou une offre de location de voiture \u00e0 prix r\u00e9duit \u00e0 Rome. Vous recevez ces publicit\u00e9s sp\u00e9cialement cibl\u00e9es parce que vous, et d\u2019autres internautes comme vous, avez montr\u00e9 un int\u00e9r\u00eat pour Rome. Ceci permet d\u2019am\u00e9liorer votre exp\u00e9rience sur le Web en profitant au mieux de technologies disponibles uniquement sur Internet &#8211; et contribue ainsi \u00e0 r\u00e9duire le nombre de publicit\u00e9s qui ne vous int\u00e9ressent pas.<\/p>\n<p>&nbsp;<\/p>\n<p><a href=\"https:\/\/www.youronlinechoices.com\/fr\/wp-content\/uploads\/2010\/10\/bt_fr.gif\"><img loading=\"lazy\" class=\"aligncenter size-full wp-image-28\" title=\"bt_fr\" src=\"https:\/\/www.youronlinechoices.com\/fr\/wp-content\/uploads\/2010\/10\/bt_fr.gif\" alt=\"\" width=\"400\" height=\"500\" \/><\/a><\/p>\n<p>&nbsp;<\/p>\n<p>Cette forme de publicit\u00e9 cibl\u00e9e est fond\u00e9e sur l\u2019activit\u00e9 de navigation pass\u00e9e d\u2019un internaute et c\u2019est pourquoi elle est appel\u00e9e publicit\u00e9 reposant sur les centres d\u2019int\u00e9r\u00eat. Comme ce type de publicit\u00e9 est fond\u00e9 sur l\u2019activit\u00e9 de navigation \u00e0 travers le temps, elle se diff\u00e9rencie d\u2019autres formes de publicit\u00e9 en ligne, telles que la publicit\u00e9 contextuelle. La publicit\u00e9 contextuelle est une publicit\u00e9 qui est fournie selon le contexte dans laquelle elle appara\u00eet, c\u2019est-\u00e0-dire la page du site web que vous consultez \u00e0 un moment pr\u00e9cis. Elle est en rapport avec le contenu de la page (par exemple une publicit\u00e9 pour des \u00e9quipements automobiles sur un site internet consacr\u00e9 \u00e0 l\u2019automobile) ou encore avec le mot-cl\u00e9 que vous avez entr\u00e9 dans un moteur de recherche.<\/p>\n<p>&nbsp;<\/p>\n<h2>Comment ma vie priv\u00e9e est-elle prot\u00e9g\u00e9e ?<\/h2>\n<p>&nbsp;<\/p>\n<p>Tous les fournisseurs de publicit\u00e9 reposant sur les centres d\u2019int\u00e9r\u00eat doivent se conformer aux lois de l\u2019Union Europ\u00e9enne. Dans la plupart des cas, les informations utilis\u00e9es pour cibler les publicit\u00e9s ne sont pas personnelles, c&#8217;est-\u00e0-dire qu\u2019elles ne permettent pas de vous identifier, vous internaute en tant qu\u2019individu, dans le monde r\u00e9el. Les donn\u00e9es sur vos activit\u00e9s de navigation sont recueillies et analys\u00e9es de mani\u00e8re totalement anonyme. Si cette analyse conclut \u00e0 un int\u00e9r\u00eat particulier, un cookie (petit fichier texte utilis\u00e9 par la plupart des sites web pour stocker des bribes d\u2019informations afin de rendre votre utilisation de l\u2019Internet plus efficace) est plac\u00e9 dans votre navigateur internet et c\u2019est ce cookie (et non pas vos donn\u00e9es de navigation) qui d\u00e9terminera quel type de publicit\u00e9 vous allez recevoir. Lorsque des informations d\u2019identification personnelle (telles que des donn\u00e9es d\u2019enregistrement pour acc\u00e9der \u00e0 un site Internet par exemple) sont utilis\u00e9es, vous en aurez \u00e9t\u00e9 pr\u00e9alablement inform\u00e9s dans les mentions l\u00e9gales du site web lors de votre inscription \u00e0 un service particulier. Vous avez toujours le choix de b\u00e9n\u00e9ficier d\u2019une publicit\u00e9 plus adapt\u00e9e ou non, et <strong>aucune information d\u2019identification personnelle n&#8217;est utilis\u00e9e sans que vous n&#8217;ayez donn\u00e9 votre autorisation au pr\u00e9alable<\/strong>.<\/p>\n<p>&nbsp;<\/p>\n<p>Vous pouvez contr\u00f4ler le d\u00e9p\u00f4t de cookies sur votre ordinateur, notamment avec les options propos\u00e9es par les navigateurs. La soci\u00e9t\u00e9 qui recueille et utilise les donn\u00e9es vous proposera \u00e9galement un moyen de refuser la publicit\u00e9 reposant sur les centres d\u2019int\u00e9r\u00eat. Cliquez <a href=\"https:\/\/www.youronlinechoices.com\/ch-fr\/aide-au-controle-des-cookies\/\">ici<\/a> pour en savoir plus sur l\u2019option de contr\u00f4le de la publicit\u00e9 reposant sur les centres d\u2019int\u00e9r\u00eat.<\/p>\n<p>&nbsp;<\/p>\n<h2>Vous avez d\u2019autres questions ? Quelques liens utiles :<\/h2>\n<p>&nbsp;<\/p>\n<ul>\n<li>Notre <a href=\"https:\/\/www.youronlinechoices.com\/ch-fr\/foire-aux-questions\/\">foire aux questions<\/a> devrait apporter des r\u00e9ponses \u00e0 d\u2019\u00e9ventuelles questions suppl\u00e9mentaires.<\/li>\n<li>Nous sugg\u00e9rons \u00e9galement <a href=\"https:\/\/www.youronlinechoices.com\/fr\/46-2\/\">cinq trucs et astuces<\/a> pour vous aider \u00e0 mieux comprendre et prot\u00e9ger votre vie priv\u00e9e en ligne.<\/li>\n<\/ul>\n<p><!-- br--><br \/>\n<!-- br--><\/p>\n<h3>Faites-nous part de vos remarques : <a href=\"mailto:contact@iab-switzerland.ch\">contact@iab-switzerland.ch<\/a><\/h3>\n","protected":false},"excerpt":{"rendered":"<p>Nous sommes conscients que certaines personnes sont plus famili\u00e8res que d\u2019autres avec la notion de publicit\u00e9 reposant sur les centres d\u2019int\u00e9r\u00eat. Nous esp\u00e9rons que ce site permettra d\u2019en comprendre mieux le fonctionnement. &nbsp; La publicit\u00e9 reposant sur les centres d\u2019int\u00e9r\u00eat est une pratique qui prend en consid\u00e9ration l\u2019activit\u00e9 ant\u00e9rieure de navigation sur Internet. Elle permet [&hellip;]<\/p>\n","protected":false},"author":2,"featured_media":0,"parent":0,"menu_order":2,"comment_status":"closed","ping_status":"closed","template":"","meta":[],"_links":{"self":[{"href":"https:\/\/www.youronlinechoices.com\/ch-fr\/wp-json\/wp\/v2\/pages\/250"}],"collection":[{"href":"https:\/\/www.youronlinechoices.com\/ch-fr\/wp-json\/wp\/v2\/pages"}],"about":[{"href":"https:\/\/www.youronlinechoices.com\/ch-fr\/wp-json\/wp\/v2\/types\/page"}],"author":[{"embeddable":true,"href":"https:\/\/www.youronlinechoices.com\/ch-fr\/wp-json\/wp\/v2\/users\/2"}],"replies":[{"embeddable":true,"href":"https:\/\/www.youronlinechoices.com\/ch-fr\/wp-json\/wp\/v2\/comments?post=250"}],"version-history":[{"count":8,"href":"https:\/\/www.youronlinechoices.com\/ch-fr\/wp-json\/wp\/v2\/pages\/250\/revisions"}],"predecessor-version":[{"id":351,"href":"https:\/\/www.youronlinechoices.com\/ch-fr\/wp-json\/wp\/v2\/pages\/250\/revisions\/351"}],"wp:attachment":[{"href":"https:\/\/www.youronlinechoices.com\/ch-fr\/wp-json\/wp\/v2\/media?parent=250"}],"curies":[{"name":"wp","href":"https:\/\/api.w.org\/{rel}","templated":true}]}}