{"id":356,"date":"2019-09-16T21:04:09","date_gmt":"2019-09-16T21:04:09","guid":{"rendered":"https:\/\/www.youronlinechoices.com\/ch-de\/?page_id=356"},"modified":"2025-10-22T20:00:13","modified_gmt":"2025-10-22T20:00:13","slug":"ihr-datenschutz","status":"publish","type":"page","link":"https:\/\/www.youronlinechoices.com\/ch-de\/ihr-datenschutz","title":{"rendered":"Ihr Datenschutz"},"content":{"rendered":"<h3>Zum Schutz Ihrer Daten<\/h3>\n<p><!-- br --><br \/>\nDiese Website wird von der digitalen Werbewirtschaft unterst\u00fctzt und von der European Interactive Digital Advertising Alliance (EDAA) betreut. Wir setzen uns daf\u00fcr ein, die Privatsph\u00e4re aller Personen, mit denen wir in der Vergangenheit, in der Gegenwart oder in der Zukunft interagieren , zu respektieren und zu sch\u00fctzen. Im Rahmen unseres Engagements m\u00f6chten wir Ihnen klare Informationen und eine Kontrolle \u00fcber Ihre personenbezogenen Daten bei uns geben, sowie \u00fcber andere nicht pers\u00f6nliche Daten, die wir gegebenenfalls bei Ihrem Besuch dieser Website erfassen und nutzen.<br \/>\n<!-- br --><br \/>\n<!-- br --><\/p>\n<h3>Die Website<\/h3>\n<p><!-- br --><br \/>\nAuf dieser Website verwalten wir eine Schl\u00fcsselkomponente eines paneurop\u00e4ischen Programms zur Selbstregulierung der verhaltensorientierten Internetwerbung (dabei handelt es sich um die Bereitstellung von Werbeeinschaltungen, die basierend auf den abgeleiteten Interessen des Internetnutzers jeweils relevanter sind). Dieses Selbstregulierungsprogramm gew\u00e4hrt Internetnutzern wie Ihnen mehr Transparenz und Kontrolle \u00fcber verhaltensorientierte Internetwerbung.<br \/>\n<!-- br --><br \/>\n<a href=\"https:\/\/www.youronlinechoices.com\/de\/beschwerde\/378-revision-3\/\" rel=\"attachment wp-att-382\"><img loading=\"lazy\" class=\"alignnone size-thumbnail wp-image-382\" title=\"OBA-icon\" src=\"https:\/\/www.youronlinechoices.com\/ie\/wp-content\/uploads\/2013\/06\/OBA-icon-150x150.jpg\" alt=\"\" width=\"42\" height=\"42\" \/><\/a> Transparenz wird \u00fcber ein allgemein erkennbares \u201eOBA-Symbol\u201c (OBA=Online Behavioral Advertising (Verhaltensorientierte Internetwerbung)) geboten, das mit einem Begleittext in allen offiziellen EU-Sprachen zur Verf\u00fcgung steht (eine vollst\u00e4ndige Liste des Begleittexts in jeder offiziellen EU-Sprache kann <a href=\"https:\/\/edaa.eu\/wp-content\/uploads\/Att-3-technical_specifications_for_iab_eu_oba_fw_v1.pdf#page=15\">hier<\/a> abgerufen werden) und immer dann erscheint, wenn Unternehmen Daten zu Zwecken verhaltensorientierter Internetwerbung erfassen und verarbeiten. Klickt der Benutzer auf das Symbol, werden \u00fcbersichtliche und verst\u00e4ndliche Informationen \u00fcber verhaltensorientierte Internetwerbung angezeigt.<br \/>\n<!-- br --><br \/>\n<!-- br --><\/p>\n<p>\u00dcber dieses Symbol kann der Benutzer auch anhand der bereitgestellten Tools und Ressourcen Auswahl- und Kontrollm\u00f6glichkeiten nutzen, wobei solche Tools und Ressourcen diese Website einschlie\u00dfen. Diese Website deckt die L\u00e4nder der Europ\u00e4ischen Union \/ des Europ\u00e4ischen Wirtschaftsraums wie auch die Schweiz und die T\u00fcrkei ab und beinhaltet eine benutzerfreundliche Funktionalit\u00e4t (die Benutzern aus allen zuvor angef\u00fchrten L\u00e4ndern zur Verf\u00fcgung steht), die Benutzern (aus teilnehmenden L\u00e4ndern) erm\u00f6glicht, verhaltensorientierte Internetwerbung auf Wunsch auszuschalten. Eines der bemerkenswertesten Merkmale dieser Website ist die Tatsache, dass sie gem\u00e4\u00df einer branchenweiten Zusage erstellt wurde. Diese wird durch die European Advertising Standards Alliance (EASA) und deren Netzwerk an bew\u00e4hrten und weithin anerkannten nationalen Werbungsselbstregulierungsorganisationen in ganz Europa gest\u00fctzt, die in Zusammenarbeit ein leistungsf\u00e4higes, unabh\u00e4ngiges und f\u00fcr Benutzer kostenloses Beschwerdeabwicklungssystem gew\u00e4hrleisten m\u00f6chten.<\/p>\n<p>&nbsp;<\/p>\n<h3>Ihre personenbezogenen Daten<\/h3>\n<p><!-- br --><br \/>\nDie in dieser Mitteilung erl\u00e4uterte Verarbeitung Ihrer personenbezogenen Daten durch EDAA beruht auf Ihrer Einwilligung oder auf einer vertragsm\u00e4\u00dfigen Notwendigkeit. Wenn Sie uns Feedback \u00fcber Kan\u00e4le zukommen lassen, die Ihnen auf dieser Website zur Verf\u00fcgung stehen, dann erfassen und verarbeiten wir unter Umst\u00e4nden die von Ihnen \u00fcbermittelten personenbezogenen Daten, wie Ihren Namen, Ihre E-Mail-Adresse und Telefonnummer. Diese Angaben werden zu keinem anderen Zweck verarbeitet, als die Bearbeitung Ihres Feedbacks. Es kann in manchen F\u00e4llen nicht m\u00f6glich sein, Ihr Feedback direkt zu beantworten, wodurch eine Weitergabe solcher Daten an die jeweils zust\u00e4ndige nationale Werbungsselbstregulierungsorganisation zum Zweck der Bearbeitung der Beschwerde erfolgen. Sollte dies der Fall sein, leitet EDAA personenbezogene Daten erst weiter, nachdem Ihnen der Ablauf klar verst\u00e4ndlich erl\u00e4utert wurde und Ihre ausdr\u00fcckliche Einwilligungserkl\u00e4rung eingeholt wurde. Es werden keine anderen personenbezogene Daten an sonstige Dritte weitergeleitet. Ihre personenbezogenen Daten werden gel\u00f6scht, sobald die Angelegenheit sowohl zu Ihrer Zufriedenheit wie auch zur Zufriedenheit von EDAA geregelt wurde.<br \/>\n<!-- br --><br \/>\n<!-- br --><\/p>\n<h3>Datenhaltung<\/h3>\n<p><!-- br --><br \/>\nEDAA speichert Ihre personenbezogenen Daten gem\u00e4\u00df den geltenden rechtlichen Anforderungen und nur so lange, wie es f\u00fcr die in dieser Mitteilung beschriebenen Zwecke, bzw. von Gesetz wegen oder f\u00fcr die Verteidigung m\u00f6glicher Rechtsanspr\u00fcche erforderlich ist.<\/p>\n<p>Personenbezogene Daten, die \u00fcber direkt an EDAA gerichtete Auskunftsersuchen und\/oder Anfragen und\/oder Beschwerden erfasst wurden, werden f\u00fcr die Dauer eines Jahres gespeichert (oder so lange, wie es von Gesetz wegen vorgeschrieben oder zur Verteidigung m\u00f6glicher Rechtsanspr\u00fcche erforderlich ist), es sei denn, Sie widerrufen Ihre Einwilligung zur Verarbeitung Ihrer personenbezogenen Daten zu einem fr\u00fcheren Zeitpunkt.<br \/>\n<!-- br --><br \/>\n<!-- br --><\/p>\n<h3>Ihre Rechte<\/h3>\n<p><!-- br --><br \/>\nGem\u00e4\u00df Datenschutzgesetz stellen wir Ihnen auf einfaches Ansuchen Ihrerseits personenbezogene Daten zu Ihrer Pr\u00fcfung bereit. Falls Sie uns mitteilen, dass die personenbezogenen Daten nicht korrekt sind oder unangemessen genutzt werden, dann korrigieren bzw. aktualisieren wir sie gegebenenfalls, bzw. beschr\u00e4nken die Nutzung oder l\u00f6schen diese. F\u00fcr Informationen dar\u00fcber wie sie auf personenbezogene Daten zugreifen k\u00f6nnen, werden Sie auf die am Ende dieser Datenschutzmitteilung angef\u00fchrten Kontaktstellen verwiesen. Sie sind berechtigt, jederzeit der Nutzung Ihrer personenbezogenen Daten zu widersprechen, indem Sie ein einfaches Ansuchen an die am Ende dieser Datenschutzmitteilung angef\u00fchrten Kontaktstellen richten. Sie haben das Recht, Ihre personenbezogenen Daten in einem nutzbaren elektronischem Format anzufordern und diese an eine dritte Partei zu \u00fcbermitteln (Recht auf \u201eDatenportabilit\u00e4t\u201c).<\/p>\n<p>EDAA setzt sich daf\u00fcr ein, im Hinblick auf Beschwerden oder Bedenken bez\u00fcglich des Datenschutzes in Verbindung mit den von dieser Website abgedeckten Aktivit\u00e4ten gemeinsam mit Ihnen eine gerechte L\u00f6sung zu erreichen. Sollten Sie jedoch der Meinung sein, dass EDAA nicht in der Lage war, Ihnen bei Ihrer Beschwerde oder Ihrem Anliegen zu helfen, sind Sie berechtigt eine Beschwerde bei der Aufsichtsbeh\u00f6rde in jenem Mitgliedsstaat einzureichen, in dem Sie Ihren \u00fcblichen Wohnsitz oder Arbeitsort haben bzw. in jenem Mitgliedstaat, in dem die behauptete Verletzung der Datenschutzgesetze erfolgt ist (f\u00fcr Belgien siehe www.dataprotectionauthority.be, f\u00fcr alle anderen L\u00e4nder klicken Sie bitte <a href=\"https:\/\/edpb.europa.eu\/about-edpb\/board\/members_de\">hier<\/a> ).<\/p>\n<p><!-- br --><br \/>\n<!-- br --><\/p>\n<h3>Weitergabe von personenbezogenen Daten an Dritte \/\u00dcbertragung ins Ausland<\/h3>\n<p>&nbsp;<\/p>\n<p>Sie haben gegebenenfalls auch die M\u00f6glichkeit, \u00fcber diese Website Informationen und\/oder Beschwerden direkt an die nationale Werbungsselbstregulierungsorganisation in Ihrem Heimatland zu richten (siehe <a href=\"https:\/\/www.easa-alliance.org\/members\/europe\">hier<\/a> zur Identifikation der zust\u00e4ndigen Selbstregulierungsorganisation). Solche Informationen enthalten gegebenenfalls personenbezogene Daten, die dann direkt an die jeweilige Organisation geschickt werden, um der Bearbeitung der Beschwerde\/Information gem\u00e4\u00df Ihrem Ansuchen nachzukommen.<\/p>\n<p>Wir empfehlen Ihnen, die Datenschutzrichtlinien dieser Selbstregulierungsorganisation nachzulesen, wenn Sie sich f\u00fcr die Inanspruchnahme dieser Funktion entscheiden. In allen F\u00e4llen werden Sie genau dar\u00fcber in Kenntnis gesetzt, an welche Instanz Ihre Daten bei Nutzung dieses optionalen Internetformulars geschickt werden (z. B. in Deutschland: https:\/\/www.youronlinechoices.com\/de\/beschwerde\/; z. B. im Vereinigten K\u00f6nigreich: <a href=\"https:\/\/www.youronlinechoices.com\/uk\/make-a-complaint\">https:\/\/www.youronlinechoices.com\/uk\/make-a-complaint<\/a>)<\/p>\n<p>Unbeschadet einer Verpflichtung aufgrund eines Gesetzes oder einer beh\u00f6rdlichen Anordnung oder eines Gerichtsbeschlusses legt EDAA keine Sie betreffenden personenbezogenen Daten offen, die auf dieser Seite erfasst wurden, und gibt sie an keine anderen Entit\u00e4ten weiter (ausgenommen in eineigen au\u00dfergew\u00f6hnlichen F\u00e4llen und nur nachdem zuvor Ihre ausdr\u00fcckliche Einwilligung eingeholt wurde).<\/p>\n<p>&nbsp;<\/p>\n<h3>Cookies<\/h3>\n<p>&nbsp;<\/p>\n<p>Cookies sind kleine Datenpakete, die in Ihrem Webbrowser gespeichert werden. Sie werden von Websites, die Sie besuchen, in Ihrem Webbrowser abgelegt. Wenn Sie sicherstellen m\u00f6chten, dass keine Cookies genutzt werden, lesen Sie bitte weiter unten oder besuchen Sie unsere <a href=\"https:\/\/www.youronlinechoices.com\/ch-de\/funf-top-tipps\">f\u00fcnf Top-Tipps<\/a> f\u00fcr weitere Einzelheiten dar\u00fcber, wie Cookies in den Datenschutzeinstellungen Ihres Webbrowsers verwaltet oder deaktiviert werden k\u00f6nnen. Bitte beachten Sie, dass eine Deaktivierung von Cookies zu diesem Zweck bedeutet, dass das Kontrolltool nicht mehr wirksam funktioniert und sich m\u00f6glicherweise negativ auf Ihre gesamte Internetnutzung auswirken k\u00f6nnte.<\/p>\n<p>Viele der Unternehmen, die auf der Seite \u201eIhre Werbungsauswahl\u201c aufgef\u00fchrt sind, setzen Cookies ein, um Ihren aktuellen Status f\u00fcr verhaltensorientierte Werbung zu pr\u00fcfen (d. h. \u201eakzeptiert\u201c oder \u201eausgeschaltet\u201c je nach Ihren Einstellungspr\u00e4ferenzen) wie auch um die von Ihnen gew\u00e4hlte Option auszuf\u00fchren. Diese Cookies sind f\u00fcr die Funktionsf\u00e4higkeit der Kontrollseite wie auch zur Identifizierung von Fehlern bei der Ausf\u00fchrung wesentlich.<\/p>\n<p>Wir setzen auf dieser Website auch Cookies ein, um die Funktionalit\u00e4t der Website zu warten und insgesamt laufend die Dienste zu verbessern, die Ihnen \u00fcber diese Website bereitgestellt werden. Bei diesem Vorgang werden keine personenbezogenen Angaben gespeichert und die erfassten Daten werden nur in aggregierter Form genutzt. Wenn Sie diese Funktion ausschalten m\u00f6chten, nutzen Sie bitte nachstehende Funktionalit\u00e4t.<\/p>\n<p>Nachstehend finden Sie eine genaue Beschreibung der auf diese Website eingesetzten Cookies.<\/p>\n<p>&nbsp;<\/p>\n<h3>Welche \u201eCookies\u201c werden auf dieser Website eingesetzt?<\/h3>\n<p>&nbsp;<\/p>\n<table border=\"0\" cellspacing=\"5\" cellpadding=\"5\">\n<tbody>\n<tr>\n<td style=\"border-bottom: 1px solid #ccc; text-align: left;\" valign=\"top\">Cookie<\/td>\n<td style=\"border-bottom: 1px solid #ccc; text-align: left;\" valign=\"top\">Zweck des Cookie<\/td>\n<td style=\"border-bottom: 1px solid #ccc; text-align: left;\" valign=\"top\">Charakter des Cookie<\/td>\n<td style=\"border-bottom: 1px solid #ccc; text-align: left;\" valign=\"top\">Cookie-Art<\/td>\n<\/tr>\n<tr>\n<td style=\"border-bottom: 1px solid #ccc; text-align: left;\" valign=\"top\">Webanalytik<\/td>\n<td style=\"border-bottom: 1px solid #ccc; text-align: left;\">EDAA st\u00fctzt sich auf das selbstbetriebene Matomo und registriert die Anzahl der Besuche eines jeden Benutzers wie auch den Zeitpunkt des ersten, letzten und aktuellen Besuchs.<\/td>\n<td style=\"border-bottom: 1px solid #ccc; text-align: left;\">Erstanbieter<\/td>\n<td style=\"border-bottom: 1px solid #ccc; text-align: left;\">1 Jahr<\/td>\n<\/tr>\n<tr>\n<td style=\"border-bottom: 1px solid #ccc; text-align: left;\" valign=\"top\">Cookie zur \u00dcberwachung der Verl\u00e4sslichkeit der Integration der Unternehmen.<\/td>\n<td style=\"border-bottom: 1px solid #ccc; text-align: left;\">Dient der \u00dcberwachung der Verl\u00e4sslichkeit der Integrationspunkte der Unternehmen mit der Website.<\/td>\n<td style=\"border-bottom: 1px solid #ccc; text-align: left;\">Erstanbieter<\/td>\n<td style=\"border-bottom: 1px solid #ccc; text-align: left;\">1 Monat<\/td>\n<\/tr>\n<tr>\n<td style=\"border-bottom: 1px solid #ccc; text-align: left;\" valign=\"top\">Cookie banner&#8217; cookie<\/td>\n<td style=\"border-bottom: 1px solid #ccc; text-align: left;\">Dient zur Erinnerung, ob ein Internetbesucher das \u201eCookie-Banner\u201c, das oben auf Webseiten angezeigt wird, abgelehnt hat.<\/td>\n<td style=\"border-bottom: 1px solid #ccc; text-align: left;\">Erstanbieter<\/td>\n<td style=\"border-bottom: 1px solid #ccc; text-align: left;\">24 Stunden<\/td>\n<\/tr>\n<\/tbody>\n<\/table>\n<p>&nbsp;<\/p>\n<h3>Definitionen:<\/h3>\n<p>&nbsp;<\/p>\n<ul>\n<li>\u201eErstanbieter\u201c-Cookie \u2013Ein von dieser Website installiertes Cookie<\/li>\n<li>\u201eDrittanbieter\u201c-Cookie \u2013 Ein von einer anderen Domain installiertes Cookies (z. B. nicht diese Website)<\/li>\n<li>\u201ePermanentes\u201c Cookie \u2013 Die Cookie-Daten werden dauerhaft auf Ihrem Ge<\/li>\n<\/ul>\n<p>&nbsp;<\/p>\n<p>Wir streben nicht an, Ihre personenbezogenen Daten zu erfassen und wenn wir es tun, bem\u00fchen wir uns, Ihre personenbezogenen Daten so rasch wie m\u00f6glich zu anonymisieren.<\/p>\n<p>&nbsp;<\/p>\n<h3>Wie kann ich die Verwendung von Cookies auf dieser Website verwalten?<\/h3>\n<p>&nbsp;<\/p>\n<p>Alle Browsertechnologien erm\u00f6glichen Ihnen eine Verwaltung der Cookies im Ordner Cookies Ihres Web-Browsers. Dies bedeutet, dass Sie entweder Cookies aus Ihrem Ordner Cookies l\u00f6schen k\u00f6nnen, nachdem Sie Ihren Besuch unserer Website abgeschlossen haben, oder Ihre Pr\u00e4ferenzen hinsichtlich des Einsatzes von Cookies vor dem Durchbl\u00e4ttern unserer Website einstellen k\u00f6nnen. Bitte beachten Sie, dass sich, wie zuvor erw\u00e4hnt, die L\u00f6schung oder Ablehnung von Cookies negativ auf Ihre Nutzung unserer Website auswirken k\u00f6nnte.<br \/>\n<!-- br --><br \/>\nWeitere Informationen hierzu erhalten Sie bei:<\/p>\n<ul>\n<li><a href=\"https:\/\/www.google.com\/intl\/en\/chrome\/privacy\/\" target=\"_blank\" rel=\"noopener noreferrer\">Google<\/a><\/li>\n<li><a href=\"https:\/\/support.mozilla.org\/en-US\/kb\/cookies-information-websites-store-on-your-computer?redirectlocale=en-US&amp;redirectslug=Cookies#w_cookie-settings\">Firefox<\/a><\/li>\n<li><a href=\"https:\/\/support.microsoft.com\/en-us\/topic\/delete-and-manage-cookies-168dab11-0753-043d-7c16-ede5947fc64d\">Windows<\/a><\/li>\n<li><a href=\"http:\/\/www.apple.com\/safari\/features.html#security\">Safari<\/a><\/li>\n<\/ul>\n<p>&nbsp;<\/p>\n<div id=\"matomo-opt-out\"><\/div>\n<p><script src=\"https:\/\/analytics.youronlinechoices.com\/index.php?module=CoreAdminHome&#038;action=optOutJS&#038;divId=matomo-opt-out&#038;language=de&#038;showIntro=1\"><\/script><br \/>\n&nbsp; <\/p>\n<h3><strong>Kontakt<\/strong><\/h3>\n<p>Bei weiteren Fragen zur Verarbeitung Ihrer pers\u00f6nlichen Informationen oder wenn Sie Ihre Rechte im Rahmen dieser Datenschutzerkl\u00e4rung aus\u00fcben m\u00f6chten, wenden Sie sich an:<\/p>\n<p>&nbsp;<\/p>\n<p>EDAA | Rue des Deux Eglises 26 | B-1000 | Br\u00fcssel | Belgien<\/p>\n<p>Tel.: +32 (0)2 513 78 06 | Fax: +32 (0)2 513 28 61<\/p>\n<p>privacy@edaa.eu<\/p>\n","protected":false},"excerpt":{"rendered":"<p>Zum Schutz Ihrer Daten Diese Website wird von der digitalen Werbewirtschaft unterst\u00fctzt und von der European Interactive Digital Advertising Alliance (EDAA) betreut. Wir setzen uns daf\u00fcr ein, die Privatsph\u00e4re aller Personen, mit denen wir in der Vergangenheit, in der Gegenwart oder in der Zukunft interagieren , zu respektieren und zu sch\u00fctzen. Im Rahmen unseres Engagements [&hellip;]<\/p>\n","protected":false},"author":2,"featured_media":0,"parent":0,"menu_order":0,"comment_status":"closed","ping_status":"closed","template":"","meta":[],"_links":{"self":[{"href":"https:\/\/www.youronlinechoices.com\/ch-de\/wp-json\/wp\/v2\/pages\/356"}],"collection":[{"href":"https:\/\/www.youronlinechoices.com\/ch-de\/wp-json\/wp\/v2\/pages"}],"about":[{"href":"https:\/\/www.youronlinechoices.com\/ch-de\/wp-json\/wp\/v2\/types\/page"}],"author":[{"embeddable":true,"href":"https:\/\/www.youronlinechoices.com\/ch-de\/wp-json\/wp\/v2\/users\/2"}],"replies":[{"embeddable":true,"href":"https:\/\/www.youronlinechoices.com\/ch-de\/wp-json\/wp\/v2\/comments?post=356"}],"version-history":[{"count":8,"href":"https:\/\/www.youronlinechoices.com\/ch-de\/wp-json\/wp\/v2\/pages\/356\/revisions"}],"predecessor-version":[{"id":383,"href":"https:\/\/www.youronlinechoices.com\/ch-de\/wp-json\/wp\/v2\/pages\/356\/revisions\/383"}],"wp:attachment":[{"href":"https:\/\/www.youronlinechoices.com\/ch-de\/wp-json\/wp\/v2\/media?parent=356"}],"curies":[{"name":"wp","href":"https:\/\/api.w.org\/{rel}","templated":true}]}}