{"id":258,"date":"2011-09-10T16:44:55","date_gmt":"2011-09-10T16:44:55","guid":{"rendered":"https:\/\/www.youronlinechoices.com\/ch-de\/?page_id=258"},"modified":"2018-03-05T09:06:13","modified_gmt":"2018-03-05T09:06:13","slug":"funf-top-tipps","status":"publish","type":"page","link":"https:\/\/www.youronlinechoices.com\/ch-de\/funf-top-tipps","title":{"rendered":"F\u00fcnf Top-Tipps"},"content":{"rendered":"<p>F\u00fcnf Top-Tipps zu nutzungsbasierter Online-Werbung und Datenschutz im Internet:<\/p>\n<table border=\"0\">\n<tbody>\n<tr>\n<td><img loading=\"lazy\" class=\"alignnone size-full wp-image-473\" title=\"Number-1-blue_4076\" src=\"https:\/\/youronlinechoices.com\/wp-content\/uploads\/2009\/08\/Number-1-blue_4076.jpg\" alt=\"Number-1-blue_4076\" width=\"80\" height=\"80\" \/><\/td>\n<td><span style=\"color: #000000; font-size: medium;\"><strong>Nur keine Panik<\/strong><\/span><br \/>\nNutzungsbasierte Online-Werbung ist sicher und transparent. Sie bleiben f\u00fcr die Werbetreibenden als Person\u00a0anonym, da die erhobenen Daten nicht dazu verwendet werden k\u00f6nnen, Sie zu identifizieren. Die erhobenen Daten basieren lediglich auf Ihrem anonymen\u00a0Surfverhalten und werden daf\u00fcr eingesetzt, Ihnen Werbung auszuliefern, die Ihren vermuteten Interessen entspricht.<a href=\"https:\/\/www.youronlinechoices.com\/ch-de\/uber-oba\/\">Nehmen Sie sich einige Minuten Zeit, um mehr \u00fcber Behavioural Advertising zu erfahren.<\/a><\/td>\n<\/tr>\n<tr>\n<td><img loading=\"lazy\" class=\"alignnone size-full wp-image-474\" title=\"number-3-pink_4077\" src=\"https:\/\/youronlinechoices.com\/wp-content\/uploads\/2009\/08\/number-3-pink_4077.jpg\" alt=\"number-3-pink_4077\" width=\"80\" height=\"80\" \/><\/td>\n<td><span style=\"color: #000000; font-size: medium;\"><strong>Schauen Sie auf jeder Website, die Sie besuchen, nach Informationen zu Behavioural Advertising<\/strong><\/span><br \/>\nJede Website, die nutzungsbasierte Online-Werbung ausliefert, sollte einige n\u00fctzliche Informationen \u00fcber Datenerhebung und -einsatz zum Zweck der nutzungsbasierten Online-Werbung zur Verf\u00fcgung stellen, sowie dar\u00fcber, ob die Daten von dem Webseiten-Betreiber selbst oder einem Drittanbieter, wie z.B. einem Werbenetzwerk, erhoben werden.<\/td>\n<\/tr>\n<tr>\n<td><img loading=\"lazy\" class=\"alignnone size-full wp-image-471\" title=\"three_4191\" src=\"https:\/\/youronlinechoices.com\/wp-content\/uploads\/2009\/08\/three_4191.jpg\" alt=\"three_4191\" width=\"80\" height=\"80\" \/><\/td>\n<td><a name=\"6\"><\/a><span style=\"color: #000000; font-size: medium;\"><strong>\u00a0<\/strong><\/span><br \/>\nUnternehmen, die nutzungsbasierte Online-Werbung ausliefern, werden Sie auch dar\u00fcber informieren, wie Sie sich von nutzungsbasierter Online-Werbung abmelden k\u00f6nnen. Klicken Sie <a href=\"https:\/\/www.youronlinechoices.com\/ch-de\/praferenzmanagement\/\">hier<\/a>, um sich von nutzungsbasierte Online-Werbung abzumelden.<a href=\"http:\/\/hypescape.com\/youronlinechoices\/?page_id=18\"><\/a><\/td>\n<\/tr>\n<tr>\n<td><img loading=\"lazy\" class=\"alignnone size-full wp-image-472\" title=\"number4pink_4079\" src=\"https:\/\/youronlinechoices.com\/wp-content\/uploads\/2009\/08\/number4pink_4079.jpg\" alt=\"number4pink_4079\" width=\"80\" height=\"80\" \/><\/td>\n<td><span style=\"color: #000000; font-size: medium;\"><strong>Machen Sie sich mit den Datenschutzeinstellungen Ihres Computers vertraut<\/strong><\/span><br \/>\nDie Datenschutzeinstellungen finden Sie im Men\u00fc \u201eOptionen\u201c Ihres Webbrowsers. Wenn Sie Einstellungen zu Cookies vornehmen, bedenken Sie, dass Cookies h\u00e4ufig f\u00fcr nutzerfreundlichere Websites sorgen (indem z.B. Pr\u00e4ferenzen und Spracheinstellungen gespeichert werden).\u00a0Die folgenden Screenshots zeigen m\u00f6gliche Datenschutzeinstellungen am Beispiel des Internet Explorer. Die Einstellungsm\u00f6glichkeiten anderer Browser finden Sie auf <a href=\"http:\/\/meine-cookies.org\/cookies_verwalten\/index.html\">meine-cookies.org<\/a>.<\/td>\n<\/tr>\n<tr>\n<td><\/td>\n<td style=\"text-align:center\"><img class=\"size-full wp-image-1137 aligncenter\" title=\"privacy at medium\" src=\"https:\/\/www.youronlinechoices.com\/uk\/wp-content\/uploads\/2015\/09\/EDGE_privacy.jpg\" alt=\"privacy at medium\" style=\"width:50%;height:auto\" \/><\/td>\n<\/tr>\n<tr>\n<td><\/td>\n<td style=\"text-align:center\"><img class=\"size-full wp-image-128 aligncenter\" title=\"Advanced privacy settings\" src=\"https:\/\/www.youronlinechoices.com\/uk\/wp-content\/uploads\/2015\/09\/EDGE_cookies.jpg\" alt=\"Advanced privacy settings\" style=\"width:50%;height:auto;text-align:center\" \/><\/td>\n<\/tr>\n<tr>\n<td><\/td>\n<td><span style=\"color: #000000; font-size: medium;\"><strong>Die folgenden Screenshots zeigen m\u00f6gliche Datenschutzeinstellungen am Beispiel des Microsoft EDGE.<\/td>\n<\/tr>\n<tr>\n<td><\/td>\n<td style=\"text-align:center\"><img class=\"size-full wp-image-1137 aligncenter\" title=\"privacy at medium\" src=\"https:\/\/www.youronlinechoices.com\/uk\/wp-content\/uploads\/2015\/09\/EDGE_privacy.jpg\" alt=\"privacy at medium\" style=\"width:50%;height:auto\" \/><\/td>\n<\/tr>\n<tr>\n<td><\/td>\n<td style=\"text-align:center\"><img class=\"size-full wp-image-128 aligncenter\" title=\"Advanced privacy settings\" src=\"https:\/\/www.youronlinechoices.com\/uk\/wp-content\/uploads\/2015\/09\/EDGE_cookies.jpg\" alt=\"Advanced privacy settings\" style=\"width:50%;height:auto;text-align:center\" \/><\/td>\n<\/tr>\n<tr>\n<td><\/td>\n<td><span style=\"color: #000000; font-size: medium;\"><strong>Die folgenden Screenshots zeigen m\u00f6gliche Datenschutzeinstellungen am Beispiel des Google Chrome .<\/td>\n<\/tr>\n<tr>\n<td><\/td>\n<td style=\"text-align:center\"><img class=\"size-full wp-image-1137 aligncenter\" title=\"privacy at medium\" src=\"https:\/\/www.youronlinechoices.com\/uk\/wp-content\/uploads\/2015\/09\/CHROME_privacy.png\" alt=\"privacy at medium\" style=\"width:80%;height:auto\" \/><\/td>\n<\/tr>\n<tr>\n<td><\/td>\n<td style=\"text-align:center\"><img class=\"size-full wp-image-128 aligncenter\" title=\"Advanced privacy settings\" src=\"https:\/\/www.youronlinechoices.com\/uk\/wp-content\/uploads\/2015\/09\/CHROME_cookies.png\" alt=\"Advanced privacy settings\" style=\"width:80%;height:auto;text-align:center\" \/><\/td>\n<\/tr>\n<tr>\n<td><\/td>\n<td><span style=\"color: #000000; font-size: medium;\"><strong>Die folgenden Screenshots zeigen m\u00f6gliche Datenschutzeinstellungen am Beispiel des Google Chrome for Mobile.<\/td>\n<\/tr>\n<tr>\n<td><\/td>\n<td style=\"text-align:center\"><img class=\"size-full wp-image-1137 aligncenter\" title=\"privacy at medium\" src=\"https:\/\/www.youronlinechoices.com\/uk\/wp-content\/uploads\/2015\/09\/Chrome_mobile_settings.jpg\" alt=\"privacy at medium\" style=\"width:50%;height:auto\" \/><\/td>\n<\/tr>\n<tr>\n<td><\/td>\n<td style=\"text-align:center\"><img class=\"size-full wp-image-128 aligncenter\" title=\"Advanced privacy settings\" src=\"https:\/\/www.youronlinechoices.com\/uk\/wp-content\/uploads\/2015\/09\/Chrome_mobile_cookies.jpg\" alt=\"Advanced privacy settings\" style=\"width:50%;height:auto;text-align:center\" \/><\/td>\n<\/tr>\n<tr>\n<td><\/td>\n<td><span style=\"color: #000000; font-size: medium;\"><strong>Die folgenden Screenshots zeigen m\u00f6gliche Datenschutzeinstellungen am Beispiel des Safari.<\/td>\n<\/tr>\n<tr>\n<td><\/td>\n<td style=\"text-align:center\"><img class=\"size-full wp-image-1137 aligncenter\" title=\"privacy at medium\" src=\"https:\/\/www.youronlinechoices.com\/uk\/wp-content\/uploads\/2015\/09\/SAFARI_privacy.png\" alt=\"privacy at medium\" style=\"width:80%;height:auto\" \/><\/td>\n<\/tr>\n<p><\/p>\n<tr>\n<td><\/td>\n<td style=\"text-align:center\"><img class=\"size-full wp-image-128 aligncenter\" title=\"Advanced privacy settings\" src=\"https:\/\/www.youronlinechoices.com\/uk\/wp-content\/uploads\/2015\/09\/SAFARI_cookies.png\" alt=\"Advanced privacy settings\" style=\"width:80%;height:auto;text-align:center\" \/><\/td>\n<\/tr>\n<tr>\n<td><\/td>\n<td><span style=\"color: #000000; font-size: medium;\"><strong>Die folgenden Screenshots zeigen m\u00f6gliche Datenschutzeinstellungen am Beispiel des Safari for Mobile.<\/td>\n<\/tr>\n<tr>\n<td><\/td>\n<td style=\"text-align:center\"><img class=\"size-full wp-image-1137 aligncenter\" title=\"privacy at medium\" src=\"https:\/\/www.youronlinechoices.com\/uk\/wp-content\/uploads\/2015\/09\/Safari_Mobile_Settings.jpg\" alt=\"privacy at medium\" style=\"width:50%;height:auto\" \/><\/td>\n<\/tr>\n<tr>\n<td><\/td>\n<td style=\"text-align:center\"><img class=\"size-full wp-image-128 aligncenter\" title=\"Advanced privacy settings\" src=\"https:\/\/www.youronlinechoices.com\/uk\/wp-content\/uploads\/2015\/09\/Safari_Mobile_privacy.jpg\" alt=\"Advanced privacy settings\" style=\"width:50%;height:auto;text-align:center\" \/><\/td>\n<\/tr>\n<tr>\n<td><\/td>\n<td style=\"text-align:center\"><img class=\"size-full wp-image-128 aligncenter\" title=\"Advanced privacy settings\" src=\"https:\/\/www.youronlinechoices.com\/uk\/wp-content\/uploads\/2015\/09\/Safari_Mobile_cookies.jpg\" alt=\"Advanced privacy settings\" style=\"width:50%;height:auto;text-align:center\" \/><\/td>\n<\/tr>\n<\/tbody>\n<\/table>\n<table border=\"0\">\n<tbody>\n<tr>\n<td><img loading=\"lazy\" class=\"alignnone size-full wp-image-497\" title=\"Number-5-blue_4080\" src=\"https:\/\/youronlinechoices.com\/wp-content\/uploads\/2009\/08\/Number-5-blue_4080.jpg\" alt=\"Number-5-blue_4080\" width=\"80\" height=\"80\" \/><\/td>\n<td><span style=\"color: #000000; font-size: medium;\"><strong>Versuchen Sie, diese Datenschutzeinstellungen den individuellen Bed\u00fcrfnissen Ihres Haushalts anzupassen.<\/strong><\/span><br \/>\nJeder nutzt das Internet unterschiedlich und mit zu verschiedenen Zwecken. F\u00fcr Haushalte, in denen sich mehrere Personen denselben Computer teilen, empfehlen wir, jedem Nutzer ein eigenes \u201eNutzerkonto\u201c einzurichten. Ein Nutzerkonto erm\u00f6glicht es, Datenschutzeinstellungen (z. B. Cookie-Einstellungen oder Opt-Out-Voreinstellungen) optimal an die jeweiligen Bed\u00fcrfnisse und Anforderungen des einzelnen Nutzers anzupassen.<\/td>\n<\/tr>\n<tr>\n<td>\u00a0<\/td>\n<td>&nbsp;<br \/>\nWindows 10:<\/p>\n<p style=\"text-align: center;\"><img class=\"size-full wp-image-129 aligncenter\" title=\"user accounts\" src=\"https:\/\/www.youronlinechoices.com\/uk\/wp-content\/uploads\/2015\/09\/Windows10_accounts.png\" alt=\"user accounts\" style=\"width:70%;height:auto\" \/><\/p>\n<p>Mac OS:<\/p>\n<p style=\"text-align: center;\"><img class=\"size-full wp-image-129 aligncenter\" title=\"user accounts\" src=\"https:\/\/www.youronlinechoices.com\/uk\/wp-content\/uploads\/2015\/09\/MAC_accounts.jpg\" alt=\"user accounts\" style=\"width:70%;height:auto\" \/><\/p>\n<\/td>\n<\/tr>\n<\/tbody>\n<\/table>\n<p><!-- br--><br \/>\n<!-- br--><\/p>\n<h3>Schicken Sie uns Ihre R\u00fcckmeldung:\u00a0<a href=\"mailto:contact@iab-switzerland.ch\">contact@iab-switzerland.ch<\/a><\/h3>\n","protected":false},"excerpt":{"rendered":"<p>F\u00fcnf Top-Tipps zu nutzungsbasierter Online-Werbung und Datenschutz im Internet: Nur keine Panik Nutzungsbasierte Online-Werbung ist sicher und transparent. Sie bleiben f\u00fcr die Werbetreibenden als Person\u00a0anonym, da die erhobenen Daten nicht dazu verwendet werden k\u00f6nnen, Sie zu identifizieren. Die erhobenen Daten basieren lediglich auf Ihrem anonymen\u00a0Surfverhalten und werden daf\u00fcr eingesetzt, Ihnen Werbung auszuliefern, die Ihren vermuteten [&hellip;]<\/p>\n","protected":false},"author":2,"featured_media":0,"parent":0,"menu_order":4,"comment_status":"closed","ping_status":"closed","template":"","meta":[],"_links":{"self":[{"href":"https:\/\/www.youronlinechoices.com\/ch-de\/wp-json\/wp\/v2\/pages\/258"}],"collection":[{"href":"https:\/\/www.youronlinechoices.com\/ch-de\/wp-json\/wp\/v2\/pages"}],"about":[{"href":"https:\/\/www.youronlinechoices.com\/ch-de\/wp-json\/wp\/v2\/types\/page"}],"author":[{"embeddable":true,"href":"https:\/\/www.youronlinechoices.com\/ch-de\/wp-json\/wp\/v2\/users\/2"}],"replies":[{"embeddable":true,"href":"https:\/\/www.youronlinechoices.com\/ch-de\/wp-json\/wp\/v2\/comments?post=258"}],"version-history":[{"count":10,"href":"https:\/\/www.youronlinechoices.com\/ch-de\/wp-json\/wp\/v2\/pages\/258\/revisions"}],"predecessor-version":[{"id":345,"href":"https:\/\/www.youronlinechoices.com\/ch-de\/wp-json\/wp\/v2\/pages\/258\/revisions\/345"}],"wp:attachment":[{"href":"https:\/\/www.youronlinechoices.com\/ch-de\/wp-json\/wp\/v2\/media?parent=258"}],"curies":[{"name":"wp","href":"https:\/\/api.w.org\/{rel}","templated":true}]}}