{"id":254,"date":"2011-09-10T16:41:40","date_gmt":"2011-09-10T16:41:40","guid":{"rendered":"https:\/\/www.youronlinechoices.com\/ch-de\/?page_id=254"},"modified":"2015-02-12T11:44:38","modified_gmt":"2015-02-12T11:44:38","slug":"praferenzmanagement","status":"publish","type":"page","link":"https:\/\/www.youronlinechoices.com\/ch-de\/praferenzmanagement","title":{"rendered":"Pr\u00e4ferenzmanagement"},"content":{"rendered":"<div class=\"mb10\">\nNachstehend sind einige der Unternehmen aufgef\u00fchrt, die mit Webseiten-Betreibern zusammenarbeiten, um Nutzungsdaten zum Zwecke nutzungsbasierter Online Werbung (Online Behavioural Advertising (OBA)) zu erheben.<br \/>\n<!-- br --><br \/>\nBitte verwenden Sie die unten stehenden Schaltfl\u00e4chen, um Ihre Pr\u00e4ferenzen hinsichtlich nutzungsbasierter Online-Werbung zu verwalten. Sie k\u00f6nnen bequem alle Anbieter auf einmal deaktivieren oder aktivieren. Alternativ k\u00f6nnen Sie die Einstellungen aber auch f\u00fcr einzelne Unternehmen vornehmen.<br \/>\n<!-- br --><br \/>\nMit einem Klick auf das \u2018i\u2019 erhalten Sie sowohl mehr Informationen \u00fcber den Anbieter als auch bez\u00fcglich seines OBA Status (Cookie gesetzt, oder nicht gesetzt \u2013 OBA aktiviert oder deaktiviert) auf dem jeweiligen von Ihnen gegenw\u00e4rtig genutzten Internet-Browser.<br \/>\n<!-- br --><br \/>\nWenn Sie irgendwelche Probleme bei der Verwaltung Ihrer Pr\u00e4ferenzen haben, besuchen Sie bitte unsere <a href=\"https:\/\/www.youronlinechoices.com\/ch-de\/hilfe-seite\">Hilfeseite.<\/a><\/p>\n<\/div>\n<div class=\"liteyellowbg p10\">\n<div class=\"bbsolid bcdarkyellow pb10 mb10\">\n<div class=\"fleft pt10 pl5 pr10\"><img class=\"block attention\" src=\"https:\/\/www.youronlinechoices.com\/images\/pixel.png\" alt=\"\" \/><\/div>\n<div class=\"fleft w90\">Hinweis: Das Pr\u00e4ferenzmanagement bezieht sich nicht auf alle Arten von Online-Werbung. Es bezieht sich auf die Formen von Werbung, die auf Ihren angenommenen Interessen basieren. Diese Annahmen werden aufgrund ihres Surfaktivit\u00e4ten getroffen. <a class=\"block mt5\" href=\"hilfe-seite\">Erfahren Sie mehr dar\u00fcber<\/a><\/div>\n<\/div>\n<div class=\"pl40 pt10 pb10\">\n<p><strong class=\"block mb5\">Bedeutung der Symbole:<\/strong><\/p>\n<div>\n<div class=\"block mb10\"><img class=\"iblock mr5 legend nocookie vamiddle\" src=\"https:\/\/www.youronlinechoices.com\/images\/pixel.png\" alt=\"\" \/><span class=\"iblock w530 vamiddle\">Dieses Unternehmen hat kein Cookie gespeichert, kann aber in Zukunft Online-Werbung basierend auf Ihren Nutzungsinformationen ausliefern.<\/span><\/div>\n<div class=\"block mb10\"><img class=\"iblock vamiddle mr5 legend on\" src=\"https:\/\/www.youronlinechoices.com\/images\/pixel.png\" alt=\"\" \/><span class=\"iblock w530 vamiddle\">Nutzungsbasierte Online-Werbung von diesem Anbieter ist aktiviert.<\/span><\/div>\n<div class=\"block mb10\"><img class=\"iblock vamiddle mr5 legend off\" src=\"https:\/\/www.youronlinechoices.com\/images\/pixel.png\" alt=\"\" \/><span class=\"iblock w530 vamiddle\">Nutzungsbasierte Online-Werbung von diesem Anbieter ist deaktiviert.<\/span><\/div>\n<div class=\"block\"><img class=\"iblock vamiddle mr5 legend noconnection\" src=\"https:\/\/www.youronlinechoices.com\/images\/pixel.png\" alt=\"\" \/><span class=\"iblock w530 vamiddle\">Bei diesem Unternehmen liegt ein Verbindungsproblem vor und Ihr Status kann nicht gepr\u00fcft werden.<\/span><\/div>\n<\/div>\n<\/div>\n<\/div>\n<div>\n<p><iframe loading=\"lazy\" width=\"100%\" height=\"1000\" id=\"myiframeid\" name=\"myiframeid\" src=\"https:\/\/www.youronlinechoices.com\/opt_out_interface_v2?lang=ch-de\" scrolling=\"no\" frameborder=\"0\" onload=\"\"><\/iframe><\/p>\n<div id=\"loadingLoad\">\n<div class=\"reloadButtons\"> aaa <\/div>\n<p><span id=\"loadingLoadText\">82<\/span>\n<\/div>\n<\/div>\n","protected":false},"excerpt":{"rendered":"<p>Nachstehend sind einige der Unternehmen aufgef\u00fchrt, die mit Webseiten-Betreibern zusammenarbeiten, um Nutzungsdaten zum Zwecke nutzungsbasierter Online Werbung (Online Behavioural Advertising (OBA)) zu erheben. Bitte verwenden Sie die unten stehenden Schaltfl\u00e4chen, um Ihre Pr\u00e4ferenzen hinsichtlich nutzungsbasierter Online-Werbung zu verwalten. Sie k\u00f6nnen bequem alle Anbieter auf einmal deaktivieren oder aktivieren. Alternativ k\u00f6nnen Sie die Einstellungen aber auch [&hellip;]<\/p>\n","protected":false},"author":2,"featured_media":0,"parent":0,"menu_order":3,"comment_status":"closed","ping_status":"closed","template":"","meta":[],"_links":{"self":[{"href":"https:\/\/www.youronlinechoices.com\/ch-de\/wp-json\/wp\/v2\/pages\/254"}],"collection":[{"href":"https:\/\/www.youronlinechoices.com\/ch-de\/wp-json\/wp\/v2\/pages"}],"about":[{"href":"https:\/\/www.youronlinechoices.com\/ch-de\/wp-json\/wp\/v2\/types\/page"}],"author":[{"embeddable":true,"href":"https:\/\/www.youronlinechoices.com\/ch-de\/wp-json\/wp\/v2\/users\/2"}],"replies":[{"embeddable":true,"href":"https:\/\/www.youronlinechoices.com\/ch-de\/wp-json\/wp\/v2\/comments?post=254"}],"version-history":[{"count":9,"href":"https:\/\/www.youronlinechoices.com\/ch-de\/wp-json\/wp\/v2\/pages\/254\/revisions"}],"predecessor-version":[{"id":323,"href":"https:\/\/www.youronlinechoices.com\/ch-de\/wp-json\/wp\/v2\/pages\/254\/revisions\/323"}],"wp:attachment":[{"href":"https:\/\/www.youronlinechoices.com\/ch-de\/wp-json\/wp\/v2\/media?parent=254"}],"curies":[{"name":"wp","href":"https:\/\/api.w.org\/{rel}","templated":true}]}}