{"id":252,"date":"2011-09-10T16:40:55","date_gmt":"2011-09-10T16:40:55","guid":{"rendered":"https:\/\/www.youronlinechoices.com\/ch-de\/?page_id=252"},"modified":"2018-04-09T22:25:30","modified_gmt":"2018-04-09T22:25:30","slug":"jargon-lexikon","status":"publish","type":"page","link":"https:\/\/www.youronlinechoices.com\/ch-de\/jargon-lexikon","title":{"rendered":"Jargon-Lexikon"},"content":{"rendered":"<p>Hier werden\u00a0viele wichtigen Begriffe rund um nutzungsbasierter Online-Werbung erkl\u00e4rt.<br \/>\n<!-- br--><br \/>\n<span style=\"color: #000000; font-size: medium;\"><strong><a name=\"werbenetzwerk\"><\/a>Werbenetzwerk (Advertising Network) <\/strong><\/span><br \/>\n<!-- br--><br \/>\nEin Unternehmen, das Websites und Medieninhaber mit den passenden Werbetreibenden vernetzt und Werbung ausliefert.<\/p>\n<p>\u2022 Auch Ad Network genannt<br \/>\n<!-- br--><br \/>\n<span style=\"color: #000000; font-size: medium;\"><strong><a name=\"cookie\"><\/a>Cookie<\/strong><\/span><br \/>\n<!-- br--><br \/>\nEine kleine Textdatei, bestehend aus Buchstaben und Zahlen, die auf Ihrem Computer abgelegt wird, wenn Sie bestimmte Websites besuchen. Cookies erm\u00f6glichen es, den Computer des Nutzers bei einem Wiederaufruf einer Website zu erkennen. Ein Cookie selbst enth\u00e4lt oder erhebt keine auf Personen bezogene Informationen. Cookies werden f\u00fcr Behavioural Advertising eingesetzt, um Profile \u00fcber das anonyme Surfverhalten von Nutzern zu erstellen, damit\u00a0relevantere Werbung ausgeliefert werden kann. Weitere Informationen finden Sie auch\u00a0auf <a href=\"http:\/\/meine-cookies.org\">meine-cookies.org<\/a>.<\/p>\n<p>\u2022 Auch HTTP-Cookie oder Browser-Cookie genannt<br \/>\n<!-- \u2022 <a href=\"http:\/\/de.wikipedia.org\/wiki\/HTTP-Cookie\">Siehe Wikipedia-Erkl\u00e4rung<\/a>--><br \/>\n<!-- br--><br \/>\n<span style=\"color: #000000; font-size: medium;\"><strong><a name=\"contextual\"><\/a>Contextual Advertising<\/strong><\/span><br \/>\n<!-- br--><br \/>\nWerbung, die in Abstimmung auf die Inhalte einer besuchten Website\u00a0eingeblendet wird. Wenn ein Nutzer beispielsweise eine Filmkritik-Website besucht, k\u00f6nnte er Werbung zu neuen Kinostarts, den neuesten DVDs oder zu Filmartikeln angezeigt bekommen. Contextual Advertising kommt auch bei der Eingabe von Begriffen in Suchmaschinen zum Einsatz. Die Werbung wird dann auf den Ergebnisseiten der Suchmaschine eingeblendet, wenn der Nutzer einen der vom Werbetreibenden definierten Schl\u00fcsselbegriffe (Keywords) eingegeben hat.<br \/>\n<!-- br--><br \/>\n<span style=\"color: #000000; font-size: medium;\"><strong><a name=\"display\"><\/a>Display Advertising\/ Display Werbung &#8211; Online-Werbung<\/strong><\/span><br \/>\n<!-- br--><br \/>\nGrafische Werbung, die angezeigt wird, wenn Nutzer eine bestimmte Website besuchen. Die Werbung wird normalerweise als Banner oder Video in die Website eingebunden.<\/p>\n<p>\u2022 Auch Werbebanner oder Bannerwerbung genannt<br \/>\n<!-- br--><br \/>\n<span style=\"color: #000000; font-size: medium;\"><strong><a name=\"oba\"><\/a>Online Behavioural Advertising &#8211; nutzungsbasierte Online-Werbung<\/strong><\/span><br \/>\n<!-- br--><br \/>\nWerbung, die auf der Analyse des vorangegangen anonymen Surfverhaltens basiert und an Webnutzer (im Rahmen des Besuchs einer Website) entsprechend\u00a0ihrer vermuteten Interessen ausgeliefert wird.<\/p>\n<p>\u2022 Auch Behavioural Advertising, Behavioural Targeting, interessensbezogene bzw. nutzungsbezogene Werbung oder Ad Matching genannt<br \/>\n<!-- br--><br \/>\n<span style=\"color: #000000; font-size: medium;\"><strong>Widerspruch von nutzungsbasierter Online-Werbung<\/strong><\/span><br \/>\n<!-- br--><br \/>\nNutzern ist es m\u00f6glich gegen ungewollte Produkt- und Serviceinformationen in Form von Werbung auf der Basis des vorangegangenen Surfverhaltens Widerspruch einzulegen und die entsprechende nutzungsbasierte Online-Werbung zu untersagen. In diesem Fall ist es Werbung, die sich an Nutzer aufgrund ihres vorangegangenen Surfverhaltens richtet, sondern andere, meist kontextbezogene Online-Werbung. Wenn Sie sich von nutzungsbasierter Online-Werbung abmelden m\u00f6chten k\u00f6nnen Sie dazu Ihre Browsereinstellungen verwenden (<a title=\"5 Top Tipps\" href=\"https:\/\/www.youronlinechoices.com\/ch-de\/funf-top-tipps\/\">siehe:\u00a0F\u00fcnf Top-Tipps<\/a>) oder den hier angebotenen Pr\u00e4ferenzmanager; dazu klicken Sie bitte <a href=\"https:\/\/www.youronlinechoices.com\/ch-de\/praferenzmanagement\/\">hier<\/a>.<br \/>\n<!-- br--><br \/>\n<span style=\"color: #000000; font-size: medium;\"><strong>Personenbezogene Daten<\/strong><\/span><br \/>\n<!-- br--><br \/>\nDaten, die entweder allein oder mit anderen Daten kombiniert, verwendet werden k\u00f6nnen, um eine Person eindeutig zu identifizieren. Personenbezogenen Daten sind beispielsweise Name, Stra\u00dfe und Hausnummer, Email-Adresse oder Telefonnummer. Der Begriff \u201epersonenbezogene Daten\u201c wird in der EU-Richtlinie 95\/46\/EG (Datenschutzrichtlinie) definiert. In Deutschland findet diese Definition zudem im Bundesdatenschutzgesetzt statt.<\/p>\n<p>\u2022 Im Englischen auch Personal Data oder PII genannt<br \/>\n<!-- br--><br \/>\n<!-- \u2022 <a href=\"http:\/\/de.wikipedia.org\/wiki\/Personenbezogene_Daten\">Siehe Wikipedia-Erkl\u00e4rung<\/a>--><br \/>\n<!-- br--><br \/>\n<span style=\"color: #000000; font-size: medium;\"><strong>Gezielte Werbung (Targeted Advertising)<\/strong><\/span><br \/>\n<!-- br--><br \/>\nWerbung, die sich, basierend auf demografischen Informationen oder dem Surfverhalten, gezielt an eine bestimmte Nutzergruppe richtet.<\/p>\n<p>\u2022 Im Englischen auch Customised Advertising oder Personalised Advertising genannt<br \/>\n\u2022 Weitere Definition der Targetingarten finden Sie in einem <a title=\"BVDW Definition Targetingarten\" href=\"http:\/\/www.bvdw.org\/medien\/targeting-begriffe-und-definitionen?media=691\" target=\"_blank\">Leitfaden des Bundesverband Digitale Wirtschaft (BVDW) e.V.<\/a><br \/>\n<!-- br--><br \/>\n<span style=\"color: #000000; font-size: medium;\"><strong>Webbrowser<\/strong><\/span><br \/>\n<!-- br--><br \/>\nSoftware zum Abrufen und Darstellen von Informationen aus dem Internet. Beispiele f\u00fcr Webbrowser sind Internet Explorer, Firefox, Chrome, Safari und Opera.<\/p>\n<p><!-- \u2022 <a href=\"http:\/\/de.wikipedia.org\/wiki\/Webbrowser\">Siehe Wikipedia-Erkl\u00e4rung<\/a>--><br \/>\n<!-- br--><br \/>\n<!-- br--><\/p>\n<h3><a href=\"mailto:contact@iab-switzerland.ch\">Schicken Sie uns Ihre R\u00fcckmeldung<\/a><\/h3>\n","protected":false},"excerpt":{"rendered":"<p>Hier werden\u00a0viele wichtigen Begriffe rund um nutzungsbasierter Online-Werbung erkl\u00e4rt. Werbenetzwerk (Advertising Network) Ein Unternehmen, das Websites und Medieninhaber mit den passenden Werbetreibenden vernetzt und Werbung ausliefert. \u2022 Auch Ad Network genannt Cookie Eine kleine Textdatei, bestehend aus Buchstaben und Zahlen, die auf Ihrem Computer abgelegt wird, wenn Sie bestimmte Websites besuchen. Cookies erm\u00f6glichen es, den [&hellip;]<\/p>\n","protected":false},"author":2,"featured_media":0,"parent":0,"menu_order":6,"comment_status":"closed","ping_status":"closed","template":"","meta":[],"_links":{"self":[{"href":"https:\/\/www.youronlinechoices.com\/ch-de\/wp-json\/wp\/v2\/pages\/252"}],"collection":[{"href":"https:\/\/www.youronlinechoices.com\/ch-de\/wp-json\/wp\/v2\/pages"}],"about":[{"href":"https:\/\/www.youronlinechoices.com\/ch-de\/wp-json\/wp\/v2\/types\/page"}],"author":[{"embeddable":true,"href":"https:\/\/www.youronlinechoices.com\/ch-de\/wp-json\/wp\/v2\/users\/2"}],"replies":[{"embeddable":true,"href":"https:\/\/www.youronlinechoices.com\/ch-de\/wp-json\/wp\/v2\/comments?post=252"}],"version-history":[{"count":10,"href":"https:\/\/www.youronlinechoices.com\/ch-de\/wp-json\/wp\/v2\/pages\/252\/revisions"}],"predecessor-version":[{"id":350,"href":"https:\/\/www.youronlinechoices.com\/ch-de\/wp-json\/wp\/v2\/pages\/252\/revisions\/350"}],"wp:attachment":[{"href":"https:\/\/www.youronlinechoices.com\/ch-de\/wp-json\/wp\/v2\/media?parent=252"}],"curies":[{"name":"wp","href":"https:\/\/api.w.org\/{rel}","templated":true}]}}