{"id":249,"date":"2011-09-10T16:39:36","date_gmt":"2011-09-10T16:39:36","guid":{"rendered":"https:\/\/www.youronlinechoices.com\/ch-de\/?page_id=249"},"modified":"2018-02-19T10:23:43","modified_gmt":"2018-02-19T10:23:43","slug":"uber-oba","status":"publish","type":"page","link":"https:\/\/www.youronlinechoices.com\/ch-de\/uber-oba","title":{"rendered":"Nutzungsbasierte Online-Werbung"},"content":{"rendered":"<p>Wir sind uns im Klaren dar\u00fcber, dass sich manche Internetnutzer unter dem Ausdruck \u201enutzungsbasierte Online-Werbung\u201c mehr vorstellen k\u00f6nnen als andere. Diese Website wurde daher mit dem Anspruch erstellt, nutzungsbasierte Online-Werbung allen Interessierten n\u00e4her zu bringen und offene Fragen zu erl\u00e4utern.<br \/>\n<!-- br--><br \/>\nEinfach ausgedr\u00fcckt ist \u201cnutzungsbasierte Online-Werbung\u201d digitale Werbung, die auf der anonymen Analyse des Surfverhaltens von Internetnutzern basiert und ihren daraus vermuteten Interessen entsprechend ausgeliefert wird. Sie ist sicher, transparent und verbraucherfreundlich. Zur Durchsetzung dieser Grunds\u00e4tze hat das Internet Advertising Bureau Europe (IAB Europe) eine Reihe von Selbstregulierungsprinzipien f\u00fcr nutzungsbasierte Online-Werbung entwickelt.<br \/>\n<em><strong><\/strong><\/em><br \/>\n<!-- br--><br \/>\n<em><strong>Diese Grunds\u00e4tze basieren darauf, den Nutzern Informationen \u00fcber die Datenerhebung und -nutzung zu liefern, ihnen Wahlm\u00f6glichkeiten hinsichtlich dieser Erhebung anzubieten und Aufkl\u00e4rungsarbeit \u00fcber nutzungsbasierte Online-Werbung und ihre Vorteile zu leisten.<\/strong><\/em><br \/>\n<!-- br--><br \/>\nAuf dieser Website erhalten Sie ausf\u00fchrliche Erkl\u00e4rungen \u00fcber Ihre\u00a0verschiedenen\u00a0Wahlm\u00f6glichkeiten, die Ihnen zur Verf\u00fcgung stehen,\u00a0aber auch\u00a0\u00fcber die M\u00f6glichkeiten, <a href=\"https:\/\/www.youronlinechoices.com\/ch-de\/praferenzmanagement\/\">sich direkt von\u00a0nutzungsbasierter Online-Werbung abzumelden\u00a0bzw. dagegen Widerspruch einzulegen<\/a>.<br \/>\n<!-- br--><br \/>\n<span style=\"color: #000000; font-size: medium;\"><strong>Was ist nutzungsbasierte Online-Werbung?<\/strong><\/span><br \/>\n<!-- br--><br \/>\nNutzungsbasierte Online-Werbung, auch \u201e<a href=\"https:\/\/www.youronlinechoices.com\/ch-de\/jargon-lexikon\/#oba\">Online Behavioural Advertising (OBA)<\/a>\u201c genannt, ist eine Technologie, die es erm\u00f6glicht, auf den von Ihnen besuchten Websites solche Werbung einzublenden, die auf\u00a0Ihre angenommenen Vorlieben hin zugeschnitten und damit f\u00fcr Sie interessanter ist. Basierend auf dem vorangegangenen anonymisierten Surfverhalten von\u00a0Internetnutzern werden deren Interessen zu Nutzungsprofilen\u00a0zusammengefasst und\u00a0entsprechend den angenommenen Nutzerinteressen eingeblendet. Dadurch kann Werbung so gezielt wie m\u00f6glich ausgeliefert werden.<br \/>\n<!-- br--><br \/>\n<span style=\"color: #000000; font-size: medium;\"><strong>Wie funktioniert nutzungsbasierte Online-Werbung?<\/strong><\/span><br \/>\n<!-- br--><br \/>\nAngenommen Sie planen eine Reise nach Rom. Sie besuchen eine Website mit Informationen zu Rom und schauen sich einige Artikel zu Unterk\u00fcnften und Sehensw\u00fcrdigkeiten an. W\u00e4hrend Sie bei einem n\u00e4chsten Besuch im Internet gerade einen Artikel \u00fcber Ihre Lieblingsfu\u00dfballmannschaft lesen, sehen Sie eine Werbung f\u00fcr ein \u201e2 f\u00fcr 1\u201c-Abendessen in Rom oder ein Angebot eines g\u00fcnstigen Autoverleihs in Rom. Sie erhalten diese speziell\u00a0zugeschnittene Werbung, weil Sie \u2013 und andere Nutzer mit einem \u00e4hnlichen Surfverhalten wie Sie \u2013 Interesse an Rom gezeigt haben. Diese Technologie, die nur im Internet zu Verf\u00fcgung steht und daf\u00fcr sorgt, dass Sie weniger irrelevante Werbung erhalten, die Sie nicht interessiert, kann\u00a0dazu beitragen, Ihren Surfkomfort\u00a0zu verbessern.<br \/>\n<!-- br--><br \/>\nDiese Form der gezielten Werbung basiert auf Ihrem vorangegangenen, anonymisierten\u00a0Surfverhalten (bzw. genauer gesagt, auf dem Surfverhalten welches \u00fcber den Browser dokumentiert ist) und wird allgemein als nutzungsbasierte Online-Werbung bezeichnet. Nutzungsbasierte Online-Werbung unterscheidet sich von anderen Formen von Internetwerbung, wie beispielsweise von <a href=\"https:\/\/www.youronlinechoices.com\/ch-de\/jargon-lexikon\/#contextual\">Contextual Advertising<\/a> (kontextbezogene Werbung). Contextual Advertising ist genau auf den Inhalt einer bestimmten Internetseite abgestimmt, die Sie in diesem Moment anschauen.<br \/>\n<!-- br--><br \/>\n<span style=\"color: #000000; font-size: medium;\"><strong>Wie werden meine personenbezogenen Daten gesch\u00fctzt?<\/strong><\/span><br \/>\n<!-- br--><br \/>\nAlle Anbieter von nutzungsbasierter Online-Werbung, die diese Informationsseite unterst\u00fctzen, m\u00fcssen die in der EU geltenden Gesetze einhalten. In den meisten F\u00e4llen werden f\u00fcr nutzungsbasierte Online-Werbung keine personenbezogenen Daten erhoben, die es erlauben, Sie als Nutzer in der realen Welt zu identifizieren. Die Daten \u00fcber Ihr Surfverhalten werden anonym erhoben und analysiert. Dies erfolgt \u00fcber ein sogenanntes <a href=\"https:\/\/www.youronlinechoices.com\/ch-de\/jargon-lexikon\/#cookie\">Cookie<\/a>. L\u00e4sst die Analyse auf ein besonderes Interesse schlie\u00dfen, wird ein Cookie auf Ihrem Computer abgelegt. Ein Cookie ist eine winzige Textdatei, die von den meisten Websites eingesetzt wird, um n\u00fctzliche Informationen zu speichern, die Ihnen wiederum das Surfen im Internet erleichtern. Dieses Cookie \u2013 nicht Ihre faktischen Surf-Dateninformationen \u2013 bestimmt, welche Werbung Sie erhalten. Wo personenbezogene Daten (wie Anmeldedaten) verwendet werden, wurden Sie vorher in der Datenschutzerkl\u00e4rung der Website darauf hingewiesen, als Sie sich f\u00fcr eine bestimme Dienstleistung angemeldet haben und der Nutzung der Daten zugestimmt haben.\u00a0Sie k\u00f6nnen jederzeit entscheiden, ob Sie von gezielter und auf Ihre Interessen abgestimmter Werbung profitieren m\u00f6chten oder nicht. Wo personenbezogene Daten verwendet werden, haben Sie hierzu Ihr Einverst\u00e4ndnis erteilt. Sie k\u00f6nnen selbst steuern, welche Cookies Sie zulassen oder blockieren (bspw. \u00fcber die Einstellungen in Ihrem Internet-Browser oder hier \u00fcber das Pr\u00e4ferenzmanagement). Au\u00dferdem wird das Unternehmen, das die Daten erhebt und verwendet, Ihnen auch die M\u00f6glichkeit bieten, nutzungsbasierte Online-Werbung abzulehnen. Wenn Sie sich von nutzungsbasierter Online-Werbung abmelden wollen, klicken Sie bitte <a href=\"https:\/\/www.youronlinechoices.com\/ch-de\/praferenzmanagement\/\">hier<\/a>.<br \/>\n<!-- br--><br \/>\n<span style=\"color: #000000; font-size: medium;\"><strong>Was, wenn ich weitere Fragen habe? Einige n\u00fctzliche Links:<\/strong><\/span><br \/>\n<!-- br--><br \/>\n\u2022 In unserer Liste h\u00e4ufig gestellter Fragen (<a href=\"https:\/\/www.youronlinechoices.com\/ch-de\/faqs\/\">FAQs<\/a>) finden\u00a0Sie Antworten auf\u00a0viele weiteren Fragen.<br \/>\n\u2022 Au\u00dferdem helfen wir\u00a0Ihnen\u00a0in <a href=\"https:\/\/www.youronlinechoices.com\/ch-de\/funf-top-tipps\/\">f\u00fcnf Top-Tipps<\/a>, Ihre Online-Privatsph\u00e4re besser zu verstehen und zu sch\u00fctzen.<br \/>\n<!-- br--><br \/>\n<!-- br--><\/p>\n<h3>Schicken Sie uns Ihre R\u00fcckmeldung:\u00a0<a href=\"mailto:contact@iab-switzerland.ch\">contact@iab-switzerland.ch<\/a><\/h3>\n","protected":false},"excerpt":{"rendered":"<p>Wir sind uns im Klaren dar\u00fcber, dass sich manche Internetnutzer unter dem Ausdruck \u201enutzungsbasierte Online-Werbung\u201c mehr vorstellen k\u00f6nnen als andere. Diese Website wurde daher mit dem Anspruch erstellt, nutzungsbasierte Online-Werbung allen Interessierten n\u00e4her zu bringen und offene Fragen zu erl\u00e4utern. Einfach ausgedr\u00fcckt ist \u201cnutzungsbasierte Online-Werbung\u201d digitale Werbung, die auf der anonymen Analyse des Surfverhaltens von [&hellip;]<\/p>\n","protected":false},"author":2,"featured_media":0,"parent":0,"menu_order":2,"comment_status":"closed","ping_status":"closed","template":"","meta":[],"_links":{"self":[{"href":"https:\/\/www.youronlinechoices.com\/ch-de\/wp-json\/wp\/v2\/pages\/249"}],"collection":[{"href":"https:\/\/www.youronlinechoices.com\/ch-de\/wp-json\/wp\/v2\/pages"}],"about":[{"href":"https:\/\/www.youronlinechoices.com\/ch-de\/wp-json\/wp\/v2\/types\/page"}],"author":[{"embeddable":true,"href":"https:\/\/www.youronlinechoices.com\/ch-de\/wp-json\/wp\/v2\/users\/2"}],"replies":[{"embeddable":true,"href":"https:\/\/www.youronlinechoices.com\/ch-de\/wp-json\/wp\/v2\/comments?post=249"}],"version-history":[{"count":9,"href":"https:\/\/www.youronlinechoices.com\/ch-de\/wp-json\/wp\/v2\/pages\/249\/revisions"}],"predecessor-version":[{"id":342,"href":"https:\/\/www.youronlinechoices.com\/ch-de\/wp-json\/wp\/v2\/pages\/249\/revisions\/342"}],"wp:attachment":[{"href":"https:\/\/www.youronlinechoices.com\/ch-de\/wp-json\/wp\/v2\/media?parent=249"}],"curies":[{"name":"wp","href":"https:\/\/api.w.org\/{rel}","templated":true}]}}