{"id":2,"date":"2010-06-18T20:51:35","date_gmt":"2010-06-18T20:51:35","guid":{"rendered":"https:\/\/www.youronlinechoices.com\/be-fr\/?page_id=2"},"modified":"2014-11-11T09:32:22","modified_gmt":"2014-11-11T09:32:22","slug":"about","status":"publish","type":"page","link":"https:\/\/www.youronlinechoices.com\/be-fr\/","title":{"rendered":"Accueil"},"content":{"rendered":"\n<div class=\"homeBlocks mb20\">\n<div class=\"tacenter mt10\">\n<div class=\"iblock cell fleft redbg\">\n\t\t\t\t\t\t\t\t\t<a href=\"https:\/\/www.youronlinechoices.com\/be-fr\/a-propos-de-la-publicite-comportementale\" title=\"A propos de la publicit\u00e9 comportementale\"><br \/>\n\t\t\t\t\t\t\t\t\t\t<span class=\"icon about\"><\/span><br \/>\n\t\t\t\t\t\t\t\t\t<\/a><br \/>\n\t\t\t\t\t\t\t\t\t<label><a href=\"https:\/\/www.youronlinechoices.com\/be-fr\/a-propos-de-la-publicite-comportementale\">A propos de la publicit\u00e9 comportementale<\/a><\/label>\n\t\t\t\t\t\t\t\t<\/div>\n<div class=\"iblock cell redbg\">\n\t\t\t\t\t\t\t\t\t<a href=\"https:\/\/www.youronlinechoices.com\/be-fr\/controler-ses-cookies\" title=\"Contr\u00f4ler ses cookies\"><br \/>\n\t\t\t\t\t\t\t\t\t\t<span class=\"icon adchoices\"><\/span><br \/>\n\t\t\t\t\t\t\t\t\t<\/a><br \/>\n\t\t\t\t\t\t\t\t\t<label><a href=\"https:\/\/www.youronlinechoices.com\/be-fr\/controler-ses-cookies\">Contr\u00f4ler ses cookies<\/a><\/label>\n\t\t\t\t\t\t\t\t<\/div>\n<div class=\"iblock cell fright redbg\">\n\t\t\t\t\t\t\t\t\t<a href=\"https:\/\/www.youronlinechoices.com\/be-fr\/cinq-trucs-et-astuces\" title=\"Cinq trucs et astuces\"><br \/>\n\t\t\t\t\t\t\t\t\t\t<span class=\"icon toptips\"><\/span><br \/>\n\t\t\t\t\t\t\t\t\t<\/a><br \/>\n\t\t\t\t\t\t\t\t\t<label><a href=\"https:\/\/www.youronlinechoices.com\/be-fr\/cinq-trucs-et-astuces\">Cinq trucs et astuces<\/a><\/label>\n\t\t\t\t\t\t\t\t<\/div>\n<\/p><\/div>\n<div class=\"tacenter mt10\">\n<div class=\"iblock cell fleft\">\n\t\t\t\t\t\t\t\t\t<a href=\"https:\/\/www.youronlinechoices.com\/be-fr\/foire-aux-questions\" title=\"Foire aux Questions\"><br \/>\n\t\t\t\t\t\t\t\t\t\t<span class=\"icon faq\"><\/span><br \/>\n\t\t\t\t\t\t\t\t\t<\/a><br \/>\n\t\t\t\t\t\t\t\t\t<label><a href=\"https:\/\/www.youronlinechoices.com\/be-fr\/foire-aux-questions\">Foire aux Questions<\/a><\/label>\n\t\t\t\t\t\t\t\t<\/div>\n<div class=\"iblock cell\">\n\t\t\t\t\t\t\t\t\t<a href=\"https:\/\/www.youronlinechoices.com\/be-fr\/jargon-buster\" title=\"Lexique\"><br \/>\n\t\t\t\t\t\t\t\t\t\t<span class=\"icon jargon\"><\/span><br \/>\n\t\t\t\t\t\t\t\t\t<\/a><br \/>\n\t\t\t\t\t\t\t\t\t<label><a href=\"https:\/\/www.youronlinechoices.com\/be-fr\/jargon-buster\">Lexique<\/a><\/label>\n\t\t\t\t\t\t\t\t<\/div>\n<div class=\"iblock cell fright\">\n\t\t\t\t\t\t\t\t\t<a href=\"https:\/\/www.youronlinechoices.com\/be-fr\/aide-au-controle-des-cookies\" title=\"Aide au contr\u00f4le des cookies\"><br \/>\n\t\t\t\t\t\t\t\t\t\t<span class=\"icon help\"><\/span><br \/>\n\t\t\t\t\t\t\t\t\t<\/a><br \/>\n\t\t\t\t\t\t\t\t\t<label><a href=\"https:\/\/www.youronlinechoices.com\/be-fr\/aide-au-controle-des-cookies\">Aide au contr\u00f4le des cookies<\/a><\/label>\n\t\t\t\t\t\t\t\t<\/div>\n<\/p><\/div>\n<div class=\"tacenter mt10\">\n<div class=\"iblock cell fleft\">\n<a href=\"https:\/\/www.youronlinechoices.com\/be-fr\/videos-utiles\/\" title=\"Vid\u00e9os utiles\"><span class=\"icon videos\"><\/span><\/a><br \/>\n<label><a href=\"https:\/\/www.youronlinechoices.com\/be-fr\/videos-utiles\/\">Vid\u00e9os utiles<\/a><\/label><\/div>\n<div class=\"iblock cell\" style=\"background: none;\"><\/div>\n<div class=\"iblock cell fright\" style=\"background: none;\"><\/div>\n<\/div><\/div>\n","protected":false},"excerpt":{"rendered":"<p>A propos de la publicit\u00e9 comportementale Contr\u00f4ler ses cookies Cinq trucs et astuces Foire aux Questions Lexique Aide au contr\u00f4le des cookies Vid\u00e9os utiles<\/p>\n","protected":false},"author":2,"featured_media":0,"parent":0,"menu_order":1,"comment_status":"closed","ping_status":"open","template":"","meta":[],"_links":{"self":[{"href":"https:\/\/www.youronlinechoices.com\/be-fr\/wp-json\/wp\/v2\/pages\/2"}],"collection":[{"href":"https:\/\/www.youronlinechoices.com\/be-fr\/wp-json\/wp\/v2\/pages"}],"about":[{"href":"https:\/\/www.youronlinechoices.com\/be-fr\/wp-json\/wp\/v2\/types\/page"}],"author":[{"embeddable":true,"href":"https:\/\/www.youronlinechoices.com\/be-fr\/wp-json\/wp\/v2\/users\/2"}],"replies":[{"embeddable":true,"href":"https:\/\/www.youronlinechoices.com\/be-fr\/wp-json\/wp\/v2\/comments?post=2"}],"version-history":[{"count":33,"href":"https:\/\/www.youronlinechoices.com\/be-fr\/wp-json\/wp\/v2\/pages\/2\/revisions"}],"predecessor-version":[{"id":341,"href":"https:\/\/www.youronlinechoices.com\/be-fr\/wp-json\/wp\/v2\/pages\/2\/revisions\/341"}],"wp:attachment":[{"href":"https:\/\/www.youronlinechoices.com\/be-fr\/wp-json\/wp\/v2\/media?parent=2"}],"curies":[{"name":"wp","href":"https:\/\/api.w.org\/{rel}","templated":true}]}}