{"id":368,"date":"2015-01-06T14:44:25","date_gmt":"2015-01-06T14:44:25","guid":{"rendered":"https:\/\/www.youronlinechoices.com\/at\/?page_id=368"},"modified":"2020-07-21T20:56:42","modified_gmt":"2020-07-21T20:56:42","slug":"ruckmeldung","status":"publish","type":"page","link":"https:\/\/www.youronlinechoices.com\/at\/ruckmeldung","title":{"rendered":"R\u00fcckmeldung"},"content":{"rendered":"<p>M\u00f6glicherweise haben wir bereits auf dieser Seite die Antwort auf Ihre Frage. Versuchen Sie daher zun\u00e4chst folgende Schritte:<br \/>\n<!-- br --><br \/>\n&#8211; <a title=\"FAQs\" href=\"https:\/\/www.youronlinechoices.com\/at\/faqs\/\">Lesen Sie unsere aktuellsten FAQs<\/a><\/p>\n<p>&#8211; Wenn Sie eine formelle Beschwerde einreichen wollen, besuchen Sie bitte die Seite \u02baBeschwerden\u02ba<br \/>\n<!-- br --><br \/>\nIn allen anderen F\u00e4llen, senden Sie uns eine kurze Beschreibung Ihrer Anfrage und wir werden in K\u00fcrze antworten.<br \/>\n<strong>Bitte beachten Sie: Ihre pers\u00f6nlichen Daten werden ausschlie\u00dflich f\u00fcr die Beantwortung Ihrer Anfrage verwendet.<\/strong><!-- br --><\/p>\n","protected":false},"excerpt":{"rendered":"<p>M\u00f6glicherweise haben wir bereits auf dieser Seite die Antwort auf Ihre Frage. Versuchen Sie daher zun\u00e4chst folgende Schritte: &#8211; Lesen Sie unsere aktuellsten FAQs &#8211; Wenn Sie eine formelle Beschwerde einreichen wollen, besuchen Sie bitte die Seite \u02baBeschwerden\u02ba In allen anderen F\u00e4llen, senden Sie uns eine kurze Beschreibung Ihrer Anfrage und wir werden in K\u00fcrze [&hellip;]<\/p>\n","protected":false},"author":3,"featured_media":0,"parent":0,"menu_order":0,"comment_status":"closed","ping_status":"open","template":"","meta":[],"_links":{"self":[{"href":"https:\/\/www.youronlinechoices.com\/at\/wp-json\/wp\/v2\/pages\/368"}],"collection":[{"href":"https:\/\/www.youronlinechoices.com\/at\/wp-json\/wp\/v2\/pages"}],"about":[{"href":"https:\/\/www.youronlinechoices.com\/at\/wp-json\/wp\/v2\/types\/page"}],"author":[{"embeddable":true,"href":"https:\/\/www.youronlinechoices.com\/at\/wp-json\/wp\/v2\/users\/3"}],"replies":[{"embeddable":true,"href":"https:\/\/www.youronlinechoices.com\/at\/wp-json\/wp\/v2\/comments?post=368"}],"version-history":[{"count":2,"href":"https:\/\/www.youronlinechoices.com\/at\/wp-json\/wp\/v2\/pages\/368\/revisions"}],"predecessor-version":[{"id":452,"href":"https:\/\/www.youronlinechoices.com\/at\/wp-json\/wp\/v2\/pages\/368\/revisions\/452"}],"wp:attachment":[{"href":"https:\/\/www.youronlinechoices.com\/at\/wp-json\/wp\/v2\/media?parent=368"}],"curies":[{"name":"wp","href":"https:\/\/api.w.org\/{rel}","templated":true}]}}