{"id":255,"date":"2011-09-10T14:13:54","date_gmt":"2011-09-10T14:13:54","guid":{"rendered":"https:\/\/www.youronlinechoices.com\/at\/?page_id=255"},"modified":"2015-01-05T10:22:55","modified_gmt":"2015-01-05T10:22:55","slug":"faqs-2","status":"publish","type":"page","link":"https:\/\/www.youronlinechoices.com\/at\/faqs-2","title":{"rendered":"FAQs"},"content":{"rendered":"<p>Hier finden Sie Antworten auf h\u00e4ufig gestellte Fragen zu nutzungsbasierter Online-Werbung.<\/p>\n<ul>\n<li><a href=\"#1\">Was ist Online nutzungsbasierte Online-Werbung?<\/a><\/li>\n<li><a href=\"#2\">Wie funktioniert nutzungsbasierte Online-Werbung?<\/a><\/li>\n<li><a href=\"#3\">Welche Daten werden verwendet?<\/a><\/li>\n<li><a href=\"#4\">Was sind die Vorteile von nutzungsbasierter Online-Werbung?<\/a><\/li>\n<li><a href=\"#5\">Stellt nutzungsbasierte Online-Werbung eine Bedrohung meiner Privatsph\u00e4re dar?<\/a><\/li>\n<li><a href=\"#6\">Was sind \u201epersonenbezogene Daten\u201c und werden sie f\u00fcr nutzungsbasierte Online-Werbungeingesetzt?<\/a><\/li>\n<li><a href=\"#7\">Was kann ich tun, wenn ich diese Art der Werbung nicht m\u00f6chte?<\/a><\/li>\n<li><a href=\"#8\">Bedeutet nutzungsbasierte Online-Werbung, dass ich mehr Werbung sehen werde?<\/a><\/li>\n<li><a href=\"#9\">Wird mein Online-Erlebnis durch nutzungsbasierte Online-Werbunggest\u00f6rt?<\/a><\/li>\n<li><a href=\"#10\">Wird irgendeine Software auf meinen Computer heruntergeladen?<\/a><\/li>\n<li><a href=\"#11\">Was ist ein \u201eCookie\u201c und wie wir es eingesetzt?<\/a><\/li>\n<li><a href=\"#12\">Kann ich Cookies blockieren?<\/a><\/li>\n<li><a href=\"#13\">Muss ich mich von nutzungsbasierter Online-Werbungerneut abmelden, wenn ich bei der Arbeit einen anderen PC benutze?<\/a><\/li>\n<li><a href=\"#14\">Sch\u00fctzt mich das Untersagen von nutzungsbasierter Online-Werbungvor Spam, Pop-ups oder Junkmail?<\/a><\/li>\n<li><a href=\"#15\">Muss ich etwas tun?<\/a><\/li>\n<\/ul>\n<p><!-- br--><br \/>\n<a name=\"1\"><\/a><span style=\"color: #000000; font-size: medium;\"><strong>Was ist nutzungsbasierte Online-Werbung?<\/strong><\/span><br \/>\n<!-- br--><br \/>\nUnter <a href=\"https:\/\/www.youronlinechoices.com\/at\/jargon-lexikon\/#oba\">nutzungsbasierter Online-Werbung<\/a> versteht man das Erheben von Informationen \u00fcber das Surfverhalten anonymisierter Nutzer im Internet, mit dem Ziel, daraus Nutzungsprofile abzuleiten. Dabei wird eine Vielzahl von Profilen zu Zielgruppen zusammengefasst, um solche Werbung auszuliefern, die zum Nutzungsverhalten und damit wahrscheinlich zu den Interessen der jeweiligen Zielgruppe passt.<br \/>\nNutzungsbasierte Online-Werbungunterscheidet sich von anderen Formen der Internetwerbung wie beispielsweise dem <a href=\"https:\/\/www.youronlinechoices.com\/at\/jargon-lexikon\/#contextual\">Contextual Advertising<\/a> (kontextbezogene Werbung). Contextual Advertising erhalten Sie aufgrund Ihrer aktuellen Internetaktivit\u00e4ten, einschlie\u00dflich Suchanfragen oder besuchter Websites.<br \/>\n<!-- br--><br \/>\n<a name=\"2\"><\/a><span style=\"color: #000000; font-size: medium;\"><strong>Wie funktioniert nutzungsbasierte Online-Werbung?<\/strong><\/span><br \/>\n<!-- br--><br \/>\nEs gibt verschiedene Methoden nutzungsbasierter Online-Werbung. Grunds\u00e4tzlich werden Informationen \u00fcber Ihr das Surfverhalten \u2013 sowie das Surfverhalten tausender anderer Nutzer \u2013 erhoben und in allgemeine Kategorien segmentiert, wie beispielsweise Autos, Finanzwesen und Reisen. Anhand der besuchten WebsitesInternetseiten, wird ein Nutzungsprofil erstellt und eine kleine Datei, ein sogenanntes Cookie, auf Ihrem Computer abgelegt, das Sie als jemanden identifiziert, der sich f\u00fcr Autos interessiert. Werbetreibende und Website-Betreiber k\u00f6nnen so Werbung auf Nutzergruppen mit den gleichen Interessen zuschneiden und das Cookie sorgt daf\u00fcr, dass Sie das die f\u00fcr Sie gem\u00e4\u00df der Information im Cookie relevante <a href=\"https:\/\/www.youronlinechoices.com\/at\/jargon-lexikon\/#display\">Display Advertising<\/a> Display Werbung erhalten.<br \/>\n<!-- br--><br \/>\n<a name=\"3\"><\/a><span style=\"color: #000000; font-size: medium;\"><strong>Welche Daten werden verwendet?<\/strong><\/span><br \/>\n<!-- br--><br \/>\nNutzungsbasierte Online-Werbungkann sich in der Art der erhobenen Informationen und deren Verwendung unterscheiden. Beispielsweise werden von den \u00fcblichen Werbenetzwerke Daten erhoben und ausgewertet, wenn Sie eine oder mehrere Websites besuchen, die zu diesem Netzwerk geh\u00f6ren. <a href=\"https:\/\/www.youronlinechoices.com\/at\/uber-oba\/\">Ohne Ihre Einwilligung sind dies aber nur rein anonyme Informationen bspw. besuchte Internetseiten in ihrem kontextuellen Zusammenhang.<br \/>\n<\/a><br \/>\n<!-- br--><br \/>\n<a name=\"4\"><\/a><span style=\"color: #000000; font-size: medium;\"><strong>Was sind die Vorteile von nutzungsbasierter Online-Werbung?<\/strong><\/span><br \/>\n<!-- br--><br \/>\nSie erhalten dadurch Online Werbung, die f\u00fcr Sie aufgrund des angenommenen Interesses relevanter ist. Wenn Sie sich beispielsweise f\u00fcr G\u00e4rtnern interessieren und Garten-Websites besuchen, k\u00f6nnten Sie \u2013 w\u00e4hrend Ihrer aktuellen Internetsitzung oder bei einem sp\u00e4teren Besuch \u2013 Werbung mit speziellen Angeboten zu Rasenm\u00e4hern erhalten.<br \/>\nGezieltere Werbung ist f\u00fcr Sie, den Nutzer, vorteilhaft, weil Sie sowohl relevantere Werbung als auch Zugang zu kostenlosen, qualitativ hochwertigen Inhalten, Dienstleistungen und Anwendungen erhalten. Au\u00dferdem ist nutzungsbasierte Online-Werbungvon Vorteil f\u00fcr die Werbetreibenden, weil sie dar\u00fcber die Nutzer zu erreichen, die h\u00f6chstwahrscheinlich an diesen Informationen interessiert sind und jene Nutzer auslassen, die eher nicht interessiert sind. Dar\u00fcber hinaus ist nutzungsbasierte Online-Werbungauch f\u00fcr Website-Betreiber vorteilhaft, da sie ihnen erm\u00f6glicht, durch Werbung weiterhin kostenlose Internetinhalte zur Verf\u00fcgung zu stellen und gleichzeitig die Werberelevanz f\u00fcr die Nutzer zu erh\u00f6hen. Die Werbeeinnahmen helfen dabei, zuk\u00fcnftige Innovationen und Dienstleistungen im Internet zu finanzieren und f\u00fcr Sie bereitzustellen.<br \/>\n<!-- br--><br \/>\n<a name=\"5\"><\/a><span style=\"color: #000000; font-size: medium;\"><strong>Stellt nutzungsbasierte Online-Werbung eine Bedrohung meiner Privatsph\u00e4re dar?<\/strong><\/span><br \/>\n<!-- br--><br \/>\nAlle Anbieter von nutzungsbasierter Online-Werbung, die diese Informationsseite unterst\u00fctzen, m\u00fcssen die geltenden europ\u00e4ischen Gesetze einhalten. In den meisten F\u00e4llen werden f\u00fcr nutzungsbasierte Online-Werbungkeine pers\u00f6nlichen Daten erhoben, die es erlauben Sie \u2013 den Nutzer \u2013 zu identifizieren. Wo personenbezogenen Daten (wie Anmeldedaten) verwendet werden, wurden Sie in der Datenschutzerkl\u00e4rung der Website darauf hingewiesen, als Sie sich f\u00fcr die betreffende Dienstleistung angemeldet haben und der Nutzung der Daten eingewilligt haben. Sie k\u00f6nnen jederzeit entscheiden, ob Sie von gezielter und auf Ihre Interessen abgestimmter Werbung profitieren m\u00f6chten oder nicht.<br \/>\n<!-- br--><br \/>\n<a name=\"6\"><\/a><span style=\"color: #000000; font-size: medium;\"><strong>Was sind \u201epersonenbezogene Daten\u201c und werden Sie f\u00fcr nutzungsbasierte Online-Werbung eingesetzt?<\/strong><\/span><br \/>\n<!-- br--><br \/>\nPersonenbezogene Daten sind Daten, die es, entweder allein oder zusammen mit anderen Daten, die ein bestimmtes Unternehmen von Ihnen besitzt, erlauben, Sie eindeutig zu identifizieren. Beispiele f\u00fcr personenbezogene Daten sind der Name, die Adresse oder Email-Adresse. Die meisten Anbieter verwenden keine personenbezogenen Daten f\u00fcr nutzungsbasierte Online-Werbung. Falls ein Anbieter jedoch Ihre personenbezogenen Daten verwendet, sind Sie in der Datenschutzerkl\u00e4rung der Website darauf hingewiesen worden, als Sie sich f\u00fcr eine bestimmte Dienstleistung angemeldet haben und der Nutzung der Daten zugestimmt haben.<br \/>\n<!-- br--><br \/>\n<a name=\"7\"><\/a><span style=\"color: #000000; font-size: medium;\"><strong>Was kann ich tun, wenn ich diese Art der Werbung nicht m\u00f6chte?<\/strong><\/span><br \/>\n<!-- br--><br \/>\nSie k\u00f6nnen sich <a href=\"https:\/\/www.youronlinechoices.com\/at\/praferenzmanagement\/\">hier<\/a> abmelden.<br \/>\nDies bedeutet jedoch nicht, dass Sie keine Werbung mehr erhalten, wenn Sie im Internet surfen. Es bedeutet lediglich, dass die Werbung, die Sie auf Webseiten Internetseiten angezeigt bekommen, nicht auf Sie und Ihre vermuteten Interessen zugeschnitten ist und weniger relevant f\u00fcr Sie sein k\u00f6nnte.<br \/>\nF\u00fcr weitere Informationen besuchen Sie bitte unsere <a href=\"https:\/\/www.youronlinechoices.com\/at\/hilfe-seite\/\">Hilfeseite<\/a>.<br \/>\n<!-- br--><br \/>\n<a name=\"8\"><\/a><span style=\"color: #000000; font-size: medium;\"><strong>Bedeutet nutzungsbasierte Online-Werbung, dass ich mehr Werbung sehen werde?<\/strong><\/span><br \/>\n<!-- br--><br \/>\nNein. Es bedeutet einfach, dass die Werbung, die Sie auf manchen Websites Internetseiten angezeigt bekommen, auf Sie und Ihre vermuteten Interessen zugeschnitten und somit relevanter f\u00fcr Sie ist.<br \/>\n<!-- br--><br \/>\n<a name=\"9\"><\/a><span style=\"color: #000000; font-size: medium;\"><strong>Wird mein Online-Erlebnis von nutzungsbasierter Online-Werbung gest\u00f6rt?<\/strong><\/span><br \/>\n<!-- br--><br \/>\nNein. Sie werden keinen Unterschied sehen oder feststellen, wenn Sie online sind. Behavioural Advertising zielt lediglich darauf ab, Online-Werbung f\u00fcr Sie relevanter zu machen.<br \/>\n<!-- br--><br \/>\n<a name=\"10\"><\/a><span style=\"color: #000000; font-size: medium;\"><strong>Wird irgendeine Software auf meinen Computer heruntergeladen?<\/strong><\/span><br \/>\n<!-- br--><br \/>\nNein.<br \/>\n<!-- br--><br \/>\n<a name=\"11\"><\/a><span style=\"color: #000000; font-size: medium;\"><strong>Was ist ein \u201eCookie\u201c und wie wird es eingesetzt?<\/strong><\/span><br \/>\n<!-- br--><br \/>\nEin Cookie ist eine kleine TextDdatei, bestehend aus Buchstaben und Zahlen, die auf Ihrem Computer abgelegt wird, wenn Sie bestimmte Websites Internetseiten besuchen. Cookies erm\u00f6glichen es WebsitesInternetseiten, bei Folgebesuchen die zuvor gew\u00e4hlten Einstellungen des Nutzers wiederzuerkennen. Ein Cookie selbst enth\u00e4lt oder erhebt keine Informationen. Wenn ein Cookie jedoch von einem Webserver \u00fcber einen Webbrowser ausgelesen wird, hilft es, die Benutzerfreundlichkeit der Website zu erh\u00f6hen, indem beispielsweise bisherige Eink\u00e4ufe oder Kontoinformationen erinnert werden.<\/p>\n<p>Cookies werden im Speicher Ihres Webbrowsers abgelegt und enthalten typischerweise:<\/p>\n<ul>\n<li>den Namen des Servers, der das Cookie gesetzt hat,<\/li>\n<li>die Lebensdauer des Cookies,<\/li>\n<li>einen Wert \u2013 normalerweise eine zuf\u00e4llig generierte eindeutige einmalige Nummer.<\/li>\n<\/ul>\n<p>Der Webserver, der das Cookie setzt, verwendet diese Nummer, um Sie wiederzuerkennen, wenn Sie eine Website erneut aufrufen oder von Seite zu Seite surfen. Nur der Webserver, der das Cookie gesetzt hat, kann das Cookie auslesen und somit nutzen.<br \/>\nCookies sind f\u00fcr die Anpassung von Websites von zentraler Bedeutung und nutzungsbasierte Online-Werbung arbeitet im Allgemeinen mit Cookies.<br \/>\n<!-- br--><br \/>\n<a name=\"12\"><\/a><span style=\"color: #000000; font-size: medium;\"><strong>Kann ich Cookies blockieren?<\/strong><\/span><br \/>\n<!-- br--><br \/>\nJa. Manche Browser erlauben es Ihnen nur, Cookies von Dritten oder solche, die Ihren Datenschutzeinstellungen nicht entsprechen, zu blockieren. Cookies von Dritten sind Cookies, die gesetzt werden, wenn die von Ihnen aufgerufene Website Elemente (z. B. Werbebanner oder Videos) eines Drittanbieters \u2013 beispielsweise eines Werbenetzwerks \u2013 enth\u00e4lt.<\/p>\n<p>Sie k\u00f6nnen auch alle Cookies blockieren. Dies k\u00f6nnte jedoch Ihr komfortables Surfen im Internet erheblich einschr\u00e4nken, falls Sie dabei Dienste nutzen, die sich auf die Verwendung von Cookies st\u00fctzen. F\u00fcr weitere Informationen zum Verwalten der Datenschutzeinstellungen Ihres Webbrowsers lesen Sie bitte unsere <a href=\"https:\/\/www.youronlinechoices.com\/at\/funf-top-tipps\/\">Top-Tipps<\/a>.<br \/>\n<!-- br--><br \/>\n<a name=\"13\"><\/a><span style=\"color: #000000; font-size: medium;\"><strong>Muss ich mich von nutzungsbasierter Online-Werbung erneut abmelden, wenn ich bei der Arbeit einen anderen PC benutze?<\/strong><\/span><br \/>\n<!-- br--><br \/>\nJa. Wenn Sie sich nutzungsbasierter Online-Werbung eines bestimmten Unternehmens abmelden, so gilt diese Abmeldung nur f\u00fcr die Datenerhebung dieses Unternehmens und deren Verwendung mit dem Webbrowser des Computers oder Ger\u00e4tes, das Sie gerade benutzen. Allerdings betrifft diese Abmeldung auch andere Personen, die diesen Webbrowser Computer ebenfalls nutzen. Um sich nutzungsbasierter Online-Werbung dieses bestimmten Anbieters komplett abzumelden, m\u00fcssen Sie die Abmeldeprozedur f\u00fcr jeden einzelnen der von Ihnen genutzten Computer und\/oder Webbrowser (z. B. Internet Explorer, Google Chrome, Mozilla Firefox oder Safari) durchf\u00fchren. F\u00fcr weitere Informationen besuchen Sie bitte unsere Hilfeseite<\/p>\n<p><!-- br--><br \/>\n<a name=\"14\"><\/a><span style=\"color: #000000; font-size: medium;\"><strong>Sch\u00fctzt mich das Untersagen von nutzungsbasierter Online-Werbung vor Spam, Pop-ups oder Junkmail?<\/strong><\/span><br \/>\n<!-- br--><br \/>\nNein. Wenn Sie sich von nutzungsbasierter Online-Werbung abmelden, bedeutet das lediglich, dass Sie kein auf Sie zugeschnittenes Online-Werbung mehr erhalten. Es verhindert jedoch keine bestimmte Art von Werbung, wie z. B. Email-Werbung oder Pop-ups.<br \/>\n<!-- br--><br \/>\n<a name=\"15\"><\/a><br \/>\n<span style=\"color: #000000; font-size: medium;\"><strong>Muss ich etwas tun?<\/strong><\/span><br \/>\n<!-- br--><br \/>\nNehmen Sie sich einen Augenblick Zeit und lesen Sie unsere f\u00fcnf <a href=\"https:\/\/www.youronlinechoices.com\/at\/funf-top-tipps\/\">Top-Tipps<\/a>.<br \/>\n<!-- br--><br \/>\n<!-- br--><\/p>\n<h3><a href=\"mailto:oba@iab-austria.at\">Schicken Sie uns Ihre R\u00fcckmeldung<\/a><\/h3>\n","protected":false},"excerpt":{"rendered":"<p>Hier finden Sie Antworten auf h\u00e4ufig gestellte Fragen zu nutzungsbasierter Online-Werbung. Was ist Online nutzungsbasierte Online-Werbung? Wie funktioniert nutzungsbasierte Online-Werbung? Welche Daten werden verwendet? Was sind die Vorteile von nutzungsbasierter Online-Werbung? Stellt nutzungsbasierte Online-Werbung eine Bedrohung meiner Privatsph\u00e4re dar? Was sind \u201epersonenbezogene Daten\u201c und werden sie f\u00fcr nutzungsbasierte Online-Werbungeingesetzt? Was kann ich tun, wenn ich [&hellip;]<\/p>\n","protected":false},"author":3,"featured_media":0,"parent":0,"menu_order":5,"comment_status":"closed","ping_status":"closed","template":"","meta":[],"_links":{"self":[{"href":"https:\/\/www.youronlinechoices.com\/at\/wp-json\/wp\/v2\/pages\/255"}],"collection":[{"href":"https:\/\/www.youronlinechoices.com\/at\/wp-json\/wp\/v2\/pages"}],"about":[{"href":"https:\/\/www.youronlinechoices.com\/at\/wp-json\/wp\/v2\/types\/page"}],"author":[{"embeddable":true,"href":"https:\/\/www.youronlinechoices.com\/at\/wp-json\/wp\/v2\/users\/3"}],"replies":[{"embeddable":true,"href":"https:\/\/www.youronlinechoices.com\/at\/wp-json\/wp\/v2\/comments?post=255"}],"version-history":[{"count":7,"href":"https:\/\/www.youronlinechoices.com\/at\/wp-json\/wp\/v2\/pages\/255\/revisions"}],"predecessor-version":[{"id":362,"href":"https:\/\/www.youronlinechoices.com\/at\/wp-json\/wp\/v2\/pages\/255\/revisions\/362"}],"wp:attachment":[{"href":"https:\/\/www.youronlinechoices.com\/at\/wp-json\/wp\/v2\/media?parent=255"}],"curies":[{"name":"wp","href":"https:\/\/api.w.org\/{rel}","templated":true}]}}